{"id":3818,"date":"2016-06-01T12:42:35","date_gmt":"2016-06-01T12:42:35","guid":{"rendered":"http:\/\/2016.keyplan.es\/trabaja-con-nosotros\/"},"modified":"2017-01-25T10:30:53","modified_gmt":"2017-01-25T10:30:53","slug":"be-part-of-keyplan","status":"publish","type":"page","link":"https:\/\/www.keyplan.es\/en\/be-part-of-keyplan\/","title":{"rendered":"Be part of Keyplan"},"content":{"rendered":"<section class=\"wpb-content-wrapper\"><p>[vc_row full_width=&#8221;stretch_row&#8221;][vc_column]<div class=\"mgt-header-block clearfix text-left text-black wpb_content_element  mgt-header-block-style-1 mgt-header-texttransform-subheader  vc_custom_1485340378368\"><h3 class=\"mgt-header-block-title\">To send your CV, please complete the following form.<\/h3><p class=\"mgt-header-block-subtitle\">THE MARKED FIELDS * MUST BE COMPLETED BEFORE SUBMITTING THE FORM<\/p><div class=\"mgt-header-line\"><\/div><\/div>[vc_column_text]We are proud of our staff of innovative and motivated team-players.<\/p>\n<p>Forming a part of <strong><span class=\"destacado\">KEYPLAN<\/span><\/strong> offers complete and continuing training, job security, and other benefits.<\/p>\n<p>Please feel free to send your CV to our Human Resources department, and we will consider it for future recruitments.[\/vc_column_text]\n<div class=\"wpcf7 no-js\" id=\"wpcf7-f3817-o1\" lang=\"en-US\" dir=\"ltr\">\n<div class=\"screen-reader-response\"><p role=\"status\" aria-live=\"polite\" aria-atomic=\"true\"><\/p> <ul><\/ul><\/div>\n<form action=\"\/en\/wp-json\/wp\/v2\/pages\/3818#wpcf7-f3817-o1\" method=\"post\" class=\"wpcf7-form init\" aria-label=\"Contact form\" enctype=\"multipart\/form-data\" novalidate=\"novalidate\" data-status=\"init\">\n<div style=\"display: none;\">\n<input type=\"hidden\" name=\"_wpcf7\" value=\"3817\" \/>\n<input type=\"hidden\" name=\"_wpcf7_version\" value=\"5.8.6\" \/>\n<input type=\"hidden\" name=\"_wpcf7_locale\" value=\"en_US\" \/>\n<input type=\"hidden\" name=\"_wpcf7_unit_tag\" value=\"wpcf7-f3817-o1\" \/>\n<input type=\"hidden\" name=\"_wpcf7_container_post\" value=\"0\" \/>\n<input type=\"hidden\" name=\"_wpcf7_posted_data_hash\" value=\"\" \/>\n<\/div>\n<div class=\"row\">\n\t<div class=\"col-md-12\">\n\t\t<p>Name\n\t\t<\/p>\n\t\t<p><span class=\"wpcf7-form-control-wrap\" data-name=\"your-name\"><input size=\"40\" class=\"wpcf7-form-control wpcf7-text wpcf7-validates-as-required\" aria-required=\"true\" aria-invalid=\"false\" value=\"\" type=\"text\" name=\"your-name\" \/><\/span>\n\t\t<\/p>\n\t<\/div>\n\t<div class=\"col-md-6\">\n\t\t<p>Email\n\t\t<\/p>\n\t\t<p><span class=\"wpcf7-form-control-wrap\" data-name=\"your-email\"><input size=\"40\" class=\"wpcf7-form-control wpcf7-email wpcf7-validates-as-required wpcf7-text wpcf7-validates-as-email\" aria-required=\"true\" aria-invalid=\"false\" value=\"\" type=\"email\" name=\"your-email\" \/><\/span>\n\t\t<\/p>\n\t<\/div>\n\t<div class=\"col-md-6\">\n\t\t<p>Phone\n\t\t<\/p>\n\t\t<p><span class=\"wpcf7-form-control-wrap\" data-name=\"ContactPhone\"><input size=\"40\" class=\"wpcf7-form-control wpcf7-tel wpcf7-validates-as-required wpcf7-text wpcf7-validates-as-tel\" aria-required=\"true\" aria-invalid=\"false\" value=\"\" type=\"tel\" name=\"ContactPhone\" \/><\/span>\n\t\t<\/p>\n\t<\/div>\n\t<div class=\"col-md-12\">\n\t\t<p>Attach Curriculum Vitae\n\t\t<\/p>\n\t\t<p><span class=\"wpcf7-form-control-wrap\" data-name=\"File\"><input size=\"40\" class=\"wpcf7-form-control wpcf7-file\" accept=\".jpg,.jpeg,.png,.pdf,.doc,.docx,.ppt,.pptx,.odt,.txt\" aria-invalid=\"false\" type=\"file\" name=\"File\" \/><\/span>\n\t\t<\/p>\n\t\t<p>Message\n\t\t<\/p>\n\t\t<p><span class=\"wpcf7-form-control-wrap\" data-name=\"your-description\"><textarea cols=\"40\" rows=\"10\" class=\"wpcf7-form-control wpcf7-textarea\" aria-invalid=\"false\" name=\"your-description\"><\/textarea><\/span>\n\t\t<\/p>\n\t<\/div>\n\t<div class=\"col-md-12 small\">\n\t\t<div class=\"align-in-form\">\n\t\t\t<p><span class=\"wpcf7-form-control-wrap\" data-name=\"checkbox-consentimiento\"><span class=\"wpcf7-form-control wpcf7-checkbox wpcf7-validates-as-required\"><span class=\"wpcf7-list-item first last\"><input type=\"checkbox\" name=\"checkbox-consentimiento[]\" value=\"To continue you must accept that you have read and agreed to the next clause.\" \/><span class=\"wpcf7-list-item-label\">To continue you must accept that you have read and agreed to the next clause.<\/span><\/span><\/span><\/span>\n\t\t\t<\/p>\n\t\t<\/div>\n\t\t<p><span>Keyplan S.L is the Controller of the Data Subject\u2019s personal data and informs him\/her that these data shall be processed in accordance with the provisions of Regulation (EU) 2016\/679 of 27 April (GDPR) and the Organic Law 3\/2018 of 5 December (LOPDGDD), for a legitimate interest of the Controller, providing the following information on the processing:<br \/>\n<\/span><br \/>\n<span>Purposes of the processing: to include the Data Subject in the process of selecting employees, carrying out an analysis of the applicant\u2019s profile with the aim of selecting the best candidate for the vacant position of Controller.<br \/>\nLegitimisation of processing: unequivocal consent clearly indicated by the Data Subject (GDPR, art. 6.1.a).<br \/>\nCV register: please note that this is the only official method by which to send your CV; therefore, CVs submitted by any other method will not be accepted.<br \/>\nData storage criteria: data will be stored for a maximum period of one year, after which the data will be erased, guaranteeing full respect for confidentiality both in the processing and subsequent destruction. To this effect, once this period has elapsed, and if you wish to continue participating in the selection processes for the position of Controller, please send us your CV again.<br \/>\nUpdating the data: In the event of any changes to your information, please inform us in writing as soon as possible in order to keep your data appropriately up-to-date.<br \/>\nCommunication of data: it may be processed and\/or communicated to the companies that make up our group (whose addresses can be found on this website) during the retention period of your CV, and for the same purposes as previously stated.<br \/>\nRights of the Data Subject:<br \/>\n- Right to withdraw this consent at any time .<br \/>\n- Right of access, rectification, portability and erasure of the data and those of limitation or opposition to their processing.<br \/>\n- Right to submit a complaint to the Supervisory Authority (www.aepd.es) if they consider that the processing does not comply with current legislation.<br \/>\nContact information to exercise their rights: Keyplan S.L. Enrique Mari\u00f1as, 30 2-3 - 15009 A Coru\u00f1a (A Coru\u00f1a). E-mail: belen@keyplan.es<br \/>\n<\/span><br \/>\n<span><br \/>\nTo continue, you must accept that you have read and agree with the previous clause.<br \/>\n<\/span>\n\t\t<\/p>\n\t<\/div>\n\t<div class=\"col-md-12\">\n\t\t<p><input class=\"wpcf7-form-control wpcf7-submit has-spinner\" type=\"submit\" value=\"Send message\" \/>\n\t\t<\/p>\n\t<\/div>\n<\/div><div class=\"wpcf7-response-output\" aria-hidden=\"true\"><\/div>\n<\/form>\n<\/div>\n[\/vc_column][\/vc_row]<\/p>\n<\/section>","protected":false},"excerpt":{"rendered":"<p>[vc_row full_width=&#8221;stretch_row&#8221;][vc_column][vc_column_text]We are proud of our staff of innovative and motivated team-players. Forming a part of KEYPLAN offers complete and continuing training, job security, and other benefits. Please feel free&#8230;<\/p>\n","protected":false},"author":1,"featured_media":0,"parent":0,"menu_order":0,"comment_status":"closed","ping_status":"closed","template":"","meta":{"footnotes":""},"yoast_head":"<!-- This site is optimized with the Yoast SEO plugin v21.9.1 - https:\/\/yoast.com\/wordpress\/plugins\/seo\/ -->\n<title>Be part of Keyplan - Keyplan<\/title>\n<meta name=\"robots\" content=\"index, follow, max-snippet:-1, max-image-preview:large, max-video-preview:-1\" \/>\n<link rel=\"canonical\" href=\"https:\/\/www.keyplan.es\/en\/be-part-of-keyplan\/\" \/>\n<meta property=\"og:locale\" content=\"en_US\" \/>\n<meta property=\"og:type\" content=\"article\" \/>\n<meta property=\"og:title\" content=\"Be part of Keyplan - Keyplan\" \/>\n<meta property=\"og:description\" content=\"[vc_row full_width=&#8221;stretch_row&#8221;][vc_column][vc_column_text]We are proud of our staff of innovative and motivated team-players. Forming a part of KEYPLAN offers complete and continuing training, job security, and other benefits. Please feel free...\" \/>\n<meta property=\"og:url\" content=\"https:\/\/www.keyplan.es\/en\/be-part-of-keyplan\/\" \/>\n<meta property=\"og:site_name\" content=\"Keyplan\" \/>\n<meta property=\"article:modified_time\" content=\"2017-01-25T10:30:53+00:00\" \/>\n<meta name=\"twitter:card\" content=\"summary_large_image\" \/>\n<script type=\"application\/ld+json\" class=\"yoast-schema-graph\">{\"@context\":\"https:\/\/schema.org\",\"@graph\":[{\"@type\":\"WebPage\",\"@id\":\"https:\/\/www.keyplan.es\/en\/be-part-of-keyplan\/\",\"url\":\"https:\/\/www.keyplan.es\/en\/be-part-of-keyplan\/\",\"name\":\"Be part of Keyplan - Keyplan\",\"isPartOf\":{\"@id\":\"\/#website\"},\"datePublished\":\"2016-06-01T12:42:35+00:00\",\"dateModified\":\"2017-01-25T10:30:53+00:00\",\"breadcrumb\":{\"@id\":\"https:\/\/www.keyplan.es\/en\/be-part-of-keyplan\/#breadcrumb\"},\"inLanguage\":\"en-US\",\"potentialAction\":[{\"@type\":\"ReadAction\",\"target\":[\"https:\/\/www.keyplan.es\/en\/be-part-of-keyplan\/\"]}]},{\"@type\":\"BreadcrumbList\",\"@id\":\"https:\/\/www.keyplan.es\/en\/be-part-of-keyplan\/#breadcrumb\",\"itemListElement\":[{\"@type\":\"ListItem\",\"position\":1,\"name\":\"Portada\",\"item\":\"https:\/\/www.keyplan.es\/en\/\"},{\"@type\":\"ListItem\",\"position\":2,\"name\":\"Be part of Keyplan\"}]},{\"@type\":\"WebSite\",\"@id\":\"\/#website\",\"url\":\"\/\",\"name\":\"Keyplan\",\"description\":\"Engineering and consulting\",\"publisher\":{\"@id\":\"\/#organization\"},\"potentialAction\":[{\"@type\":\"SearchAction\",\"target\":{\"@type\":\"EntryPoint\",\"urlTemplate\":\"\/?s={search_term_string}\"},\"query-input\":\"required name=search_term_string\"}],\"inLanguage\":\"en-US\"},{\"@type\":\"Organization\",\"@id\":\"\/#organization\",\"name\":\"Key Plan\",\"url\":\"\/\",\"logo\":{\"@type\":\"ImageObject\",\"inLanguage\":\"en-US\",\"@id\":\"\/#\/schema\/logo\/image\/\",\"url\":\"https:\/\/www.keyplan.es\/wp-content\/uploads\/2016\/12\/logo.png\",\"contentUrl\":\"https:\/\/www.keyplan.es\/wp-content\/uploads\/2016\/12\/logo.png\",\"width\":184,\"height\":82,\"caption\":\"Key Plan\"},\"image\":{\"@id\":\"\/#\/schema\/logo\/image\/\"},\"sameAs\":[\"https:\/\/es.linkedin.com\/company\/keyplaningenieria\",\"https:\/\/www.instagram.com\/keyplan_ingenieria\/\"]}]}<\/script>\n<!-- \/ Yoast SEO plugin. -->","yoast_head_json":{"title":"Be part of Keyplan - Keyplan","robots":{"index":"index","follow":"follow","max-snippet":"max-snippet:-1","max-image-preview":"max-image-preview:large","max-video-preview":"max-video-preview:-1"},"canonical":"https:\/\/www.keyplan.es\/en\/be-part-of-keyplan\/","og_locale":"en_US","og_type":"article","og_title":"Be part of Keyplan - Keyplan","og_description":"[vc_row full_width=&#8221;stretch_row&#8221;][vc_column][vc_column_text]We are proud of our staff of innovative and motivated team-players. Forming a part of KEYPLAN offers complete and continuing training, job security, and other benefits. Please feel free...","og_url":"https:\/\/www.keyplan.es\/en\/be-part-of-keyplan\/","og_site_name":"Keyplan","article_modified_time":"2017-01-25T10:30:53+00:00","twitter_card":"summary_large_image","schema":{"@context":"https:\/\/schema.org","@graph":[{"@type":"WebPage","@id":"https:\/\/www.keyplan.es\/en\/be-part-of-keyplan\/","url":"https:\/\/www.keyplan.es\/en\/be-part-of-keyplan\/","name":"Be part of Keyplan - Keyplan","isPartOf":{"@id":"\/#website"},"datePublished":"2016-06-01T12:42:35+00:00","dateModified":"2017-01-25T10:30:53+00:00","breadcrumb":{"@id":"https:\/\/www.keyplan.es\/en\/be-part-of-keyplan\/#breadcrumb"},"inLanguage":"en-US","potentialAction":[{"@type":"ReadAction","target":["https:\/\/www.keyplan.es\/en\/be-part-of-keyplan\/"]}]},{"@type":"BreadcrumbList","@id":"https:\/\/www.keyplan.es\/en\/be-part-of-keyplan\/#breadcrumb","itemListElement":[{"@type":"ListItem","position":1,"name":"Portada","item":"https:\/\/www.keyplan.es\/en\/"},{"@type":"ListItem","position":2,"name":"Be part of Keyplan"}]},{"@type":"WebSite","@id":"\/#website","url":"\/","name":"Keyplan","description":"Engineering and consulting","publisher":{"@id":"\/#organization"},"potentialAction":[{"@type":"SearchAction","target":{"@type":"EntryPoint","urlTemplate":"\/?s={search_term_string}"},"query-input":"required name=search_term_string"}],"inLanguage":"en-US"},{"@type":"Organization","@id":"\/#organization","name":"Key Plan","url":"\/","logo":{"@type":"ImageObject","inLanguage":"en-US","@id":"\/#\/schema\/logo\/image\/","url":"https:\/\/www.keyplan.es\/wp-content\/uploads\/2016\/12\/logo.png","contentUrl":"https:\/\/www.keyplan.es\/wp-content\/uploads\/2016\/12\/logo.png","width":184,"height":82,"caption":"Key Plan"},"image":{"@id":"\/#\/schema\/logo\/image\/"},"sameAs":["https:\/\/es.linkedin.com\/company\/keyplaningenieria","https:\/\/www.instagram.com\/keyplan_ingenieria\/"]}]}},"_links":{"self":[{"href":"https:\/\/www.keyplan.es\/en\/wp-json\/wp\/v2\/pages\/3818"}],"collection":[{"href":"https:\/\/www.keyplan.es\/en\/wp-json\/wp\/v2\/pages"}],"about":[{"href":"https:\/\/www.keyplan.es\/en\/wp-json\/wp\/v2\/types\/page"}],"author":[{"embeddable":true,"href":"https:\/\/www.keyplan.es\/en\/wp-json\/wp\/v2\/users\/1"}],"replies":[{"embeddable":true,"href":"https:\/\/www.keyplan.es\/en\/wp-json\/wp\/v2\/comments?post=3818"}],"version-history":[{"count":0,"href":"https:\/\/www.keyplan.es\/en\/wp-json\/wp\/v2\/pages\/3818\/revisions"}],"wp:attachment":[{"href":"https:\/\/www.keyplan.es\/en\/wp-json\/wp\/v2\/media?parent=3818"}],"curies":[{"name":"wp","href":"https:\/\/api.w.org\/{rel}","templated":true}]}}