{"id":4057,"date":"2017-01-18T12:15:03","date_gmt":"2017-01-18T12:15:03","guid":{"rendered":"http:\/\/2016.keyplan.es\/proyectos\/"},"modified":"2017-01-25T17:29:36","modified_gmt":"2017-01-25T17:29:36","slug":"projects","status":"publish","type":"page","link":"https:\/\/www.keyplan.es\/en\/projects\/","title":{"rendered":"Projects"},"content":{"rendered":"<section class=\"wpb-content-wrapper\"><p>[vc_row][vc_column]<div class=\"mgt-header-block clearfix text-left text-black wpb_content_element  mgt-header-block-style-1 mgt-header-texttransform-header \"><h2 class=\"mgt-header-block-title\">Our current projects<\/h2><div class=\"mgt-header-line\"><\/div><\/div>[\/vc_column][\/vc_row][vc_row][vc_column][vc_toggle title=&#8221;RESEARCH, DEVELOPMENT AND INNOVATION (R&amp;D)&#8221; open=&#8221;true&#8221; css_animation=&#8221;left-to-right&#8221; el_id=&#8221;1484742469365-1123655c-96dd&#8221;]Currently, we take part as partners in European INNTERCONECTA projects under the program supported by <strong>FEDER<\/strong> (European Regional Development Fund) and the Government of Spain via <a title=\"Centro para el Desarrollo Tecnol\u00f3gico Industrial\" href=\"https:\/\/www.cdti.es\/index.asp?MP=7&amp;MS=17&amp;MN=2\" target=\"_blank\">CDTI<\/a>, such as the GPEC (Green Port Energy Center) which aims to reduce emissions from ships docked in port. This project has been recently introduced to society.:<\/p>\n<p><object id=\"_fp_0.4192459196783602\" data=\"http:\/\/www.crtvg.es\/flow3\/flowplayer.commercial.swf\" type=\"application\/x-shockwave-flash\" name=\"player\" width=\"640\" height=\"360\"><param value=\"true\" name=\"allowfullscreen\" \/><param value=\"always\" name=\"allowscriptaccess\" \/><param value=\"transparent\" name=\"wmode\" \/><param value=\"high\" name=\"quality\" \/><param name=\"movie\" value=\"http:\/\/www.crtvg.es\/flow3\/flowplayer.commercial.swf\" \/><param value=\"config=%7B%22playlist%22%3A%5B%7B%22ipadUrl%22%3A%22http%3A\/\/media1.crtvg.es%3A80\/vod\/_definst_\/mp4%3A00\/0034\/0034_20150210152233.mp4\/playlist.m3u8%22%2C%22duration%22%3A59%2C%22eventCategory%22%3A%22Presentan%20unha%20plataforma%20para%20subministrar%20enerxa%20verde%20aos%20barcos%20amarrados%20a%20porto%22%2C%22start%22%3A3573%2C%22autoPlay%22%3Afalse%2C%22provider%22%3A%22rtmp%22%2C%22scaling%22%3A%22fit%22%2C%22url%22%3A%22mp4%3A00\/0034\/0034_20150210000000.mp4%22%7D%5D%2C%22clip%22%3A%7B%22ipadUrl%22%3A%22http%3A\/\/media1.crtvg.es%3A80\/vod\/_definst_\/mp4%3A00\/0034\/0034_20150210152233.mp4\/playlist.m3u8%22%2C%22duration%22%3A59%2C%22eventCategory%22%3A%22Presentan%20unha%20plataforma%20para%20subministrar%20enerxa%20verde%20aos%20barcos%20amarrados%20a%20porto%22%2C%22start%22%3A3573%2C%22autoPlay%22%3Afalse%2C%22provider%22%3A%22rtmp%22%2C%22pageUrl%22%3A%22http%3A\/\/www.crtvg.es\/informativos\/presentan-unha-plataforma-para-subministrar-enerxia-verde-aos-barcos-amarrados-a-porto-1007512%22%2C%22scaling%22%3A%22fit%22%2C%22url%22%3A%22mp4%3A00\/0034\/0034_20150210000000.mp4%22%7D%2C%22key%22%3A%5B%22%23%2469fb7ae05752cc6cc5f%22%2C%22%23%24869534edb612c0a20d5%22%2C%22%23%24cf58f13c1b5deb982e1%22%2C%22%23%24315b303de2b55b3db23%22%5D%2C%22plugins%22%3A%7B%22rtmp%22%3A%7B%22netConnectionUrl%22%3A%22rtmp%3A\/\/media1.crtvg.es%3A80\/vod%22%2C%22callType%22%3A%22default%22%2C%22url%22%3A%22http%3A\/\/www.crtvg.es\/flow3\/flowplayer.rtmp.swf%22%7D%2C%22controls%22%3A%7B%22url%22%3A%22http%3A\/\/www.crtvg.es\/flow3\/flowplayer.controls.swf%22%2C%22callType%22%3A%22default%22%7D%2C%22viral%22%3A%7B%22callType%22%3A%22default%22%2C%22twitter%22%3Afalse%2C%22facebook%22%3Afalse%2C%22embed%22%3A%7B%22autoPlay%22%3Afalse%2C%22labels%22%3A%7B%22buttonColor%22%3A%22cor%20do%20bot%5Cu00f3n%22%2C%22backgroundColor%22%3A%22cor%20de%20fondo%22%2C%22options%22%3A%22personaliza%20tama%5Cu00f1o%20e%20cores%22%2C%22title%22%3A%22Copia%20e%20pega%20este%20codigo%20na%20t%5Cu00faa%20web%22%2C%22size%22%3A%22tama%5Cu00f1o%22%2C%22copy%22%3A%22copiar%22%7D%2C%22fallbackUrls%22%3A%5B%22http%3A\/\/media1.crtvg.es%3A80\/vod\/_definst_\/mp4%3A00\/0034\/0034_20150210000000.mp4\/playlist.m3u8%22%5D%7D%2C%22share%22%3Afalse%2C%22url%22%3A%22http%3A\/\/www.crtvg.es\/flow3\/flowplayer.viralvideos.swf%22%2C%22email%22%3Afalse%7D%2C%22gatracker%22%3A%7B%22accountId%22%3A%22UA-1161664-1%22%2C%22events%22%3A%7B%22all%22%3Afalse%7D%2C%22callType%22%3A%22default%22%2C%22url%22%3A%22http%3A\/\/www.crtvg.es\/flow3\/flowplayer.analytics.swf%22%7D%7D%2C%22contextMenu%22%3A%5B%22@CRTVG%22%2C%7B%22www.CRTVG.es%22%3A%22function%28%29%22%7D%5D%2C%22canvas%22%3A%7B%22backgroundImage%22%3A%22url%28http%3A\/\/www.crtvg.es\/files\/web\/informativo_33742_10022015_164457.png%29%22%2C%22border%22%3A%220px%22%2C%22backgroundGradient%22%3A%5B0.3%2C0%5D%2C%22borderRadius%22%3A%220%22%2C%22backgroundColor%22%3A%22transparent%22%7D%2C%22wmode%22%3A%22transparent%22%2C%22logo%22%3A%7B%22fullscreenOnly%22%3Afalse%2C%22displayTime%22%3A0%2C%22right%22%3A10%2C%22opacity%22%3A0.9%2C%22bottom%22%3A17%2C%22url%22%3A%22logo.png%22%7D%7D\" name=\"flashvars\" \/><video controls=\"controls\" width=\"640\" height=\"360\"><source src=\"http:\/\/media1.crtvg.es:80\/vod\/_definst_\/mp4:00\/0034\/0034_20150210000000.mp4\/playlist.m3u8\" \/><\/video><\/object><\/p>\n<ul>\n<li>\n<div>For more information, see some links to national and international press:<\/div>\n<ol>\n<ol>\n<li>La Voz de Galicia: <a href=\"http:\/\/www.lavozdegalicia.es\/noticia\/vigo\/2015\/02\/10\/vigo-prueba-sistema-evita-contaminacion-buques-atracados\/0003_2015021423568345372836.htm\" target=\"_blank\">Vigo test a system that prevents pollution from ships docked&#8230;<\/a><\/li>\n<li>Global Naucher: <a href=\"http:\/\/www.naucher.com\/es\/actualidad\/vigo-presenta-un-sistema-pionero-para-reducir-las-emisiones-de-los-buques-atracados-en-puerto\/_n:2998\/\" target=\"_blank\">Vigo presents a pioneering system to reduce ship emissions&#8230;<\/a><\/li>\n<li>Actualidad Mar\u00edtima y Portuaria: <a href=\"http:\/\/actualidadmp.com\/puertos\/el-puerto-de-vigo-presenta-un-sistema-pionero-nivel-mundial-capaz-de-reducir-las-emisiones-de-los-buques-atracados-en-puerto\/?utm_source=rss&amp;utm_medium=rss&amp;utm_campaign=el-puerto-de-vigo-presenta-un-sistema-pionero-nivel-mundia\" target=\"_blank\">The port of Vigo has a pioneering system worldwide &#8230;<\/a><\/li>\n<li>\n<div>Faro de Vigo: <a href=\"http:\/\/www.farodevigo.es\/gran-vigo\/2015\/02\/11\/sistema-energia-sostenible-abastecera-barcos\/1182044.html\" target=\"_blank\">a sustainable energy supply to ships in port<\/a><\/div>\n<\/li>\n<\/ol>\n<\/ol>\n<ol>\n<li>We also participate as a <strong>partner<\/strong> in the <strong>BIO+ project<\/strong> for the development of new technologies for the manufacture and operation of <strong>biomass boilers<\/strong> at <strong>high efficiency<\/strong> (550 \u00baC and 130 bar), in particular, on the development of <strong>new materials<\/strong> for the design of superheaters in the <a href=\"http:\/\/www.ence.es\/\" target=\"_blank\">ENCE<\/a> company boiler, the first company in Spain to generate renewable energy using <strong>forest biomass<\/strong>, in order to <strong>prolong the life<\/strong> of the most critical components of the installation.<\/li>\n<\/ol>\n<div class=\"row\">\n<div class=\"col-sm-1\"><img decoding=\"async\" style=\"height: 60px;\" src=\"https:\/\/www.keyplan.es\/wp-content\/uploads\/2017\/01\/bioplus.png\" alt=\"Bio Plus\" \/><\/div>\n<div class=\"col-sm-11\"><img decoding=\"async\" src=\"https:\/\/www.keyplan.es\/wp-content\/uploads\/2017\/01\/caldera-biomasa-300x225.jpg\" alt=\"Caldera biomasa\" \/><\/div>\n<\/div>\n<\/li>\n<\/ul>\n<p>[\/vc_toggle][vc_toggle title=&#8221;COGENERATION PLANTS &#8221; css_animation=&#8221;left-to-right&#8221; el_id=&#8221;1484742508448-a5280b6c-2745&#8243;]<\/p>\n<div>\n<p>We have recently started our cogeneration projects with our clients in:<\/p>\n<p>Polypropylene GALICIA, S.A.U. (Nar\u00f3n)<\/p>\n<\/div>\n<ol>\n<li>\u00ad Project and processing for the installation of a cogeneration plant of 1,000 kWe.<\/li>\n<\/ol>\n<div>CONSERVAS CERQUEIRA, S.A. (Vigo)<\/div>\n<ol>\n<li>\u00ad Draft, design and procedures for 1 MW cogeneration plant..<\/li>\n<\/ol>\n<div>ESPA\u00d1A MONDELEZ PRODUCCION, S.L.U. &#8211; (KRAFT) &#8211; (Hospital de \u00d3rbigo &#8211; Le\u00f3n).<\/div>\n<div>\n<ol>\n<li>\u00ad\u00a0\u00a0\u00a0 Project and Construction Management for the refrigeration system of the industrial production unit.<\/li>\n<\/ol>\n<\/div>\n<p>[\/vc_toggle][vc_toggle title=&#8221;AVIATION&#8221; css_animation=&#8221;left-to-right&#8221; el_id=&#8221;1484742736189-12c3ca2b-375e&#8221;]<\/p>\n<div class=\"col-sm-9\" style=\"padding: left:0;\">\n<p>We are executing for our customer <a href=\"http:\/\/www.inditex.com\/\" target=\"_blank\">INDITEX,S.A<\/a>., in Santiago de Compostela airport:<\/p>\n<ol>\n<li>Project and construction management of <strong>hangar for business jets<\/strong>.<\/li>\n<li>\u2022 Electrical project and construction management of the works for two <strong>transformation centers<\/strong> in the airport facilities.<\/li>\n<\/ol>\n<\/div>\n<div class=\"col-sm-3\"><img decoding=\"async\" src=\"https:\/\/www.keyplan.es\/wp-content\/uploads\/2017\/01\/aeronautica-300x150.jpg\" alt=\"Aeron\u00e1utica\" \/><\/div>\n<p>[\/vc_toggle][vc_toggle title=&#8221;INDUSTRIAL PROJECTS&#8221; css_animation=&#8221;left-to-right&#8221; el_id=&#8221;1484742864071-690dd58f-9355&#8243;]Also for our client ZARA LOGISTICS, we have industrial projects under development:<\/p>\n<ol>\n<li>Renovation and expansion project of evacuation and PA in the Logistics Center in Arteixo and in the factories of Stear &amp; Denllo. Arteixo &#8211; A Coruna (500,000 m<sup>2<\/sup>)<\/li>\n<li>Implementation project and construction management of the new staircase cores implemented on existing wrought in the logistics center in Arteixo.<\/li>\n<\/ol>\n<p>Other major projects currently under development are for our customers:<br \/>\nINDIPUNT, S.A.<\/p>\n<ol>\n<li><strong>Adaptation<\/strong> project of an industrial building for its new function of storing machinery and textiles<\/li>\n<li>Project for <strong>dismantling<\/strong> existing cogeneration plant.<\/li>\n<li><strong>Fire protection<\/strong> project comprising <strong>evacuation study, signage and public address installations<\/strong> in Nar\u00f3n.<\/li>\n<\/ol>\n<p>PULL &amp; BEAR LOG\u00cdSTICA, S.A.<\/p>\n<ol>\n<li>Study of improved signaling of the <strong>evacuation<\/strong> routes and compliance verification of the <strong>PA system<\/strong> in Nar\u00f3n facilities.<\/li>\n<li>Project to implement a new boiler, equipment and installation of heating, cooling and domestic hot water installations in Nar\u00f3n.<\/li>\n<\/ol>\n<p>ELSA URQUIJO ARQUITECTOS, S.L.<\/p>\n<ol>\n<li>Project for installations in buildings forchildcare of the <a href=\"http:\/\/www.faortega.org\/escuelas-infantiles-de-galicia\/\" target=\"_blank\">Amancio Ortega Foundation <\/a> in A Sardi\u00f1eira &#8211; A Coru\u00f1a<\/li>\n<\/ol>\n<div class=\"col-sm-3\"><img decoding=\"async\" title=\"Guarder\u00eda infantil en A Coru\u00f1a - Fundaci\u00f3n Amancio Ortega\" src=\"https:\/\/www.keyplan.es\/wp-content\/uploads\/2017\/01\/guarderia-infantil-300x193.jpg\" alt=\"guarderia,fundacion amancio ortega,inversion,a coru\u00f1a,galicia\" \/><\/div>\n<p>[\/vc_toggle][\/vc_column][\/vc_row]<\/p>\n<\/section>","protected":false},"excerpt":{"rendered":"<p>[vc_row][vc_column][\/vc_column][\/vc_row][vc_row][vc_column][vc_toggle title=&#8221;RESEARCH, DEVELOPMENT AND INNOVATION (R&amp;D)&#8221; open=&#8221;true&#8221; css_animation=&#8221;left-to-right&#8221; el_id=&#8221;1484742469365-1123655c-96dd&#8221;]Currently, we take part as partners in European INNTERCONECTA projects under the program supported by FEDER (European Regional Development Fund) and the&#8230;<\/p>\n","protected":false},"author":1,"featured_media":0,"parent":0,"menu_order":0,"comment_status":"closed","ping_status":"closed","template":"","meta":{"footnotes":""},"yoast_head":"<!-- This site is optimized with the Yoast SEO plugin v21.9.1 - https:\/\/yoast.com\/wordpress\/plugins\/seo\/ -->\n<title>Projects - Keyplan<\/title>\n<meta name=\"robots\" content=\"index, follow, max-snippet:-1, max-image-preview:large, max-video-preview:-1\" \/>\n<link rel=\"canonical\" href=\"https:\/\/www.keyplan.es\/en\/projects\/\" \/>\n<meta property=\"og:locale\" content=\"en_US\" \/>\n<meta property=\"og:type\" content=\"article\" \/>\n<meta property=\"og:title\" content=\"Projects - Keyplan\" \/>\n<meta property=\"og:description\" content=\"[vc_row][vc_column][\/vc_column][\/vc_row][vc_row][vc_column][vc_toggle title=&#8221;RESEARCH, DEVELOPMENT AND INNOVATION (R&amp;D)&#8221; open=&#8221;true&#8221; css_animation=&#8221;left-to-right&#8221; el_id=&#8221;1484742469365-1123655c-96dd&#8221;]Currently, we take part as partners in European INNTERCONECTA projects under the program supported by FEDER (European Regional Development Fund) and the...\" \/>\n<meta property=\"og:url\" content=\"https:\/\/www.keyplan.es\/en\/projects\/\" \/>\n<meta property=\"og:site_name\" content=\"Keyplan\" \/>\n<meta property=\"article:modified_time\" content=\"2017-01-25T17:29:36+00:00\" \/>\n<meta property=\"og:image\" content=\"https:\/\/www.keyplan.es\/wp-content\/uploads\/2017\/01\/bioplus.png\" \/>\n<meta name=\"twitter:card\" content=\"summary_large_image\" \/>\n<meta name=\"twitter:label1\" content=\"Est. reading time\" \/>\n\t<meta name=\"twitter:data1\" content=\"3 minutes\" \/>\n<script type=\"application\/ld+json\" class=\"yoast-schema-graph\">{\"@context\":\"https:\/\/schema.org\",\"@graph\":[{\"@type\":\"WebPage\",\"@id\":\"https:\/\/www.keyplan.es\/en\/projects\/\",\"url\":\"https:\/\/www.keyplan.es\/en\/projects\/\",\"name\":\"Projects - Keyplan\",\"isPartOf\":{\"@id\":\"\/#website\"},\"datePublished\":\"2017-01-18T12:15:03+00:00\",\"dateModified\":\"2017-01-25T17:29:36+00:00\",\"breadcrumb\":{\"@id\":\"https:\/\/www.keyplan.es\/en\/projects\/#breadcrumb\"},\"inLanguage\":\"en-US\",\"potentialAction\":[{\"@type\":\"ReadAction\",\"target\":[\"https:\/\/www.keyplan.es\/en\/projects\/\"]}]},{\"@type\":\"BreadcrumbList\",\"@id\":\"https:\/\/www.keyplan.es\/en\/projects\/#breadcrumb\",\"itemListElement\":[{\"@type\":\"ListItem\",\"position\":1,\"name\":\"Portada\",\"item\":\"https:\/\/www.keyplan.es\/en\/\"},{\"@type\":\"ListItem\",\"position\":2,\"name\":\"Projects\"}]},{\"@type\":\"WebSite\",\"@id\":\"\/#website\",\"url\":\"\/\",\"name\":\"Keyplan\",\"description\":\"Engineering and consulting\",\"publisher\":{\"@id\":\"\/#organization\"},\"potentialAction\":[{\"@type\":\"SearchAction\",\"target\":{\"@type\":\"EntryPoint\",\"urlTemplate\":\"\/?s={search_term_string}\"},\"query-input\":\"required name=search_term_string\"}],\"inLanguage\":\"en-US\"},{\"@type\":\"Organization\",\"@id\":\"\/#organization\",\"name\":\"Key Plan\",\"url\":\"\/\",\"logo\":{\"@type\":\"ImageObject\",\"inLanguage\":\"en-US\",\"@id\":\"\/#\/schema\/logo\/image\/\",\"url\":\"https:\/\/www.keyplan.es\/wp-content\/uploads\/2016\/12\/logo.png\",\"contentUrl\":\"https:\/\/www.keyplan.es\/wp-content\/uploads\/2016\/12\/logo.png\",\"width\":184,\"height\":82,\"caption\":\"Key Plan\"},\"image\":{\"@id\":\"\/#\/schema\/logo\/image\/\"},\"sameAs\":[\"https:\/\/es.linkedin.com\/company\/keyplaningenieria\",\"https:\/\/www.instagram.com\/keyplan_ingenieria\/\"]}]}<\/script>\n<!-- \/ Yoast SEO plugin. -->","yoast_head_json":{"title":"Projects - Keyplan","robots":{"index":"index","follow":"follow","max-snippet":"max-snippet:-1","max-image-preview":"max-image-preview:large","max-video-preview":"max-video-preview:-1"},"canonical":"https:\/\/www.keyplan.es\/en\/projects\/","og_locale":"en_US","og_type":"article","og_title":"Projects - Keyplan","og_description":"[vc_row][vc_column][\/vc_column][\/vc_row][vc_row][vc_column][vc_toggle title=&#8221;RESEARCH, DEVELOPMENT AND INNOVATION (R&amp;D)&#8221; open=&#8221;true&#8221; css_animation=&#8221;left-to-right&#8221; el_id=&#8221;1484742469365-1123655c-96dd&#8221;]Currently, we take part as partners in European INNTERCONECTA projects under the program supported by FEDER (European Regional Development Fund) and the...","og_url":"https:\/\/www.keyplan.es\/en\/projects\/","og_site_name":"Keyplan","article_modified_time":"2017-01-25T17:29:36+00:00","og_image":[{"url":"https:\/\/www.keyplan.es\/wp-content\/uploads\/2017\/01\/bioplus.png"}],"twitter_card":"summary_large_image","twitter_misc":{"Est. reading time":"3 minutes"},"schema":{"@context":"https:\/\/schema.org","@graph":[{"@type":"WebPage","@id":"https:\/\/www.keyplan.es\/en\/projects\/","url":"https:\/\/www.keyplan.es\/en\/projects\/","name":"Projects - Keyplan","isPartOf":{"@id":"\/#website"},"datePublished":"2017-01-18T12:15:03+00:00","dateModified":"2017-01-25T17:29:36+00:00","breadcrumb":{"@id":"https:\/\/www.keyplan.es\/en\/projects\/#breadcrumb"},"inLanguage":"en-US","potentialAction":[{"@type":"ReadAction","target":["https:\/\/www.keyplan.es\/en\/projects\/"]}]},{"@type":"BreadcrumbList","@id":"https:\/\/www.keyplan.es\/en\/projects\/#breadcrumb","itemListElement":[{"@type":"ListItem","position":1,"name":"Portada","item":"https:\/\/www.keyplan.es\/en\/"},{"@type":"ListItem","position":2,"name":"Projects"}]},{"@type":"WebSite","@id":"\/#website","url":"\/","name":"Keyplan","description":"Engineering and consulting","publisher":{"@id":"\/#organization"},"potentialAction":[{"@type":"SearchAction","target":{"@type":"EntryPoint","urlTemplate":"\/?s={search_term_string}"},"query-input":"required name=search_term_string"}],"inLanguage":"en-US"},{"@type":"Organization","@id":"\/#organization","name":"Key Plan","url":"\/","logo":{"@type":"ImageObject","inLanguage":"en-US","@id":"\/#\/schema\/logo\/image\/","url":"https:\/\/www.keyplan.es\/wp-content\/uploads\/2016\/12\/logo.png","contentUrl":"https:\/\/www.keyplan.es\/wp-content\/uploads\/2016\/12\/logo.png","width":184,"height":82,"caption":"Key Plan"},"image":{"@id":"\/#\/schema\/logo\/image\/"},"sameAs":["https:\/\/es.linkedin.com\/company\/keyplaningenieria","https:\/\/www.instagram.com\/keyplan_ingenieria\/"]}]}},"_links":{"self":[{"href":"https:\/\/www.keyplan.es\/en\/wp-json\/wp\/v2\/pages\/4057"}],"collection":[{"href":"https:\/\/www.keyplan.es\/en\/wp-json\/wp\/v2\/pages"}],"about":[{"href":"https:\/\/www.keyplan.es\/en\/wp-json\/wp\/v2\/types\/page"}],"author":[{"embeddable":true,"href":"https:\/\/www.keyplan.es\/en\/wp-json\/wp\/v2\/users\/1"}],"replies":[{"embeddable":true,"href":"https:\/\/www.keyplan.es\/en\/wp-json\/wp\/v2\/comments?post=4057"}],"version-history":[{"count":0,"href":"https:\/\/www.keyplan.es\/en\/wp-json\/wp\/v2\/pages\/4057\/revisions"}],"wp:attachment":[{"href":"https:\/\/www.keyplan.es\/en\/wp-json\/wp\/v2\/media?parent=4057"}],"curies":[{"name":"wp","href":"https:\/\/api.w.org\/{rel}","templated":true}]}}