{"id":3790,"date":"2016-05-26T11:54:08","date_gmt":"2016-05-26T10:54:08","guid":{"rendered":"http:\/\/2016.keyplan.es\/quienes-somos\/"},"modified":"2024-02-20T11:01:33","modified_gmt":"2024-02-20T10:01:33","slug":"quem-somos","status":"publish","type":"page","link":"https:\/\/www.keyplan.es\/pt-br\/quem-somos\/","title":{"rendered":"Quem somos"},"content":{"rendered":"<section class=\"wpb-content-wrapper\"><p>[vc_row equal_height=&#8221;yes&#8221; css=&#8221;.vc_custom_1464263823580{margin-bottom: 30px !important;}&#8221;][vc_column width=&#8221;1\/2&#8243;]<div class=\"mgt-header-block clearfix text-left text-black wpb_content_element  mgt-header-block-style-1 mgt-header-texttransform-header  vc_custom_1485333856371\"><h2 class=\"mgt-header-block-title\">Quem somos<\/h2><div class=\"mgt-header-line\"><\/div><\/div>[vc_column_text]<strong>KEY PLANO, S.L.<\/strong> nasceu unida ao mundo da <strong>energia<\/strong> (renov\u00e1veis, powerplants) e <strong>processos industriais<\/strong>.<\/p>\n<p>Nos \u00faltimos anos, alarg\u00e1mos as \u00e1reas de neg\u00f3cio ao meio <strong>aeron\u00e1utico<\/strong> (constru\u00e7\u00e3o de hangares privados), <strong>centros log\u00edsticos<\/strong>, <strong>retail<\/strong>, <strong>edificaci\u00f3n<\/strong> (geri\u00e1tricos, creches, refeit\u00f3rios, cassinos), projetos <strong>I+D+i<\/strong> (calderas de biomasa de alta efici\u00eancia, redu\u00e7\u00e3o de emiss\u00f5es de CO2 em processos industriais) e novos <strong>setores estrat\u00e9gicos<\/strong>, acumulando uma valiosa experi\u00eancia que nos situa em uma excelente posi\u00e7\u00e3o para enfrentar o futuro.<\/p>\n<p>Participamos em projetos inovadores para a otimiza\u00e7\u00e3o de processos industriais, firmemente comprometidos com o conceito de <strong>sustentabilidade ambiental<\/strong>, convencidos de que os modelos de desenvolvimento demandam uma reflex\u00e3o s\u00e9ria e uma mudan\u00e7a urgente e profundo.<\/p>\n<p>Nesta linha, participamos como s\u00f3cios ativos em projetos europeus enquadrados no programa INNTERCONECTA, apoiado pelos fundos FEDER e o CDTI do Governo da Espanha, como o <strong>GPEC<\/strong> (Green Port Energy Center) que tem como objetivo a redu\u00e7\u00e3o de emiss\u00f5es dos navios atracados em porto ou a iniciativa <strong>BIO+<\/strong> para o desenvolvimento de novas tecnologias em <strong>calderas de biomasa<\/strong> de <strong>alta efici\u00eancia<\/strong>.[\/vc_column_text][\/vc_column][vc_column width=&#8221;1\/2&#8243;][vc_single_image image=&#8221;6908&#8243; img_size=&#8221;large&#8221; css_animation=&#8221;left-to-right&#8221;][\/vc_column][\/vc_row][vc_row][vc_column][vc_column_text]<!-- ************** IMAGENES ORGANISMOS ******************** --><\/p>\n<div style=\"text-align: center;\">\u00a0 \u00a0\u00a0 <img decoding=\"async\" style=\"border: 0px solid; width: 60px; height: 60px; margin-bottom: 10px;\" title=\"GPEC - Green Port Energy Center\" src=\"https:\/\/www.keyplan.es\/wp-content\/uploads\/2017\/01\/gpec.jpg\" alt=\"Proyecto GPEC energia limpia puerto verde\" \/>\u00a0 <img decoding=\"async\" style=\"border: 0px solid; width: 55px; height: 60px; margin-bottom: 10px;\" title=\"Proyecto europeo BIO+\" src=\"https:\/\/www.keyplan.es\/wp-content\/uploads\/2017\/01\/bioplus.png\" alt=\"calderas biomasa alta eficiencia, proyecto europeo CDTI\" \/><\/div>\n<div style=\"text-align: center;\"><img decoding=\"async\" style=\"width: 135px; height: 32px; margin-bottom: 10px;\" title=\"Xunta de Galicia\" src=\"https:\/\/www.keyplan.es\/wp-content\/uploads\/2017\/01\/logo-xunta.png\" alt=\"Xunta de Galicia, Gobierno de Galicia, Gobierno de Espa\u00f1a\" \/><br \/>\n<img decoding=\"async\" style=\"width: 142px; height: 32px; margin-bottom: 10px;\" title=\"CDTI Proyectos de Innovaci\u00f3n Tecnol\u00f3gica y Desarrollo\" src=\"https:\/\/www.keyplan.es\/wp-content\/uploads\/2017\/01\/cdti.png\" alt=\"CDTI proyectos innovacion tecnologica desarrollo\" \/> <img decoding=\"async\" style=\"width: 165px; height: 32px; margin-bottom: 10px;\" title=\"Gobierno de Espa\u00f1a\" src=\"https:\/\/www.keyplan.es\/wp-content\/uploads\/2017\/01\/ministerio-de-economia.gif\" alt=\"Proyecto tecnologico ministerio economia competitividad\" \/><\/div>\n<div style=\"text-align: center;\"><img decoding=\"async\" style=\"width: 118px; height: 40px;\" title=\"Fondos europeos FEDER\" src=\"https:\/\/www.keyplan.es\/wp-content\/uploads\/2017\/01\/union-europea.png\" alt=\"I+D+i, investigacion, desarrollo e innovacion\" \/><\/div>\n<p><!-- ************** IMAGENES ORGANISMOS ******************** -->[\/vc_column_text][vc_column_text css_animation=&#8221;left-to-right&#8221;]<strong>KEYPLAN, S.L.<\/strong> est\u00e1<\/p>\n<ul>\n<li>Homologada pela \u201cUni\u00f3n Fenosa Distribuci\u00f3n\u201d para a realiza\u00e7\u00e3o de trabalhos de Engenharia na rede de m\u00e9dia e baixa tens\u00e3o.<\/li>\n<li>Registro Repro com o n\u00ba: 304174<\/li>\n<li>Inscrita no Registro de licitadores da ADIF<\/li>\n<\/ul>\n<p>[\/vc_column_text][\/vc_column][\/vc_row]<\/p>\n<\/section>","protected":false},"excerpt":{"rendered":"<p>[vc_row equal_height=&#8221;yes&#8221; css=&#8221;.vc_custom_1464263823580{margin-bottom: 30px !important;}&#8221;][vc_column width=&#8221;1\/2&#8243;][vc_column_text]KEY PLANO, S.L. nasceu unida ao mundo da energia (renov\u00e1veis, powerplants) e processos industriais. Nos \u00faltimos anos, alarg\u00e1mos as \u00e1reas de neg\u00f3cio ao meio aeron\u00e1utico&#8230;<\/p>\n","protected":false},"author":1,"featured_media":0,"parent":0,"menu_order":0,"comment_status":"closed","ping_status":"closed","template":"","meta":{"footnotes":""},"yoast_head":"<!-- This site is optimized with the Yoast SEO plugin v21.9.1 - https:\/\/yoast.com\/wordpress\/plugins\/seo\/ -->\n<title>Quem somos - Keyplan<\/title>\n<meta name=\"robots\" content=\"index, follow, max-snippet:-1, max-image-preview:large, max-video-preview:-1\" \/>\n<link rel=\"canonical\" href=\"https:\/\/www.keyplan.es\/pt-br\/quem-somos\/\" \/>\n<meta property=\"og:locale\" content=\"pt_BR\" \/>\n<meta property=\"og:type\" content=\"article\" \/>\n<meta property=\"og:title\" content=\"Quem somos - Keyplan\" \/>\n<meta property=\"og:description\" content=\"[vc_row equal_height=&#8221;yes&#8221; css=&#8221;.vc_custom_1464263823580{margin-bottom: 30px !important;}&#8221;][vc_column width=&#8221;1\/2&#8243;][vc_column_text]KEY PLANO, S.L. nasceu unida ao mundo da energia (renov\u00e1veis, powerplants) e processos industriais. Nos \u00faltimos anos, alarg\u00e1mos as \u00e1reas de neg\u00f3cio ao meio aeron\u00e1utico...\" \/>\n<meta property=\"og:url\" content=\"https:\/\/www.keyplan.es\/pt-br\/quem-somos\/\" \/>\n<meta property=\"og:site_name\" content=\"Keyplan\" \/>\n<meta property=\"article:modified_time\" content=\"2024-02-20T10:01:33+00:00\" \/>\n<meta property=\"og:image\" content=\"https:\/\/www.keyplan.es\/wp-content\/uploads\/2017\/01\/gpec.jpg\" \/>\n<meta name=\"twitter:card\" content=\"summary_large_image\" \/>\n<meta name=\"twitter:label1\" content=\"Est. tempo de leitura\" \/>\n\t<meta name=\"twitter:data1\" content=\"2 minutos\" \/>\n<script type=\"application\/ld+json\" class=\"yoast-schema-graph\">{\"@context\":\"https:\/\/schema.org\",\"@graph\":[{\"@type\":\"WebPage\",\"@id\":\"https:\/\/www.keyplan.es\/pt-br\/quem-somos\/\",\"url\":\"https:\/\/www.keyplan.es\/pt-br\/quem-somos\/\",\"name\":\"Quem somos - Keyplan\",\"isPartOf\":{\"@id\":\"\/#website\"},\"datePublished\":\"2016-05-26T10:54:08+00:00\",\"dateModified\":\"2024-02-20T10:01:33+00:00\",\"breadcrumb\":{\"@id\":\"https:\/\/www.keyplan.es\/pt-br\/quem-somos\/#breadcrumb\"},\"inLanguage\":\"pt-BR\",\"potentialAction\":[{\"@type\":\"ReadAction\",\"target\":[\"https:\/\/www.keyplan.es\/pt-br\/quem-somos\/\"]}]},{\"@type\":\"BreadcrumbList\",\"@id\":\"https:\/\/www.keyplan.es\/pt-br\/quem-somos\/#breadcrumb\",\"itemListElement\":[{\"@type\":\"ListItem\",\"position\":1,\"name\":\"Portada\",\"item\":\"https:\/\/www.keyplan.es\/pt-br\/\"},{\"@type\":\"ListItem\",\"position\":2,\"name\":\"Quem somos\"}]},{\"@type\":\"WebSite\",\"@id\":\"\/#website\",\"url\":\"\/\",\"name\":\"Keyplan\",\"description\":\"Ingenier\u00eda y consulting\",\"publisher\":{\"@id\":\"\/#organization\"},\"potentialAction\":[{\"@type\":\"SearchAction\",\"target\":{\"@type\":\"EntryPoint\",\"urlTemplate\":\"\/?s={search_term_string}\"},\"query-input\":\"required name=search_term_string\"}],\"inLanguage\":\"pt-BR\"},{\"@type\":\"Organization\",\"@id\":\"\/#organization\",\"name\":\"Key Plan\",\"url\":\"\/\",\"logo\":{\"@type\":\"ImageObject\",\"inLanguage\":\"pt-BR\",\"@id\":\"\/#\/schema\/logo\/image\/\",\"url\":\"https:\/\/www.keyplan.es\/wp-content\/uploads\/2016\/12\/logo.png\",\"contentUrl\":\"https:\/\/www.keyplan.es\/wp-content\/uploads\/2016\/12\/logo.png\",\"width\":184,\"height\":82,\"caption\":\"Key Plan\"},\"image\":{\"@id\":\"\/#\/schema\/logo\/image\/\"},\"sameAs\":[\"https:\/\/es.linkedin.com\/company\/keyplaningenieria\",\"https:\/\/www.instagram.com\/keyplan_ingenieria\/\"]}]}<\/script>\n<!-- \/ Yoast SEO plugin. -->","yoast_head_json":{"title":"Quem somos - Keyplan","robots":{"index":"index","follow":"follow","max-snippet":"max-snippet:-1","max-image-preview":"max-image-preview:large","max-video-preview":"max-video-preview:-1"},"canonical":"https:\/\/www.keyplan.es\/pt-br\/quem-somos\/","og_locale":"pt_BR","og_type":"article","og_title":"Quem somos - Keyplan","og_description":"[vc_row equal_height=&#8221;yes&#8221; css=&#8221;.vc_custom_1464263823580{margin-bottom: 30px !important;}&#8221;][vc_column width=&#8221;1\/2&#8243;][vc_column_text]KEY PLANO, S.L. nasceu unida ao mundo da energia (renov\u00e1veis, powerplants) e processos industriais. Nos \u00faltimos anos, alarg\u00e1mos as \u00e1reas de neg\u00f3cio ao meio aeron\u00e1utico...","og_url":"https:\/\/www.keyplan.es\/pt-br\/quem-somos\/","og_site_name":"Keyplan","article_modified_time":"2024-02-20T10:01:33+00:00","og_image":[{"url":"https:\/\/www.keyplan.es\/wp-content\/uploads\/2017\/01\/gpec.jpg"}],"twitter_card":"summary_large_image","twitter_misc":{"Est. tempo de leitura":"2 minutos"},"schema":{"@context":"https:\/\/schema.org","@graph":[{"@type":"WebPage","@id":"https:\/\/www.keyplan.es\/pt-br\/quem-somos\/","url":"https:\/\/www.keyplan.es\/pt-br\/quem-somos\/","name":"Quem somos - Keyplan","isPartOf":{"@id":"\/#website"},"datePublished":"2016-05-26T10:54:08+00:00","dateModified":"2024-02-20T10:01:33+00:00","breadcrumb":{"@id":"https:\/\/www.keyplan.es\/pt-br\/quem-somos\/#breadcrumb"},"inLanguage":"pt-BR","potentialAction":[{"@type":"ReadAction","target":["https:\/\/www.keyplan.es\/pt-br\/quem-somos\/"]}]},{"@type":"BreadcrumbList","@id":"https:\/\/www.keyplan.es\/pt-br\/quem-somos\/#breadcrumb","itemListElement":[{"@type":"ListItem","position":1,"name":"Portada","item":"https:\/\/www.keyplan.es\/pt-br\/"},{"@type":"ListItem","position":2,"name":"Quem somos"}]},{"@type":"WebSite","@id":"\/#website","url":"\/","name":"Keyplan","description":"Ingenier\u00eda y consulting","publisher":{"@id":"\/#organization"},"potentialAction":[{"@type":"SearchAction","target":{"@type":"EntryPoint","urlTemplate":"\/?s={search_term_string}"},"query-input":"required name=search_term_string"}],"inLanguage":"pt-BR"},{"@type":"Organization","@id":"\/#organization","name":"Key Plan","url":"\/","logo":{"@type":"ImageObject","inLanguage":"pt-BR","@id":"\/#\/schema\/logo\/image\/","url":"https:\/\/www.keyplan.es\/wp-content\/uploads\/2016\/12\/logo.png","contentUrl":"https:\/\/www.keyplan.es\/wp-content\/uploads\/2016\/12\/logo.png","width":184,"height":82,"caption":"Key Plan"},"image":{"@id":"\/#\/schema\/logo\/image\/"},"sameAs":["https:\/\/es.linkedin.com\/company\/keyplaningenieria","https:\/\/www.instagram.com\/keyplan_ingenieria\/"]}]}},"_links":{"self":[{"href":"https:\/\/www.keyplan.es\/pt-br\/wp-json\/wp\/v2\/pages\/3790"}],"collection":[{"href":"https:\/\/www.keyplan.es\/pt-br\/wp-json\/wp\/v2\/pages"}],"about":[{"href":"https:\/\/www.keyplan.es\/pt-br\/wp-json\/wp\/v2\/types\/page"}],"author":[{"embeddable":true,"href":"https:\/\/www.keyplan.es\/pt-br\/wp-json\/wp\/v2\/users\/1"}],"replies":[{"embeddable":true,"href":"https:\/\/www.keyplan.es\/pt-br\/wp-json\/wp\/v2\/comments?post=3790"}],"version-history":[{"count":1,"href":"https:\/\/www.keyplan.es\/pt-br\/wp-json\/wp\/v2\/pages\/3790\/revisions"}],"predecessor-version":[{"id":7099,"href":"https:\/\/www.keyplan.es\/pt-br\/wp-json\/wp\/v2\/pages\/3790\/revisions\/7099"}],"wp:attachment":[{"href":"https:\/\/www.keyplan.es\/pt-br\/wp-json\/wp\/v2\/media?parent=3790"}],"curies":[{"name":"wp","href":"https:\/\/api.w.org\/{rel}","templated":true}]}}