{"id":3819,"date":"2016-06-01T12:42:35","date_gmt":"2016-06-01T12:42:35","guid":{"rendered":"http:\/\/2016.keyplan.es\/trabaja-con-nosotros\/"},"modified":"2017-01-25T10:36:53","modified_gmt":"2017-01-25T10:36:53","slug":"trabalhe-conosco","status":"publish","type":"page","link":"https:\/\/www.keyplan.es\/pt-br\/trabalhe-conosco\/","title":{"rendered":"Trabalhe conosco"},"content":{"rendered":"<section class=\"wpb-content-wrapper\"><p>[vc_row full_width=&#8221;stretch_row&#8221;][vc_column]<div class=\"mgt-header-block clearfix text-left text-black wpb_content_element  mgt-header-block-style-1 mgt-header-texttransform-subheader  vc_custom_1485340769809\"><h3 class=\"mgt-header-block-title\">Para enviar o seu CV, por favor preencha o formul\u00e1rio abaixo.<\/h3><p class=\"mgt-header-block-subtitle\">OS CAMPOS MARCADOS COM * DEVEM SER PREENCHIDOS ANTES DE ENVIAR O FORMUL\u00c1RIO<\/p><div class=\"mgt-header-line\"><\/div><\/div>[vc_column_text]Para a <strong><span class=\"destacado\">KEYPLAN<\/span><\/strong> \u00e9 fundamental contar com os melhores profissionais em cada especialidade, pessoas con car\u00e1ter inovador e dispostas a trabalhar em equipe.<\/p>\n<p>Fazer parte da equipe da <strong><span class=\"destacado\">KEYPLAN<\/span><\/strong> garante um plano de forma\u00e7\u00e3o completo, estabilidade no trabalho e outras vantagens sociais.<\/p>\n<p>Se voc\u00ea nos enviar o seu curriculum para o departamento de recursos humanos, vamos consider\u00e1-lo em futuros processos de sele\u00e7\u00e3o.[\/vc_column_text]\n<div class=\"wpcf7 no-js\" id=\"wpcf7-f3823-o1\" lang=\"en-US\" dir=\"ltr\">\n<div class=\"screen-reader-response\"><p role=\"status\" aria-live=\"polite\" aria-atomic=\"true\"><\/p> <ul><\/ul><\/div>\n<form action=\"\/pt-br\/wp-json\/wp\/v2\/pages\/3819#wpcf7-f3823-o1\" method=\"post\" class=\"wpcf7-form init\" aria-label=\"Contact form\" enctype=\"multipart\/form-data\" novalidate=\"novalidate\" data-status=\"init\">\n<div style=\"display: none;\">\n<input type=\"hidden\" name=\"_wpcf7\" value=\"3823\" \/>\n<input type=\"hidden\" name=\"_wpcf7_version\" value=\"5.8.6\" \/>\n<input type=\"hidden\" name=\"_wpcf7_locale\" value=\"en_US\" \/>\n<input type=\"hidden\" name=\"_wpcf7_unit_tag\" value=\"wpcf7-f3823-o1\" \/>\n<input type=\"hidden\" name=\"_wpcf7_container_post\" value=\"0\" \/>\n<input type=\"hidden\" name=\"_wpcf7_posted_data_hash\" value=\"\" \/>\n<\/div>\n<div class=\"row\">\n\t<div class=\"col-md-12\">\n\t\t<p>Nome\n\t\t<\/p>\n\t\t<p><span class=\"wpcf7-form-control-wrap\" data-name=\"your-name\"><input size=\"40\" class=\"wpcf7-form-control wpcf7-text wpcf7-validates-as-required\" aria-required=\"true\" aria-invalid=\"false\" value=\"\" type=\"text\" name=\"your-name\" \/><\/span>\n\t\t<\/p>\n\t<\/div>\n\t<div class=\"col-md-6\">\n\t\t<p>Email\n\t\t<\/p>\n\t\t<p><span class=\"wpcf7-form-control-wrap\" data-name=\"your-email\"><input size=\"40\" class=\"wpcf7-form-control wpcf7-email wpcf7-validates-as-required wpcf7-text wpcf7-validates-as-email\" aria-required=\"true\" aria-invalid=\"false\" value=\"\" type=\"email\" name=\"your-email\" \/><\/span>\n\t\t<\/p>\n\t<\/div>\n\t<div class=\"col-md-6\">\n\t\t<p>Telefone\n\t\t<\/p>\n\t\t<p><span class=\"wpcf7-form-control-wrap\" data-name=\"ContactPhone\"><input size=\"40\" class=\"wpcf7-form-control wpcf7-tel wpcf7-validates-as-required wpcf7-text wpcf7-validates-as-tel\" aria-required=\"true\" aria-invalid=\"false\" value=\"\" type=\"tel\" name=\"ContactPhone\" \/><\/span>\n\t\t<\/p>\n\t<\/div>\n\t<div class=\"col-md-12\">\n\t\t<p>Anexar Curriculum\n\t\t<\/p>\n\t\t<p><span class=\"wpcf7-form-control-wrap\" data-name=\"File\"><input size=\"40\" class=\"wpcf7-form-control wpcf7-file\" accept=\".jpg,.jpeg,.png,.pdf,.doc,.docx,.ppt,.pptx,.odt,.txt\" aria-invalid=\"false\" type=\"file\" name=\"File\" \/><\/span>\n\t\t<\/p>\n\t\t<p>Mensaje\n\t\t<\/p>\n\t\t<p><span class=\"wpcf7-form-control-wrap\" data-name=\"your-description\"><textarea cols=\"40\" rows=\"10\" class=\"wpcf7-form-control wpcf7-textarea\" aria-invalid=\"false\" name=\"your-description\"><\/textarea><\/span>\n\t\t<\/p>\n\t<\/div>\n\t<div class=\"col-md-12 small\">\n\t\t<div class=\"align-in-form\">\n\t\t\t<p><span class=\"wpcf7-form-control-wrap\" data-name=\"checkbox-consentimiento\"><span class=\"wpcf7-form-control wpcf7-checkbox wpcf7-validates-as-required\"><span class=\"wpcf7-list-item first last\"><input type=\"checkbox\" name=\"checkbox-consentimiento[]\" value=\"Para continuar, voc\u00ea deve aceitar que leu e concorda com a pr\u00f3xima cl\u00e1usula.\" \/><span class=\"wpcf7-list-item-label\">Para continuar, voc\u00ea deve aceitar que leu e concorda com a pr\u00f3xima cl\u00e1usula.<\/span><\/span><\/span><\/span>\n\t\t\t<\/p>\n\t\t<\/div>\n\t\t<p><span>Keyplan S.L \u00e9 o Respons\u00e1vel pelo tratamento dos dados pessoais do interessado e informa-o que esses dados ser\u00e3o tratados de acordo com o disposto no Regulamento (UE) 2016\/679, de 27 de abril (GDPR), e na Lei Org\u00e2nica 3\/2018 , de 5 de dezembro (LOPDGDD), no leg\u00edtimo interesse do Respons\u00e1vel, prestando as seguintes informa\u00e7\u00f5es sobre o tratamento:<br \/>\n<\/span><br \/>\n<span>Objetivos do tratamento: envolver o interessado nos processos seletivos de pessoal, realizando uma an\u00e1lise do perfil do candidato a fim de selecionar o melhor candidato para o cargo de Respons\u00e1vel.<br \/>\nLegitima\u00e7\u00e3o do tratamento: consentimento inequ\u00edvoco por meio de a\u00e7\u00e3o clara do interessado (GDPR, art. 6.1.a).<br \/>\nRegistro de curr\u00edculos: informamos que este \u00e9 o \u00fanico procedimento oficial para aceita\u00e7\u00e3o do seu curr\u00edculo, portanto, curr\u00edculos submetidos por outro procedimento n\u00e3o ser\u00e3o aceitos.<br \/>\nCrit\u00e9rios de reten\u00e7\u00e3o de dados: ser\u00e3o guardados pelo per\u00edodo m\u00e1ximo de um ano, ap\u00f3s o qual os dados ser\u00e3o apagados, garantindo-se total respeito ao sigilo, tanto no tratamento como na sua posterior destrui\u00e7\u00e3o. Nesse sentido, ap\u00f3s o per\u00edodo mencionado, e caso deseje continuar participando dos processos seletivos dos Respons\u00e1veis, envie-nos novamente seu curr\u00edculo.<br \/>\nAtualiza\u00e7\u00e3o de dados: Em caso de qualquer modifica\u00e7\u00e3o nos seus dados, por favor, avise-nos por escrito o mais r\u00e1pido poss\u00edvel, a fim de mant\u00ea-los devidamente atualizados.<br \/>\nComunica\u00e7\u00e3o de dados: podem ser processados e \/ ou comunicados \u00e0s empresas integrantes do nosso grupo (cujos endere\u00e7os constam desta mesma p\u00e1gina web), durante o tempo de conserva\u00e7\u00e3o do seu curr\u00edculo e para os mesmos fins previamente informados.<br \/>\nDireitos que auxiliam o interessado:<br \/>\n- Direito de retirar o consentimento a qualquer momento.<br \/>\n- Direito de acesso, retifica\u00e7\u00e3o, portabilidade e elimina\u00e7\u00e3o dos seus dados e de limita\u00e7\u00e3o ou oposi\u00e7\u00e3o ao seu tratamento.<br \/>\n- Direito de registrar uma reclama\u00e7\u00e3o junto \u00e0 Autoridade de Controle (www.aepd.es) se voc\u00ea considerar que o tratamento n\u00e3o est\u00e1 de acordo com os regulamentos em vigor.<br \/>\nInforma\u00e7\u00f5es de contato para exercer seus direitos: Keyplan S.L. Enrique Mari\u00f1as, 30 2-3 - 15009 a coru\u00f1a (A Coru\u00f1a). E-mail: keyplan@keyplan.es<br \/>\n<\/span><br \/>\n<span><br \/>\nPara continuar, voc\u00ea deve aceitar que leu e concorda com a cl\u00e1usula anterior.<br \/>\n<\/span>\n\t\t<\/p>\n\t<\/div>\n\t<div class=\"col-md-12\">\n\t\t<p><input class=\"wpcf7-form-control wpcf7-submit has-spinner\" type=\"submit\" value=\"Enviar\" \/>\n\t\t<\/p>\n\t<\/div>\n<\/div><div class=\"wpcf7-response-output\" aria-hidden=\"true\"><\/div>\n<\/form>\n<\/div>\n[\/vc_column][\/vc_row]<\/p>\n<\/section>","protected":false},"excerpt":{"rendered":"<p>[vc_row full_width=&#8221;stretch_row&#8221;][vc_column][vc_column_text]Para a KEYPLAN \u00e9 fundamental contar com os melhores profissionais em cada especialidade, pessoas con car\u00e1ter inovador e dispostas a trabalhar em equipe. Fazer parte da equipe da KEYPLAN&#8230;<\/p>\n","protected":false},"author":1,"featured_media":0,"parent":0,"menu_order":0,"comment_status":"closed","ping_status":"closed","template":"","meta":{"footnotes":""},"yoast_head":"<!-- This site is optimized with the Yoast SEO plugin v21.9.1 - https:\/\/yoast.com\/wordpress\/plugins\/seo\/ -->\n<title>Trabalhe conosco - Keyplan<\/title>\n<meta name=\"robots\" content=\"index, follow, max-snippet:-1, max-image-preview:large, max-video-preview:-1\" \/>\n<link rel=\"canonical\" href=\"https:\/\/www.keyplan.es\/pt-br\/trabalhe-conosco\/\" \/>\n<meta property=\"og:locale\" content=\"pt_BR\" \/>\n<meta property=\"og:type\" content=\"article\" \/>\n<meta property=\"og:title\" content=\"Trabalhe conosco - Keyplan\" \/>\n<meta property=\"og:description\" content=\"[vc_row full_width=&#8221;stretch_row&#8221;][vc_column][vc_column_text]Para a KEYPLAN \u00e9 fundamental contar com os melhores profissionais em cada especialidade, pessoas con car\u00e1ter inovador e dispostas a trabalhar em equipe. Fazer parte da equipe da KEYPLAN...\" \/>\n<meta property=\"og:url\" content=\"https:\/\/www.keyplan.es\/pt-br\/trabalhe-conosco\/\" \/>\n<meta property=\"og:site_name\" content=\"Keyplan\" \/>\n<meta property=\"article:modified_time\" content=\"2017-01-25T10:36:53+00:00\" \/>\n<meta name=\"twitter:card\" content=\"summary_large_image\" \/>\n<script type=\"application\/ld+json\" class=\"yoast-schema-graph\">{\"@context\":\"https:\/\/schema.org\",\"@graph\":[{\"@type\":\"WebPage\",\"@id\":\"https:\/\/www.keyplan.es\/pt-br\/trabalhe-conosco\/\",\"url\":\"https:\/\/www.keyplan.es\/pt-br\/trabalhe-conosco\/\",\"name\":\"Trabalhe conosco - Keyplan\",\"isPartOf\":{\"@id\":\"\/#website\"},\"datePublished\":\"2016-06-01T12:42:35+00:00\",\"dateModified\":\"2017-01-25T10:36:53+00:00\",\"breadcrumb\":{\"@id\":\"https:\/\/www.keyplan.es\/pt-br\/trabalhe-conosco\/#breadcrumb\"},\"inLanguage\":\"pt-BR\",\"potentialAction\":[{\"@type\":\"ReadAction\",\"target\":[\"https:\/\/www.keyplan.es\/pt-br\/trabalhe-conosco\/\"]}]},{\"@type\":\"BreadcrumbList\",\"@id\":\"https:\/\/www.keyplan.es\/pt-br\/trabalhe-conosco\/#breadcrumb\",\"itemListElement\":[{\"@type\":\"ListItem\",\"position\":1,\"name\":\"Portada\",\"item\":\"https:\/\/www.keyplan.es\/pt-br\/\"},{\"@type\":\"ListItem\",\"position\":2,\"name\":\"Trabalhe conosco\"}]},{\"@type\":\"WebSite\",\"@id\":\"\/#website\",\"url\":\"\/\",\"name\":\"Keyplan\",\"description\":\"Ingenier\u00eda y consulting\",\"publisher\":{\"@id\":\"\/#organization\"},\"potentialAction\":[{\"@type\":\"SearchAction\",\"target\":{\"@type\":\"EntryPoint\",\"urlTemplate\":\"\/?s={search_term_string}\"},\"query-input\":\"required name=search_term_string\"}],\"inLanguage\":\"pt-BR\"},{\"@type\":\"Organization\",\"@id\":\"\/#organization\",\"name\":\"Key Plan\",\"url\":\"\/\",\"logo\":{\"@type\":\"ImageObject\",\"inLanguage\":\"pt-BR\",\"@id\":\"\/#\/schema\/logo\/image\/\",\"url\":\"https:\/\/www.keyplan.es\/wp-content\/uploads\/2016\/12\/logo.png\",\"contentUrl\":\"https:\/\/www.keyplan.es\/wp-content\/uploads\/2016\/12\/logo.png\",\"width\":184,\"height\":82,\"caption\":\"Key Plan\"},\"image\":{\"@id\":\"\/#\/schema\/logo\/image\/\"},\"sameAs\":[\"https:\/\/es.linkedin.com\/company\/keyplaningenieria\",\"https:\/\/www.instagram.com\/keyplan_ingenieria\/\"]}]}<\/script>\n<!-- \/ Yoast SEO plugin. -->","yoast_head_json":{"title":"Trabalhe conosco - Keyplan","robots":{"index":"index","follow":"follow","max-snippet":"max-snippet:-1","max-image-preview":"max-image-preview:large","max-video-preview":"max-video-preview:-1"},"canonical":"https:\/\/www.keyplan.es\/pt-br\/trabalhe-conosco\/","og_locale":"pt_BR","og_type":"article","og_title":"Trabalhe conosco - Keyplan","og_description":"[vc_row full_width=&#8221;stretch_row&#8221;][vc_column][vc_column_text]Para a KEYPLAN \u00e9 fundamental contar com os melhores profissionais em cada especialidade, pessoas con car\u00e1ter inovador e dispostas a trabalhar em equipe. Fazer parte da equipe da KEYPLAN...","og_url":"https:\/\/www.keyplan.es\/pt-br\/trabalhe-conosco\/","og_site_name":"Keyplan","article_modified_time":"2017-01-25T10:36:53+00:00","twitter_card":"summary_large_image","schema":{"@context":"https:\/\/schema.org","@graph":[{"@type":"WebPage","@id":"https:\/\/www.keyplan.es\/pt-br\/trabalhe-conosco\/","url":"https:\/\/www.keyplan.es\/pt-br\/trabalhe-conosco\/","name":"Trabalhe conosco - Keyplan","isPartOf":{"@id":"\/#website"},"datePublished":"2016-06-01T12:42:35+00:00","dateModified":"2017-01-25T10:36:53+00:00","breadcrumb":{"@id":"https:\/\/www.keyplan.es\/pt-br\/trabalhe-conosco\/#breadcrumb"},"inLanguage":"pt-BR","potentialAction":[{"@type":"ReadAction","target":["https:\/\/www.keyplan.es\/pt-br\/trabalhe-conosco\/"]}]},{"@type":"BreadcrumbList","@id":"https:\/\/www.keyplan.es\/pt-br\/trabalhe-conosco\/#breadcrumb","itemListElement":[{"@type":"ListItem","position":1,"name":"Portada","item":"https:\/\/www.keyplan.es\/pt-br\/"},{"@type":"ListItem","position":2,"name":"Trabalhe conosco"}]},{"@type":"WebSite","@id":"\/#website","url":"\/","name":"Keyplan","description":"Ingenier\u00eda y consulting","publisher":{"@id":"\/#organization"},"potentialAction":[{"@type":"SearchAction","target":{"@type":"EntryPoint","urlTemplate":"\/?s={search_term_string}"},"query-input":"required name=search_term_string"}],"inLanguage":"pt-BR"},{"@type":"Organization","@id":"\/#organization","name":"Key Plan","url":"\/","logo":{"@type":"ImageObject","inLanguage":"pt-BR","@id":"\/#\/schema\/logo\/image\/","url":"https:\/\/www.keyplan.es\/wp-content\/uploads\/2016\/12\/logo.png","contentUrl":"https:\/\/www.keyplan.es\/wp-content\/uploads\/2016\/12\/logo.png","width":184,"height":82,"caption":"Key Plan"},"image":{"@id":"\/#\/schema\/logo\/image\/"},"sameAs":["https:\/\/es.linkedin.com\/company\/keyplaningenieria","https:\/\/www.instagram.com\/keyplan_ingenieria\/"]}]}},"_links":{"self":[{"href":"https:\/\/www.keyplan.es\/pt-br\/wp-json\/wp\/v2\/pages\/3819"}],"collection":[{"href":"https:\/\/www.keyplan.es\/pt-br\/wp-json\/wp\/v2\/pages"}],"about":[{"href":"https:\/\/www.keyplan.es\/pt-br\/wp-json\/wp\/v2\/types\/page"}],"author":[{"embeddable":true,"href":"https:\/\/www.keyplan.es\/pt-br\/wp-json\/wp\/v2\/users\/1"}],"replies":[{"embeddable":true,"href":"https:\/\/www.keyplan.es\/pt-br\/wp-json\/wp\/v2\/comments?post=3819"}],"version-history":[{"count":0,"href":"https:\/\/www.keyplan.es\/pt-br\/wp-json\/wp\/v2\/pages\/3819\/revisions"}],"wp:attachment":[{"href":"https:\/\/www.keyplan.es\/pt-br\/wp-json\/wp\/v2\/media?parent=3819"}],"curies":[{"name":"wp","href":"https:\/\/api.w.org\/{rel}","templated":true}]}}