{"id":3828,"date":"2017-01-17T10:51:38","date_gmt":"2017-01-17T09:51:38","guid":{"rendered":"http:\/\/2016.keyplan.es\/industrial\/"},"modified":"2024-02-26T09:13:22","modified_gmt":"2024-02-26T08:13:22","slug":"industria","status":"publish","type":"page","link":"https:\/\/www.keyplan.es\/pt-br\/servicos\/industria\/","title":{"rendered":"Ind\u00fastria"},"content":{"rendered":"<section class=\"wpb-content-wrapper\"><p>[vc_row][vc_column]<div class=\"mgt-header-block clearfix text-left text-black wpb_animate_when_almost_visible wpb_left-to-right wpb_content_element  mgt-header-block-style-1 mgt-header-texttransform-header \"><h2 class=\"mgt-header-block-title\">Servi\u00e7os industriais<\/h2><div class=\"mgt-header-line\"><\/div><\/div>[\/vc_column][\/vc_row][vc_row][vc_column width=&#8221;1\/2&#8243;][vc_column_text css_animation=&#8221;left-to-right&#8221;]Em seguida, os servi\u00e7os que oferecemos no setor industrial s\u00e3o detalhadas:[\/vc_column_text][vc_column_text css_animation=&#8221;left-to-right&#8221;]<\/p>\n<div class=\"list-group\"><a class=\"list-group-item\" href=\"https:\/\/www.keyplan.es\/pt-br\/servicos\/industria\/projeto-processos-industriais\/\">Projeto processos industriais<\/a><br \/>\n<a class=\"list-group-item\" href=\"https:\/\/www.keyplan.es\/pt-br\/servicos\/industria\/instalacoes\/\">Instala\u00e7\u00f5es<\/a><br \/>\n<a class=\"list-group-item\" href=\"https:\/\/www.keyplan.es\/pt-br\/servicos\/industria\/construcao-civil\/\">Constru\u00e7\u00e3o civil<\/a><br \/>\n<a class=\"list-group-item\" href=\"https:\/\/www.keyplan.es\/pt-br\/servicos\/industria\/projeto-e-calculo-do-stress-das-tubagens\/\">Projeto e c\u00e1lculo do stress das tubagens<\/a><br \/>\n<a class=\"list-group-item\" href=\"https:\/\/www.keyplan.es\/pt-br\/servicos\/industria\/redes-atmt\/\">Redes AT\/MT<\/a><br \/>\n<a class=\"list-group-item\" href=\"https:\/\/www.keyplan.es\/pt-br\/servicos\/industria\/protecao-contra-incendios\/\">Prote\u00e7\u00e3o contra inc\u00eandios<\/a><br \/>\n<a class=\"list-group-item\" href=\"https:\/\/www.keyplan.es\/pt-br\/servicos\/industria\/tramitacao-subsidios\/\">Tramita\u00e7\u00e3o subs\u00eddios<\/a><\/div>\n<p>[\/vc_column_text][\/vc_column][vc_column width=&#8221;1\/2&#8243;][vc_single_image image=&#8221;3296&#8243; img_size=&#8221;large&#8221; css_animation=&#8221;right-to-left&#8221;][\/vc_column][\/vc_row]<\/p>\n<\/section>","protected":false},"excerpt":{"rendered":"<p>[vc_row][vc_column][\/vc_column][\/vc_row][vc_row][vc_column width=&#8221;1\/2&#8243;][vc_column_text css_animation=&#8221;left-to-right&#8221;]Em seguida, os servi\u00e7os que oferecemos no setor industrial s\u00e3o detalhadas:[\/vc_column_text][vc_column_text css_animation=&#8221;left-to-right&#8221;] Projeto processos industriais Instala\u00e7\u00f5es Constru\u00e7\u00e3o civil Projeto e c\u00e1lculo do stress das tubagens Redes AT\/MT Prote\u00e7\u00e3o&#8230;<\/p>\n","protected":false},"author":1,"featured_media":0,"parent":4052,"menu_order":0,"comment_status":"closed","ping_status":"closed","template":"","meta":{"footnotes":""},"yoast_head":"<!-- This site is optimized with the Yoast SEO plugin v21.9.1 - https:\/\/yoast.com\/wordpress\/plugins\/seo\/ -->\n<title>Ind\u00fastria - Keyplan<\/title>\n<meta name=\"robots\" content=\"index, follow, max-snippet:-1, max-image-preview:large, max-video-preview:-1\" \/>\n<link rel=\"canonical\" href=\"https:\/\/www.keyplan.es\/pt-br\/servicos\/industria\/\" \/>\n<meta property=\"og:locale\" content=\"pt_BR\" \/>\n<meta property=\"og:type\" content=\"article\" \/>\n<meta property=\"og:title\" content=\"Ind\u00fastria - Keyplan\" \/>\n<meta property=\"og:description\" content=\"[vc_row][vc_column][\/vc_column][\/vc_row][vc_row][vc_column width=&#8221;1\/2&#8243;][vc_column_text css_animation=&#8221;left-to-right&#8221;]Em seguida, os servi\u00e7os que oferecemos no setor industrial s\u00e3o detalhadas:[\/vc_column_text][vc_column_text css_animation=&#8221;left-to-right&#8221;] Projeto processos industriais Instala\u00e7\u00f5es Constru\u00e7\u00e3o civil Projeto e c\u00e1lculo do stress das tubagens Redes AT\/MT Prote\u00e7\u00e3o...\" \/>\n<meta property=\"og:url\" content=\"https:\/\/www.keyplan.es\/pt-br\/servicos\/industria\/\" \/>\n<meta property=\"og:site_name\" content=\"Keyplan\" \/>\n<meta property=\"article:modified_time\" content=\"2024-02-26T08:13:22+00:00\" \/>\n<meta name=\"twitter:card\" content=\"summary_large_image\" \/>\n<meta name=\"twitter:label1\" content=\"Est. tempo de leitura\" \/>\n\t<meta name=\"twitter:data1\" content=\"1 minuto\" \/>\n<script type=\"application\/ld+json\" class=\"yoast-schema-graph\">{\"@context\":\"https:\/\/schema.org\",\"@graph\":[{\"@type\":\"WebPage\",\"@id\":\"https:\/\/www.keyplan.es\/pt-br\/servicos\/industria\/\",\"url\":\"https:\/\/www.keyplan.es\/pt-br\/servicos\/industria\/\",\"name\":\"Ind\u00fastria - Keyplan\",\"isPartOf\":{\"@id\":\"\/#website\"},\"datePublished\":\"2017-01-17T09:51:38+00:00\",\"dateModified\":\"2024-02-26T08:13:22+00:00\",\"breadcrumb\":{\"@id\":\"https:\/\/www.keyplan.es\/pt-br\/servicos\/industria\/#breadcrumb\"},\"inLanguage\":\"pt-BR\",\"potentialAction\":[{\"@type\":\"ReadAction\",\"target\":[\"https:\/\/www.keyplan.es\/pt-br\/servicos\/industria\/\"]}]},{\"@type\":\"BreadcrumbList\",\"@id\":\"https:\/\/www.keyplan.es\/pt-br\/servicos\/industria\/#breadcrumb\",\"itemListElement\":[{\"@type\":\"ListItem\",\"position\":1,\"name\":\"Portada\",\"item\":\"https:\/\/www.keyplan.es\/pt-br\/\"},{\"@type\":\"ListItem\",\"position\":2,\"name\":\"Servi\u00e7os\",\"item\":\"https:\/\/www.keyplan.es\/pt-br\/servicos\/\"},{\"@type\":\"ListItem\",\"position\":3,\"name\":\"Ind\u00fastria\"}]},{\"@type\":\"WebSite\",\"@id\":\"\/#website\",\"url\":\"\/\",\"name\":\"Keyplan\",\"description\":\"Ingenier\u00eda y consulting\",\"publisher\":{\"@id\":\"\/#organization\"},\"potentialAction\":[{\"@type\":\"SearchAction\",\"target\":{\"@type\":\"EntryPoint\",\"urlTemplate\":\"\/?s={search_term_string}\"},\"query-input\":\"required name=search_term_string\"}],\"inLanguage\":\"pt-BR\"},{\"@type\":\"Organization\",\"@id\":\"\/#organization\",\"name\":\"Key Plan\",\"url\":\"\/\",\"logo\":{\"@type\":\"ImageObject\",\"inLanguage\":\"pt-BR\",\"@id\":\"\/#\/schema\/logo\/image\/\",\"url\":\"https:\/\/www.keyplan.es\/wp-content\/uploads\/2016\/12\/logo.png\",\"contentUrl\":\"https:\/\/www.keyplan.es\/wp-content\/uploads\/2016\/12\/logo.png\",\"width\":184,\"height\":82,\"caption\":\"Key Plan\"},\"image\":{\"@id\":\"\/#\/schema\/logo\/image\/\"},\"sameAs\":[\"https:\/\/es.linkedin.com\/company\/keyplaningenieria\",\"https:\/\/www.instagram.com\/keyplan_ingenieria\/\"]}]}<\/script>\n<!-- \/ Yoast SEO plugin. -->","yoast_head_json":{"title":"Ind\u00fastria - Keyplan","robots":{"index":"index","follow":"follow","max-snippet":"max-snippet:-1","max-image-preview":"max-image-preview:large","max-video-preview":"max-video-preview:-1"},"canonical":"https:\/\/www.keyplan.es\/pt-br\/servicos\/industria\/","og_locale":"pt_BR","og_type":"article","og_title":"Ind\u00fastria - Keyplan","og_description":"[vc_row][vc_column][\/vc_column][\/vc_row][vc_row][vc_column width=&#8221;1\/2&#8243;][vc_column_text css_animation=&#8221;left-to-right&#8221;]Em seguida, os servi\u00e7os que oferecemos no setor industrial s\u00e3o detalhadas:[\/vc_column_text][vc_column_text css_animation=&#8221;left-to-right&#8221;] Projeto processos industriais Instala\u00e7\u00f5es Constru\u00e7\u00e3o civil Projeto e c\u00e1lculo do stress das tubagens Redes AT\/MT Prote\u00e7\u00e3o...","og_url":"https:\/\/www.keyplan.es\/pt-br\/servicos\/industria\/","og_site_name":"Keyplan","article_modified_time":"2024-02-26T08:13:22+00:00","twitter_card":"summary_large_image","twitter_misc":{"Est. tempo de leitura":"1 minuto"},"schema":{"@context":"https:\/\/schema.org","@graph":[{"@type":"WebPage","@id":"https:\/\/www.keyplan.es\/pt-br\/servicos\/industria\/","url":"https:\/\/www.keyplan.es\/pt-br\/servicos\/industria\/","name":"Ind\u00fastria - Keyplan","isPartOf":{"@id":"\/#website"},"datePublished":"2017-01-17T09:51:38+00:00","dateModified":"2024-02-26T08:13:22+00:00","breadcrumb":{"@id":"https:\/\/www.keyplan.es\/pt-br\/servicos\/industria\/#breadcrumb"},"inLanguage":"pt-BR","potentialAction":[{"@type":"ReadAction","target":["https:\/\/www.keyplan.es\/pt-br\/servicos\/industria\/"]}]},{"@type":"BreadcrumbList","@id":"https:\/\/www.keyplan.es\/pt-br\/servicos\/industria\/#breadcrumb","itemListElement":[{"@type":"ListItem","position":1,"name":"Portada","item":"https:\/\/www.keyplan.es\/pt-br\/"},{"@type":"ListItem","position":2,"name":"Servi\u00e7os","item":"https:\/\/www.keyplan.es\/pt-br\/servicos\/"},{"@type":"ListItem","position":3,"name":"Ind\u00fastria"}]},{"@type":"WebSite","@id":"\/#website","url":"\/","name":"Keyplan","description":"Ingenier\u00eda y consulting","publisher":{"@id":"\/#organization"},"potentialAction":[{"@type":"SearchAction","target":{"@type":"EntryPoint","urlTemplate":"\/?s={search_term_string}"},"query-input":"required name=search_term_string"}],"inLanguage":"pt-BR"},{"@type":"Organization","@id":"\/#organization","name":"Key Plan","url":"\/","logo":{"@type":"ImageObject","inLanguage":"pt-BR","@id":"\/#\/schema\/logo\/image\/","url":"https:\/\/www.keyplan.es\/wp-content\/uploads\/2016\/12\/logo.png","contentUrl":"https:\/\/www.keyplan.es\/wp-content\/uploads\/2016\/12\/logo.png","width":184,"height":82,"caption":"Key Plan"},"image":{"@id":"\/#\/schema\/logo\/image\/"},"sameAs":["https:\/\/es.linkedin.com\/company\/keyplaningenieria","https:\/\/www.instagram.com\/keyplan_ingenieria\/"]}]}},"_links":{"self":[{"href":"https:\/\/www.keyplan.es\/pt-br\/wp-json\/wp\/v2\/pages\/3828"}],"collection":[{"href":"https:\/\/www.keyplan.es\/pt-br\/wp-json\/wp\/v2\/pages"}],"about":[{"href":"https:\/\/www.keyplan.es\/pt-br\/wp-json\/wp\/v2\/types\/page"}],"author":[{"embeddable":true,"href":"https:\/\/www.keyplan.es\/pt-br\/wp-json\/wp\/v2\/users\/1"}],"replies":[{"embeddable":true,"href":"https:\/\/www.keyplan.es\/pt-br\/wp-json\/wp\/v2\/comments?post=3828"}],"version-history":[{"count":1,"href":"https:\/\/www.keyplan.es\/pt-br\/wp-json\/wp\/v2\/pages\/3828\/revisions"}],"predecessor-version":[{"id":7113,"href":"https:\/\/www.keyplan.es\/pt-br\/wp-json\/wp\/v2\/pages\/3828\/revisions\/7113"}],"up":[{"embeddable":true,"href":"https:\/\/www.keyplan.es\/pt-br\/wp-json\/wp\/v2\/pages\/4052"}],"wp:attachment":[{"href":"https:\/\/www.keyplan.es\/pt-br\/wp-json\/wp\/v2\/media?parent=3828"}],"curies":[{"name":"wp","href":"https:\/\/api.w.org\/{rel}","templated":true}]}}