{"id":3837,"date":"2017-01-17T12:20:13","date_gmt":"2017-01-17T11:20:13","guid":{"rendered":"http:\/\/2016.keyplan.es\/energetico\/"},"modified":"2024-02-26T09:43:23","modified_gmt":"2024-02-26T08:43:23","slug":"energia","status":"publish","type":"page","link":"https:\/\/www.keyplan.es\/pt-br\/servicos\/energia\/","title":{"rendered":"Energia"},"content":{"rendered":"<section class=\"wpb-content-wrapper\"><p>[vc_row][vc_column]<div class=\"mgt-header-block clearfix text-left text-black wpb_animate_when_almost_visible wpb_left-to-right wpb_content_element  mgt-header-block-style-1 mgt-header-texttransform-header \"><h2 class=\"mgt-header-block-title\">Servi\u00e7os energ\u00e9ticos<\/h2><div class=\"mgt-header-line\"><\/div><\/div>[\/vc_column][\/vc_row][vc_row][vc_column width=&#8221;1\/2&#8243;][vc_column_text css_animation=&#8221;left-to-right&#8221;]Em seguida, os servi\u00e7os que oferecemos no sector da energia s\u00e3o detalhados:[\/vc_column_text][vc_column_text css_animation=&#8221;left-to-right&#8221;]<\/p>\n<div>\n<h2>Energ\u00edas Verdes<\/h2>\n<p><a class=\"list-group-item\" href=\"https:\/\/www.keyplan.es\/pt-br\/servicos\/energia\/parques-eolicos\/\">Parques e\u00f3licos<\/a><br \/>\n<a class=\"list-group-item\" href=\"https:\/\/www.keyplan.es\/pt-br\/servicos\/energia\/fotovoltaico\/\">Fotovoltaico<\/a><br \/>\n<a class=\"list-group-item\" href=\"https:\/\/www.keyplan.es\/pt-br\/servicos\/energia\/usinas-hidraulicas\/\">Usinas hidr\u00e1ulicas<\/a><\/div>\n<div class=\"list-group\">\n<h2>Energ\u00edas Renov\u00e1veis<\/h2>\n<p><a class=\"list-group-item\" href=\"https:\/\/www.keyplan.es\/pt-br\/servicos\/energia\/auditorias-e-eficiencia-energetica\/\">Auditorias e efici\u00eancia energ\u00e9tica<\/a><br \/>\n<a class=\"list-group-item\" href=\"https:\/\/www.keyplan.es\/pt-br\/plantas-de-regaseificacao\/\">Usinas de regaseifica\u00e7\u00e3o<\/a><br \/>\n<a class=\"list-group-item\" href=\"https:\/\/www.keyplan.es\/pt-br\/servicos\/energia\/ciclos-combinado\/\">Ciclos combinado<\/a><br \/>\n<a class=\"list-group-item\" href=\"https:\/\/www.keyplan.es\/pt-br\/servicos\/energia\/usinas-de-cogeracao\/\">Usinas de cogera\u00e7\u00e3o<\/a><br \/>\n<a class=\"list-group-item\" href=\"https:\/\/www.keyplan.es\/pt-br\/servicos\/energia\/usinas-biomassa\/\">Usinas biomassa<\/a><br \/>\n<a class=\"list-group-item\" href=\"https:\/\/www.keyplan.es\/pt-br\/metanol-verde-e-hidrogenio\/\">Metanol verde e hidrog\u00eanio<\/a><\/div>\n<p>[\/vc_column_text][\/vc_column][vc_column width=&#8221;1\/2&#8243;][vc_single_image image=&#8221;6844&#8243; img_size=&#8221;large&#8221; style=&#8221;vc_box_shadow_border&#8221; css_animation=&#8221;right-to-left&#8221;][\/vc_column][\/vc_row]<\/p>\n<\/section>","protected":false},"excerpt":{"rendered":"<p>[vc_row][vc_column][\/vc_column][\/vc_row][vc_row][vc_column width=&#8221;1\/2&#8243;][vc_column_text css_animation=&#8221;left-to-right&#8221;]Em seguida, os servi\u00e7os que oferecemos no sector da energia s\u00e3o detalhados:[\/vc_column_text][vc_column_text css_animation=&#8221;left-to-right&#8221;] Energ\u00edas Verdes Parques e\u00f3licos Fotovoltaico Usinas hidr\u00e1ulicas Energ\u00edas Renov\u00e1veis Auditorias e efici\u00eancia energ\u00e9tica Usinas de&#8230;<\/p>\n","protected":false},"author":1,"featured_media":0,"parent":4052,"menu_order":0,"comment_status":"closed","ping_status":"closed","template":"","meta":{"footnotes":""},"yoast_head":"<!-- This site is optimized with the Yoast SEO plugin v21.9.1 - https:\/\/yoast.com\/wordpress\/plugins\/seo\/ -->\n<title>Energia - Keyplan<\/title>\n<meta name=\"robots\" content=\"index, follow, max-snippet:-1, max-image-preview:large, max-video-preview:-1\" \/>\n<link rel=\"canonical\" href=\"https:\/\/www.keyplan.es\/pt-br\/servicos\/energia\/\" \/>\n<meta property=\"og:locale\" content=\"pt_BR\" \/>\n<meta property=\"og:type\" content=\"article\" \/>\n<meta property=\"og:title\" content=\"Energia - Keyplan\" \/>\n<meta property=\"og:description\" content=\"[vc_row][vc_column][\/vc_column][\/vc_row][vc_row][vc_column width=&#8221;1\/2&#8243;][vc_column_text css_animation=&#8221;left-to-right&#8221;]Em seguida, os servi\u00e7os que oferecemos no sector da energia s\u00e3o detalhados:[\/vc_column_text][vc_column_text css_animation=&#8221;left-to-right&#8221;] Energ\u00edas Verdes Parques e\u00f3licos Fotovoltaico Usinas hidr\u00e1ulicas Energ\u00edas Renov\u00e1veis Auditorias e efici\u00eancia energ\u00e9tica Usinas de...\" \/>\n<meta property=\"og:url\" content=\"https:\/\/www.keyplan.es\/pt-br\/servicos\/energia\/\" \/>\n<meta property=\"og:site_name\" content=\"Keyplan\" \/>\n<meta property=\"article:modified_time\" content=\"2024-02-26T08:43:23+00:00\" \/>\n<meta name=\"twitter:card\" content=\"summary_large_image\" \/>\n<meta name=\"twitter:label1\" content=\"Est. tempo de leitura\" \/>\n\t<meta name=\"twitter:data1\" content=\"1 minuto\" \/>\n<script type=\"application\/ld+json\" class=\"yoast-schema-graph\">{\"@context\":\"https:\/\/schema.org\",\"@graph\":[{\"@type\":\"WebPage\",\"@id\":\"https:\/\/www.keyplan.es\/pt-br\/servicos\/energia\/\",\"url\":\"https:\/\/www.keyplan.es\/pt-br\/servicos\/energia\/\",\"name\":\"Energia - Keyplan\",\"isPartOf\":{\"@id\":\"\/#website\"},\"datePublished\":\"2017-01-17T11:20:13+00:00\",\"dateModified\":\"2024-02-26T08:43:23+00:00\",\"breadcrumb\":{\"@id\":\"https:\/\/www.keyplan.es\/pt-br\/servicos\/energia\/#breadcrumb\"},\"inLanguage\":\"pt-BR\",\"potentialAction\":[{\"@type\":\"ReadAction\",\"target\":[\"https:\/\/www.keyplan.es\/pt-br\/servicos\/energia\/\"]}]},{\"@type\":\"BreadcrumbList\",\"@id\":\"https:\/\/www.keyplan.es\/pt-br\/servicos\/energia\/#breadcrumb\",\"itemListElement\":[{\"@type\":\"ListItem\",\"position\":1,\"name\":\"Portada\",\"item\":\"https:\/\/www.keyplan.es\/pt-br\/\"},{\"@type\":\"ListItem\",\"position\":2,\"name\":\"Servi\u00e7os\",\"item\":\"https:\/\/www.keyplan.es\/pt-br\/servicos\/\"},{\"@type\":\"ListItem\",\"position\":3,\"name\":\"Energia\"}]},{\"@type\":\"WebSite\",\"@id\":\"\/#website\",\"url\":\"\/\",\"name\":\"Keyplan\",\"description\":\"Ingenier\u00eda y consulting\",\"publisher\":{\"@id\":\"\/#organization\"},\"potentialAction\":[{\"@type\":\"SearchAction\",\"target\":{\"@type\":\"EntryPoint\",\"urlTemplate\":\"\/?s={search_term_string}\"},\"query-input\":\"required name=search_term_string\"}],\"inLanguage\":\"pt-BR\"},{\"@type\":\"Organization\",\"@id\":\"\/#organization\",\"name\":\"Key Plan\",\"url\":\"\/\",\"logo\":{\"@type\":\"ImageObject\",\"inLanguage\":\"pt-BR\",\"@id\":\"\/#\/schema\/logo\/image\/\",\"url\":\"https:\/\/www.keyplan.es\/wp-content\/uploads\/2016\/12\/logo.png\",\"contentUrl\":\"https:\/\/www.keyplan.es\/wp-content\/uploads\/2016\/12\/logo.png\",\"width\":184,\"height\":82,\"caption\":\"Key Plan\"},\"image\":{\"@id\":\"\/#\/schema\/logo\/image\/\"},\"sameAs\":[\"https:\/\/es.linkedin.com\/company\/keyplaningenieria\",\"https:\/\/www.instagram.com\/keyplan_ingenieria\/\"]}]}<\/script>\n<!-- \/ Yoast SEO plugin. -->","yoast_head_json":{"title":"Energia - Keyplan","robots":{"index":"index","follow":"follow","max-snippet":"max-snippet:-1","max-image-preview":"max-image-preview:large","max-video-preview":"max-video-preview:-1"},"canonical":"https:\/\/www.keyplan.es\/pt-br\/servicos\/energia\/","og_locale":"pt_BR","og_type":"article","og_title":"Energia - Keyplan","og_description":"[vc_row][vc_column][\/vc_column][\/vc_row][vc_row][vc_column width=&#8221;1\/2&#8243;][vc_column_text css_animation=&#8221;left-to-right&#8221;]Em seguida, os servi\u00e7os que oferecemos no sector da energia s\u00e3o detalhados:[\/vc_column_text][vc_column_text css_animation=&#8221;left-to-right&#8221;] Energ\u00edas Verdes Parques e\u00f3licos Fotovoltaico Usinas hidr\u00e1ulicas Energ\u00edas Renov\u00e1veis Auditorias e efici\u00eancia energ\u00e9tica Usinas de...","og_url":"https:\/\/www.keyplan.es\/pt-br\/servicos\/energia\/","og_site_name":"Keyplan","article_modified_time":"2024-02-26T08:43:23+00:00","twitter_card":"summary_large_image","twitter_misc":{"Est. tempo de leitura":"1 minuto"},"schema":{"@context":"https:\/\/schema.org","@graph":[{"@type":"WebPage","@id":"https:\/\/www.keyplan.es\/pt-br\/servicos\/energia\/","url":"https:\/\/www.keyplan.es\/pt-br\/servicos\/energia\/","name":"Energia - Keyplan","isPartOf":{"@id":"\/#website"},"datePublished":"2017-01-17T11:20:13+00:00","dateModified":"2024-02-26T08:43:23+00:00","breadcrumb":{"@id":"https:\/\/www.keyplan.es\/pt-br\/servicos\/energia\/#breadcrumb"},"inLanguage":"pt-BR","potentialAction":[{"@type":"ReadAction","target":["https:\/\/www.keyplan.es\/pt-br\/servicos\/energia\/"]}]},{"@type":"BreadcrumbList","@id":"https:\/\/www.keyplan.es\/pt-br\/servicos\/energia\/#breadcrumb","itemListElement":[{"@type":"ListItem","position":1,"name":"Portada","item":"https:\/\/www.keyplan.es\/pt-br\/"},{"@type":"ListItem","position":2,"name":"Servi\u00e7os","item":"https:\/\/www.keyplan.es\/pt-br\/servicos\/"},{"@type":"ListItem","position":3,"name":"Energia"}]},{"@type":"WebSite","@id":"\/#website","url":"\/","name":"Keyplan","description":"Ingenier\u00eda y consulting","publisher":{"@id":"\/#organization"},"potentialAction":[{"@type":"SearchAction","target":{"@type":"EntryPoint","urlTemplate":"\/?s={search_term_string}"},"query-input":"required name=search_term_string"}],"inLanguage":"pt-BR"},{"@type":"Organization","@id":"\/#organization","name":"Key Plan","url":"\/","logo":{"@type":"ImageObject","inLanguage":"pt-BR","@id":"\/#\/schema\/logo\/image\/","url":"https:\/\/www.keyplan.es\/wp-content\/uploads\/2016\/12\/logo.png","contentUrl":"https:\/\/www.keyplan.es\/wp-content\/uploads\/2016\/12\/logo.png","width":184,"height":82,"caption":"Key Plan"},"image":{"@id":"\/#\/schema\/logo\/image\/"},"sameAs":["https:\/\/es.linkedin.com\/company\/keyplaningenieria","https:\/\/www.instagram.com\/keyplan_ingenieria\/"]}]}},"_links":{"self":[{"href":"https:\/\/www.keyplan.es\/pt-br\/wp-json\/wp\/v2\/pages\/3837"}],"collection":[{"href":"https:\/\/www.keyplan.es\/pt-br\/wp-json\/wp\/v2\/pages"}],"about":[{"href":"https:\/\/www.keyplan.es\/pt-br\/wp-json\/wp\/v2\/types\/page"}],"author":[{"embeddable":true,"href":"https:\/\/www.keyplan.es\/pt-br\/wp-json\/wp\/v2\/users\/1"}],"replies":[{"embeddable":true,"href":"https:\/\/www.keyplan.es\/pt-br\/wp-json\/wp\/v2\/comments?post=3837"}],"version-history":[{"count":3,"href":"https:\/\/www.keyplan.es\/pt-br\/wp-json\/wp\/v2\/pages\/3837\/revisions"}],"predecessor-version":[{"id":7132,"href":"https:\/\/www.keyplan.es\/pt-br\/wp-json\/wp\/v2\/pages\/3837\/revisions\/7132"}],"up":[{"embeddable":true,"href":"https:\/\/www.keyplan.es\/pt-br\/wp-json\/wp\/v2\/pages\/4052"}],"wp:attachment":[{"href":"https:\/\/www.keyplan.es\/pt-br\/wp-json\/wp\/v2\/media?parent=3837"}],"curies":[{"name":"wp","href":"https:\/\/api.w.org\/{rel}","templated":true}]}}