{"id":3860,"date":"2017-01-17T12:28:14","date_gmt":"2017-01-17T12:28:14","guid":{"rendered":"http:\/\/2016.keyplan.es\/idi\/"},"modified":"2017-01-25T12:19:18","modified_gmt":"2017-01-25T12:19:18","slug":"idi","status":"publish","type":"page","link":"https:\/\/www.keyplan.es\/pt-br\/idi\/","title":{"rendered":"I+D+i"},"content":{"rendered":"<section class=\"wpb-content-wrapper\"><p>[vc_row][vc_column]<div class=\"mgt-header-block clearfix text-left text-black wpb_content_element  mgt-header-block-style-1 mgt-header-texttransform-header \"><h2 class=\"mgt-header-block-title\">I+D+i<\/h2><div class=\"mgt-header-line\"><\/div><\/div>[\/vc_column][\/vc_row][vc_row][vc_column width=&#8221;3\/4&#8243;][vc_column_text]A <strong>KEYPLAN<\/strong> realizou diferentes projetos de I+D+i em diferentes campos, como se mostra a seguir:<\/p>\n<ul>\n<li>Desenvolvimento de dispositivos para manter constante a temperatura interna de cat\u00e9teres de transfer\u00eancia de gametas e embri\u00f5es.<\/li>\n<li>Centros de I+D+i em processos de anodizagem de alum\u00ednio.<\/li>\n<li>Trabalhos de I+D+i em plantas de aglomerado asf\u00e1ltico a quente para a sua maior efici\u00eancia energ\u00e9tica.<\/li>\n<\/ul>\n<p>[\/vc_column_text][\/vc_column][vc_column width=&#8221;1\/4&#8243;][vc_single_image image=&#8221;3479&#8243; img_size=&#8221;large&#8221;][\/vc_column][\/vc_row][vc_row][vc_column][vc_column_text]<!-- ************** IMAGENES ORGANISMOS ******************** --><\/p>\n<div style=\"text-align: center;\">\u00a0 \u00a0\u00a0 <img decoding=\"async\" style=\"border: 0px solid; width: 60px; height: 60px; margin-bottom: 10px;\" title=\"GPEC - Green Port Energy Center\" src=\"https:\/\/www.keyplan.es\/wp-content\/uploads\/2017\/01\/gpec.jpg\" alt=\"Proyecto GPEC energia limpia puerto verde\" \/>\u00a0 <img decoding=\"async\" style=\"border: 0px solid; width: 55px; height: 60px; margin-bottom: 10px;\" title=\"Proyecto europeo BIO+\" src=\"https:\/\/www.keyplan.es\/wp-content\/uploads\/2017\/01\/bioplus.png\" alt=\"calderas biomasa alta eficiencia, proyecto europeo CDTI\" \/><\/div>\n<div style=\"text-align: center;\"><img decoding=\"async\" style=\"width: 135px; height: 32px; margin-bottom: 10px;\" title=\"Xunta de Galicia\" src=\"https:\/\/www.keyplan.es\/wp-content\/uploads\/2017\/01\/logo-xunta.png\" alt=\"Xunta de Galicia, Gobierno de Galicia, Gobierno de Espa\u00f1a\" \/><br \/>\n<img decoding=\"async\" style=\"width: 142px; height: 32px; margin-bottom: 10px;\" title=\"CDTI Proyectos de Innovaci\u00f3n Tecnol\u00f3gica y Desarrollo\" src=\"https:\/\/www.keyplan.es\/wp-content\/uploads\/2017\/01\/cdti.png\" alt=\"CDTI proyectos innovacion tecnologica desarrollo\" \/> <img decoding=\"async\" style=\"width: 165px; height: 32px; margin-bottom: 10px;\" title=\"Gobierno de Espa\u00f1a\" src=\"https:\/\/www.keyplan.es\/wp-content\/uploads\/2017\/01\/ministerio-de-economia.gif\" alt=\"Proyecto tecnologico ministerio economia competitividad\" \/><\/div>\n<div style=\"text-align: center;\"><img decoding=\"async\" style=\"width: 118px; height: 40px;\" title=\"Fondos europeos FEDER\" src=\"https:\/\/www.keyplan.es\/wp-content\/uploads\/2017\/01\/union-europea.png\" alt=\"I+D+i, investigacion, desarrollo e innovacion\" \/><\/div>\n<p><!-- ************** IMAGENES ORGANISMOS ******************** -->[\/vc_column_text][vc_column_text]Outros exemplos de participa\u00e7\u00e3o em <strong>projetos de vanguarda<\/strong> s\u00e3o:<\/p>\n<ul>\n<li>Desenvolvo de dispositivos para manter constante a temperatura interna de <strong>cat\u00e9teres de transfer\u00eancia de gametos e embri\u00f5es<\/strong>.<\/li>\n<li>Inova\u00e7\u00e3o em processos de <strong>anodizado de Alum\u00ednio<\/strong>.<\/li>\n<li>Plantas de <strong>aglomerado asf\u00e1ltico em quente<\/strong> para conseguir maior <strong>efici\u00eancia energ\u00e9tica<\/strong>.<\/li>\n<\/ul>\n<p>[\/vc_column_text][\/vc_column][\/vc_row]<\/p>\n<\/section>","protected":false},"excerpt":{"rendered":"<p>[vc_row][vc_column][\/vc_column][\/vc_row][vc_row][vc_column width=&#8221;3\/4&#8243;][vc_column_text]A KEYPLAN realizou diferentes projetos de I+D+i em diferentes campos, como se mostra a seguir: Desenvolvimento de dispositivos para manter constante a temperatura interna de cat\u00e9teres de transfer\u00eancia de&#8230;<\/p>\n","protected":false},"author":1,"featured_media":0,"parent":0,"menu_order":0,"comment_status":"closed","ping_status":"closed","template":"","meta":{"footnotes":""},"yoast_head":"<!-- This site is optimized with the Yoast SEO plugin v21.9.1 - https:\/\/yoast.com\/wordpress\/plugins\/seo\/ -->\n<title>I+D+i - Keyplan<\/title>\n<meta name=\"robots\" content=\"index, follow, max-snippet:-1, max-image-preview:large, max-video-preview:-1\" \/>\n<link rel=\"canonical\" href=\"https:\/\/www.keyplan.es\/pt-br\/idi\/\" \/>\n<meta property=\"og:locale\" content=\"pt_BR\" \/>\n<meta property=\"og:type\" content=\"article\" \/>\n<meta property=\"og:title\" content=\"I+D+i - Keyplan\" \/>\n<meta property=\"og:description\" content=\"[vc_row][vc_column][\/vc_column][\/vc_row][vc_row][vc_column width=&#8221;3\/4&#8243;][vc_column_text]A KEYPLAN realizou diferentes projetos de I+D+i em diferentes campos, como se mostra a seguir: Desenvolvimento de dispositivos para manter constante a temperatura interna de cat\u00e9teres de transfer\u00eancia de...\" \/>\n<meta property=\"og:url\" content=\"https:\/\/www.keyplan.es\/pt-br\/idi\/\" \/>\n<meta property=\"og:site_name\" content=\"Keyplan\" \/>\n<meta property=\"article:modified_time\" content=\"2017-01-25T12:19:18+00:00\" \/>\n<meta property=\"og:image\" content=\"https:\/\/www.keyplan.es\/wp-content\/uploads\/2017\/01\/gpec.jpg\" \/>\n<meta name=\"twitter:card\" content=\"summary_large_image\" \/>\n<meta name=\"twitter:label1\" content=\"Est. tempo de leitura\" \/>\n\t<meta name=\"twitter:data1\" content=\"1 minuto\" \/>\n<script type=\"application\/ld+json\" class=\"yoast-schema-graph\">{\"@context\":\"https:\/\/schema.org\",\"@graph\":[{\"@type\":\"WebPage\",\"@id\":\"https:\/\/www.keyplan.es\/pt-br\/idi\/\",\"url\":\"https:\/\/www.keyplan.es\/pt-br\/idi\/\",\"name\":\"I+D+i - Keyplan\",\"isPartOf\":{\"@id\":\"\/#website\"},\"datePublished\":\"2017-01-17T12:28:14+00:00\",\"dateModified\":\"2017-01-25T12:19:18+00:00\",\"breadcrumb\":{\"@id\":\"https:\/\/www.keyplan.es\/pt-br\/idi\/#breadcrumb\"},\"inLanguage\":\"pt-BR\",\"potentialAction\":[{\"@type\":\"ReadAction\",\"target\":[\"https:\/\/www.keyplan.es\/pt-br\/idi\/\"]}]},{\"@type\":\"BreadcrumbList\",\"@id\":\"https:\/\/www.keyplan.es\/pt-br\/idi\/#breadcrumb\",\"itemListElement\":[{\"@type\":\"ListItem\",\"position\":1,\"name\":\"Portada\",\"item\":\"https:\/\/www.keyplan.es\/pt-br\/\"},{\"@type\":\"ListItem\",\"position\":2,\"name\":\"I+D+i\"}]},{\"@type\":\"WebSite\",\"@id\":\"\/#website\",\"url\":\"\/\",\"name\":\"Keyplan\",\"description\":\"Ingenier\u00eda y consulting\",\"publisher\":{\"@id\":\"\/#organization\"},\"potentialAction\":[{\"@type\":\"SearchAction\",\"target\":{\"@type\":\"EntryPoint\",\"urlTemplate\":\"\/?s={search_term_string}\"},\"query-input\":\"required name=search_term_string\"}],\"inLanguage\":\"pt-BR\"},{\"@type\":\"Organization\",\"@id\":\"\/#organization\",\"name\":\"Key Plan\",\"url\":\"\/\",\"logo\":{\"@type\":\"ImageObject\",\"inLanguage\":\"pt-BR\",\"@id\":\"\/#\/schema\/logo\/image\/\",\"url\":\"https:\/\/www.keyplan.es\/wp-content\/uploads\/2016\/12\/logo.png\",\"contentUrl\":\"https:\/\/www.keyplan.es\/wp-content\/uploads\/2016\/12\/logo.png\",\"width\":184,\"height\":82,\"caption\":\"Key Plan\"},\"image\":{\"@id\":\"\/#\/schema\/logo\/image\/\"},\"sameAs\":[\"https:\/\/es.linkedin.com\/company\/keyplaningenieria\",\"https:\/\/www.instagram.com\/keyplan_ingenieria\/\"]}]}<\/script>\n<!-- \/ Yoast SEO plugin. -->","yoast_head_json":{"title":"I+D+i - Keyplan","robots":{"index":"index","follow":"follow","max-snippet":"max-snippet:-1","max-image-preview":"max-image-preview:large","max-video-preview":"max-video-preview:-1"},"canonical":"https:\/\/www.keyplan.es\/pt-br\/idi\/","og_locale":"pt_BR","og_type":"article","og_title":"I+D+i - Keyplan","og_description":"[vc_row][vc_column][\/vc_column][\/vc_row][vc_row][vc_column width=&#8221;3\/4&#8243;][vc_column_text]A KEYPLAN realizou diferentes projetos de I+D+i em diferentes campos, como se mostra a seguir: Desenvolvimento de dispositivos para manter constante a temperatura interna de cat\u00e9teres de transfer\u00eancia de...","og_url":"https:\/\/www.keyplan.es\/pt-br\/idi\/","og_site_name":"Keyplan","article_modified_time":"2017-01-25T12:19:18+00:00","og_image":[{"url":"https:\/\/www.keyplan.es\/wp-content\/uploads\/2017\/01\/gpec.jpg"}],"twitter_card":"summary_large_image","twitter_misc":{"Est. tempo de leitura":"1 minuto"},"schema":{"@context":"https:\/\/schema.org","@graph":[{"@type":"WebPage","@id":"https:\/\/www.keyplan.es\/pt-br\/idi\/","url":"https:\/\/www.keyplan.es\/pt-br\/idi\/","name":"I+D+i - Keyplan","isPartOf":{"@id":"\/#website"},"datePublished":"2017-01-17T12:28:14+00:00","dateModified":"2017-01-25T12:19:18+00:00","breadcrumb":{"@id":"https:\/\/www.keyplan.es\/pt-br\/idi\/#breadcrumb"},"inLanguage":"pt-BR","potentialAction":[{"@type":"ReadAction","target":["https:\/\/www.keyplan.es\/pt-br\/idi\/"]}]},{"@type":"BreadcrumbList","@id":"https:\/\/www.keyplan.es\/pt-br\/idi\/#breadcrumb","itemListElement":[{"@type":"ListItem","position":1,"name":"Portada","item":"https:\/\/www.keyplan.es\/pt-br\/"},{"@type":"ListItem","position":2,"name":"I+D+i"}]},{"@type":"WebSite","@id":"\/#website","url":"\/","name":"Keyplan","description":"Ingenier\u00eda y consulting","publisher":{"@id":"\/#organization"},"potentialAction":[{"@type":"SearchAction","target":{"@type":"EntryPoint","urlTemplate":"\/?s={search_term_string}"},"query-input":"required name=search_term_string"}],"inLanguage":"pt-BR"},{"@type":"Organization","@id":"\/#organization","name":"Key Plan","url":"\/","logo":{"@type":"ImageObject","inLanguage":"pt-BR","@id":"\/#\/schema\/logo\/image\/","url":"https:\/\/www.keyplan.es\/wp-content\/uploads\/2016\/12\/logo.png","contentUrl":"https:\/\/www.keyplan.es\/wp-content\/uploads\/2016\/12\/logo.png","width":184,"height":82,"caption":"Key Plan"},"image":{"@id":"\/#\/schema\/logo\/image\/"},"sameAs":["https:\/\/es.linkedin.com\/company\/keyplaningenieria","https:\/\/www.instagram.com\/keyplan_ingenieria\/"]}]}},"_links":{"self":[{"href":"https:\/\/www.keyplan.es\/pt-br\/wp-json\/wp\/v2\/pages\/3860"}],"collection":[{"href":"https:\/\/www.keyplan.es\/pt-br\/wp-json\/wp\/v2\/pages"}],"about":[{"href":"https:\/\/www.keyplan.es\/pt-br\/wp-json\/wp\/v2\/types\/page"}],"author":[{"embeddable":true,"href":"https:\/\/www.keyplan.es\/pt-br\/wp-json\/wp\/v2\/users\/1"}],"replies":[{"embeddable":true,"href":"https:\/\/www.keyplan.es\/pt-br\/wp-json\/wp\/v2\/comments?post=3860"}],"version-history":[{"count":0,"href":"https:\/\/www.keyplan.es\/pt-br\/wp-json\/wp\/v2\/pages\/3860\/revisions"}],"wp:attachment":[{"href":"https:\/\/www.keyplan.es\/pt-br\/wp-json\/wp\/v2\/media?parent=3860"}],"curies":[{"name":"wp","href":"https:\/\/api.w.org\/{rel}","templated":true}]}}