{"id":3922,"date":"2017-01-17T12:14:40","date_gmt":"2017-01-17T12:14:40","guid":{"rendered":"http:\/\/2016.keyplan.es\/industrial\/tramitacion-de-licencias-y-subvenciones\/"},"modified":"2017-11-14T09:28:04","modified_gmt":"2017-11-14T09:28:04","slug":"tramitacao-subsidios","status":"publish","type":"page","link":"https:\/\/www.keyplan.es\/pt-br\/servicos\/industria\/tramitacao-subsidios\/","title":{"rendered":"Tramita\u00e7\u00e3o subs\u00eddios"},"content":{"rendered":"<section class=\"wpb-content-wrapper\"><p>[vc_row][vc_column]<div class=\"mgt-header-block clearfix text-left text-black wpb_content_element  mgt-header-block-style-1 mgt-header-texttransform-header \"><h2 class=\"mgt-header-block-title\">Tramita\u00e7\u00e3o subs\u00eddios<\/h2><div class=\"mgt-header-line\"><\/div><\/div>[\/vc_column][\/vc_row][vc_row][vc_column][vc_column_text]Temos um departamento respons\u00e1vel pela tramita\u00e7\u00e3o perante organismos oficiais das licen\u00e7as necess\u00e1rias para a implementa\u00e7\u00e3o de nossos projetos, bem como para a obten\u00e7\u00e3o de subs\u00eddios a n\u00edvel nacional e europeu.[\/vc_column_text][\/vc_column][\/vc_row]<\/p>\n<\/section>","protected":false},"excerpt":{"rendered":"<p>[vc_row][vc_column][\/vc_column][\/vc_row][vc_row][vc_column][vc_column_text]Temos um departamento respons\u00e1vel pela tramita\u00e7\u00e3o perante organismos oficiais das licen\u00e7as necess\u00e1rias para a implementa\u00e7\u00e3o de nossos projetos, bem como para a obten\u00e7\u00e3o de subs\u00eddios a n\u00edvel nacional e europeu.[\/vc_column_text][\/vc_column][\/vc_row]<\/p>\n","protected":false},"author":1,"featured_media":0,"parent":3828,"menu_order":0,"comment_status":"closed","ping_status":"closed","template":"","meta":{"footnotes":""},"yoast_head":"<!-- This site is optimized with the Yoast SEO plugin v21.9.1 - https:\/\/yoast.com\/wordpress\/plugins\/seo\/ -->\n<title>Tramita\u00e7\u00e3o subs\u00eddios - Keyplan<\/title>\n<meta name=\"robots\" content=\"index, follow, max-snippet:-1, max-image-preview:large, max-video-preview:-1\" \/>\n<link rel=\"canonical\" href=\"https:\/\/www.keyplan.es\/pt-br\/servicos\/industria\/tramitacao-subsidios\/\" \/>\n<meta property=\"og:locale\" content=\"pt_BR\" \/>\n<meta property=\"og:type\" content=\"article\" \/>\n<meta property=\"og:title\" content=\"Tramita\u00e7\u00e3o subs\u00eddios - Keyplan\" \/>\n<meta property=\"og:description\" content=\"[vc_row][vc_column][\/vc_column][\/vc_row][vc_row][vc_column][vc_column_text]Temos um departamento respons\u00e1vel pela tramita\u00e7\u00e3o perante organismos oficiais das licen\u00e7as necess\u00e1rias para a implementa\u00e7\u00e3o de nossos projetos, bem como para a obten\u00e7\u00e3o de subs\u00eddios a n\u00edvel nacional e europeu.[\/vc_column_text][\/vc_column][\/vc_row]\" \/>\n<meta property=\"og:url\" content=\"https:\/\/www.keyplan.es\/pt-br\/servicos\/industria\/tramitacao-subsidios\/\" \/>\n<meta property=\"og:site_name\" content=\"Keyplan\" \/>\n<meta property=\"article:modified_time\" content=\"2017-11-14T09:28:04+00:00\" \/>\n<meta name=\"twitter:card\" content=\"summary_large_image\" \/>\n<script type=\"application\/ld+json\" class=\"yoast-schema-graph\">{\"@context\":\"https:\/\/schema.org\",\"@graph\":[{\"@type\":\"WebPage\",\"@id\":\"https:\/\/www.keyplan.es\/pt-br\/servicos\/industria\/tramitacao-subsidios\/\",\"url\":\"https:\/\/www.keyplan.es\/pt-br\/servicos\/industria\/tramitacao-subsidios\/\",\"name\":\"Tramita\u00e7\u00e3o subs\u00eddios - Keyplan\",\"isPartOf\":{\"@id\":\"\/#website\"},\"datePublished\":\"2017-01-17T12:14:40+00:00\",\"dateModified\":\"2017-11-14T09:28:04+00:00\",\"breadcrumb\":{\"@id\":\"https:\/\/www.keyplan.es\/pt-br\/servicos\/industria\/tramitacao-subsidios\/#breadcrumb\"},\"inLanguage\":\"pt-BR\",\"potentialAction\":[{\"@type\":\"ReadAction\",\"target\":[\"https:\/\/www.keyplan.es\/pt-br\/servicos\/industria\/tramitacao-subsidios\/\"]}]},{\"@type\":\"BreadcrumbList\",\"@id\":\"https:\/\/www.keyplan.es\/pt-br\/servicos\/industria\/tramitacao-subsidios\/#breadcrumb\",\"itemListElement\":[{\"@type\":\"ListItem\",\"position\":1,\"name\":\"Portada\",\"item\":\"https:\/\/www.keyplan.es\/pt-br\/\"},{\"@type\":\"ListItem\",\"position\":2,\"name\":\"Servi\u00e7os\",\"item\":\"https:\/\/www.keyplan.es\/pt-br\/servicos\/\"},{\"@type\":\"ListItem\",\"position\":3,\"name\":\"Ind\u00fastria\",\"item\":\"https:\/\/www.keyplan.es\/pt-br\/servicos\/industria\/\"},{\"@type\":\"ListItem\",\"position\":4,\"name\":\"Tramita\u00e7\u00e3o subs\u00eddios\"}]},{\"@type\":\"WebSite\",\"@id\":\"\/#website\",\"url\":\"\/\",\"name\":\"Keyplan\",\"description\":\"Ingenier\u00eda y consulting\",\"publisher\":{\"@id\":\"\/#organization\"},\"potentialAction\":[{\"@type\":\"SearchAction\",\"target\":{\"@type\":\"EntryPoint\",\"urlTemplate\":\"\/?s={search_term_string}\"},\"query-input\":\"required name=search_term_string\"}],\"inLanguage\":\"pt-BR\"},{\"@type\":\"Organization\",\"@id\":\"\/#organization\",\"name\":\"Key Plan\",\"url\":\"\/\",\"logo\":{\"@type\":\"ImageObject\",\"inLanguage\":\"pt-BR\",\"@id\":\"\/#\/schema\/logo\/image\/\",\"url\":\"https:\/\/www.keyplan.es\/wp-content\/uploads\/2016\/12\/logo.png\",\"contentUrl\":\"https:\/\/www.keyplan.es\/wp-content\/uploads\/2016\/12\/logo.png\",\"width\":184,\"height\":82,\"caption\":\"Key Plan\"},\"image\":{\"@id\":\"\/#\/schema\/logo\/image\/\"},\"sameAs\":[\"https:\/\/es.linkedin.com\/company\/keyplaningenieria\",\"https:\/\/www.instagram.com\/keyplan_ingenieria\/\"]}]}<\/script>\n<!-- \/ Yoast SEO plugin. -->","yoast_head_json":{"title":"Tramita\u00e7\u00e3o subs\u00eddios - Keyplan","robots":{"index":"index","follow":"follow","max-snippet":"max-snippet:-1","max-image-preview":"max-image-preview:large","max-video-preview":"max-video-preview:-1"},"canonical":"https:\/\/www.keyplan.es\/pt-br\/servicos\/industria\/tramitacao-subsidios\/","og_locale":"pt_BR","og_type":"article","og_title":"Tramita\u00e7\u00e3o subs\u00eddios - Keyplan","og_description":"[vc_row][vc_column][\/vc_column][\/vc_row][vc_row][vc_column][vc_column_text]Temos um departamento respons\u00e1vel pela tramita\u00e7\u00e3o perante organismos oficiais das licen\u00e7as necess\u00e1rias para a implementa\u00e7\u00e3o de nossos projetos, bem como para a obten\u00e7\u00e3o de subs\u00eddios a n\u00edvel nacional e europeu.[\/vc_column_text][\/vc_column][\/vc_row]","og_url":"https:\/\/www.keyplan.es\/pt-br\/servicos\/industria\/tramitacao-subsidios\/","og_site_name":"Keyplan","article_modified_time":"2017-11-14T09:28:04+00:00","twitter_card":"summary_large_image","schema":{"@context":"https:\/\/schema.org","@graph":[{"@type":"WebPage","@id":"https:\/\/www.keyplan.es\/pt-br\/servicos\/industria\/tramitacao-subsidios\/","url":"https:\/\/www.keyplan.es\/pt-br\/servicos\/industria\/tramitacao-subsidios\/","name":"Tramita\u00e7\u00e3o subs\u00eddios - Keyplan","isPartOf":{"@id":"\/#website"},"datePublished":"2017-01-17T12:14:40+00:00","dateModified":"2017-11-14T09:28:04+00:00","breadcrumb":{"@id":"https:\/\/www.keyplan.es\/pt-br\/servicos\/industria\/tramitacao-subsidios\/#breadcrumb"},"inLanguage":"pt-BR","potentialAction":[{"@type":"ReadAction","target":["https:\/\/www.keyplan.es\/pt-br\/servicos\/industria\/tramitacao-subsidios\/"]}]},{"@type":"BreadcrumbList","@id":"https:\/\/www.keyplan.es\/pt-br\/servicos\/industria\/tramitacao-subsidios\/#breadcrumb","itemListElement":[{"@type":"ListItem","position":1,"name":"Portada","item":"https:\/\/www.keyplan.es\/pt-br\/"},{"@type":"ListItem","position":2,"name":"Servi\u00e7os","item":"https:\/\/www.keyplan.es\/pt-br\/servicos\/"},{"@type":"ListItem","position":3,"name":"Ind\u00fastria","item":"https:\/\/www.keyplan.es\/pt-br\/servicos\/industria\/"},{"@type":"ListItem","position":4,"name":"Tramita\u00e7\u00e3o subs\u00eddios"}]},{"@type":"WebSite","@id":"\/#website","url":"\/","name":"Keyplan","description":"Ingenier\u00eda y consulting","publisher":{"@id":"\/#organization"},"potentialAction":[{"@type":"SearchAction","target":{"@type":"EntryPoint","urlTemplate":"\/?s={search_term_string}"},"query-input":"required name=search_term_string"}],"inLanguage":"pt-BR"},{"@type":"Organization","@id":"\/#organization","name":"Key Plan","url":"\/","logo":{"@type":"ImageObject","inLanguage":"pt-BR","@id":"\/#\/schema\/logo\/image\/","url":"https:\/\/www.keyplan.es\/wp-content\/uploads\/2016\/12\/logo.png","contentUrl":"https:\/\/www.keyplan.es\/wp-content\/uploads\/2016\/12\/logo.png","width":184,"height":82,"caption":"Key Plan"},"image":{"@id":"\/#\/schema\/logo\/image\/"},"sameAs":["https:\/\/es.linkedin.com\/company\/keyplaningenieria","https:\/\/www.instagram.com\/keyplan_ingenieria\/"]}]}},"_links":{"self":[{"href":"https:\/\/www.keyplan.es\/pt-br\/wp-json\/wp\/v2\/pages\/3922"}],"collection":[{"href":"https:\/\/www.keyplan.es\/pt-br\/wp-json\/wp\/v2\/pages"}],"about":[{"href":"https:\/\/www.keyplan.es\/pt-br\/wp-json\/wp\/v2\/types\/page"}],"author":[{"embeddable":true,"href":"https:\/\/www.keyplan.es\/pt-br\/wp-json\/wp\/v2\/users\/1"}],"replies":[{"embeddable":true,"href":"https:\/\/www.keyplan.es\/pt-br\/wp-json\/wp\/v2\/comments?post=3922"}],"version-history":[{"count":0,"href":"https:\/\/www.keyplan.es\/pt-br\/wp-json\/wp\/v2\/pages\/3922\/revisions"}],"up":[{"embeddable":true,"href":"https:\/\/www.keyplan.es\/pt-br\/wp-json\/wp\/v2\/pages\/3828"}],"wp:attachment":[{"href":"https:\/\/www.keyplan.es\/pt-br\/wp-json\/wp\/v2\/media?parent=3922"}],"curies":[{"name":"wp","href":"https:\/\/api.w.org\/{rel}","templated":true}]}}