{"id":3928,"date":"2017-01-18T11:46:17","date_gmt":"2017-01-18T11:46:17","guid":{"rendered":"http:\/\/2016.keyplan.es\/industrial\/nuestros-clientes\/"},"modified":"2018-01-04T08:57:33","modified_gmt":"2018-01-04T08:57:33","slug":"nossos-clientes","status":"publish","type":"page","link":"https:\/\/www.keyplan.es\/pt-br\/servicos\/industria\/nossos-clientes\/","title":{"rendered":"Nossos clientes"},"content":{"rendered":"<section class=\"wpb-content-wrapper\"><p>[vc_row][vc_column]<div class=\"mgt-header-block clearfix text-left text-black wpb_content_element  mgt-header-block-style-1 mgt-header-texttransform-header \"><h2 class=\"mgt-header-block-title\">Nossos clientes<\/h2><div class=\"mgt-header-line\"><\/div><\/div>[\/vc_column][\/vc_row][vc_row][vc_column][vc_column_text]<strong>INDITEX, S.A.<\/strong><\/p>\n<ul>\n<li>Projeto de execu\u00e7\u00e3o e Dire\u00e7\u00e3o de obra trabalhos de engenharia para a dota\u00e7\u00e3o de instala\u00e7\u00f5es ao novo edif\u00edcio de escrit\u00f3rios em Arteixo. (2017). Projeto desarrollado em BIM.<\/li>\n<li>Projeto reforma de escrit\u00f3rios em Centro Logistico (2017). Projeto desarrollado em BIM<\/li>\n<li>Projeto de uma academia para Centro Log\u00edstico em Arteixo (2017). Projeto desarrollado em BIM<\/li>\n<li>Estudo cargas de fogo e elabora\u00e7\u00e3o do Plano de autoprotecci\u00f3n do Centro Log\u00edstico de Arteixo. (2017)<\/li>\n<li>Projeto de reforma e amplia\u00e7\u00e3o de evacua\u00e7\u00e3o e de megafon\u00eda no Centro Log\u00edstico de Arteixo e nas f\u00e1bricas Denllo e Stear. Arteixo &#8211; A Corunha (500.000 m<sup>2<\/sup>) (2016)<\/li>\n<li>Projeto de execu\u00e7\u00e3o e Dire\u00e7\u00e3o de obra dos novos n\u00facleos de escada executados sobre forjado existente no Centro Log\u00edstico em Arteixo (2014).<\/li>\n<\/ul>\n<p><strong>ALUM\u00cdNIOS CORTIZO, S.A. <\/strong><\/p>\n<ul>\n<li>Projeto nave industrial destinada a armazenamento e distribui\u00e7\u00e3o de perfis de alum\u00ednio em Granadilla de Paga, Tenerife. (2017)<\/li>\n<li>Projeto de duas naves para uso de oficina e armaz\u00e9m de produtos de alum\u00ednio em Manzanares,Cidade Real (2017)<\/li>\n<li>Projeto e D.o. de nave industrial destinada a armazenamento e distribui\u00e7\u00e3o de perfis de alum\u00ednio em Burgos. (2014)<\/li>\n<li>Dire\u00e7\u00e3o de Obra de nave industrial destinada a armazenamento e distribui\u00e7\u00e3o de perfis de alum\u00ednio em Torrelavega. (2014)<\/li>\n<li>Projeto b\u00e1sico, de execu\u00e7\u00e3o e Dire\u00e7\u00e3o t\u00e9cnica de reforma na planta principal de produ\u00e7\u00e3o de Alum\u00ednios Cortizo em Padr\u00f3n. (2013-2014)<\/li>\n<\/ul>\n<p><strong>FINITEC S.L.<\/strong><\/p>\n<ul>\n<li>An\u00e1lise de Flexibilidade de Linha de Gases de Escape para um Incinerador. (2017)<\/li>\n<\/ul>\n<p><strong>PESA MEIO AMBIENTE, S.A.<\/strong><\/p>\n<ul>\n<li>C\u00e1lculo estrutural da EDAR PLISAN AS NEVES (2017)<\/li>\n<li>Projeto e D.o. c\u00e1lculo dos intercambiadores de calor de lodos de dois digestores anaerobios.(2016)<\/li>\n<li>Desenho e C\u00e1lculo de Linha de Vapor na EDAR de Ourense (2016)<\/li>\n<li>Desenho e c\u00e1lculo dos intercambiadores de calor do processo de digest\u00e3o anaerobia da edar de Ourense(2016)<\/li>\n<li>C\u00e1lculo e Desenho do Casquete da C\u00fapula, Calorifugado de Virola e C\u00fapula e das Escadas de Acesso aos Digestores Anaerobios para o tratamento de lodos de 17 m de di\u00e2metro interior e com uma capacidade de 3071 m3 da Edar de Ourense. (2016)<\/li>\n<li>C\u00e1lculo de Bocas de Homem para os Digestores Anaerobios para o tratamento de lodos de 17 m de di\u00e2metro interior e com uma capacidade de 3071 m3 da EDAR de Ourense. (2016)<\/li>\n<\/ul>\n<p><strong>INDIPUNT, S.A.<\/strong><\/p>\n<ul>\n<li>Projeto reforma nave industrial e dire\u00e7\u00e3o de obra (2017)<\/li>\n<li>Projeto reforma instala\u00e7\u00e3o de lavagem industrial (2017)<\/li>\n<li>Projeto de adequa\u00e7\u00e3o nave industrial \u00e0 atividade de almacen de maquinaria e artigos t\u00eaxteis. (2014)<\/li>\n<li>Projeto de desmantelamento planta de cogeneraci\u00f3n existente (2014)<\/li>\n<li>Projeto contraincendios que compreende estudo de evacua\u00e7\u00e3o, sinaliza\u00e7\u00e3o e megafon\u00eda das instala\u00e7\u00f5es em Nar\u00f3n (2014)<\/li>\n<\/ul>\n<p>[\/vc_column_text][\/vc_column][\/vc_row]<\/p>\n<\/section>","protected":false},"excerpt":{"rendered":"<p>[vc_row][vc_column][\/vc_column][\/vc_row][vc_row][vc_column][vc_column_text]INDITEX, S.A. Projeto de execu\u00e7\u00e3o e Dire\u00e7\u00e3o de obra trabalhos de engenharia para a dota\u00e7\u00e3o de instala\u00e7\u00f5es ao novo edif\u00edcio de escrit\u00f3rios em Arteixo. (2017). Projeto desarrollado em BIM. Projeto&#8230;<\/p>\n","protected":false},"author":1,"featured_media":0,"parent":3828,"menu_order":0,"comment_status":"closed","ping_status":"closed","template":"","meta":{"footnotes":""},"yoast_head":"<!-- This site is optimized with the Yoast SEO plugin v21.9.1 - https:\/\/yoast.com\/wordpress\/plugins\/seo\/ -->\n<title>Nossos clientes - Keyplan<\/title>\n<meta name=\"robots\" content=\"index, follow, max-snippet:-1, max-image-preview:large, max-video-preview:-1\" \/>\n<link rel=\"canonical\" href=\"https:\/\/www.keyplan.es\/pt-br\/servicos\/industria\/nossos-clientes\/\" \/>\n<meta property=\"og:locale\" content=\"pt_BR\" \/>\n<meta property=\"og:type\" content=\"article\" \/>\n<meta property=\"og:title\" content=\"Nossos clientes - Keyplan\" \/>\n<meta property=\"og:description\" content=\"[vc_row][vc_column][\/vc_column][\/vc_row][vc_row][vc_column][vc_column_text]INDITEX, S.A. Projeto de execu\u00e7\u00e3o e Dire\u00e7\u00e3o de obra trabalhos de engenharia para a dota\u00e7\u00e3o de instala\u00e7\u00f5es ao novo edif\u00edcio de escrit\u00f3rios em Arteixo. (2017). Projeto desarrollado em BIM. Projeto...\" \/>\n<meta property=\"og:url\" content=\"https:\/\/www.keyplan.es\/pt-br\/servicos\/industria\/nossos-clientes\/\" \/>\n<meta property=\"og:site_name\" content=\"Keyplan\" \/>\n<meta property=\"article:modified_time\" content=\"2018-01-04T08:57:33+00:00\" \/>\n<meta name=\"twitter:card\" content=\"summary_large_image\" \/>\n<meta name=\"twitter:label1\" content=\"Est. tempo de leitura\" \/>\n\t<meta name=\"twitter:data1\" content=\"2 minutos\" \/>\n<script type=\"application\/ld+json\" class=\"yoast-schema-graph\">{\"@context\":\"https:\/\/schema.org\",\"@graph\":[{\"@type\":\"WebPage\",\"@id\":\"https:\/\/www.keyplan.es\/pt-br\/servicos\/industria\/nossos-clientes\/\",\"url\":\"https:\/\/www.keyplan.es\/pt-br\/servicos\/industria\/nossos-clientes\/\",\"name\":\"Nossos clientes - Keyplan\",\"isPartOf\":{\"@id\":\"\/#website\"},\"datePublished\":\"2017-01-18T11:46:17+00:00\",\"dateModified\":\"2018-01-04T08:57:33+00:00\",\"breadcrumb\":{\"@id\":\"https:\/\/www.keyplan.es\/pt-br\/servicos\/industria\/nossos-clientes\/#breadcrumb\"},\"inLanguage\":\"pt-BR\",\"potentialAction\":[{\"@type\":\"ReadAction\",\"target\":[\"https:\/\/www.keyplan.es\/pt-br\/servicos\/industria\/nossos-clientes\/\"]}]},{\"@type\":\"BreadcrumbList\",\"@id\":\"https:\/\/www.keyplan.es\/pt-br\/servicos\/industria\/nossos-clientes\/#breadcrumb\",\"itemListElement\":[{\"@type\":\"ListItem\",\"position\":1,\"name\":\"Portada\",\"item\":\"https:\/\/www.keyplan.es\/pt-br\/\"},{\"@type\":\"ListItem\",\"position\":2,\"name\":\"Servi\u00e7os\",\"item\":\"https:\/\/www.keyplan.es\/pt-br\/servicos\/\"},{\"@type\":\"ListItem\",\"position\":3,\"name\":\"Ind\u00fastria\",\"item\":\"https:\/\/www.keyplan.es\/pt-br\/servicos\/industria\/\"},{\"@type\":\"ListItem\",\"position\":4,\"name\":\"Nossos clientes\"}]},{\"@type\":\"WebSite\",\"@id\":\"\/#website\",\"url\":\"\/\",\"name\":\"Keyplan\",\"description\":\"Ingenier\u00eda y consulting\",\"publisher\":{\"@id\":\"\/#organization\"},\"potentialAction\":[{\"@type\":\"SearchAction\",\"target\":{\"@type\":\"EntryPoint\",\"urlTemplate\":\"\/?s={search_term_string}\"},\"query-input\":\"required name=search_term_string\"}],\"inLanguage\":\"pt-BR\"},{\"@type\":\"Organization\",\"@id\":\"\/#organization\",\"name\":\"Key Plan\",\"url\":\"\/\",\"logo\":{\"@type\":\"ImageObject\",\"inLanguage\":\"pt-BR\",\"@id\":\"\/#\/schema\/logo\/image\/\",\"url\":\"https:\/\/www.keyplan.es\/wp-content\/uploads\/2016\/12\/logo.png\",\"contentUrl\":\"https:\/\/www.keyplan.es\/wp-content\/uploads\/2016\/12\/logo.png\",\"width\":184,\"height\":82,\"caption\":\"Key Plan\"},\"image\":{\"@id\":\"\/#\/schema\/logo\/image\/\"},\"sameAs\":[\"https:\/\/es.linkedin.com\/company\/keyplaningenieria\",\"https:\/\/www.instagram.com\/keyplan_ingenieria\/\"]}]}<\/script>\n<!-- \/ Yoast SEO plugin. -->","yoast_head_json":{"title":"Nossos clientes - Keyplan","robots":{"index":"index","follow":"follow","max-snippet":"max-snippet:-1","max-image-preview":"max-image-preview:large","max-video-preview":"max-video-preview:-1"},"canonical":"https:\/\/www.keyplan.es\/pt-br\/servicos\/industria\/nossos-clientes\/","og_locale":"pt_BR","og_type":"article","og_title":"Nossos clientes - Keyplan","og_description":"[vc_row][vc_column][\/vc_column][\/vc_row][vc_row][vc_column][vc_column_text]INDITEX, S.A. Projeto de execu\u00e7\u00e3o e Dire\u00e7\u00e3o de obra trabalhos de engenharia para a dota\u00e7\u00e3o de instala\u00e7\u00f5es ao novo edif\u00edcio de escrit\u00f3rios em Arteixo. (2017). Projeto desarrollado em BIM. Projeto...","og_url":"https:\/\/www.keyplan.es\/pt-br\/servicos\/industria\/nossos-clientes\/","og_site_name":"Keyplan","article_modified_time":"2018-01-04T08:57:33+00:00","twitter_card":"summary_large_image","twitter_misc":{"Est. tempo de leitura":"2 minutos"},"schema":{"@context":"https:\/\/schema.org","@graph":[{"@type":"WebPage","@id":"https:\/\/www.keyplan.es\/pt-br\/servicos\/industria\/nossos-clientes\/","url":"https:\/\/www.keyplan.es\/pt-br\/servicos\/industria\/nossos-clientes\/","name":"Nossos clientes - Keyplan","isPartOf":{"@id":"\/#website"},"datePublished":"2017-01-18T11:46:17+00:00","dateModified":"2018-01-04T08:57:33+00:00","breadcrumb":{"@id":"https:\/\/www.keyplan.es\/pt-br\/servicos\/industria\/nossos-clientes\/#breadcrumb"},"inLanguage":"pt-BR","potentialAction":[{"@type":"ReadAction","target":["https:\/\/www.keyplan.es\/pt-br\/servicos\/industria\/nossos-clientes\/"]}]},{"@type":"BreadcrumbList","@id":"https:\/\/www.keyplan.es\/pt-br\/servicos\/industria\/nossos-clientes\/#breadcrumb","itemListElement":[{"@type":"ListItem","position":1,"name":"Portada","item":"https:\/\/www.keyplan.es\/pt-br\/"},{"@type":"ListItem","position":2,"name":"Servi\u00e7os","item":"https:\/\/www.keyplan.es\/pt-br\/servicos\/"},{"@type":"ListItem","position":3,"name":"Ind\u00fastria","item":"https:\/\/www.keyplan.es\/pt-br\/servicos\/industria\/"},{"@type":"ListItem","position":4,"name":"Nossos clientes"}]},{"@type":"WebSite","@id":"\/#website","url":"\/","name":"Keyplan","description":"Ingenier\u00eda y consulting","publisher":{"@id":"\/#organization"},"potentialAction":[{"@type":"SearchAction","target":{"@type":"EntryPoint","urlTemplate":"\/?s={search_term_string}"},"query-input":"required name=search_term_string"}],"inLanguage":"pt-BR"},{"@type":"Organization","@id":"\/#organization","name":"Key Plan","url":"\/","logo":{"@type":"ImageObject","inLanguage":"pt-BR","@id":"\/#\/schema\/logo\/image\/","url":"https:\/\/www.keyplan.es\/wp-content\/uploads\/2016\/12\/logo.png","contentUrl":"https:\/\/www.keyplan.es\/wp-content\/uploads\/2016\/12\/logo.png","width":184,"height":82,"caption":"Key Plan"},"image":{"@id":"\/#\/schema\/logo\/image\/"},"sameAs":["https:\/\/es.linkedin.com\/company\/keyplaningenieria","https:\/\/www.instagram.com\/keyplan_ingenieria\/"]}]}},"_links":{"self":[{"href":"https:\/\/www.keyplan.es\/pt-br\/wp-json\/wp\/v2\/pages\/3928"}],"collection":[{"href":"https:\/\/www.keyplan.es\/pt-br\/wp-json\/wp\/v2\/pages"}],"about":[{"href":"https:\/\/www.keyplan.es\/pt-br\/wp-json\/wp\/v2\/types\/page"}],"author":[{"embeddable":true,"href":"https:\/\/www.keyplan.es\/pt-br\/wp-json\/wp\/v2\/users\/1"}],"replies":[{"embeddable":true,"href":"https:\/\/www.keyplan.es\/pt-br\/wp-json\/wp\/v2\/comments?post=3928"}],"version-history":[{"count":0,"href":"https:\/\/www.keyplan.es\/pt-br\/wp-json\/wp\/v2\/pages\/3928\/revisions"}],"up":[{"embeddable":true,"href":"https:\/\/www.keyplan.es\/pt-br\/wp-json\/wp\/v2\/pages\/3828"}],"wp:attachment":[{"href":"https:\/\/www.keyplan.es\/pt-br\/wp-json\/wp\/v2\/media?parent=3928"}],"curies":[{"name":"wp","href":"https:\/\/api.w.org\/{rel}","templated":true}]}}