{"id":3962,"date":"2017-01-17T12:52:17","date_gmt":"2017-01-17T11:52:17","guid":{"rendered":"http:\/\/2016.keyplan.es\/energetico\/ciclos-combinados\/"},"modified":"2024-02-26T12:39:16","modified_gmt":"2024-02-26T11:39:16","slug":"ciclos-combinado","status":"publish","type":"page","link":"https:\/\/www.keyplan.es\/pt-br\/servicos\/energia\/ciclos-combinado\/","title":{"rendered":"Ciclos combinados"},"content":{"rendered":"<section class=\"wpb-content-wrapper\"><p>[vc_row][vc_column]<div class=\"mgt-header-block clearfix text-left text-black wpb_content_element  mgt-header-block-style-1 mgt-header-texttransform-header \"><h2 class=\"mgt-header-block-title\">Ciclos combinados<\/h2><div class=\"mgt-header-line\"><\/div><\/div>[\/vc_column][\/vc_row][vc_row][vc_column width=&#8221;1\/2&#8243;][vc_column_text]A <strong><span class=\"destacado\">KEY PLAN<\/span><\/strong> baseando-se na sua ampla experi\u00eancia em usinas de cogera\u00e7\u00e3o, introduziu-se no mundo dos ciclos combinados de alta efici\u00eancia com aproveitamento energ\u00e9tico em processos industriais. Os servi\u00e7os que oferece a nossa empresa neste campo s\u00e3o:<\/p>\n<p><strong>An\u00e1lise e estudos pr\u00e9vios:<\/strong><\/p>\n<ul>\n<li>Revis\u00e3o de consumos energ\u00e9ticos e efici\u00eancia de processos<\/li>\n<li>An\u00e1lise da demanda de energia e previs\u00f5es para o futuro.<\/li>\n<li>Avalia\u00e7\u00e3o de diferentes tipos de combust\u00edvel e ciclo.<\/li>\n<li>Verifica\u00e7\u00e3o do cumprimento das normas vigentes.<\/li>\n<li>An\u00e1lise de rendimento.<\/li>\n<\/ul>\n<p><strong>Engenharia:<\/strong><\/p>\n<ul>\n<li>Design de detalhe<\/li>\n<li>Gest\u00e3o de projeto e coordena\u00e7\u00e3o<\/li>\n<li>Engenharia dos sistemas de produ\u00e7\u00e3o e distribui\u00e7\u00e3o<\/li>\n<li>Planejamento e supervis\u00e3o<\/li>\n<li>Projeto de lay-out<\/li>\n<li>Gest\u00e3o de compras<\/li>\n<\/ul>\n<p><strong>Constru\u00e7\u00e3o:<\/strong><\/p>\n<ul>\n<li>Supervis\u00e3o da constru\u00e7\u00e3o<\/li>\n<li>Coordena\u00e7\u00e3o com as autoridades municipais<\/li>\n<li>Assist\u00eancia na legaliza\u00e7\u00e3o das instala\u00e7\u00f5es<\/li>\n<li>Entrada em funcionamento<\/li>\n<li>Coordena\u00e7\u00e3o da entrada em funcionamento<\/li>\n<li>Verifica\u00e7\u00e3o dos par\u00e2metros garantidos de rendimento<\/li>\n<\/ul>\n<p>[\/vc_column_text][\/vc_column][vc_column width=&#8221;1\/2&#8243;][vc_single_image image=&#8221;6806&#8243; img_size=&#8221;large&#8221; style=&#8221;vc_box_border&#8221; onclick=&#8221;zoom&#8221; css_animation=&#8221;none&#8221;][\/vc_column][\/vc_row]<\/p>\n<\/section>","protected":false},"excerpt":{"rendered":"<p>[vc_row][vc_column][\/vc_column][\/vc_row][vc_row][vc_column width=&#8221;1\/2&#8243;][vc_column_text]A KEY PLAN baseando-se na sua ampla experi\u00eancia em usinas de cogera\u00e7\u00e3o, introduziu-se no mundo dos ciclos combinados de alta efici\u00eancia com aproveitamento energ\u00e9tico em processos industriais. Os servi\u00e7os&#8230;<\/p>\n","protected":false},"author":1,"featured_media":0,"parent":3837,"menu_order":0,"comment_status":"closed","ping_status":"closed","template":"","meta":{"footnotes":""},"yoast_head":"<!-- This site is optimized with the Yoast SEO plugin v21.9.1 - https:\/\/yoast.com\/wordpress\/plugins\/seo\/ -->\n<title>Ciclos combinados - Keyplan<\/title>\n<meta name=\"robots\" content=\"index, follow, max-snippet:-1, max-image-preview:large, max-video-preview:-1\" \/>\n<link rel=\"canonical\" href=\"https:\/\/www.keyplan.es\/pt-br\/servicos\/energia\/ciclos-combinado\/\" \/>\n<meta property=\"og:locale\" content=\"pt_BR\" \/>\n<meta property=\"og:type\" content=\"article\" \/>\n<meta property=\"og:title\" content=\"Ciclos combinados - Keyplan\" \/>\n<meta property=\"og:description\" content=\"[vc_row][vc_column][\/vc_column][\/vc_row][vc_row][vc_column width=&#8221;1\/2&#8243;][vc_column_text]A KEY PLAN baseando-se na sua ampla experi\u00eancia em usinas de cogera\u00e7\u00e3o, introduziu-se no mundo dos ciclos combinados de alta efici\u00eancia com aproveitamento energ\u00e9tico em processos industriais. Os servi\u00e7os...\" \/>\n<meta property=\"og:url\" content=\"https:\/\/www.keyplan.es\/pt-br\/servicos\/energia\/ciclos-combinado\/\" \/>\n<meta property=\"og:site_name\" content=\"Keyplan\" \/>\n<meta property=\"article:modified_time\" content=\"2024-02-26T11:39:16+00:00\" \/>\n<meta name=\"twitter:card\" content=\"summary_large_image\" \/>\n<meta name=\"twitter:label1\" content=\"Est. tempo de leitura\" \/>\n\t<meta name=\"twitter:data1\" content=\"1 minuto\" \/>\n<script type=\"application\/ld+json\" class=\"yoast-schema-graph\">{\"@context\":\"https:\/\/schema.org\",\"@graph\":[{\"@type\":\"WebPage\",\"@id\":\"https:\/\/www.keyplan.es\/pt-br\/servicos\/energia\/ciclos-combinado\/\",\"url\":\"https:\/\/www.keyplan.es\/pt-br\/servicos\/energia\/ciclos-combinado\/\",\"name\":\"Ciclos combinados - Keyplan\",\"isPartOf\":{\"@id\":\"\/#website\"},\"datePublished\":\"2017-01-17T11:52:17+00:00\",\"dateModified\":\"2024-02-26T11:39:16+00:00\",\"breadcrumb\":{\"@id\":\"https:\/\/www.keyplan.es\/pt-br\/servicos\/energia\/ciclos-combinado\/#breadcrumb\"},\"inLanguage\":\"pt-BR\",\"potentialAction\":[{\"@type\":\"ReadAction\",\"target\":[\"https:\/\/www.keyplan.es\/pt-br\/servicos\/energia\/ciclos-combinado\/\"]}]},{\"@type\":\"BreadcrumbList\",\"@id\":\"https:\/\/www.keyplan.es\/pt-br\/servicos\/energia\/ciclos-combinado\/#breadcrumb\",\"itemListElement\":[{\"@type\":\"ListItem\",\"position\":1,\"name\":\"Portada\",\"item\":\"https:\/\/www.keyplan.es\/pt-br\/\"},{\"@type\":\"ListItem\",\"position\":2,\"name\":\"Servi\u00e7os\",\"item\":\"https:\/\/www.keyplan.es\/pt-br\/servicos\/\"},{\"@type\":\"ListItem\",\"position\":3,\"name\":\"Energia\",\"item\":\"https:\/\/www.keyplan.es\/pt-br\/servicios\/energia\/\"},{\"@type\":\"ListItem\",\"position\":4,\"name\":\"Ciclos combinados\"}]},{\"@type\":\"WebSite\",\"@id\":\"\/#website\",\"url\":\"\/\",\"name\":\"Keyplan\",\"description\":\"Ingenier\u00eda y consulting\",\"publisher\":{\"@id\":\"\/#organization\"},\"potentialAction\":[{\"@type\":\"SearchAction\",\"target\":{\"@type\":\"EntryPoint\",\"urlTemplate\":\"\/?s={search_term_string}\"},\"query-input\":\"required name=search_term_string\"}],\"inLanguage\":\"pt-BR\"},{\"@type\":\"Organization\",\"@id\":\"\/#organization\",\"name\":\"Key Plan\",\"url\":\"\/\",\"logo\":{\"@type\":\"ImageObject\",\"inLanguage\":\"pt-BR\",\"@id\":\"\/#\/schema\/logo\/image\/\",\"url\":\"https:\/\/www.keyplan.es\/wp-content\/uploads\/2016\/12\/logo.png\",\"contentUrl\":\"https:\/\/www.keyplan.es\/wp-content\/uploads\/2016\/12\/logo.png\",\"width\":184,\"height\":82,\"caption\":\"Key Plan\"},\"image\":{\"@id\":\"\/#\/schema\/logo\/image\/\"},\"sameAs\":[\"https:\/\/es.linkedin.com\/company\/keyplaningenieria\",\"https:\/\/www.instagram.com\/keyplan_ingenieria\/\"]}]}<\/script>\n<!-- \/ Yoast SEO plugin. -->","yoast_head_json":{"title":"Ciclos combinados - Keyplan","robots":{"index":"index","follow":"follow","max-snippet":"max-snippet:-1","max-image-preview":"max-image-preview:large","max-video-preview":"max-video-preview:-1"},"canonical":"https:\/\/www.keyplan.es\/pt-br\/servicos\/energia\/ciclos-combinado\/","og_locale":"pt_BR","og_type":"article","og_title":"Ciclos combinados - Keyplan","og_description":"[vc_row][vc_column][\/vc_column][\/vc_row][vc_row][vc_column width=&#8221;1\/2&#8243;][vc_column_text]A KEY PLAN baseando-se na sua ampla experi\u00eancia em usinas de cogera\u00e7\u00e3o, introduziu-se no mundo dos ciclos combinados de alta efici\u00eancia com aproveitamento energ\u00e9tico em processos industriais. Os servi\u00e7os...","og_url":"https:\/\/www.keyplan.es\/pt-br\/servicos\/energia\/ciclos-combinado\/","og_site_name":"Keyplan","article_modified_time":"2024-02-26T11:39:16+00:00","twitter_card":"summary_large_image","twitter_misc":{"Est. tempo de leitura":"1 minuto"},"schema":{"@context":"https:\/\/schema.org","@graph":[{"@type":"WebPage","@id":"https:\/\/www.keyplan.es\/pt-br\/servicos\/energia\/ciclos-combinado\/","url":"https:\/\/www.keyplan.es\/pt-br\/servicos\/energia\/ciclos-combinado\/","name":"Ciclos combinados - Keyplan","isPartOf":{"@id":"\/#website"},"datePublished":"2017-01-17T11:52:17+00:00","dateModified":"2024-02-26T11:39:16+00:00","breadcrumb":{"@id":"https:\/\/www.keyplan.es\/pt-br\/servicos\/energia\/ciclos-combinado\/#breadcrumb"},"inLanguage":"pt-BR","potentialAction":[{"@type":"ReadAction","target":["https:\/\/www.keyplan.es\/pt-br\/servicos\/energia\/ciclos-combinado\/"]}]},{"@type":"BreadcrumbList","@id":"https:\/\/www.keyplan.es\/pt-br\/servicos\/energia\/ciclos-combinado\/#breadcrumb","itemListElement":[{"@type":"ListItem","position":1,"name":"Portada","item":"https:\/\/www.keyplan.es\/pt-br\/"},{"@type":"ListItem","position":2,"name":"Servi\u00e7os","item":"https:\/\/www.keyplan.es\/pt-br\/servicos\/"},{"@type":"ListItem","position":3,"name":"Energia","item":"https:\/\/www.keyplan.es\/pt-br\/servicios\/energia\/"},{"@type":"ListItem","position":4,"name":"Ciclos combinados"}]},{"@type":"WebSite","@id":"\/#website","url":"\/","name":"Keyplan","description":"Ingenier\u00eda y consulting","publisher":{"@id":"\/#organization"},"potentialAction":[{"@type":"SearchAction","target":{"@type":"EntryPoint","urlTemplate":"\/?s={search_term_string}"},"query-input":"required name=search_term_string"}],"inLanguage":"pt-BR"},{"@type":"Organization","@id":"\/#organization","name":"Key Plan","url":"\/","logo":{"@type":"ImageObject","inLanguage":"pt-BR","@id":"\/#\/schema\/logo\/image\/","url":"https:\/\/www.keyplan.es\/wp-content\/uploads\/2016\/12\/logo.png","contentUrl":"https:\/\/www.keyplan.es\/wp-content\/uploads\/2016\/12\/logo.png","width":184,"height":82,"caption":"Key Plan"},"image":{"@id":"\/#\/schema\/logo\/image\/"},"sameAs":["https:\/\/es.linkedin.com\/company\/keyplaningenieria","https:\/\/www.instagram.com\/keyplan_ingenieria\/"]}]}},"_links":{"self":[{"href":"https:\/\/www.keyplan.es\/pt-br\/wp-json\/wp\/v2\/pages\/3962"}],"collection":[{"href":"https:\/\/www.keyplan.es\/pt-br\/wp-json\/wp\/v2\/pages"}],"about":[{"href":"https:\/\/www.keyplan.es\/pt-br\/wp-json\/wp\/v2\/types\/page"}],"author":[{"embeddable":true,"href":"https:\/\/www.keyplan.es\/pt-br\/wp-json\/wp\/v2\/users\/1"}],"replies":[{"embeddable":true,"href":"https:\/\/www.keyplan.es\/pt-br\/wp-json\/wp\/v2\/comments?post=3962"}],"version-history":[{"count":3,"href":"https:\/\/www.keyplan.es\/pt-br\/wp-json\/wp\/v2\/pages\/3962\/revisions"}],"predecessor-version":[{"id":7144,"href":"https:\/\/www.keyplan.es\/pt-br\/wp-json\/wp\/v2\/pages\/3962\/revisions\/7144"}],"up":[{"embeddable":true,"href":"https:\/\/www.keyplan.es\/pt-br\/wp-json\/wp\/v2\/pages\/3837"}],"wp:attachment":[{"href":"https:\/\/www.keyplan.es\/pt-br\/wp-json\/wp\/v2\/media?parent=3962"}],"curies":[{"name":"wp","href":"https:\/\/api.w.org\/{rel}","templated":true}]}}