{"id":3974,"date":"2017-01-17T12:56:43","date_gmt":"2017-01-17T12:56:43","guid":{"rendered":"http:\/\/2016.keyplan.es\/energetico\/centrales-hidraulicas\/"},"modified":"2017-01-25T16:20:38","modified_gmt":"2017-01-25T16:20:38","slug":"usinas-hidraulicas","status":"publish","type":"page","link":"https:\/\/www.keyplan.es\/pt-br\/servicos\/energia\/usinas-hidraulicas\/","title":{"rendered":"Usinas hidr\u00e1ulicas"},"content":{"rendered":"<section class=\"wpb-content-wrapper\"><p>[vc_row][vc_column]<div class=\"mgt-header-block clearfix text-left text-black wpb_content_element  mgt-header-block-style-1 mgt-header-texttransform-header \"><h2 class=\"mgt-header-block-title\">Usinas hidr\u00e1ulicas<\/h2><div class=\"mgt-header-line\"><\/div><\/div>[\/vc_column][\/vc_row][vc_row][vc_column][vc_column_text]No estudo das usinas hidr\u00e1ulicas, a <strong>KEYPLAN<\/strong> abrange todos os trabalhos em conjunto que v\u00e3o desde a zona de acumula\u00e7\u00e3o de \u00e1gua at\u00e9 \u00e0s condutas que v\u00e3o canalizar o l\u00edquido para obter o m\u00e1ximo benef\u00edcio do seu movimento, sem esquecer os equipamentos e sistemas que v\u00e3o servir como controle e governo desses fluxos de \u00e1gua, assim como os elementos que transformam a energia hidr\u00e1ulica em mec\u00e2nica (turbinas) que conjuntamente com os equipamentos e sistemas de controle e evacua\u00e7\u00e3o de energia formam a usina hidrel\u00e9trica. Com este esp\u00edrito temos elaborado projetos de centrais com diferentes pot\u00eancias e m\u00e1quinas dependendo das necessidades e orografia dos rios.[\/vc_column_text][\/vc_column][\/vc_row]<\/p>\n<\/section>","protected":false},"excerpt":{"rendered":"<p>[vc_row][vc_column][\/vc_column][\/vc_row][vc_row][vc_column][vc_column_text]No estudo das usinas hidr\u00e1ulicas, a KEYPLAN abrange todos os trabalhos em conjunto que v\u00e3o desde a zona de acumula\u00e7\u00e3o de \u00e1gua at\u00e9 \u00e0s condutas que v\u00e3o canalizar o l\u00edquido&#8230;<\/p>\n","protected":false},"author":1,"featured_media":0,"parent":3837,"menu_order":0,"comment_status":"closed","ping_status":"closed","template":"","meta":{"footnotes":""},"yoast_head":"<!-- This site is optimized with the Yoast SEO plugin v21.9.1 - https:\/\/yoast.com\/wordpress\/plugins\/seo\/ -->\n<title>Usinas hidr\u00e1ulicas - Keyplan<\/title>\n<meta name=\"robots\" content=\"index, follow, max-snippet:-1, max-image-preview:large, max-video-preview:-1\" \/>\n<link rel=\"canonical\" href=\"https:\/\/www.keyplan.es\/pt-br\/servicos\/energia\/usinas-hidraulicas\/\" \/>\n<meta property=\"og:locale\" content=\"pt_BR\" \/>\n<meta property=\"og:type\" content=\"article\" \/>\n<meta property=\"og:title\" content=\"Usinas hidr\u00e1ulicas - Keyplan\" \/>\n<meta property=\"og:description\" content=\"[vc_row][vc_column][\/vc_column][\/vc_row][vc_row][vc_column][vc_column_text]No estudo das usinas hidr\u00e1ulicas, a KEYPLAN abrange todos os trabalhos em conjunto que v\u00e3o desde a zona de acumula\u00e7\u00e3o de \u00e1gua at\u00e9 \u00e0s condutas que v\u00e3o canalizar o l\u00edquido...\" \/>\n<meta property=\"og:url\" content=\"https:\/\/www.keyplan.es\/pt-br\/servicos\/energia\/usinas-hidraulicas\/\" \/>\n<meta property=\"og:site_name\" content=\"Keyplan\" \/>\n<meta property=\"article:modified_time\" content=\"2017-01-25T16:20:38+00:00\" \/>\n<meta name=\"twitter:card\" content=\"summary_large_image\" \/>\n<meta name=\"twitter:label1\" content=\"Est. tempo de leitura\" \/>\n\t<meta name=\"twitter:data1\" content=\"1 minuto\" \/>\n<script type=\"application\/ld+json\" class=\"yoast-schema-graph\">{\"@context\":\"https:\/\/schema.org\",\"@graph\":[{\"@type\":\"WebPage\",\"@id\":\"https:\/\/www.keyplan.es\/pt-br\/servicos\/energia\/usinas-hidraulicas\/\",\"url\":\"https:\/\/www.keyplan.es\/pt-br\/servicos\/energia\/usinas-hidraulicas\/\",\"name\":\"Usinas hidr\u00e1ulicas - Keyplan\",\"isPartOf\":{\"@id\":\"\/#website\"},\"datePublished\":\"2017-01-17T12:56:43+00:00\",\"dateModified\":\"2017-01-25T16:20:38+00:00\",\"breadcrumb\":{\"@id\":\"https:\/\/www.keyplan.es\/pt-br\/servicos\/energia\/usinas-hidraulicas\/#breadcrumb\"},\"inLanguage\":\"pt-BR\",\"potentialAction\":[{\"@type\":\"ReadAction\",\"target\":[\"https:\/\/www.keyplan.es\/pt-br\/servicos\/energia\/usinas-hidraulicas\/\"]}]},{\"@type\":\"BreadcrumbList\",\"@id\":\"https:\/\/www.keyplan.es\/pt-br\/servicos\/energia\/usinas-hidraulicas\/#breadcrumb\",\"itemListElement\":[{\"@type\":\"ListItem\",\"position\":1,\"name\":\"Portada\",\"item\":\"https:\/\/www.keyplan.es\/pt-br\/\"},{\"@type\":\"ListItem\",\"position\":2,\"name\":\"Servi\u00e7os\",\"item\":\"https:\/\/www.keyplan.es\/pt-br\/servicos\/\"},{\"@type\":\"ListItem\",\"position\":3,\"name\":\"Energia\",\"item\":\"https:\/\/www.keyplan.es\/pt-br\/servicios\/energia\/\"},{\"@type\":\"ListItem\",\"position\":4,\"name\":\"Usinas hidr\u00e1ulicas\"}]},{\"@type\":\"WebSite\",\"@id\":\"\/#website\",\"url\":\"\/\",\"name\":\"Keyplan\",\"description\":\"Ingenier\u00eda y consulting\",\"publisher\":{\"@id\":\"\/#organization\"},\"potentialAction\":[{\"@type\":\"SearchAction\",\"target\":{\"@type\":\"EntryPoint\",\"urlTemplate\":\"\/?s={search_term_string}\"},\"query-input\":\"required name=search_term_string\"}],\"inLanguage\":\"pt-BR\"},{\"@type\":\"Organization\",\"@id\":\"\/#organization\",\"name\":\"Key Plan\",\"url\":\"\/\",\"logo\":{\"@type\":\"ImageObject\",\"inLanguage\":\"pt-BR\",\"@id\":\"\/#\/schema\/logo\/image\/\",\"url\":\"https:\/\/www.keyplan.es\/wp-content\/uploads\/2016\/12\/logo.png\",\"contentUrl\":\"https:\/\/www.keyplan.es\/wp-content\/uploads\/2016\/12\/logo.png\",\"width\":184,\"height\":82,\"caption\":\"Key Plan\"},\"image\":{\"@id\":\"\/#\/schema\/logo\/image\/\"},\"sameAs\":[\"https:\/\/es.linkedin.com\/company\/keyplaningenieria\",\"https:\/\/www.instagram.com\/keyplan_ingenieria\/\"]}]}<\/script>\n<!-- \/ Yoast SEO plugin. -->","yoast_head_json":{"title":"Usinas hidr\u00e1ulicas - Keyplan","robots":{"index":"index","follow":"follow","max-snippet":"max-snippet:-1","max-image-preview":"max-image-preview:large","max-video-preview":"max-video-preview:-1"},"canonical":"https:\/\/www.keyplan.es\/pt-br\/servicos\/energia\/usinas-hidraulicas\/","og_locale":"pt_BR","og_type":"article","og_title":"Usinas hidr\u00e1ulicas - Keyplan","og_description":"[vc_row][vc_column][\/vc_column][\/vc_row][vc_row][vc_column][vc_column_text]No estudo das usinas hidr\u00e1ulicas, a KEYPLAN abrange todos os trabalhos em conjunto que v\u00e3o desde a zona de acumula\u00e7\u00e3o de \u00e1gua at\u00e9 \u00e0s condutas que v\u00e3o canalizar o l\u00edquido...","og_url":"https:\/\/www.keyplan.es\/pt-br\/servicos\/energia\/usinas-hidraulicas\/","og_site_name":"Keyplan","article_modified_time":"2017-01-25T16:20:38+00:00","twitter_card":"summary_large_image","twitter_misc":{"Est. tempo de leitura":"1 minuto"},"schema":{"@context":"https:\/\/schema.org","@graph":[{"@type":"WebPage","@id":"https:\/\/www.keyplan.es\/pt-br\/servicos\/energia\/usinas-hidraulicas\/","url":"https:\/\/www.keyplan.es\/pt-br\/servicos\/energia\/usinas-hidraulicas\/","name":"Usinas hidr\u00e1ulicas - Keyplan","isPartOf":{"@id":"\/#website"},"datePublished":"2017-01-17T12:56:43+00:00","dateModified":"2017-01-25T16:20:38+00:00","breadcrumb":{"@id":"https:\/\/www.keyplan.es\/pt-br\/servicos\/energia\/usinas-hidraulicas\/#breadcrumb"},"inLanguage":"pt-BR","potentialAction":[{"@type":"ReadAction","target":["https:\/\/www.keyplan.es\/pt-br\/servicos\/energia\/usinas-hidraulicas\/"]}]},{"@type":"BreadcrumbList","@id":"https:\/\/www.keyplan.es\/pt-br\/servicos\/energia\/usinas-hidraulicas\/#breadcrumb","itemListElement":[{"@type":"ListItem","position":1,"name":"Portada","item":"https:\/\/www.keyplan.es\/pt-br\/"},{"@type":"ListItem","position":2,"name":"Servi\u00e7os","item":"https:\/\/www.keyplan.es\/pt-br\/servicos\/"},{"@type":"ListItem","position":3,"name":"Energia","item":"https:\/\/www.keyplan.es\/pt-br\/servicios\/energia\/"},{"@type":"ListItem","position":4,"name":"Usinas hidr\u00e1ulicas"}]},{"@type":"WebSite","@id":"\/#website","url":"\/","name":"Keyplan","description":"Ingenier\u00eda y consulting","publisher":{"@id":"\/#organization"},"potentialAction":[{"@type":"SearchAction","target":{"@type":"EntryPoint","urlTemplate":"\/?s={search_term_string}"},"query-input":"required name=search_term_string"}],"inLanguage":"pt-BR"},{"@type":"Organization","@id":"\/#organization","name":"Key Plan","url":"\/","logo":{"@type":"ImageObject","inLanguage":"pt-BR","@id":"\/#\/schema\/logo\/image\/","url":"https:\/\/www.keyplan.es\/wp-content\/uploads\/2016\/12\/logo.png","contentUrl":"https:\/\/www.keyplan.es\/wp-content\/uploads\/2016\/12\/logo.png","width":184,"height":82,"caption":"Key Plan"},"image":{"@id":"\/#\/schema\/logo\/image\/"},"sameAs":["https:\/\/es.linkedin.com\/company\/keyplaningenieria","https:\/\/www.instagram.com\/keyplan_ingenieria\/"]}]}},"_links":{"self":[{"href":"https:\/\/www.keyplan.es\/pt-br\/wp-json\/wp\/v2\/pages\/3974"}],"collection":[{"href":"https:\/\/www.keyplan.es\/pt-br\/wp-json\/wp\/v2\/pages"}],"about":[{"href":"https:\/\/www.keyplan.es\/pt-br\/wp-json\/wp\/v2\/types\/page"}],"author":[{"embeddable":true,"href":"https:\/\/www.keyplan.es\/pt-br\/wp-json\/wp\/v2\/users\/1"}],"replies":[{"embeddable":true,"href":"https:\/\/www.keyplan.es\/pt-br\/wp-json\/wp\/v2\/comments?post=3974"}],"version-history":[{"count":0,"href":"https:\/\/www.keyplan.es\/pt-br\/wp-json\/wp\/v2\/pages\/3974\/revisions"}],"up":[{"embeddable":true,"href":"https:\/\/www.keyplan.es\/pt-br\/wp-json\/wp\/v2\/pages\/3837"}],"wp:attachment":[{"href":"https:\/\/www.keyplan.es\/pt-br\/wp-json\/wp\/v2\/media?parent=3974"}],"curies":[{"name":"wp","href":"https:\/\/api.w.org\/{rel}","templated":true}]}}