{"id":3981,"date":"2017-01-18T11:43:11","date_gmt":"2017-01-18T11:43:11","guid":{"rendered":"http:\/\/2016.keyplan.es\/energetico\/nuestros-clientes\/"},"modified":"2018-01-03T17:38:57","modified_gmt":"2018-01-03T17:38:57","slug":"nossos-clientes","status":"publish","type":"page","link":"https:\/\/www.keyplan.es\/pt-br\/servicos\/energia\/nossos-clientes\/","title":{"rendered":"Nossos clientes"},"content":{"rendered":"<section class=\"wpb-content-wrapper\"><p>[vc_row][vc_column]<div class=\"mgt-header-block clearfix text-left text-black wpb_content_element  mgt-header-block-style-1 mgt-header-texttransform-header \"><h2 class=\"mgt-header-block-title\">Nossos clientes<\/h2><div class=\"mgt-header-line\"><\/div><\/div>[\/vc_column][\/vc_row][vc_row][vc_column][vc_column_text]<\/p>\n<h3>PLANTAS DE\u00a0 BIOMASA E\u00a0 CICLOS\u00a0 ORG\u00c2NICOS DE RANKINE<\/h3>\n<p><strong>VALE CORUNHA. S.L.\u00a0 <\/strong>( Aranga &#8211; A Corunha)<\/p>\n<ul>\n<li>Anteprojeto, projeto e tramita\u00e7\u00f5es\u00a0 Instala\u00e7\u00e3o de Cogeneraci\u00f3n mediante ciclo org\u00e2nico Rankine. Caldera de Biomasa. 1 MW Setor:\u00a0 Fabrica\u00e7\u00e3o portas (2013)<\/li>\n<\/ul>\n<p><strong>ENERGIA DE GALIZA, S.A.<\/strong><\/p>\n<ul>\n<li>Projeto planta de gera\u00e7\u00e3o de energia el\u00e9trica a partir de biomasa florestal prim\u00e1ria, potencia 10 MW. (2011)<\/li>\n<\/ul>\n<p>Setor: Madeira.<\/p>\n<p><strong>RESTAURA\u00c7\u00c3O DO HABITAT E MEDIAMBIENTE CAAMA\u00d1O, S.L. <\/strong>(Villagarc\u00eda)<\/p>\n<ul>\n<li>Anteprojeto e licen\u00e7as de planta de gera\u00e7\u00e3o Ciclo Rankine 700 kW. (2012)<\/li>\n<\/ul>\n<p><strong>MONTE\u00a0\u00a0 ALTO\u00a0 <\/strong>(Palencia)<\/p>\n<ul>\n<li>Anteprojeto, projeto e tramita\u00e7\u00f5es\u00a0 de planta de\u00a0 biomasa de 10 MW em Palencia. (2011)<\/li>\n<\/ul>\n<p>Setor:\u00a0 Energia.<\/p>\n<p>&nbsp;<\/p>\n<h3>INSTALA\u00c7\u00d5ES DE COGENERACI\u00d3N<\/h3>\n<p><strong>POLIPROPILENO DE a GALIZA, S.A.U. <\/strong>(Nar\u00f3n)<\/p>\n<ul>\n<li>Projeto e tramita\u00e7\u00e3o para instala\u00e7\u00e3o de uma planta de cogeneraci\u00f3n de 1.000 kWe (2014)<\/li>\n<\/ul>\n<p><strong>CONSERVA CERQUEIRA, S.A. <\/strong>(Vigo)<\/p>\n<ul>\n<li>Anteprojeto, projeto e tr\u00e2mites para planta de cogeneraci\u00f3n de 1MW. (2014)<\/li>\n<\/ul>\n<p><strong>MONDELEZ ESPANHA PRODUCTION, S.L.U. &#8211; (KRAFT) &#8211;\u00a0 <\/strong>(Hospital de \u00d3rbigo &#8211; Le\u00f3n)<\/p>\n<ul>\n<li>Anteprojeto, Projeto de execu\u00e7\u00e3o e tramita\u00e7\u00f5es para Planta de Cogeneraci\u00f3n de 2MW. Setor: Alimenta\u00e7\u00e3o (2012)<\/li>\n<li>Projeto e D.o.de instala\u00e7\u00e3o frigor\u00edfica de nave de produ\u00e7\u00e3o. (2014)<\/li>\n<\/ul>\n<p><strong>FRINOVA\u00a0 <\/strong>(Porri\u00f1o, Pontevedra)<\/p>\n<ul>\n<li>Anteprojeto, Projeto de\u00a0 execu\u00e7\u00e3o\u00a0 e tramita\u00e7\u00f5es de\u00a0 modifica\u00e7\u00e3o de\u00a0 mudan\u00e7a\u00a0 a g\u00e1s de planta de cogeneraci\u00f3n de\u00a0 000 kWe (2013)<\/li>\n<\/ul>\n<p>Setor: Conservero &#8211; alimenta\u00e7\u00e3o.<\/p>\n<p><strong>IRM\u00c3OS\u00a0 OBLANCA SL<\/strong>\u00a0 (Onzonilla, Le\u00f3n)<\/p>\n<ul>\n<li>Anteprojeto, Projeto de\u00a0 execu\u00e7\u00e3o\u00a0 e tramita\u00e7\u00f5es de\u00a0 planta de cogeneraci\u00f3n de\u00a0 500 kWe. (2012)<\/li>\n<\/ul>\n<p>Setor: Matadero &#8211; alimenta\u00e7\u00e3o.<\/p>\n<p><strong>SOLVIDA SANXENXO, S.L. <\/strong><\/p>\n<ul>\n<li>Anteprojeto, Projeto de execu\u00e7\u00e3o e tramita\u00e7\u00f5es planta de cogeneraci\u00f3n de 1MW (2012)<\/li>\n<li>Projeto e D.o. modificaic\u00f3n Centro de Transforma\u00e7\u00e3o do Hotel Augusta, novo centro de seccionamiento para servi\u00e7o da instala\u00e7\u00e3o de cogeneraci\u00f3n e do Hotel. (2012)<\/li>\n<\/ul>\n<p>Setor: Hoteleiro.<\/p>\n<p><strong>JEVASO, S.L.<\/strong><\/p>\n<ul>\n<li>Anteprojeto, projeto de execu\u00e7\u00e3o e tramita\u00e7\u00f5es para planta de cogeneraci\u00f3n de 500 Kw. (2011)<\/li>\n<\/ul>\n<p>Setor: T\u00eaxtil &#8211; Passado de roupa.<\/p>\n<p><strong>MADEIRAS\u00a0\u00a0 ORNANDA\u00a0 SLU <\/strong>(Porto do\u00a0\u00a0 S\u00e3o , A <strong>\u00a0<\/strong>Corunha)<\/p>\n<ul>\n<li>Anteprojeto, Projeto de execu\u00e7\u00e3o e tramita\u00e7\u00f5es de planta de cogeneraci\u00f3n de 500 kW. (2011)<\/li>\n<li>Instala\u00e7\u00e3o de C.T. 630 kVA em f\u00e1brica (2011)<\/li>\n<\/ul>\n<p>Setor: Ind\u00fastria maderera.<\/p>\n<p><strong>EMBUTIDOS RODR\u00cdGUEZ, SL <\/strong>(Soto da Vega, Le\u00f3n)<\/p>\n<ul>\n<li>Anteprojeto, Projeto de execu\u00e7\u00e3o e tramita\u00e7\u00f5es de de planta de cogeneraci\u00f3n de 1000 kW (2011)<\/li>\n<li>Legalizaci\u00f3n instala\u00e7\u00e3o interior G.N. para cogeneraci\u00f3n (2012)<\/li>\n<li>Anteprojeto de linha de\u00a0 m\u00e9dia\u00a0\u00a0 tens\u00e3o\u00a0\u00a0 subterr\u00e2nea\u00a0 (2011)<\/li>\n<li>Projeto legalizaci\u00f3n nave salga calderas (2010)<\/li>\n<\/ul>\n<p>Setor: Ind\u00fastria Aliment\u00e1ria.<\/p>\n<p><strong>CAMPOBRICK, S.L. <\/strong>(Mes\u00eda &#8211; A Corunha)<\/p>\n<ul>\n<li>Anteprojeto e Projeto de execu\u00e7\u00e3o e tramita\u00e7\u00f5es de Modifica\u00e7\u00e3o e transforma\u00e7\u00e3o a g\u00e1s de planta de cogeneraci\u00f3n de 5&#215;1365 kW.<\/li>\n<\/ul>\n<p>Setor: Cer\u00e2mico.<\/p>\n<p><strong>MEGASA SIDER\u00daRGICA, SL<\/strong><\/p>\n<ul>\n<li>Desenvolvo e implanta\u00e7\u00e3o de grupo aut\u00f4nomo de emerg\u00eancia de 2500 kVA: Ano.<\/li>\n<\/ul>\n<p>Setor: Produtos sider\u00fargicos.<\/p>\n<p><strong>TOP WASH, S.L. <\/strong>(Arteixo &#8211; A Corunha)<\/p>\n<ul>\n<li>Anteprojeto e Projeto de execu\u00e7\u00e3o e tramita\u00e7\u00f5es de Modifica\u00e7\u00e3o de planta de cogeneraci\u00f3n (500 kW). Ano 2009.<\/li>\n<\/ul>\n<p>Setor: T\u00eaxtil.<\/p>\n<p><strong>MASSIMO DUTTI (Grupo INDITEX)<\/strong><\/p>\n<ul>\n<li>Estudo, Desenvolvimento e Implanta\u00e7\u00e3o de central de trigeneraci\u00f3n (Eletricidade, frio e calor) em Tordera (Barcelona). Pot\u00eancia Instalada 2950 kVA. Ano 2006)<\/li>\n<\/ul>\n<p><strong>ALUM\u00cdNIOS\u00a0 CORTIZO\u00a0 SA<\/strong> (Padr\u00f3n ,\u00a0 A\u00a0 Corunha)<\/p>\n<ul>\n<li>Anteprojeto e estudo de viabilidade de\u00a0 modifica\u00e7\u00e3o de\u00a0 mudan\u00e7a\u00a0 a g\u00e1s de planta de cogeneraci\u00f3n de\u00a0 10 MWe.<\/li>\n<\/ul>\n<p>Setor :\u00a0 Alum\u00ednio.[\/vc_column_text][\/vc_column][\/vc_row]<\/p>\n<\/section>","protected":false},"excerpt":{"rendered":"<p>[vc_row][vc_column][\/vc_column][\/vc_row][vc_row][vc_column][vc_column_text] PLANTAS DE\u00a0 BIOMASA E\u00a0 CICLOS\u00a0 ORG\u00c2NICOS DE RANKINE VALE CORUNHA. S.L.\u00a0 ( Aranga &#8211; A Corunha) Anteprojeto, projeto e tramita\u00e7\u00f5es\u00a0 Instala\u00e7\u00e3o de Cogeneraci\u00f3n mediante ciclo org\u00e2nico Rankine. Caldera de&#8230;<\/p>\n","protected":false},"author":1,"featured_media":0,"parent":3837,"menu_order":0,"comment_status":"closed","ping_status":"closed","template":"","meta":{"footnotes":""},"yoast_head":"<!-- This site is optimized with the Yoast SEO plugin v21.9.1 - https:\/\/yoast.com\/wordpress\/plugins\/seo\/ -->\n<title>Nossos clientes - Keyplan<\/title>\n<meta name=\"robots\" content=\"index, follow, max-snippet:-1, max-image-preview:large, max-video-preview:-1\" \/>\n<link rel=\"canonical\" href=\"https:\/\/www.keyplan.es\/pt-br\/servicos\/energia\/nossos-clientes\/\" \/>\n<meta property=\"og:locale\" content=\"pt_BR\" \/>\n<meta property=\"og:type\" content=\"article\" \/>\n<meta property=\"og:title\" content=\"Nossos clientes - Keyplan\" \/>\n<meta property=\"og:description\" content=\"[vc_row][vc_column][\/vc_column][\/vc_row][vc_row][vc_column][vc_column_text] PLANTAS DE\u00a0 BIOMASA E\u00a0 CICLOS\u00a0 ORG\u00c2NICOS DE RANKINE VALE CORUNHA. S.L.\u00a0 ( Aranga &#8211; A Corunha) Anteprojeto, projeto e tramita\u00e7\u00f5es\u00a0 Instala\u00e7\u00e3o de Cogeneraci\u00f3n mediante ciclo org\u00e2nico Rankine. Caldera de...\" \/>\n<meta property=\"og:url\" content=\"https:\/\/www.keyplan.es\/pt-br\/servicos\/energia\/nossos-clientes\/\" \/>\n<meta property=\"og:site_name\" content=\"Keyplan\" \/>\n<meta property=\"article:modified_time\" content=\"2018-01-03T17:38:57+00:00\" \/>\n<meta name=\"twitter:card\" content=\"summary_large_image\" \/>\n<meta name=\"twitter:label1\" content=\"Est. tempo de leitura\" \/>\n\t<meta name=\"twitter:data1\" content=\"3 minutos\" \/>\n<script type=\"application\/ld+json\" class=\"yoast-schema-graph\">{\"@context\":\"https:\/\/schema.org\",\"@graph\":[{\"@type\":\"WebPage\",\"@id\":\"https:\/\/www.keyplan.es\/pt-br\/servicos\/energia\/nossos-clientes\/\",\"url\":\"https:\/\/www.keyplan.es\/pt-br\/servicos\/energia\/nossos-clientes\/\",\"name\":\"Nossos clientes - Keyplan\",\"isPartOf\":{\"@id\":\"\/#website\"},\"datePublished\":\"2017-01-18T11:43:11+00:00\",\"dateModified\":\"2018-01-03T17:38:57+00:00\",\"breadcrumb\":{\"@id\":\"https:\/\/www.keyplan.es\/pt-br\/servicos\/energia\/nossos-clientes\/#breadcrumb\"},\"inLanguage\":\"pt-BR\",\"potentialAction\":[{\"@type\":\"ReadAction\",\"target\":[\"https:\/\/www.keyplan.es\/pt-br\/servicos\/energia\/nossos-clientes\/\"]}]},{\"@type\":\"BreadcrumbList\",\"@id\":\"https:\/\/www.keyplan.es\/pt-br\/servicos\/energia\/nossos-clientes\/#breadcrumb\",\"itemListElement\":[{\"@type\":\"ListItem\",\"position\":1,\"name\":\"Portada\",\"item\":\"https:\/\/www.keyplan.es\/pt-br\/\"},{\"@type\":\"ListItem\",\"position\":2,\"name\":\"Servi\u00e7os\",\"item\":\"https:\/\/www.keyplan.es\/pt-br\/servicos\/\"},{\"@type\":\"ListItem\",\"position\":3,\"name\":\"Energia\",\"item\":\"https:\/\/www.keyplan.es\/pt-br\/servicios\/energia\/\"},{\"@type\":\"ListItem\",\"position\":4,\"name\":\"Nossos clientes\"}]},{\"@type\":\"WebSite\",\"@id\":\"\/#website\",\"url\":\"\/\",\"name\":\"Keyplan\",\"description\":\"Ingenier\u00eda y consulting\",\"publisher\":{\"@id\":\"\/#organization\"},\"potentialAction\":[{\"@type\":\"SearchAction\",\"target\":{\"@type\":\"EntryPoint\",\"urlTemplate\":\"\/?s={search_term_string}\"},\"query-input\":\"required name=search_term_string\"}],\"inLanguage\":\"pt-BR\"},{\"@type\":\"Organization\",\"@id\":\"\/#organization\",\"name\":\"Key Plan\",\"url\":\"\/\",\"logo\":{\"@type\":\"ImageObject\",\"inLanguage\":\"pt-BR\",\"@id\":\"\/#\/schema\/logo\/image\/\",\"url\":\"https:\/\/www.keyplan.es\/wp-content\/uploads\/2016\/12\/logo.png\",\"contentUrl\":\"https:\/\/www.keyplan.es\/wp-content\/uploads\/2016\/12\/logo.png\",\"width\":184,\"height\":82,\"caption\":\"Key Plan\"},\"image\":{\"@id\":\"\/#\/schema\/logo\/image\/\"},\"sameAs\":[\"https:\/\/es.linkedin.com\/company\/keyplaningenieria\",\"https:\/\/www.instagram.com\/keyplan_ingenieria\/\"]}]}<\/script>\n<!-- \/ Yoast SEO plugin. -->","yoast_head_json":{"title":"Nossos clientes - Keyplan","robots":{"index":"index","follow":"follow","max-snippet":"max-snippet:-1","max-image-preview":"max-image-preview:large","max-video-preview":"max-video-preview:-1"},"canonical":"https:\/\/www.keyplan.es\/pt-br\/servicos\/energia\/nossos-clientes\/","og_locale":"pt_BR","og_type":"article","og_title":"Nossos clientes - Keyplan","og_description":"[vc_row][vc_column][\/vc_column][\/vc_row][vc_row][vc_column][vc_column_text] PLANTAS DE\u00a0 BIOMASA E\u00a0 CICLOS\u00a0 ORG\u00c2NICOS DE RANKINE VALE CORUNHA. S.L.\u00a0 ( Aranga &#8211; A Corunha) Anteprojeto, projeto e tramita\u00e7\u00f5es\u00a0 Instala\u00e7\u00e3o de Cogeneraci\u00f3n mediante ciclo org\u00e2nico Rankine. Caldera de...","og_url":"https:\/\/www.keyplan.es\/pt-br\/servicos\/energia\/nossos-clientes\/","og_site_name":"Keyplan","article_modified_time":"2018-01-03T17:38:57+00:00","twitter_card":"summary_large_image","twitter_misc":{"Est. tempo de leitura":"3 minutos"},"schema":{"@context":"https:\/\/schema.org","@graph":[{"@type":"WebPage","@id":"https:\/\/www.keyplan.es\/pt-br\/servicos\/energia\/nossos-clientes\/","url":"https:\/\/www.keyplan.es\/pt-br\/servicos\/energia\/nossos-clientes\/","name":"Nossos clientes - Keyplan","isPartOf":{"@id":"\/#website"},"datePublished":"2017-01-18T11:43:11+00:00","dateModified":"2018-01-03T17:38:57+00:00","breadcrumb":{"@id":"https:\/\/www.keyplan.es\/pt-br\/servicos\/energia\/nossos-clientes\/#breadcrumb"},"inLanguage":"pt-BR","potentialAction":[{"@type":"ReadAction","target":["https:\/\/www.keyplan.es\/pt-br\/servicos\/energia\/nossos-clientes\/"]}]},{"@type":"BreadcrumbList","@id":"https:\/\/www.keyplan.es\/pt-br\/servicos\/energia\/nossos-clientes\/#breadcrumb","itemListElement":[{"@type":"ListItem","position":1,"name":"Portada","item":"https:\/\/www.keyplan.es\/pt-br\/"},{"@type":"ListItem","position":2,"name":"Servi\u00e7os","item":"https:\/\/www.keyplan.es\/pt-br\/servicos\/"},{"@type":"ListItem","position":3,"name":"Energia","item":"https:\/\/www.keyplan.es\/pt-br\/servicios\/energia\/"},{"@type":"ListItem","position":4,"name":"Nossos clientes"}]},{"@type":"WebSite","@id":"\/#website","url":"\/","name":"Keyplan","description":"Ingenier\u00eda y consulting","publisher":{"@id":"\/#organization"},"potentialAction":[{"@type":"SearchAction","target":{"@type":"EntryPoint","urlTemplate":"\/?s={search_term_string}"},"query-input":"required name=search_term_string"}],"inLanguage":"pt-BR"},{"@type":"Organization","@id":"\/#organization","name":"Key Plan","url":"\/","logo":{"@type":"ImageObject","inLanguage":"pt-BR","@id":"\/#\/schema\/logo\/image\/","url":"https:\/\/www.keyplan.es\/wp-content\/uploads\/2016\/12\/logo.png","contentUrl":"https:\/\/www.keyplan.es\/wp-content\/uploads\/2016\/12\/logo.png","width":184,"height":82,"caption":"Key Plan"},"image":{"@id":"\/#\/schema\/logo\/image\/"},"sameAs":["https:\/\/es.linkedin.com\/company\/keyplaningenieria","https:\/\/www.instagram.com\/keyplan_ingenieria\/"]}]}},"_links":{"self":[{"href":"https:\/\/www.keyplan.es\/pt-br\/wp-json\/wp\/v2\/pages\/3981"}],"collection":[{"href":"https:\/\/www.keyplan.es\/pt-br\/wp-json\/wp\/v2\/pages"}],"about":[{"href":"https:\/\/www.keyplan.es\/pt-br\/wp-json\/wp\/v2\/types\/page"}],"author":[{"embeddable":true,"href":"https:\/\/www.keyplan.es\/pt-br\/wp-json\/wp\/v2\/users\/1"}],"replies":[{"embeddable":true,"href":"https:\/\/www.keyplan.es\/pt-br\/wp-json\/wp\/v2\/comments?post=3981"}],"version-history":[{"count":0,"href":"https:\/\/www.keyplan.es\/pt-br\/wp-json\/wp\/v2\/pages\/3981\/revisions"}],"up":[{"embeddable":true,"href":"https:\/\/www.keyplan.es\/pt-br\/wp-json\/wp\/v2\/pages\/3837"}],"wp:attachment":[{"href":"https:\/\/www.keyplan.es\/pt-br\/wp-json\/wp\/v2\/media?parent=3981"}],"curies":[{"name":"wp","href":"https:\/\/api.w.org\/{rel}","templated":true}]}}