{"id":4009,"date":"2017-01-17T13:02:18","date_gmt":"2017-01-17T12:02:18","guid":{"rendered":"http:\/\/2016.keyplan.es\/terciario\/hoteles-y-resorts\/"},"modified":"2024-02-26T13:10:20","modified_gmt":"2024-02-26T12:10:20","slug":"hoteis-e-resorts","status":"publish","type":"page","link":"https:\/\/www.keyplan.es\/pt-br\/servicos\/edificacion-e-instalacoes\/hoteis-e-resorts\/","title":{"rendered":"Hot\u00e9is e resorts"},"content":{"rendered":"<section class=\"wpb-content-wrapper\"><p>[vc_row][vc_column]<div class=\"mgt-header-block clearfix text-left text-black wpb_content_element  mgt-header-block-style-1 mgt-header-texttransform-header \"><h2 class=\"mgt-header-block-title\">Hot\u00e9is e resorts<\/h2><div class=\"mgt-header-line\"><\/div><\/div>[\/vc_column][\/vc_row][vc_row][vc_column width=&#8221;2\/3&#8243;][vc_column_text]Devido \u00e0 crescente necessidade de procurar a otimiza\u00e7\u00e3o de todos os servi\u00e7os necess\u00e1rios para este tipo de empreendimentos, a <strong><span class=\"destacado\">KEY PLAN<\/span><\/strong> tem trabalhado neste campo modificando salas de caldeiras, ilumina\u00e7\u00e3o, instalando m\u00e1quinas de absor\u00e7\u00e3o e oferecendo projetos alternativos na arquitetura desses resorts<\/p>\n<p>Estamos realizando este tipo de trabalhos tanto em Espanha como no estrangeiro, principalmente em lugares com elevada ocupa\u00e7\u00e3o tur\u00edstica.[\/vc_column_text][\/vc_column][vc_column width=&#8221;1\/3&#8243;][vc_single_image image=&#8221;6782&#8243; img_size=&#8221;medium&#8221; style=&#8221;vc_box_shadow_border&#8221;][\/vc_column][\/vc_row]<\/p>\n<\/section>","protected":false},"excerpt":{"rendered":"<p>[vc_row][vc_column][\/vc_column][\/vc_row][vc_row][vc_column width=&#8221;2\/3&#8243;][vc_column_text]Devido \u00e0 crescente necessidade de procurar a otimiza\u00e7\u00e3o de todos os servi\u00e7os necess\u00e1rios para este tipo de empreendimentos, a KEY PLAN tem trabalhado neste campo modificando salas de caldeiras,&#8230;<\/p>\n","protected":false},"author":1,"featured_media":0,"parent":3845,"menu_order":0,"comment_status":"closed","ping_status":"closed","template":"","meta":{"footnotes":""},"yoast_head":"<!-- This site is optimized with the Yoast SEO plugin v21.9.1 - https:\/\/yoast.com\/wordpress\/plugins\/seo\/ -->\n<title>Hot\u00e9is e resorts - Keyplan<\/title>\n<meta name=\"robots\" content=\"index, follow, max-snippet:-1, max-image-preview:large, max-video-preview:-1\" \/>\n<link rel=\"canonical\" href=\"https:\/\/www.keyplan.es\/pt-br\/servicos\/edificacion-e-instalacoes\/hoteis-e-resorts\/\" \/>\n<meta property=\"og:locale\" content=\"pt_BR\" \/>\n<meta property=\"og:type\" content=\"article\" \/>\n<meta property=\"og:title\" content=\"Hot\u00e9is e resorts - Keyplan\" \/>\n<meta property=\"og:description\" content=\"[vc_row][vc_column][\/vc_column][\/vc_row][vc_row][vc_column width=&#8221;2\/3&#8243;][vc_column_text]Devido \u00e0 crescente necessidade de procurar a otimiza\u00e7\u00e3o de todos os servi\u00e7os necess\u00e1rios para este tipo de empreendimentos, a KEY PLAN tem trabalhado neste campo modificando salas de caldeiras,...\" \/>\n<meta property=\"og:url\" content=\"https:\/\/www.keyplan.es\/pt-br\/servicos\/edificacion-e-instalacoes\/hoteis-e-resorts\/\" \/>\n<meta property=\"og:site_name\" content=\"Keyplan\" \/>\n<meta property=\"article:modified_time\" content=\"2024-02-26T12:10:20+00:00\" \/>\n<meta name=\"twitter:card\" content=\"summary_large_image\" \/>\n<meta name=\"twitter:label1\" content=\"Est. tempo de leitura\" \/>\n\t<meta name=\"twitter:data1\" content=\"1 minuto\" \/>\n<script type=\"application\/ld+json\" class=\"yoast-schema-graph\">{\"@context\":\"https:\/\/schema.org\",\"@graph\":[{\"@type\":\"WebPage\",\"@id\":\"https:\/\/www.keyplan.es\/pt-br\/servicos\/edificacion-e-instalacoes\/hoteis-e-resorts\/\",\"url\":\"https:\/\/www.keyplan.es\/pt-br\/servicos\/edificacion-e-instalacoes\/hoteis-e-resorts\/\",\"name\":\"Hot\u00e9is e resorts - Keyplan\",\"isPartOf\":{\"@id\":\"\/#website\"},\"datePublished\":\"2017-01-17T12:02:18+00:00\",\"dateModified\":\"2024-02-26T12:10:20+00:00\",\"breadcrumb\":{\"@id\":\"https:\/\/www.keyplan.es\/pt-br\/servicos\/edificacion-e-instalacoes\/hoteis-e-resorts\/#breadcrumb\"},\"inLanguage\":\"pt-BR\",\"potentialAction\":[{\"@type\":\"ReadAction\",\"target\":[\"https:\/\/www.keyplan.es\/pt-br\/servicos\/edificacion-e-instalacoes\/hoteis-e-resorts\/\"]}]},{\"@type\":\"BreadcrumbList\",\"@id\":\"https:\/\/www.keyplan.es\/pt-br\/servicos\/edificacion-e-instalacoes\/hoteis-e-resorts\/#breadcrumb\",\"itemListElement\":[{\"@type\":\"ListItem\",\"position\":1,\"name\":\"Portada\",\"item\":\"https:\/\/www.keyplan.es\/pt-br\/\"},{\"@type\":\"ListItem\",\"position\":2,\"name\":\"Servi\u00e7os\",\"item\":\"https:\/\/www.keyplan.es\/pt-br\/servicos\/\"},{\"@type\":\"ListItem\",\"position\":3,\"name\":\"Edificaci\u00f3n e instala\u00e7\u00f5es\",\"item\":\"https:\/\/www.keyplan.es\/pt-br\/servicos\/edificacion-e-instalacoes\/\"},{\"@type\":\"ListItem\",\"position\":4,\"name\":\"Hot\u00e9is e resorts\"}]},{\"@type\":\"WebSite\",\"@id\":\"\/#website\",\"url\":\"\/\",\"name\":\"Keyplan\",\"description\":\"Ingenier\u00eda y consulting\",\"publisher\":{\"@id\":\"\/#organization\"},\"potentialAction\":[{\"@type\":\"SearchAction\",\"target\":{\"@type\":\"EntryPoint\",\"urlTemplate\":\"\/?s={search_term_string}\"},\"query-input\":\"required name=search_term_string\"}],\"inLanguage\":\"pt-BR\"},{\"@type\":\"Organization\",\"@id\":\"\/#organization\",\"name\":\"Key Plan\",\"url\":\"\/\",\"logo\":{\"@type\":\"ImageObject\",\"inLanguage\":\"pt-BR\",\"@id\":\"\/#\/schema\/logo\/image\/\",\"url\":\"https:\/\/www.keyplan.es\/wp-content\/uploads\/2016\/12\/logo.png\",\"contentUrl\":\"https:\/\/www.keyplan.es\/wp-content\/uploads\/2016\/12\/logo.png\",\"width\":184,\"height\":82,\"caption\":\"Key Plan\"},\"image\":{\"@id\":\"\/#\/schema\/logo\/image\/\"},\"sameAs\":[\"https:\/\/es.linkedin.com\/company\/keyplaningenieria\",\"https:\/\/www.instagram.com\/keyplan_ingenieria\/\"]}]}<\/script>\n<!-- \/ Yoast SEO plugin. -->","yoast_head_json":{"title":"Hot\u00e9is e resorts - Keyplan","robots":{"index":"index","follow":"follow","max-snippet":"max-snippet:-1","max-image-preview":"max-image-preview:large","max-video-preview":"max-video-preview:-1"},"canonical":"https:\/\/www.keyplan.es\/pt-br\/servicos\/edificacion-e-instalacoes\/hoteis-e-resorts\/","og_locale":"pt_BR","og_type":"article","og_title":"Hot\u00e9is e resorts - Keyplan","og_description":"[vc_row][vc_column][\/vc_column][\/vc_row][vc_row][vc_column width=&#8221;2\/3&#8243;][vc_column_text]Devido \u00e0 crescente necessidade de procurar a otimiza\u00e7\u00e3o de todos os servi\u00e7os necess\u00e1rios para este tipo de empreendimentos, a KEY PLAN tem trabalhado neste campo modificando salas de caldeiras,...","og_url":"https:\/\/www.keyplan.es\/pt-br\/servicos\/edificacion-e-instalacoes\/hoteis-e-resorts\/","og_site_name":"Keyplan","article_modified_time":"2024-02-26T12:10:20+00:00","twitter_card":"summary_large_image","twitter_misc":{"Est. tempo de leitura":"1 minuto"},"schema":{"@context":"https:\/\/schema.org","@graph":[{"@type":"WebPage","@id":"https:\/\/www.keyplan.es\/pt-br\/servicos\/edificacion-e-instalacoes\/hoteis-e-resorts\/","url":"https:\/\/www.keyplan.es\/pt-br\/servicos\/edificacion-e-instalacoes\/hoteis-e-resorts\/","name":"Hot\u00e9is e resorts - Keyplan","isPartOf":{"@id":"\/#website"},"datePublished":"2017-01-17T12:02:18+00:00","dateModified":"2024-02-26T12:10:20+00:00","breadcrumb":{"@id":"https:\/\/www.keyplan.es\/pt-br\/servicos\/edificacion-e-instalacoes\/hoteis-e-resorts\/#breadcrumb"},"inLanguage":"pt-BR","potentialAction":[{"@type":"ReadAction","target":["https:\/\/www.keyplan.es\/pt-br\/servicos\/edificacion-e-instalacoes\/hoteis-e-resorts\/"]}]},{"@type":"BreadcrumbList","@id":"https:\/\/www.keyplan.es\/pt-br\/servicos\/edificacion-e-instalacoes\/hoteis-e-resorts\/#breadcrumb","itemListElement":[{"@type":"ListItem","position":1,"name":"Portada","item":"https:\/\/www.keyplan.es\/pt-br\/"},{"@type":"ListItem","position":2,"name":"Servi\u00e7os","item":"https:\/\/www.keyplan.es\/pt-br\/servicos\/"},{"@type":"ListItem","position":3,"name":"Edificaci\u00f3n e instala\u00e7\u00f5es","item":"https:\/\/www.keyplan.es\/pt-br\/servicos\/edificacion-e-instalacoes\/"},{"@type":"ListItem","position":4,"name":"Hot\u00e9is e resorts"}]},{"@type":"WebSite","@id":"\/#website","url":"\/","name":"Keyplan","description":"Ingenier\u00eda y consulting","publisher":{"@id":"\/#organization"},"potentialAction":[{"@type":"SearchAction","target":{"@type":"EntryPoint","urlTemplate":"\/?s={search_term_string}"},"query-input":"required name=search_term_string"}],"inLanguage":"pt-BR"},{"@type":"Organization","@id":"\/#organization","name":"Key Plan","url":"\/","logo":{"@type":"ImageObject","inLanguage":"pt-BR","@id":"\/#\/schema\/logo\/image\/","url":"https:\/\/www.keyplan.es\/wp-content\/uploads\/2016\/12\/logo.png","contentUrl":"https:\/\/www.keyplan.es\/wp-content\/uploads\/2016\/12\/logo.png","width":184,"height":82,"caption":"Key Plan"},"image":{"@id":"\/#\/schema\/logo\/image\/"},"sameAs":["https:\/\/es.linkedin.com\/company\/keyplaningenieria","https:\/\/www.instagram.com\/keyplan_ingenieria\/"]}]}},"_links":{"self":[{"href":"https:\/\/www.keyplan.es\/pt-br\/wp-json\/wp\/v2\/pages\/4009"}],"collection":[{"href":"https:\/\/www.keyplan.es\/pt-br\/wp-json\/wp\/v2\/pages"}],"about":[{"href":"https:\/\/www.keyplan.es\/pt-br\/wp-json\/wp\/v2\/types\/page"}],"author":[{"embeddable":true,"href":"https:\/\/www.keyplan.es\/pt-br\/wp-json\/wp\/v2\/users\/1"}],"replies":[{"embeddable":true,"href":"https:\/\/www.keyplan.es\/pt-br\/wp-json\/wp\/v2\/comments?post=4009"}],"version-history":[{"count":1,"href":"https:\/\/www.keyplan.es\/pt-br\/wp-json\/wp\/v2\/pages\/4009\/revisions"}],"predecessor-version":[{"id":7156,"href":"https:\/\/www.keyplan.es\/pt-br\/wp-json\/wp\/v2\/pages\/4009\/revisions\/7156"}],"up":[{"embeddable":true,"href":"https:\/\/www.keyplan.es\/pt-br\/wp-json\/wp\/v2\/pages\/3845"}],"wp:attachment":[{"href":"https:\/\/www.keyplan.es\/pt-br\/wp-json\/wp\/v2\/media?parent=4009"}],"curies":[{"name":"wp","href":"https:\/\/api.w.org\/{rel}","templated":true}]}}