{"id":4022,"date":"2017-01-18T11:40:50","date_gmt":"2017-01-18T11:40:50","guid":{"rendered":"http:\/\/2016.keyplan.es\/terciario\/nuestros-clientes\/"},"modified":"2018-01-03T17:46:28","modified_gmt":"2018-01-03T17:46:28","slug":"nossos-clientes","status":"publish","type":"page","link":"https:\/\/www.keyplan.es\/pt-br\/servicos\/edificacion-e-instalacoes\/nossos-clientes\/","title":{"rendered":"Nossos clientes"},"content":{"rendered":"<section class=\"wpb-content-wrapper\"><p>[vc_row][vc_column]<div class=\"mgt-header-block clearfix text-left text-black wpb_content_element  mgt-header-block-style-1 mgt-header-texttransform-header \"><h2 class=\"mgt-header-block-title\">Nossos clientes<\/h2><div class=\"mgt-header-line\"><\/div><\/div>[\/vc_column][\/vc_row][vc_row][vc_column][vc_column_text]<strong>FUNDA\u00c7\u00c3O AMANCIO ORTEGA <\/strong><\/p>\n<ul>\n<li>Projeto e Assist\u00eancia T\u00e9cnica \u00e0 Dire\u00e7\u00e3o de Obra de instala\u00e7\u00f5es em edificaci\u00f3n destinada a resid\u00eancia e escola infantil em Arteixo (2016)<\/li>\n<\/ul>\n<p><strong>ELSA URQUIJO ARQUITETOS, S.L.<\/strong><\/p>\n<ul>\n<li>Projeto de instala\u00e7\u00f5es em edificaci\u00f3n destinada a creche infantil Funda\u00e7\u00e3o Amancio Ortega em Sardi\u00f1eira ? A Corunha (2014)<\/li>\n<\/ul>\n<p><strong>FERROVIAL SERVI\u00c7OS, S.A. (FERROSER)<\/strong><strong>\u00a0<\/strong><\/p>\n<ul>\n<li>Projeto e D.o. de 10 resid\u00eancias de de os Servi\u00e7os Sociais da Junta de Castilla e Le\u00f3n para sua adequa\u00e7\u00e3o energ\u00e9tica (2014).<\/li>\n<\/ul>\n<p>[\/vc_column_text][\/vc_column][\/vc_row]<\/p>\n<\/section>","protected":false},"excerpt":{"rendered":"<p>[vc_row][vc_column][\/vc_column][\/vc_row][vc_row][vc_column][vc_column_text]FUNDA\u00c7\u00c3O AMANCIO ORTEGA Projeto e Assist\u00eancia T\u00e9cnica \u00e0 Dire\u00e7\u00e3o de Obra de instala\u00e7\u00f5es em edificaci\u00f3n destinada a resid\u00eancia e escola infantil em Arteixo (2016) ELSA URQUIJO ARQUITETOS, S.L. Projeto de&#8230;<\/p>\n","protected":false},"author":1,"featured_media":0,"parent":3845,"menu_order":0,"comment_status":"closed","ping_status":"closed","template":"","meta":{"footnotes":""},"yoast_head":"<!-- This site is optimized with the Yoast SEO plugin v21.9.1 - https:\/\/yoast.com\/wordpress\/plugins\/seo\/ -->\n<title>Nossos clientes - Keyplan<\/title>\n<meta name=\"robots\" content=\"index, follow, max-snippet:-1, max-image-preview:large, max-video-preview:-1\" \/>\n<link rel=\"canonical\" href=\"https:\/\/www.keyplan.es\/pt-br\/servicos\/edificacion-e-instalacoes\/nossos-clientes\/\" \/>\n<meta property=\"og:locale\" content=\"pt_BR\" \/>\n<meta property=\"og:type\" content=\"article\" \/>\n<meta property=\"og:title\" content=\"Nossos clientes - Keyplan\" \/>\n<meta property=\"og:description\" content=\"[vc_row][vc_column][\/vc_column][\/vc_row][vc_row][vc_column][vc_column_text]FUNDA\u00c7\u00c3O AMANCIO ORTEGA Projeto e Assist\u00eancia T\u00e9cnica \u00e0 Dire\u00e7\u00e3o de Obra de instala\u00e7\u00f5es em edificaci\u00f3n destinada a resid\u00eancia e escola infantil em Arteixo (2016) ELSA URQUIJO ARQUITETOS, S.L. Projeto de...\" \/>\n<meta property=\"og:url\" content=\"https:\/\/www.keyplan.es\/pt-br\/servicos\/edificacion-e-instalacoes\/nossos-clientes\/\" \/>\n<meta property=\"og:site_name\" content=\"Keyplan\" \/>\n<meta property=\"article:modified_time\" content=\"2018-01-03T17:46:28+00:00\" \/>\n<meta name=\"twitter:card\" content=\"summary_large_image\" \/>\n<meta name=\"twitter:label1\" content=\"Est. tempo de leitura\" \/>\n\t<meta name=\"twitter:data1\" content=\"1 minuto\" \/>\n<script type=\"application\/ld+json\" class=\"yoast-schema-graph\">{\"@context\":\"https:\/\/schema.org\",\"@graph\":[{\"@type\":\"WebPage\",\"@id\":\"https:\/\/www.keyplan.es\/pt-br\/servicos\/edificacion-e-instalacoes\/nossos-clientes\/\",\"url\":\"https:\/\/www.keyplan.es\/pt-br\/servicos\/edificacion-e-instalacoes\/nossos-clientes\/\",\"name\":\"Nossos clientes - Keyplan\",\"isPartOf\":{\"@id\":\"\/#website\"},\"datePublished\":\"2017-01-18T11:40:50+00:00\",\"dateModified\":\"2018-01-03T17:46:28+00:00\",\"breadcrumb\":{\"@id\":\"https:\/\/www.keyplan.es\/pt-br\/servicos\/edificacion-e-instalacoes\/nossos-clientes\/#breadcrumb\"},\"inLanguage\":\"pt-BR\",\"potentialAction\":[{\"@type\":\"ReadAction\",\"target\":[\"https:\/\/www.keyplan.es\/pt-br\/servicos\/edificacion-e-instalacoes\/nossos-clientes\/\"]}]},{\"@type\":\"BreadcrumbList\",\"@id\":\"https:\/\/www.keyplan.es\/pt-br\/servicos\/edificacion-e-instalacoes\/nossos-clientes\/#breadcrumb\",\"itemListElement\":[{\"@type\":\"ListItem\",\"position\":1,\"name\":\"Portada\",\"item\":\"https:\/\/www.keyplan.es\/pt-br\/\"},{\"@type\":\"ListItem\",\"position\":2,\"name\":\"Servi\u00e7os\",\"item\":\"https:\/\/www.keyplan.es\/pt-br\/servicos\/\"},{\"@type\":\"ListItem\",\"position\":3,\"name\":\"Edificaci\u00f3n e instala\u00e7\u00f5es\",\"item\":\"https:\/\/www.keyplan.es\/pt-br\/servicos\/edificacion-e-instalacoes\/\"},{\"@type\":\"ListItem\",\"position\":4,\"name\":\"Nossos clientes\"}]},{\"@type\":\"WebSite\",\"@id\":\"\/#website\",\"url\":\"\/\",\"name\":\"Keyplan\",\"description\":\"Ingenier\u00eda y consulting\",\"publisher\":{\"@id\":\"\/#organization\"},\"potentialAction\":[{\"@type\":\"SearchAction\",\"target\":{\"@type\":\"EntryPoint\",\"urlTemplate\":\"\/?s={search_term_string}\"},\"query-input\":\"required name=search_term_string\"}],\"inLanguage\":\"pt-BR\"},{\"@type\":\"Organization\",\"@id\":\"\/#organization\",\"name\":\"Key Plan\",\"url\":\"\/\",\"logo\":{\"@type\":\"ImageObject\",\"inLanguage\":\"pt-BR\",\"@id\":\"\/#\/schema\/logo\/image\/\",\"url\":\"https:\/\/www.keyplan.es\/wp-content\/uploads\/2016\/12\/logo.png\",\"contentUrl\":\"https:\/\/www.keyplan.es\/wp-content\/uploads\/2016\/12\/logo.png\",\"width\":184,\"height\":82,\"caption\":\"Key Plan\"},\"image\":{\"@id\":\"\/#\/schema\/logo\/image\/\"},\"sameAs\":[\"https:\/\/es.linkedin.com\/company\/keyplaningenieria\",\"https:\/\/www.instagram.com\/keyplan_ingenieria\/\"]}]}<\/script>\n<!-- \/ Yoast SEO plugin. -->","yoast_head_json":{"title":"Nossos clientes - Keyplan","robots":{"index":"index","follow":"follow","max-snippet":"max-snippet:-1","max-image-preview":"max-image-preview:large","max-video-preview":"max-video-preview:-1"},"canonical":"https:\/\/www.keyplan.es\/pt-br\/servicos\/edificacion-e-instalacoes\/nossos-clientes\/","og_locale":"pt_BR","og_type":"article","og_title":"Nossos clientes - Keyplan","og_description":"[vc_row][vc_column][\/vc_column][\/vc_row][vc_row][vc_column][vc_column_text]FUNDA\u00c7\u00c3O AMANCIO ORTEGA Projeto e Assist\u00eancia T\u00e9cnica \u00e0 Dire\u00e7\u00e3o de Obra de instala\u00e7\u00f5es em edificaci\u00f3n destinada a resid\u00eancia e escola infantil em Arteixo (2016) ELSA URQUIJO ARQUITETOS, S.L. Projeto de...","og_url":"https:\/\/www.keyplan.es\/pt-br\/servicos\/edificacion-e-instalacoes\/nossos-clientes\/","og_site_name":"Keyplan","article_modified_time":"2018-01-03T17:46:28+00:00","twitter_card":"summary_large_image","twitter_misc":{"Est. tempo de leitura":"1 minuto"},"schema":{"@context":"https:\/\/schema.org","@graph":[{"@type":"WebPage","@id":"https:\/\/www.keyplan.es\/pt-br\/servicos\/edificacion-e-instalacoes\/nossos-clientes\/","url":"https:\/\/www.keyplan.es\/pt-br\/servicos\/edificacion-e-instalacoes\/nossos-clientes\/","name":"Nossos clientes - Keyplan","isPartOf":{"@id":"\/#website"},"datePublished":"2017-01-18T11:40:50+00:00","dateModified":"2018-01-03T17:46:28+00:00","breadcrumb":{"@id":"https:\/\/www.keyplan.es\/pt-br\/servicos\/edificacion-e-instalacoes\/nossos-clientes\/#breadcrumb"},"inLanguage":"pt-BR","potentialAction":[{"@type":"ReadAction","target":["https:\/\/www.keyplan.es\/pt-br\/servicos\/edificacion-e-instalacoes\/nossos-clientes\/"]}]},{"@type":"BreadcrumbList","@id":"https:\/\/www.keyplan.es\/pt-br\/servicos\/edificacion-e-instalacoes\/nossos-clientes\/#breadcrumb","itemListElement":[{"@type":"ListItem","position":1,"name":"Portada","item":"https:\/\/www.keyplan.es\/pt-br\/"},{"@type":"ListItem","position":2,"name":"Servi\u00e7os","item":"https:\/\/www.keyplan.es\/pt-br\/servicos\/"},{"@type":"ListItem","position":3,"name":"Edificaci\u00f3n e instala\u00e7\u00f5es","item":"https:\/\/www.keyplan.es\/pt-br\/servicos\/edificacion-e-instalacoes\/"},{"@type":"ListItem","position":4,"name":"Nossos clientes"}]},{"@type":"WebSite","@id":"\/#website","url":"\/","name":"Keyplan","description":"Ingenier\u00eda y consulting","publisher":{"@id":"\/#organization"},"potentialAction":[{"@type":"SearchAction","target":{"@type":"EntryPoint","urlTemplate":"\/?s={search_term_string}"},"query-input":"required name=search_term_string"}],"inLanguage":"pt-BR"},{"@type":"Organization","@id":"\/#organization","name":"Key Plan","url":"\/","logo":{"@type":"ImageObject","inLanguage":"pt-BR","@id":"\/#\/schema\/logo\/image\/","url":"https:\/\/www.keyplan.es\/wp-content\/uploads\/2016\/12\/logo.png","contentUrl":"https:\/\/www.keyplan.es\/wp-content\/uploads\/2016\/12\/logo.png","width":184,"height":82,"caption":"Key Plan"},"image":{"@id":"\/#\/schema\/logo\/image\/"},"sameAs":["https:\/\/es.linkedin.com\/company\/keyplaningenieria","https:\/\/www.instagram.com\/keyplan_ingenieria\/"]}]}},"_links":{"self":[{"href":"https:\/\/www.keyplan.es\/pt-br\/wp-json\/wp\/v2\/pages\/4022"}],"collection":[{"href":"https:\/\/www.keyplan.es\/pt-br\/wp-json\/wp\/v2\/pages"}],"about":[{"href":"https:\/\/www.keyplan.es\/pt-br\/wp-json\/wp\/v2\/types\/page"}],"author":[{"embeddable":true,"href":"https:\/\/www.keyplan.es\/pt-br\/wp-json\/wp\/v2\/users\/1"}],"replies":[{"embeddable":true,"href":"https:\/\/www.keyplan.es\/pt-br\/wp-json\/wp\/v2\/comments?post=4022"}],"version-history":[{"count":0,"href":"https:\/\/www.keyplan.es\/pt-br\/wp-json\/wp\/v2\/pages\/4022\/revisions"}],"up":[{"embeddable":true,"href":"https:\/\/www.keyplan.es\/pt-br\/wp-json\/wp\/v2\/pages\/3845"}],"wp:attachment":[{"href":"https:\/\/www.keyplan.es\/pt-br\/wp-json\/wp\/v2\/media?parent=4022"}],"curies":[{"name":"wp","href":"https:\/\/api.w.org\/{rel}","templated":true}]}}