{"id":4030,"date":"2017-01-17T17:48:18","date_gmt":"2017-01-17T17:48:18","guid":{"rendered":"http:\/\/2016.keyplan.es\/meio-ambiente\/gestion-de-recursos-hidraulicos\/"},"modified":"2017-01-25T16:59:05","modified_gmt":"2017-01-25T16:59:05","slug":"gestao-de-recursos-hidricos","status":"publish","type":"page","link":"https:\/\/www.keyplan.es\/pt-br\/servicos\/meio-ambiente\/gestao-de-recursos-hidricos\/","title":{"rendered":"Gest\u00e3o de recursos h\u00eddricos"},"content":{"rendered":"<section class=\"wpb-content-wrapper\"><p>[vc_row][vc_column]<div class=\"mgt-header-block clearfix text-left text-black wpb_content_element  mgt-header-block-style-1 mgt-header-texttransform-header \"><h2 class=\"mgt-header-block-title\">Gest\u00e3o de recursos h\u00eddricos<\/h2><div class=\"mgt-header-line\"><\/div><\/div>[vc_column_text]<\/p>\n<div id=\"block-system-main\" class=\" last region-block contextual-links-region\">\n<div class=\"content clearfix\">\n<div id=\"node-33\" class=\"node node-page clearfix\" about=\"\/br\/gest%C3%A3o-recursos-hidricos\" typeof=\"foaf:Document\">\n<div class=\"content clearfix\">\n<div class=\"field field-name-body field-type-text-with-summary field-label-hidden\">\n<div class=\"field-items\">\n<div class=\"field-item even\" property=\"content:encoded\">\n<p>A <strong><span class=\"destacado\">KEY PLAN<\/span><\/strong> trabalha atualmente nos campos do tratamento e a reutiliza\u00e7\u00e3o de \u00e1gua.<\/p>\n<p>Para o tratamento de \u00e1guas, todas as entidades de saneamento defendem solu\u00e7\u00f5es tecnol\u00f3gicas que garantam \u00e1gua tratada com uma qualidade constante e durante longos per\u00edodos.<\/p>\n<p>A nossa equipe t\u00e9cnica oferece o desenho e implementa\u00e7\u00e3o de esta\u00e7\u00f5es de reutiliza\u00e7\u00e3o de \u00e1gua que cumpram as normas vigentes.<br \/>\nEstes projetos variam desde grandes urbaniza\u00e7\u00f5es ou hot\u00e9is at\u00e9 diferentes setores industriais como os t\u00eaxteis.<\/p>\n<p>As tecnologias utilizadas pela nossa equipe t\u00e9cnica em cada caso s\u00e3o de ultrafiltra\u00e7\u00e3o e \u00f3smose inversa, esta t\u00e9cnica que durante d\u00e9cadas levou a atualmente ser a \u00fanica fonte poss\u00edvel de \u00e1gua pot\u00e1vel nas \u00e1reas mais secas do planeta.<\/p>\n<\/div>\n<\/div>\n<\/div>\n<\/div>\n<\/div>\n<\/div>\n<\/div>\n<p>[\/vc_column_text][\/vc_column][\/vc_row]<\/p>\n<\/section>","protected":false},"excerpt":{"rendered":"<p>[vc_row][vc_column][vc_column_text] A KEY PLAN trabalha atualmente nos campos do tratamento e a reutiliza\u00e7\u00e3o de \u00e1gua. Para o tratamento de \u00e1guas, todas as entidades de saneamento defendem solu\u00e7\u00f5es tecnol\u00f3gicas que garantam&#8230;<\/p>\n","protected":false},"author":1,"featured_media":0,"parent":3852,"menu_order":0,"comment_status":"closed","ping_status":"closed","template":"","meta":{"footnotes":""},"yoast_head":"<!-- This site is optimized with the Yoast SEO plugin v21.9.1 - https:\/\/yoast.com\/wordpress\/plugins\/seo\/ -->\n<title>Gest\u00e3o de recursos h\u00eddricos - Keyplan<\/title>\n<meta name=\"robots\" content=\"index, follow, max-snippet:-1, max-image-preview:large, max-video-preview:-1\" \/>\n<link rel=\"canonical\" href=\"https:\/\/www.keyplan.es\/pt-br\/servicos\/meio-ambiente\/gestao-de-recursos-hidricos\/\" \/>\n<meta property=\"og:locale\" content=\"pt_BR\" \/>\n<meta property=\"og:type\" content=\"article\" \/>\n<meta property=\"og:title\" content=\"Gest\u00e3o de recursos h\u00eddricos - Keyplan\" \/>\n<meta property=\"og:description\" content=\"[vc_row][vc_column][vc_column_text] A KEY PLAN trabalha atualmente nos campos do tratamento e a reutiliza\u00e7\u00e3o de \u00e1gua. Para o tratamento de \u00e1guas, todas as entidades de saneamento defendem solu\u00e7\u00f5es tecnol\u00f3gicas que garantam...\" \/>\n<meta property=\"og:url\" content=\"https:\/\/www.keyplan.es\/pt-br\/servicos\/meio-ambiente\/gestao-de-recursos-hidricos\/\" \/>\n<meta property=\"og:site_name\" content=\"Keyplan\" \/>\n<meta property=\"article:modified_time\" content=\"2017-01-25T16:59:05+00:00\" \/>\n<meta name=\"twitter:card\" content=\"summary_large_image\" \/>\n<meta name=\"twitter:label1\" content=\"Est. tempo de leitura\" \/>\n\t<meta name=\"twitter:data1\" content=\"1 minuto\" \/>\n<script type=\"application\/ld+json\" class=\"yoast-schema-graph\">{\"@context\":\"https:\/\/schema.org\",\"@graph\":[{\"@type\":\"WebPage\",\"@id\":\"https:\/\/www.keyplan.es\/pt-br\/servicos\/meio-ambiente\/gestao-de-recursos-hidricos\/\",\"url\":\"https:\/\/www.keyplan.es\/pt-br\/servicos\/meio-ambiente\/gestao-de-recursos-hidricos\/\",\"name\":\"Gest\u00e3o de recursos h\u00eddricos - Keyplan\",\"isPartOf\":{\"@id\":\"\/#website\"},\"datePublished\":\"2017-01-17T17:48:18+00:00\",\"dateModified\":\"2017-01-25T16:59:05+00:00\",\"breadcrumb\":{\"@id\":\"https:\/\/www.keyplan.es\/pt-br\/servicos\/meio-ambiente\/gestao-de-recursos-hidricos\/#breadcrumb\"},\"inLanguage\":\"pt-BR\",\"potentialAction\":[{\"@type\":\"ReadAction\",\"target\":[\"https:\/\/www.keyplan.es\/pt-br\/servicos\/meio-ambiente\/gestao-de-recursos-hidricos\/\"]}]},{\"@type\":\"BreadcrumbList\",\"@id\":\"https:\/\/www.keyplan.es\/pt-br\/servicos\/meio-ambiente\/gestao-de-recursos-hidricos\/#breadcrumb\",\"itemListElement\":[{\"@type\":\"ListItem\",\"position\":1,\"name\":\"Portada\",\"item\":\"https:\/\/www.keyplan.es\/pt-br\/\"},{\"@type\":\"ListItem\",\"position\":2,\"name\":\"Servi\u00e7os\",\"item\":\"https:\/\/www.keyplan.es\/pt-br\/servicos\/\"},{\"@type\":\"ListItem\",\"position\":3,\"name\":\"Meio ambiente\",\"item\":\"https:\/\/www.keyplan.es\/pt-br\/servicos\/meio-ambiente\/\"},{\"@type\":\"ListItem\",\"position\":4,\"name\":\"Gest\u00e3o de recursos h\u00eddricos\"}]},{\"@type\":\"WebSite\",\"@id\":\"\/#website\",\"url\":\"\/\",\"name\":\"Keyplan\",\"description\":\"Ingenier\u00eda y consulting\",\"publisher\":{\"@id\":\"\/#organization\"},\"potentialAction\":[{\"@type\":\"SearchAction\",\"target\":{\"@type\":\"EntryPoint\",\"urlTemplate\":\"\/?s={search_term_string}\"},\"query-input\":\"required name=search_term_string\"}],\"inLanguage\":\"pt-BR\"},{\"@type\":\"Organization\",\"@id\":\"\/#organization\",\"name\":\"Key Plan\",\"url\":\"\/\",\"logo\":{\"@type\":\"ImageObject\",\"inLanguage\":\"pt-BR\",\"@id\":\"\/#\/schema\/logo\/image\/\",\"url\":\"https:\/\/www.keyplan.es\/wp-content\/uploads\/2016\/12\/logo.png\",\"contentUrl\":\"https:\/\/www.keyplan.es\/wp-content\/uploads\/2016\/12\/logo.png\",\"width\":184,\"height\":82,\"caption\":\"Key Plan\"},\"image\":{\"@id\":\"\/#\/schema\/logo\/image\/\"},\"sameAs\":[\"https:\/\/es.linkedin.com\/company\/keyplaningenieria\",\"https:\/\/www.instagram.com\/keyplan_ingenieria\/\"]}]}<\/script>\n<!-- \/ Yoast SEO plugin. -->","yoast_head_json":{"title":"Gest\u00e3o de recursos h\u00eddricos - Keyplan","robots":{"index":"index","follow":"follow","max-snippet":"max-snippet:-1","max-image-preview":"max-image-preview:large","max-video-preview":"max-video-preview:-1"},"canonical":"https:\/\/www.keyplan.es\/pt-br\/servicos\/meio-ambiente\/gestao-de-recursos-hidricos\/","og_locale":"pt_BR","og_type":"article","og_title":"Gest\u00e3o de recursos h\u00eddricos - Keyplan","og_description":"[vc_row][vc_column][vc_column_text] A KEY PLAN trabalha atualmente nos campos do tratamento e a reutiliza\u00e7\u00e3o de \u00e1gua. Para o tratamento de \u00e1guas, todas as entidades de saneamento defendem solu\u00e7\u00f5es tecnol\u00f3gicas que garantam...","og_url":"https:\/\/www.keyplan.es\/pt-br\/servicos\/meio-ambiente\/gestao-de-recursos-hidricos\/","og_site_name":"Keyplan","article_modified_time":"2017-01-25T16:59:05+00:00","twitter_card":"summary_large_image","twitter_misc":{"Est. tempo de leitura":"1 minuto"},"schema":{"@context":"https:\/\/schema.org","@graph":[{"@type":"WebPage","@id":"https:\/\/www.keyplan.es\/pt-br\/servicos\/meio-ambiente\/gestao-de-recursos-hidricos\/","url":"https:\/\/www.keyplan.es\/pt-br\/servicos\/meio-ambiente\/gestao-de-recursos-hidricos\/","name":"Gest\u00e3o de recursos h\u00eddricos - Keyplan","isPartOf":{"@id":"\/#website"},"datePublished":"2017-01-17T17:48:18+00:00","dateModified":"2017-01-25T16:59:05+00:00","breadcrumb":{"@id":"https:\/\/www.keyplan.es\/pt-br\/servicos\/meio-ambiente\/gestao-de-recursos-hidricos\/#breadcrumb"},"inLanguage":"pt-BR","potentialAction":[{"@type":"ReadAction","target":["https:\/\/www.keyplan.es\/pt-br\/servicos\/meio-ambiente\/gestao-de-recursos-hidricos\/"]}]},{"@type":"BreadcrumbList","@id":"https:\/\/www.keyplan.es\/pt-br\/servicos\/meio-ambiente\/gestao-de-recursos-hidricos\/#breadcrumb","itemListElement":[{"@type":"ListItem","position":1,"name":"Portada","item":"https:\/\/www.keyplan.es\/pt-br\/"},{"@type":"ListItem","position":2,"name":"Servi\u00e7os","item":"https:\/\/www.keyplan.es\/pt-br\/servicos\/"},{"@type":"ListItem","position":3,"name":"Meio ambiente","item":"https:\/\/www.keyplan.es\/pt-br\/servicos\/meio-ambiente\/"},{"@type":"ListItem","position":4,"name":"Gest\u00e3o de recursos h\u00eddricos"}]},{"@type":"WebSite","@id":"\/#website","url":"\/","name":"Keyplan","description":"Ingenier\u00eda y consulting","publisher":{"@id":"\/#organization"},"potentialAction":[{"@type":"SearchAction","target":{"@type":"EntryPoint","urlTemplate":"\/?s={search_term_string}"},"query-input":"required name=search_term_string"}],"inLanguage":"pt-BR"},{"@type":"Organization","@id":"\/#organization","name":"Key Plan","url":"\/","logo":{"@type":"ImageObject","inLanguage":"pt-BR","@id":"\/#\/schema\/logo\/image\/","url":"https:\/\/www.keyplan.es\/wp-content\/uploads\/2016\/12\/logo.png","contentUrl":"https:\/\/www.keyplan.es\/wp-content\/uploads\/2016\/12\/logo.png","width":184,"height":82,"caption":"Key Plan"},"image":{"@id":"\/#\/schema\/logo\/image\/"},"sameAs":["https:\/\/es.linkedin.com\/company\/keyplaningenieria","https:\/\/www.instagram.com\/keyplan_ingenieria\/"]}]}},"_links":{"self":[{"href":"https:\/\/www.keyplan.es\/pt-br\/wp-json\/wp\/v2\/pages\/4030"}],"collection":[{"href":"https:\/\/www.keyplan.es\/pt-br\/wp-json\/wp\/v2\/pages"}],"about":[{"href":"https:\/\/www.keyplan.es\/pt-br\/wp-json\/wp\/v2\/types\/page"}],"author":[{"embeddable":true,"href":"https:\/\/www.keyplan.es\/pt-br\/wp-json\/wp\/v2\/users\/1"}],"replies":[{"embeddable":true,"href":"https:\/\/www.keyplan.es\/pt-br\/wp-json\/wp\/v2\/comments?post=4030"}],"version-history":[{"count":0,"href":"https:\/\/www.keyplan.es\/pt-br\/wp-json\/wp\/v2\/pages\/4030\/revisions"}],"up":[{"embeddable":true,"href":"https:\/\/www.keyplan.es\/pt-br\/wp-json\/wp\/v2\/pages\/3852"}],"wp:attachment":[{"href":"https:\/\/www.keyplan.es\/pt-br\/wp-json\/wp\/v2\/media?parent=4030"}],"curies":[{"name":"wp","href":"https:\/\/api.w.org\/{rel}","templated":true}]}}