{"id":4038,"date":"2017-01-17T17:50:51","date_gmt":"2017-01-17T17:50:51","guid":{"rendered":"http:\/\/2016.keyplan.es\/meio-ambiente\/tratamiento-de-residuos-solidos-urbanos-e-industriales\/"},"modified":"2017-01-25T17:05:15","modified_gmt":"2017-01-25T17:05:15","slug":"tratamento-residuos-solidos","status":"publish","type":"page","link":"https:\/\/www.keyplan.es\/pt-br\/servicos\/meio-ambiente\/tratamento-residuos-solidos\/","title":{"rendered":"Tratamento res\u00edduos s\u00f3lidos"},"content":{"rendered":"<section class=\"wpb-content-wrapper\"><p>[vc_row][vc_column]<div class=\"mgt-header-block clearfix text-left text-black wpb_content_element  mgt-header-block-style-1 mgt-header-texttransform-header \"><h2 class=\"mgt-header-block-title\">Tratamento res\u00edduos s\u00f3lidos<\/h2><div class=\"mgt-header-line\"><\/div><\/div>[\/vc_column][\/vc_row][vc_row][vc_column][vc_column_text]A <strong>KEYPLAN<\/strong> desenvolveu projetos importantes como naves e sistemas de desidrata\u00e7\u00e3o em esta\u00e7\u00f5es de tratamento de res\u00edduos s\u00f3lidos urbanos.<\/p>\n<p>Temos enfrentado grandes problemas no nosso pa\u00eds executando projetos de incinera\u00e7\u00e3o para eliminar da cadeia alimentar humana e animal materiais espec\u00edficos de risco, e tudo isto com o melhor profissionalismo e garantindo a qualidade do nosso trabalho.[\/vc_column_text][\/vc_column][\/vc_row]<\/p>\n<\/section>","protected":false},"excerpt":{"rendered":"<p>[vc_row][vc_column][\/vc_column][\/vc_row][vc_row][vc_column][vc_column_text]A KEYPLAN desenvolveu projetos importantes como naves e sistemas de desidrata\u00e7\u00e3o em esta\u00e7\u00f5es de tratamento de res\u00edduos s\u00f3lidos urbanos. Temos enfrentado grandes problemas no nosso pa\u00eds executando projetos de incinera\u00e7\u00e3o&#8230;<\/p>\n","protected":false},"author":1,"featured_media":0,"parent":3852,"menu_order":0,"comment_status":"closed","ping_status":"closed","template":"","meta":{"footnotes":""},"yoast_head":"<!-- This site is optimized with the Yoast SEO plugin v21.9.1 - https:\/\/yoast.com\/wordpress\/plugins\/seo\/ -->\n<title>Tratamento res\u00edduos s\u00f3lidos - Keyplan<\/title>\n<meta name=\"robots\" content=\"index, follow, max-snippet:-1, max-image-preview:large, max-video-preview:-1\" \/>\n<link rel=\"canonical\" href=\"https:\/\/www.keyplan.es\/pt-br\/servicos\/meio-ambiente\/tratamento-residuos-solidos\/\" \/>\n<meta property=\"og:locale\" content=\"pt_BR\" \/>\n<meta property=\"og:type\" content=\"article\" \/>\n<meta property=\"og:title\" content=\"Tratamento res\u00edduos s\u00f3lidos - Keyplan\" \/>\n<meta property=\"og:description\" content=\"[vc_row][vc_column][\/vc_column][\/vc_row][vc_row][vc_column][vc_column_text]A KEYPLAN desenvolveu projetos importantes como naves e sistemas de desidrata\u00e7\u00e3o em esta\u00e7\u00f5es de tratamento de res\u00edduos s\u00f3lidos urbanos. Temos enfrentado grandes problemas no nosso pa\u00eds executando projetos de incinera\u00e7\u00e3o...\" \/>\n<meta property=\"og:url\" content=\"https:\/\/www.keyplan.es\/pt-br\/servicos\/meio-ambiente\/tratamento-residuos-solidos\/\" \/>\n<meta property=\"og:site_name\" content=\"Keyplan\" \/>\n<meta property=\"article:modified_time\" content=\"2017-01-25T17:05:15+00:00\" \/>\n<meta name=\"twitter:card\" content=\"summary_large_image\" \/>\n<script type=\"application\/ld+json\" class=\"yoast-schema-graph\">{\"@context\":\"https:\/\/schema.org\",\"@graph\":[{\"@type\":\"WebPage\",\"@id\":\"https:\/\/www.keyplan.es\/pt-br\/servicos\/meio-ambiente\/tratamento-residuos-solidos\/\",\"url\":\"https:\/\/www.keyplan.es\/pt-br\/servicos\/meio-ambiente\/tratamento-residuos-solidos\/\",\"name\":\"Tratamento res\u00edduos s\u00f3lidos - Keyplan\",\"isPartOf\":{\"@id\":\"\/#website\"},\"datePublished\":\"2017-01-17T17:50:51+00:00\",\"dateModified\":\"2017-01-25T17:05:15+00:00\",\"breadcrumb\":{\"@id\":\"https:\/\/www.keyplan.es\/pt-br\/servicos\/meio-ambiente\/tratamento-residuos-solidos\/#breadcrumb\"},\"inLanguage\":\"pt-BR\",\"potentialAction\":[{\"@type\":\"ReadAction\",\"target\":[\"https:\/\/www.keyplan.es\/pt-br\/servicos\/meio-ambiente\/tratamento-residuos-solidos\/\"]}]},{\"@type\":\"BreadcrumbList\",\"@id\":\"https:\/\/www.keyplan.es\/pt-br\/servicos\/meio-ambiente\/tratamento-residuos-solidos\/#breadcrumb\",\"itemListElement\":[{\"@type\":\"ListItem\",\"position\":1,\"name\":\"Portada\",\"item\":\"https:\/\/www.keyplan.es\/pt-br\/\"},{\"@type\":\"ListItem\",\"position\":2,\"name\":\"Servi\u00e7os\",\"item\":\"https:\/\/www.keyplan.es\/pt-br\/servicos\/\"},{\"@type\":\"ListItem\",\"position\":3,\"name\":\"Meio ambiente\",\"item\":\"https:\/\/www.keyplan.es\/pt-br\/servicos\/meio-ambiente\/\"},{\"@type\":\"ListItem\",\"position\":4,\"name\":\"Tratamento res\u00edduos s\u00f3lidos\"}]},{\"@type\":\"WebSite\",\"@id\":\"\/#website\",\"url\":\"\/\",\"name\":\"Keyplan\",\"description\":\"Ingenier\u00eda y consulting\",\"publisher\":{\"@id\":\"\/#organization\"},\"potentialAction\":[{\"@type\":\"SearchAction\",\"target\":{\"@type\":\"EntryPoint\",\"urlTemplate\":\"\/?s={search_term_string}\"},\"query-input\":\"required name=search_term_string\"}],\"inLanguage\":\"pt-BR\"},{\"@type\":\"Organization\",\"@id\":\"\/#organization\",\"name\":\"Key Plan\",\"url\":\"\/\",\"logo\":{\"@type\":\"ImageObject\",\"inLanguage\":\"pt-BR\",\"@id\":\"\/#\/schema\/logo\/image\/\",\"url\":\"https:\/\/www.keyplan.es\/wp-content\/uploads\/2016\/12\/logo.png\",\"contentUrl\":\"https:\/\/www.keyplan.es\/wp-content\/uploads\/2016\/12\/logo.png\",\"width\":184,\"height\":82,\"caption\":\"Key Plan\"},\"image\":{\"@id\":\"\/#\/schema\/logo\/image\/\"},\"sameAs\":[\"https:\/\/es.linkedin.com\/company\/keyplaningenieria\",\"https:\/\/www.instagram.com\/keyplan_ingenieria\/\"]}]}<\/script>\n<!-- \/ Yoast SEO plugin. -->","yoast_head_json":{"title":"Tratamento res\u00edduos s\u00f3lidos - Keyplan","robots":{"index":"index","follow":"follow","max-snippet":"max-snippet:-1","max-image-preview":"max-image-preview:large","max-video-preview":"max-video-preview:-1"},"canonical":"https:\/\/www.keyplan.es\/pt-br\/servicos\/meio-ambiente\/tratamento-residuos-solidos\/","og_locale":"pt_BR","og_type":"article","og_title":"Tratamento res\u00edduos s\u00f3lidos - Keyplan","og_description":"[vc_row][vc_column][\/vc_column][\/vc_row][vc_row][vc_column][vc_column_text]A KEYPLAN desenvolveu projetos importantes como naves e sistemas de desidrata\u00e7\u00e3o em esta\u00e7\u00f5es de tratamento de res\u00edduos s\u00f3lidos urbanos. Temos enfrentado grandes problemas no nosso pa\u00eds executando projetos de incinera\u00e7\u00e3o...","og_url":"https:\/\/www.keyplan.es\/pt-br\/servicos\/meio-ambiente\/tratamento-residuos-solidos\/","og_site_name":"Keyplan","article_modified_time":"2017-01-25T17:05:15+00:00","twitter_card":"summary_large_image","schema":{"@context":"https:\/\/schema.org","@graph":[{"@type":"WebPage","@id":"https:\/\/www.keyplan.es\/pt-br\/servicos\/meio-ambiente\/tratamento-residuos-solidos\/","url":"https:\/\/www.keyplan.es\/pt-br\/servicos\/meio-ambiente\/tratamento-residuos-solidos\/","name":"Tratamento res\u00edduos s\u00f3lidos - Keyplan","isPartOf":{"@id":"\/#website"},"datePublished":"2017-01-17T17:50:51+00:00","dateModified":"2017-01-25T17:05:15+00:00","breadcrumb":{"@id":"https:\/\/www.keyplan.es\/pt-br\/servicos\/meio-ambiente\/tratamento-residuos-solidos\/#breadcrumb"},"inLanguage":"pt-BR","potentialAction":[{"@type":"ReadAction","target":["https:\/\/www.keyplan.es\/pt-br\/servicos\/meio-ambiente\/tratamento-residuos-solidos\/"]}]},{"@type":"BreadcrumbList","@id":"https:\/\/www.keyplan.es\/pt-br\/servicos\/meio-ambiente\/tratamento-residuos-solidos\/#breadcrumb","itemListElement":[{"@type":"ListItem","position":1,"name":"Portada","item":"https:\/\/www.keyplan.es\/pt-br\/"},{"@type":"ListItem","position":2,"name":"Servi\u00e7os","item":"https:\/\/www.keyplan.es\/pt-br\/servicos\/"},{"@type":"ListItem","position":3,"name":"Meio ambiente","item":"https:\/\/www.keyplan.es\/pt-br\/servicos\/meio-ambiente\/"},{"@type":"ListItem","position":4,"name":"Tratamento res\u00edduos s\u00f3lidos"}]},{"@type":"WebSite","@id":"\/#website","url":"\/","name":"Keyplan","description":"Ingenier\u00eda y consulting","publisher":{"@id":"\/#organization"},"potentialAction":[{"@type":"SearchAction","target":{"@type":"EntryPoint","urlTemplate":"\/?s={search_term_string}"},"query-input":"required name=search_term_string"}],"inLanguage":"pt-BR"},{"@type":"Organization","@id":"\/#organization","name":"Key Plan","url":"\/","logo":{"@type":"ImageObject","inLanguage":"pt-BR","@id":"\/#\/schema\/logo\/image\/","url":"https:\/\/www.keyplan.es\/wp-content\/uploads\/2016\/12\/logo.png","contentUrl":"https:\/\/www.keyplan.es\/wp-content\/uploads\/2016\/12\/logo.png","width":184,"height":82,"caption":"Key Plan"},"image":{"@id":"\/#\/schema\/logo\/image\/"},"sameAs":["https:\/\/es.linkedin.com\/company\/keyplaningenieria","https:\/\/www.instagram.com\/keyplan_ingenieria\/"]}]}},"_links":{"self":[{"href":"https:\/\/www.keyplan.es\/pt-br\/wp-json\/wp\/v2\/pages\/4038"}],"collection":[{"href":"https:\/\/www.keyplan.es\/pt-br\/wp-json\/wp\/v2\/pages"}],"about":[{"href":"https:\/\/www.keyplan.es\/pt-br\/wp-json\/wp\/v2\/types\/page"}],"author":[{"embeddable":true,"href":"https:\/\/www.keyplan.es\/pt-br\/wp-json\/wp\/v2\/users\/1"}],"replies":[{"embeddable":true,"href":"https:\/\/www.keyplan.es\/pt-br\/wp-json\/wp\/v2\/comments?post=4038"}],"version-history":[{"count":0,"href":"https:\/\/www.keyplan.es\/pt-br\/wp-json\/wp\/v2\/pages\/4038\/revisions"}],"up":[{"embeddable":true,"href":"https:\/\/www.keyplan.es\/pt-br\/wp-json\/wp\/v2\/pages\/3852"}],"wp:attachment":[{"href":"https:\/\/www.keyplan.es\/pt-br\/wp-json\/wp\/v2\/media?parent=4038"}],"curies":[{"name":"wp","href":"https:\/\/api.w.org\/{rel}","templated":true}]}}