{"id":4045,"date":"2017-01-18T11:21:57","date_gmt":"2017-01-18T11:21:57","guid":{"rendered":"http:\/\/2016.keyplan.es\/meio-ambiente\/nuestros-clientes\/"},"modified":"2018-01-03T17:52:15","modified_gmt":"2018-01-03T17:52:15","slug":"nossos-clientes","status":"publish","type":"page","link":"https:\/\/www.keyplan.es\/pt-br\/servicos\/meio-ambiente\/nossos-clientes\/","title":{"rendered":"Nossos clientes"},"content":{"rendered":"<section class=\"wpb-content-wrapper\"><p>[vc_row][vc_column]<div class=\"mgt-header-block clearfix text-left text-black wpb_content_element  mgt-header-block-style-1 mgt-header-texttransform-header \"><h2 class=\"mgt-header-block-title\">Nossos clientes<\/h2><div class=\"mgt-header-line\"><\/div><\/div>[\/vc_column][\/vc_row][vc_row][vc_column][vc_column_text]<\/p>\n<div id=\"block-system-main\" class=\" last region-block contextual-links-region\">\n<div class=\"content clearfix\">\n<div id=\"node-37\" class=\"node node-page clearfix\" about=\"\/br\/medioambiental-nossos-clientes\" typeof=\"foaf:Document\">\n<div class=\"content clearfix\">\n<div class=\"field field-name-body field-type-text-with-summary field-label-hidden\">\n<div class=\"field-items\">\n<div class=\"field-item even\" property=\"content:encoded\">\n<p><strong>STAC SL<\/strong> (Sistemas T\u00e9cnicos del accesorio &#8211; Padr\u00f3n)<\/p>\n<ul>\n<li>Proyecto de actividad para la implantaci\u00f3n de proceso de panel composite de aluminio.<\/li>\n<li>Proyecto de instalaci\u00f3n depuradora de aguas industriales.<\/li>\n<\/ul>\n<p><strong>ESTACI\u00d3N DEPURADORA DE AGUAS RESIDUALES<\/strong> (Marruecos)<\/p>\n<ul>\n<li>Anteproyecto estaci\u00f3n depuradora de aguas residuales para tratamiento de aguas residuales en complejo resiedencial.<\/li>\n<\/ul>\n<p><strong>PLANTA INCINERADORA DE MATERIALES ESPEC\u00cdFICOS DE RIESGOS<\/strong> (MER)<\/p>\n<ul>\n<li>Proyecto de instalaci\u00f3n de una planta incineradora para eliminaci\u00f3n de la cadena de alimentaci\u00f3n humana y animal de los materiales espec\u00edficos de riesgo.<\/li>\n<\/ul>\n<p><strong>NOSTI\u00c1N<\/strong><\/p>\n<ul>\n<li>Proyecto de obra civil para nave de deshidrataci\u00f3n en la planta de tratamiento de residuos s\u00f3lidos urbanos.<\/li>\n<\/ul>\n<p><strong>TOP WASH, SL<\/strong><\/p>\n<ul>\n<li>Estaci\u00f3n depuradora de aguas residuales.<\/li>\n<\/ul>\n<p><strong>PORT-VIGO, S.L.<\/strong><\/p>\n<ul>\n<li>Anteproyecto planta de tratamiento de residuos l\u00edquidos oleosos.<\/li>\n<\/ul>\n<p><strong>SUCESORES DE SEVERINO G\u00d3MEZ<\/strong><\/p>\n<ul>\n<li>Anteproyecto secadero de lodos.<\/li>\n<\/ul>\n<\/div>\n<\/div>\n<\/div>\n<\/div>\n<\/div>\n<\/div>\n<\/div>\n<p>[\/vc_column_text][\/vc_column][\/vc_row]<\/p>\n<\/section>","protected":false},"excerpt":{"rendered":"<p>[vc_row][vc_column][\/vc_column][\/vc_row][vc_row][vc_column][vc_column_text] STAC SL (Sistemas T\u00e9cnicos del accesorio &#8211; Padr\u00f3n) Proyecto de actividad para la implantaci\u00f3n de proceso de panel composite de aluminio. Proyecto de instalaci\u00f3n depuradora de aguas industriales. ESTACI\u00d3N&#8230;<\/p>\n","protected":false},"author":1,"featured_media":0,"parent":3852,"menu_order":0,"comment_status":"closed","ping_status":"closed","template":"","meta":{"footnotes":""},"yoast_head":"<!-- This site is optimized with the Yoast SEO plugin v21.9.1 - https:\/\/yoast.com\/wordpress\/plugins\/seo\/ -->\n<title>Nossos clientes - Keyplan<\/title>\n<meta name=\"robots\" content=\"index, follow, max-snippet:-1, max-image-preview:large, max-video-preview:-1\" \/>\n<link rel=\"canonical\" href=\"https:\/\/www.keyplan.es\/pt-br\/servicos\/meio-ambiente\/nossos-clientes\/\" \/>\n<meta property=\"og:locale\" content=\"pt_BR\" \/>\n<meta property=\"og:type\" content=\"article\" \/>\n<meta property=\"og:title\" content=\"Nossos clientes - Keyplan\" \/>\n<meta property=\"og:description\" content=\"[vc_row][vc_column][\/vc_column][\/vc_row][vc_row][vc_column][vc_column_text] STAC SL (Sistemas T\u00e9cnicos del accesorio &#8211; Padr\u00f3n) Proyecto de actividad para la implantaci\u00f3n de proceso de panel composite de aluminio. Proyecto de instalaci\u00f3n depuradora de aguas industriales. ESTACI\u00d3N...\" \/>\n<meta property=\"og:url\" content=\"https:\/\/www.keyplan.es\/pt-br\/servicos\/meio-ambiente\/nossos-clientes\/\" \/>\n<meta property=\"og:site_name\" content=\"Keyplan\" \/>\n<meta property=\"article:modified_time\" content=\"2018-01-03T17:52:15+00:00\" \/>\n<meta name=\"twitter:card\" content=\"summary_large_image\" \/>\n<meta name=\"twitter:label1\" content=\"Est. tempo de leitura\" \/>\n\t<meta name=\"twitter:data1\" content=\"1 minuto\" \/>\n<script type=\"application\/ld+json\" class=\"yoast-schema-graph\">{\"@context\":\"https:\/\/schema.org\",\"@graph\":[{\"@type\":\"WebPage\",\"@id\":\"https:\/\/www.keyplan.es\/pt-br\/servicos\/meio-ambiente\/nossos-clientes\/\",\"url\":\"https:\/\/www.keyplan.es\/pt-br\/servicos\/meio-ambiente\/nossos-clientes\/\",\"name\":\"Nossos clientes - Keyplan\",\"isPartOf\":{\"@id\":\"\/#website\"},\"datePublished\":\"2017-01-18T11:21:57+00:00\",\"dateModified\":\"2018-01-03T17:52:15+00:00\",\"breadcrumb\":{\"@id\":\"https:\/\/www.keyplan.es\/pt-br\/servicos\/meio-ambiente\/nossos-clientes\/#breadcrumb\"},\"inLanguage\":\"pt-BR\",\"potentialAction\":[{\"@type\":\"ReadAction\",\"target\":[\"https:\/\/www.keyplan.es\/pt-br\/servicos\/meio-ambiente\/nossos-clientes\/\"]}]},{\"@type\":\"BreadcrumbList\",\"@id\":\"https:\/\/www.keyplan.es\/pt-br\/servicos\/meio-ambiente\/nossos-clientes\/#breadcrumb\",\"itemListElement\":[{\"@type\":\"ListItem\",\"position\":1,\"name\":\"Portada\",\"item\":\"https:\/\/www.keyplan.es\/pt-br\/\"},{\"@type\":\"ListItem\",\"position\":2,\"name\":\"Servi\u00e7os\",\"item\":\"https:\/\/www.keyplan.es\/pt-br\/servicos\/\"},{\"@type\":\"ListItem\",\"position\":3,\"name\":\"Meio ambiente\",\"item\":\"https:\/\/www.keyplan.es\/pt-br\/servicos\/meio-ambiente\/\"},{\"@type\":\"ListItem\",\"position\":4,\"name\":\"Nossos clientes\"}]},{\"@type\":\"WebSite\",\"@id\":\"\/#website\",\"url\":\"\/\",\"name\":\"Keyplan\",\"description\":\"Ingenier\u00eda y consulting\",\"publisher\":{\"@id\":\"\/#organization\"},\"potentialAction\":[{\"@type\":\"SearchAction\",\"target\":{\"@type\":\"EntryPoint\",\"urlTemplate\":\"\/?s={search_term_string}\"},\"query-input\":\"required name=search_term_string\"}],\"inLanguage\":\"pt-BR\"},{\"@type\":\"Organization\",\"@id\":\"\/#organization\",\"name\":\"Key Plan\",\"url\":\"\/\",\"logo\":{\"@type\":\"ImageObject\",\"inLanguage\":\"pt-BR\",\"@id\":\"\/#\/schema\/logo\/image\/\",\"url\":\"https:\/\/www.keyplan.es\/wp-content\/uploads\/2016\/12\/logo.png\",\"contentUrl\":\"https:\/\/www.keyplan.es\/wp-content\/uploads\/2016\/12\/logo.png\",\"width\":184,\"height\":82,\"caption\":\"Key Plan\"},\"image\":{\"@id\":\"\/#\/schema\/logo\/image\/\"},\"sameAs\":[\"https:\/\/es.linkedin.com\/company\/keyplaningenieria\",\"https:\/\/www.instagram.com\/keyplan_ingenieria\/\"]}]}<\/script>\n<!-- \/ Yoast SEO plugin. -->","yoast_head_json":{"title":"Nossos clientes - Keyplan","robots":{"index":"index","follow":"follow","max-snippet":"max-snippet:-1","max-image-preview":"max-image-preview:large","max-video-preview":"max-video-preview:-1"},"canonical":"https:\/\/www.keyplan.es\/pt-br\/servicos\/meio-ambiente\/nossos-clientes\/","og_locale":"pt_BR","og_type":"article","og_title":"Nossos clientes - Keyplan","og_description":"[vc_row][vc_column][\/vc_column][\/vc_row][vc_row][vc_column][vc_column_text] STAC SL (Sistemas T\u00e9cnicos del accesorio &#8211; Padr\u00f3n) Proyecto de actividad para la implantaci\u00f3n de proceso de panel composite de aluminio. Proyecto de instalaci\u00f3n depuradora de aguas industriales. ESTACI\u00d3N...","og_url":"https:\/\/www.keyplan.es\/pt-br\/servicos\/meio-ambiente\/nossos-clientes\/","og_site_name":"Keyplan","article_modified_time":"2018-01-03T17:52:15+00:00","twitter_card":"summary_large_image","twitter_misc":{"Est. tempo de leitura":"1 minuto"},"schema":{"@context":"https:\/\/schema.org","@graph":[{"@type":"WebPage","@id":"https:\/\/www.keyplan.es\/pt-br\/servicos\/meio-ambiente\/nossos-clientes\/","url":"https:\/\/www.keyplan.es\/pt-br\/servicos\/meio-ambiente\/nossos-clientes\/","name":"Nossos clientes - Keyplan","isPartOf":{"@id":"\/#website"},"datePublished":"2017-01-18T11:21:57+00:00","dateModified":"2018-01-03T17:52:15+00:00","breadcrumb":{"@id":"https:\/\/www.keyplan.es\/pt-br\/servicos\/meio-ambiente\/nossos-clientes\/#breadcrumb"},"inLanguage":"pt-BR","potentialAction":[{"@type":"ReadAction","target":["https:\/\/www.keyplan.es\/pt-br\/servicos\/meio-ambiente\/nossos-clientes\/"]}]},{"@type":"BreadcrumbList","@id":"https:\/\/www.keyplan.es\/pt-br\/servicos\/meio-ambiente\/nossos-clientes\/#breadcrumb","itemListElement":[{"@type":"ListItem","position":1,"name":"Portada","item":"https:\/\/www.keyplan.es\/pt-br\/"},{"@type":"ListItem","position":2,"name":"Servi\u00e7os","item":"https:\/\/www.keyplan.es\/pt-br\/servicos\/"},{"@type":"ListItem","position":3,"name":"Meio ambiente","item":"https:\/\/www.keyplan.es\/pt-br\/servicos\/meio-ambiente\/"},{"@type":"ListItem","position":4,"name":"Nossos clientes"}]},{"@type":"WebSite","@id":"\/#website","url":"\/","name":"Keyplan","description":"Ingenier\u00eda y consulting","publisher":{"@id":"\/#organization"},"potentialAction":[{"@type":"SearchAction","target":{"@type":"EntryPoint","urlTemplate":"\/?s={search_term_string}"},"query-input":"required name=search_term_string"}],"inLanguage":"pt-BR"},{"@type":"Organization","@id":"\/#organization","name":"Key Plan","url":"\/","logo":{"@type":"ImageObject","inLanguage":"pt-BR","@id":"\/#\/schema\/logo\/image\/","url":"https:\/\/www.keyplan.es\/wp-content\/uploads\/2016\/12\/logo.png","contentUrl":"https:\/\/www.keyplan.es\/wp-content\/uploads\/2016\/12\/logo.png","width":184,"height":82,"caption":"Key Plan"},"image":{"@id":"\/#\/schema\/logo\/image\/"},"sameAs":["https:\/\/es.linkedin.com\/company\/keyplaningenieria","https:\/\/www.instagram.com\/keyplan_ingenieria\/"]}]}},"_links":{"self":[{"href":"https:\/\/www.keyplan.es\/pt-br\/wp-json\/wp\/v2\/pages\/4045"}],"collection":[{"href":"https:\/\/www.keyplan.es\/pt-br\/wp-json\/wp\/v2\/pages"}],"about":[{"href":"https:\/\/www.keyplan.es\/pt-br\/wp-json\/wp\/v2\/types\/page"}],"author":[{"embeddable":true,"href":"https:\/\/www.keyplan.es\/pt-br\/wp-json\/wp\/v2\/users\/1"}],"replies":[{"embeddable":true,"href":"https:\/\/www.keyplan.es\/pt-br\/wp-json\/wp\/v2\/comments?post=4045"}],"version-history":[{"count":0,"href":"https:\/\/www.keyplan.es\/pt-br\/wp-json\/wp\/v2\/pages\/4045\/revisions"}],"up":[{"embeddable":true,"href":"https:\/\/www.keyplan.es\/pt-br\/wp-json\/wp\/v2\/pages\/3852"}],"wp:attachment":[{"href":"https:\/\/www.keyplan.es\/pt-br\/wp-json\/wp\/v2\/media?parent=4045"}],"curies":[{"name":"wp","href":"https:\/\/api.w.org\/{rel}","templated":true}]}}