{"id":4058,"date":"2017-01-18T12:15:03","date_gmt":"2017-01-18T12:15:03","guid":{"rendered":"http:\/\/2016.keyplan.es\/proyectos\/"},"modified":"2017-01-26T10:19:09","modified_gmt":"2017-01-26T10:19:09","slug":"projetos","status":"publish","type":"page","link":"https:\/\/www.keyplan.es\/pt-br\/projetos\/","title":{"rendered":"Projetos"},"content":{"rendered":"<section class=\"wpb-content-wrapper\"><p>[vc_row][vc_column]<div class=\"mgt-header-block clearfix text-left text-black wpb_content_element  mgt-header-block-style-1 mgt-header-texttransform-header \"><h2 class=\"mgt-header-block-title\">Obras en andamento<\/h2><div class=\"mgt-header-line\"><\/div><\/div>[\/vc_column][\/vc_row][vc_row][vc_column][vc_column_text]<\/p>\n<ul>\n<li><strong> Projeto Linha de M\u00e9dia Tens\u00e3o em Enchidos Rodriguez<\/strong><br \/>\nLe\u00f3n<\/li>\n<li><strong> Usina de cogera\u00e7\u00e3o Pescanova <\/strong><br \/>\nPorri\u00f1o &#8211; Pontevedra<\/li>\n<li><strong> Usina biomassa ORC de Puertas Vales <\/strong><br \/>\nAranga &#8211; Coru\u00f1a<\/li>\n<li><strong> F\u00e1bricas anodizado &#8211; lacados en Aluminios Cortizo <\/strong><br \/>\nPadr\u00f3n &#8211; A Coru\u00f1a<\/li>\n<li><strong> Obras civis, instala\u00e7\u00f5es de projeto e atividade edif\u00edcio industrial que visa passar dos t\u00eaxteis <\/strong><br \/>\nSab\u00f3n &#8211; Arteixo<\/li>\n<\/ul>\n<p>[\/vc_column_text][\/vc_column][\/vc_row]<\/p>\n<\/section>","protected":false},"excerpt":{"rendered":"<p>[vc_row][vc_column][\/vc_column][\/vc_row][vc_row][vc_column][vc_column_text] Projeto Linha de M\u00e9dia Tens\u00e3o em Enchidos Rodriguez Le\u00f3n Usina de cogera\u00e7\u00e3o Pescanova Porri\u00f1o &#8211; Pontevedra Usina biomassa ORC de Puertas Vales Aranga &#8211; Coru\u00f1a F\u00e1bricas anodizado &#8211; lacados&#8230;<\/p>\n","protected":false},"author":1,"featured_media":0,"parent":0,"menu_order":0,"comment_status":"closed","ping_status":"closed","template":"","meta":{"footnotes":""},"yoast_head":"<!-- This site is optimized with the Yoast SEO plugin v21.9.1 - https:\/\/yoast.com\/wordpress\/plugins\/seo\/ -->\n<title>Projetos - Keyplan<\/title>\n<meta name=\"robots\" content=\"index, follow, max-snippet:-1, max-image-preview:large, max-video-preview:-1\" \/>\n<link rel=\"canonical\" href=\"https:\/\/www.keyplan.es\/pt-br\/projetos\/\" \/>\n<meta property=\"og:locale\" content=\"pt_BR\" \/>\n<meta property=\"og:type\" content=\"article\" \/>\n<meta property=\"og:title\" content=\"Projetos - Keyplan\" \/>\n<meta property=\"og:description\" content=\"[vc_row][vc_column][\/vc_column][\/vc_row][vc_row][vc_column][vc_column_text] Projeto Linha de M\u00e9dia Tens\u00e3o em Enchidos Rodriguez Le\u00f3n Usina de cogera\u00e7\u00e3o Pescanova Porri\u00f1o &#8211; Pontevedra Usina biomassa ORC de Puertas Vales Aranga &#8211; Coru\u00f1a F\u00e1bricas anodizado &#8211; lacados...\" \/>\n<meta property=\"og:url\" content=\"https:\/\/www.keyplan.es\/pt-br\/projetos\/\" \/>\n<meta property=\"og:site_name\" content=\"Keyplan\" \/>\n<meta property=\"article:modified_time\" content=\"2017-01-26T10:19:09+00:00\" \/>\n<meta name=\"twitter:card\" content=\"summary_large_image\" \/>\n<script type=\"application\/ld+json\" class=\"yoast-schema-graph\">{\"@context\":\"https:\/\/schema.org\",\"@graph\":[{\"@type\":\"WebPage\",\"@id\":\"https:\/\/www.keyplan.es\/pt-br\/projetos\/\",\"url\":\"https:\/\/www.keyplan.es\/pt-br\/projetos\/\",\"name\":\"Projetos - Keyplan\",\"isPartOf\":{\"@id\":\"\/#website\"},\"datePublished\":\"2017-01-18T12:15:03+00:00\",\"dateModified\":\"2017-01-26T10:19:09+00:00\",\"breadcrumb\":{\"@id\":\"https:\/\/www.keyplan.es\/pt-br\/projetos\/#breadcrumb\"},\"inLanguage\":\"pt-BR\",\"potentialAction\":[{\"@type\":\"ReadAction\",\"target\":[\"https:\/\/www.keyplan.es\/pt-br\/projetos\/\"]}]},{\"@type\":\"BreadcrumbList\",\"@id\":\"https:\/\/www.keyplan.es\/pt-br\/projetos\/#breadcrumb\",\"itemListElement\":[{\"@type\":\"ListItem\",\"position\":1,\"name\":\"Portada\",\"item\":\"https:\/\/www.keyplan.es\/pt-br\/\"},{\"@type\":\"ListItem\",\"position\":2,\"name\":\"Projetos\"}]},{\"@type\":\"WebSite\",\"@id\":\"\/#website\",\"url\":\"\/\",\"name\":\"Keyplan\",\"description\":\"Ingenier\u00eda y consulting\",\"publisher\":{\"@id\":\"\/#organization\"},\"potentialAction\":[{\"@type\":\"SearchAction\",\"target\":{\"@type\":\"EntryPoint\",\"urlTemplate\":\"\/?s={search_term_string}\"},\"query-input\":\"required name=search_term_string\"}],\"inLanguage\":\"pt-BR\"},{\"@type\":\"Organization\",\"@id\":\"\/#organization\",\"name\":\"Key Plan\",\"url\":\"\/\",\"logo\":{\"@type\":\"ImageObject\",\"inLanguage\":\"pt-BR\",\"@id\":\"\/#\/schema\/logo\/image\/\",\"url\":\"https:\/\/www.keyplan.es\/wp-content\/uploads\/2016\/12\/logo.png\",\"contentUrl\":\"https:\/\/www.keyplan.es\/wp-content\/uploads\/2016\/12\/logo.png\",\"width\":184,\"height\":82,\"caption\":\"Key Plan\"},\"image\":{\"@id\":\"\/#\/schema\/logo\/image\/\"},\"sameAs\":[\"https:\/\/es.linkedin.com\/company\/keyplaningenieria\",\"https:\/\/www.instagram.com\/keyplan_ingenieria\/\"]}]}<\/script>\n<!-- \/ Yoast SEO plugin. -->","yoast_head_json":{"title":"Projetos - Keyplan","robots":{"index":"index","follow":"follow","max-snippet":"max-snippet:-1","max-image-preview":"max-image-preview:large","max-video-preview":"max-video-preview:-1"},"canonical":"https:\/\/www.keyplan.es\/pt-br\/projetos\/","og_locale":"pt_BR","og_type":"article","og_title":"Projetos - Keyplan","og_description":"[vc_row][vc_column][\/vc_column][\/vc_row][vc_row][vc_column][vc_column_text] Projeto Linha de M\u00e9dia Tens\u00e3o em Enchidos Rodriguez Le\u00f3n Usina de cogera\u00e7\u00e3o Pescanova Porri\u00f1o &#8211; Pontevedra Usina biomassa ORC de Puertas Vales Aranga &#8211; Coru\u00f1a F\u00e1bricas anodizado &#8211; lacados...","og_url":"https:\/\/www.keyplan.es\/pt-br\/projetos\/","og_site_name":"Keyplan","article_modified_time":"2017-01-26T10:19:09+00:00","twitter_card":"summary_large_image","schema":{"@context":"https:\/\/schema.org","@graph":[{"@type":"WebPage","@id":"https:\/\/www.keyplan.es\/pt-br\/projetos\/","url":"https:\/\/www.keyplan.es\/pt-br\/projetos\/","name":"Projetos - Keyplan","isPartOf":{"@id":"\/#website"},"datePublished":"2017-01-18T12:15:03+00:00","dateModified":"2017-01-26T10:19:09+00:00","breadcrumb":{"@id":"https:\/\/www.keyplan.es\/pt-br\/projetos\/#breadcrumb"},"inLanguage":"pt-BR","potentialAction":[{"@type":"ReadAction","target":["https:\/\/www.keyplan.es\/pt-br\/projetos\/"]}]},{"@type":"BreadcrumbList","@id":"https:\/\/www.keyplan.es\/pt-br\/projetos\/#breadcrumb","itemListElement":[{"@type":"ListItem","position":1,"name":"Portada","item":"https:\/\/www.keyplan.es\/pt-br\/"},{"@type":"ListItem","position":2,"name":"Projetos"}]},{"@type":"WebSite","@id":"\/#website","url":"\/","name":"Keyplan","description":"Ingenier\u00eda y consulting","publisher":{"@id":"\/#organization"},"potentialAction":[{"@type":"SearchAction","target":{"@type":"EntryPoint","urlTemplate":"\/?s={search_term_string}"},"query-input":"required name=search_term_string"}],"inLanguage":"pt-BR"},{"@type":"Organization","@id":"\/#organization","name":"Key Plan","url":"\/","logo":{"@type":"ImageObject","inLanguage":"pt-BR","@id":"\/#\/schema\/logo\/image\/","url":"https:\/\/www.keyplan.es\/wp-content\/uploads\/2016\/12\/logo.png","contentUrl":"https:\/\/www.keyplan.es\/wp-content\/uploads\/2016\/12\/logo.png","width":184,"height":82,"caption":"Key Plan"},"image":{"@id":"\/#\/schema\/logo\/image\/"},"sameAs":["https:\/\/es.linkedin.com\/company\/keyplaningenieria","https:\/\/www.instagram.com\/keyplan_ingenieria\/"]}]}},"_links":{"self":[{"href":"https:\/\/www.keyplan.es\/pt-br\/wp-json\/wp\/v2\/pages\/4058"}],"collection":[{"href":"https:\/\/www.keyplan.es\/pt-br\/wp-json\/wp\/v2\/pages"}],"about":[{"href":"https:\/\/www.keyplan.es\/pt-br\/wp-json\/wp\/v2\/types\/page"}],"author":[{"embeddable":true,"href":"https:\/\/www.keyplan.es\/pt-br\/wp-json\/wp\/v2\/users\/1"}],"replies":[{"embeddable":true,"href":"https:\/\/www.keyplan.es\/pt-br\/wp-json\/wp\/v2\/comments?post=4058"}],"version-history":[{"count":0,"href":"https:\/\/www.keyplan.es\/pt-br\/wp-json\/wp\/v2\/pages\/4058\/revisions"}],"wp:attachment":[{"href":"https:\/\/www.keyplan.es\/pt-br\/wp-json\/wp\/v2\/media?parent=4058"}],"curies":[{"name":"wp","href":"https:\/\/api.w.org\/{rel}","templated":true}]}}