{"id":4094,"date":"2016-12-28T10:13:10","date_gmt":"2016-12-28T10:13:10","guid":{"rendered":"http:\/\/2016.keyplan.es\/terminos-de-uso\/"},"modified":"2017-01-25T18:00:46","modified_gmt":"2017-01-25T18:00:46","slug":"termos-de-uso","status":"publish","type":"page","link":"https:\/\/www.keyplan.es\/pt-br\/termos-de-uso\/","title":{"rendered":"Termos de uso"},"content":{"rendered":"<section class=\"wpb-content-wrapper\"><p>[vc_row][vc_column][vc_column_text]<\/p>\n<div id=\"block-system-main\" class=\" last region-block contextual-links-region\">\n<div class=\"content clearfix\">\n<div id=\"node-10\" class=\"node node-page clearfix\" about=\"\/nueva\/terminos-de-uso\" typeof=\"foaf:Document\">\n<div class=\"content clearfix\">\n<div class=\"field field-name-body field-type-text-with-summary field-label-hidden\">\n<div class=\"field-items\">\n<div class=\"field-item even\" property=\"content:encoded\">\n<div id=\"block-system-main\" class=\" last region-block contextual-links-region\">\n<div class=\"content clearfix\">\n<div id=\"node-10\" class=\"node node-page clearfix\" about=\"\/br\/termos-de-uso\" typeof=\"foaf:Document\">\n<div class=\"content clearfix\">\n<div class=\"field field-name-body field-type-text-with-summary field-label-hidden\">\n<div class=\"field-items\">\n<div class=\"field-item even\" property=\"content:encoded\">\n<p>Pesquisar ou usar qualquer Keyplan.es website P\u00e1gina INDICA APROVA\u00c7\u00c3O COM TODOS OS TERMOS E CONDI\u00c7\u00d5ES DESTE CONTRATO E Keyplan.es. LEIA ATENTAMENTE ESTE ACORDO, DEFINE OS SEUS DIREITOS E OBRIGA\u00c7\u00d5ES RELATIVAS AO USO DO Keyplan.es.<\/p>\n<p>CONTRATO COM O USU\u00c1RIO<\/p>\n<p>Os conte\u00fados e servi\u00e7os oferecidos pela Keyplan.es est\u00e3o sujeitos aos seguintes termos e condi\u00e7\u00f5es. Keyplan.es tem e ter\u00e1 o direito de fazer, a qualquer momento e sem aviso pr\u00e9vio, qualquer altera\u00e7\u00e3o a este contrato, por isso recomendamos que voc\u00ea rev\u00ea-las periodicamente.<\/p>\n<h2>1. SUAS CONTRIBUI\u00c7\u00d5ES<\/h2>\n<p>Keyplan.es, sendo uma comunidade interativa, promove a participa\u00e7\u00e3o dos usu\u00e1rios de diferentes maneiras, essa participa\u00e7\u00e3o ser\u00e1 chamado doravante &#8220;contribui\u00e7\u00e3o&#8221;. Cruzeiro na comunidade e \/ ou participar de forma interativa em um dos locais referidos, voc\u00ea concorda em n\u00e3o postar ou transmitir qualquer conte\u00fado que:<\/p>\n<p>:: Violar as leis e tratados de direitos autorais em todo o territ\u00f3rio.<br \/>\nInduzir ou convidar :: agir ilegalmente ou em si, constituem uma viola\u00e7\u00e3o da lei e da for\u00e7a de ordem.<br \/>\n:: Incentivar as pessoas a ter acesso a ela se envolver ou participar de perigoso, perigoso, ilegal ou violar sua sa\u00fade f\u00edsica e emocional.<br \/>\nAlter :: equil\u00edbrio ps\u00edquico das pessoas, com medo, amedrontar, intimidar, ou qualquer outra altera\u00e7\u00e3o.<br \/>\n:: Viola o transgressor legal e \/ ou os direitos e liberdades das pessoas<br \/>\nMar :: discriminat\u00f3rias baseadas em sexo, ra\u00e7a, religi\u00e3o ou qualquer outra viola\u00e7\u00e3o de direitos fundamentais e \/ ou liberdades concedidos e garantidos por lei.<br \/>\nCont\u00e9m :: falsa ou parcial.<br \/>\nDigite :: elementos, conte\u00fados, mensagens, formatos, produtos e \/ ou servi\u00e7os ilegais, tratamento violento, pornogr\u00e1fico ou degradante.<br \/>\n:: Conter v\u00edrus ou outras caracter\u00edsticas que causam danos a outros computadores.<br \/>\nViola :: leis ou regulamentos sobre privacidade das comunica\u00e7\u00f5es, propriedade intelectual, direito \u00e0 honra e \u00e0 privacidade pessoal ou familiar.<br \/>\nConter :: publicidade, promove ou oferece servi\u00e7os, incluindo mas n\u00e3o limitado a cadeias de dinheiro, e-mail, spam (e-mail n\u00e3o solicitado), etc.<\/p>\n<p>Em conex\u00e3o com as informa\u00e7\u00f5es descritas acima, Keyplan.es deve em nenhuma maneira respons\u00e1vel para a informa\u00e7\u00e3o fornecida por terceiros e n\u00e3o \u00e9 respons\u00e1vel por quaisquer danos causados \u200b\u200bpor ele.<\/p>\n<p>Keyplan.es reserva-se o direito de remover qualquer conte\u00fado do site que n\u00e3o se conforma com este acordo e pode, sem aviso pr\u00e9vio, suspender e \/ ou interromper o servi\u00e7o e \/ ou acesso aos conte\u00fados, as pessoas que violam a neste documento.<\/p>\n<p>As contribui\u00e7\u00f5es dos usu\u00e1rios s\u00e3o liberados sob uma <a href=\"http:\/\/creativecommons.org\/licenses\/by-nc-sa\/3.0\/deed.es\">licen\u00e7a de direitos autorais<\/a> da Creative Commons (alguns direitos reservados), a sua utiliza\u00e7\u00e3o por outras pessoas ser\u00e3o beneficiadas por esta licen\u00e7a e de acordo com cada caso, com a devida permiss\u00e3o de cada contribuinte (autor).<\/p>\n<p>Nota Importante: A maioria dos recursos foram apresentados por usu\u00e1rios Keyplan.es para publica\u00e7\u00e3o on-line: se qualquer infringir qualquer direito autoral, por favor nos <a href=\"https:\/\/www.keyplan.es\/br\/contact\">informe o mais r\u00e1pido<\/a> poss\u00edvel para remov\u00ea-lo.<\/p>\n<h2>2. CONTE\u00daDO PR\u00d3PRIO<\/h2>\n<p>Keyplan.es oferecendo seu conte\u00fado como um servi\u00e7o aos seus usu\u00e1rios, tal conte\u00fado pode ser utilizado para obter informa\u00e7\u00f5es e \/ ou educa\u00e7\u00e3o, ou maneira como os usu\u00e1rios querem. Keyplan.es que n\u00e3o s\u00e3o respons\u00e1veis \u200b\u200bpor erros ou omiss\u00f5es que possam conter esse material e n\u00e3o garante de forma alguma, o conte\u00fado do site.<\/p>\n<h2>3. CONTE\u00daDO DE TERCEIROS<\/h2>\n<p>Keyplan.es adverte que, se n\u00e3o possuir tudo no site, alguns destes podem resultar em erros, falsidades, estar fora da data, para n\u00e3o mencionar as respectivas fontes, etc Da mesma forma, n\u00e3o h\u00e1 garantia de conformidade com este acordo entre as partes quanto ao conte\u00fado, de modo GestioPolis.com n\u00e3o se responsabiliza por eles de qualquer maneira. A publica\u00e7\u00e3o de conte\u00fado de terceiros n\u00e3o representam de forma alguma a opini\u00e3o ou a inten\u00e7\u00e3o de GestioPolis.com.<\/p>\n<h2>4. RESPONSABILIDADE<\/h2>\n<p>Keyplan.es N\u00c3O respons\u00e1vel pela interpreta\u00e7\u00e3o do seu conte\u00fado, ou uso indevido de OS e seus servi\u00e7os e informa\u00e7\u00e3o, tamb\u00e9m N\u00c3O SEJA RESPONS\u00c1VEL POR QUAISQUER DANOS OU PREJU\u00cdZOS CAUSADOS direta ou indiretamente por OU QUALQUER estimulado a fazer decis\u00f5es ou a\u00e7\u00f5es para ver o site. A COMUNIDADE N\u00c3O \u00c9 TAMB\u00c9M RESPONS\u00c1VEL POR DANOS DIRETOS, INDIRETOS, OU DE OUTRA FORMA, incorridos em suspens\u00e3o ou encerramento dos Servi\u00e7os CONTE\u00daDO OU INFORMA\u00c7\u00d5ES ATRAV\u00c9S DO SITE. DE QUALQUER FORMA RESPONS\u00c1VEL PELAS CONSEQU\u00caNCIAS DE ABUSO DE DROGAS OU NEGLIG\u00caNCIA DO senha usada para acessar DO SITE.<\/p>\n<p>O usu\u00e1rio concorda em defender, corrigir, reparar, descarregar e indenizar Keyplan.es seus diretores e todos os seus funcion\u00e1rios, representantes, agentes, acionistas, s\u00f3cios, parceiros, associados, parceiros e advogados, para todas e quaisquer reivindica\u00e7\u00f5es, demandas , danos, perdas, responsabilidades, custos e despesas (incluindo quaisquer custos e \/ ou despesas) decorrentes de seu uso do website ou qualquer conte\u00fado, servi\u00e7os de software, informa\u00e7\u00e3o, produto, documento ou software dispon\u00edvel no o site, ou qualquer infra\u00e7\u00e3o ou viola\u00e7\u00e3o deste acordo para realizar ou atos impr\u00f3prios ou omiss\u00f5es que fazer.<\/p>\n<\/div>\n<\/div>\n<\/div>\n<\/div>\n<\/div>\n<\/div>\n<\/div>\n<\/div>\n<\/div>\n<\/div>\n<\/div>\n<\/div>\n<\/div>\n<\/div>\n<p>[\/vc_column_text][\/vc_column][\/vc_row]<\/p>\n<\/section>","protected":false},"excerpt":{"rendered":"<p>[vc_row][vc_column][vc_column_text] Pesquisar ou usar qualquer Keyplan.es website P\u00e1gina INDICA APROVA\u00c7\u00c3O COM TODOS OS TERMOS E CONDI\u00c7\u00d5ES DESTE CONTRATO E Keyplan.es. LEIA ATENTAMENTE ESTE ACORDO, DEFINE OS SEUS DIREITOS E OBRIGA\u00c7\u00d5ES&#8230;<\/p>\n","protected":false},"author":1,"featured_media":0,"parent":0,"menu_order":0,"comment_status":"closed","ping_status":"closed","template":"","meta":{"footnotes":""},"yoast_head":"<!-- This site is optimized with the Yoast SEO plugin v21.9.1 - https:\/\/yoast.com\/wordpress\/plugins\/seo\/ -->\n<title>Termos de uso - Keyplan<\/title>\n<meta name=\"robots\" content=\"index, follow, max-snippet:-1, max-image-preview:large, max-video-preview:-1\" \/>\n<link rel=\"canonical\" href=\"https:\/\/www.keyplan.es\/pt-br\/termos-de-uso\/\" \/>\n<meta property=\"og:locale\" content=\"pt_BR\" \/>\n<meta property=\"og:type\" content=\"article\" \/>\n<meta property=\"og:title\" content=\"Termos de uso - Keyplan\" \/>\n<meta property=\"og:description\" content=\"[vc_row][vc_column][vc_column_text] Pesquisar ou usar qualquer Keyplan.es website P\u00e1gina INDICA APROVA\u00c7\u00c3O COM TODOS OS TERMOS E CONDI\u00c7\u00d5ES DESTE CONTRATO E Keyplan.es. LEIA ATENTAMENTE ESTE ACORDO, DEFINE OS SEUS DIREITOS E OBRIGA\u00c7\u00d5ES...\" \/>\n<meta property=\"og:url\" content=\"https:\/\/www.keyplan.es\/pt-br\/termos-de-uso\/\" \/>\n<meta property=\"og:site_name\" content=\"Keyplan\" \/>\n<meta property=\"article:modified_time\" content=\"2017-01-25T18:00:46+00:00\" \/>\n<meta name=\"twitter:card\" content=\"summary_large_image\" \/>\n<meta name=\"twitter:label1\" content=\"Est. tempo de leitura\" \/>\n\t<meta name=\"twitter:data1\" content=\"4 minutos\" \/>\n<script type=\"application\/ld+json\" class=\"yoast-schema-graph\">{\"@context\":\"https:\/\/schema.org\",\"@graph\":[{\"@type\":\"WebPage\",\"@id\":\"https:\/\/www.keyplan.es\/pt-br\/termos-de-uso\/\",\"url\":\"https:\/\/www.keyplan.es\/pt-br\/termos-de-uso\/\",\"name\":\"Termos de uso - Keyplan\",\"isPartOf\":{\"@id\":\"\/#website\"},\"datePublished\":\"2016-12-28T10:13:10+00:00\",\"dateModified\":\"2017-01-25T18:00:46+00:00\",\"breadcrumb\":{\"@id\":\"https:\/\/www.keyplan.es\/pt-br\/termos-de-uso\/#breadcrumb\"},\"inLanguage\":\"pt-BR\",\"potentialAction\":[{\"@type\":\"ReadAction\",\"target\":[\"https:\/\/www.keyplan.es\/pt-br\/termos-de-uso\/\"]}]},{\"@type\":\"BreadcrumbList\",\"@id\":\"https:\/\/www.keyplan.es\/pt-br\/termos-de-uso\/#breadcrumb\",\"itemListElement\":[{\"@type\":\"ListItem\",\"position\":1,\"name\":\"Portada\",\"item\":\"https:\/\/www.keyplan.es\/pt-br\/\"},{\"@type\":\"ListItem\",\"position\":2,\"name\":\"Termos de uso\"}]},{\"@type\":\"WebSite\",\"@id\":\"\/#website\",\"url\":\"\/\",\"name\":\"Keyplan\",\"description\":\"Ingenier\u00eda y consulting\",\"publisher\":{\"@id\":\"\/#organization\"},\"potentialAction\":[{\"@type\":\"SearchAction\",\"target\":{\"@type\":\"EntryPoint\",\"urlTemplate\":\"\/?s={search_term_string}\"},\"query-input\":\"required name=search_term_string\"}],\"inLanguage\":\"pt-BR\"},{\"@type\":\"Organization\",\"@id\":\"\/#organization\",\"name\":\"Key Plan\",\"url\":\"\/\",\"logo\":{\"@type\":\"ImageObject\",\"inLanguage\":\"pt-BR\",\"@id\":\"\/#\/schema\/logo\/image\/\",\"url\":\"https:\/\/www.keyplan.es\/wp-content\/uploads\/2016\/12\/logo.png\",\"contentUrl\":\"https:\/\/www.keyplan.es\/wp-content\/uploads\/2016\/12\/logo.png\",\"width\":184,\"height\":82,\"caption\":\"Key Plan\"},\"image\":{\"@id\":\"\/#\/schema\/logo\/image\/\"},\"sameAs\":[\"https:\/\/es.linkedin.com\/company\/keyplaningenieria\",\"https:\/\/www.instagram.com\/keyplan_ingenieria\/\"]}]}<\/script>\n<!-- \/ Yoast SEO plugin. -->","yoast_head_json":{"title":"Termos de uso - Keyplan","robots":{"index":"index","follow":"follow","max-snippet":"max-snippet:-1","max-image-preview":"max-image-preview:large","max-video-preview":"max-video-preview:-1"},"canonical":"https:\/\/www.keyplan.es\/pt-br\/termos-de-uso\/","og_locale":"pt_BR","og_type":"article","og_title":"Termos de uso - Keyplan","og_description":"[vc_row][vc_column][vc_column_text] Pesquisar ou usar qualquer Keyplan.es website P\u00e1gina INDICA APROVA\u00c7\u00c3O COM TODOS OS TERMOS E CONDI\u00c7\u00d5ES DESTE CONTRATO E Keyplan.es. LEIA ATENTAMENTE ESTE ACORDO, DEFINE OS SEUS DIREITOS E OBRIGA\u00c7\u00d5ES...","og_url":"https:\/\/www.keyplan.es\/pt-br\/termos-de-uso\/","og_site_name":"Keyplan","article_modified_time":"2017-01-25T18:00:46+00:00","twitter_card":"summary_large_image","twitter_misc":{"Est. tempo de leitura":"4 minutos"},"schema":{"@context":"https:\/\/schema.org","@graph":[{"@type":"WebPage","@id":"https:\/\/www.keyplan.es\/pt-br\/termos-de-uso\/","url":"https:\/\/www.keyplan.es\/pt-br\/termos-de-uso\/","name":"Termos de uso - Keyplan","isPartOf":{"@id":"\/#website"},"datePublished":"2016-12-28T10:13:10+00:00","dateModified":"2017-01-25T18:00:46+00:00","breadcrumb":{"@id":"https:\/\/www.keyplan.es\/pt-br\/termos-de-uso\/#breadcrumb"},"inLanguage":"pt-BR","potentialAction":[{"@type":"ReadAction","target":["https:\/\/www.keyplan.es\/pt-br\/termos-de-uso\/"]}]},{"@type":"BreadcrumbList","@id":"https:\/\/www.keyplan.es\/pt-br\/termos-de-uso\/#breadcrumb","itemListElement":[{"@type":"ListItem","position":1,"name":"Portada","item":"https:\/\/www.keyplan.es\/pt-br\/"},{"@type":"ListItem","position":2,"name":"Termos de uso"}]},{"@type":"WebSite","@id":"\/#website","url":"\/","name":"Keyplan","description":"Ingenier\u00eda y consulting","publisher":{"@id":"\/#organization"},"potentialAction":[{"@type":"SearchAction","target":{"@type":"EntryPoint","urlTemplate":"\/?s={search_term_string}"},"query-input":"required name=search_term_string"}],"inLanguage":"pt-BR"},{"@type":"Organization","@id":"\/#organization","name":"Key Plan","url":"\/","logo":{"@type":"ImageObject","inLanguage":"pt-BR","@id":"\/#\/schema\/logo\/image\/","url":"https:\/\/www.keyplan.es\/wp-content\/uploads\/2016\/12\/logo.png","contentUrl":"https:\/\/www.keyplan.es\/wp-content\/uploads\/2016\/12\/logo.png","width":184,"height":82,"caption":"Key Plan"},"image":{"@id":"\/#\/schema\/logo\/image\/"},"sameAs":["https:\/\/es.linkedin.com\/company\/keyplaningenieria","https:\/\/www.instagram.com\/keyplan_ingenieria\/"]}]}},"_links":{"self":[{"href":"https:\/\/www.keyplan.es\/pt-br\/wp-json\/wp\/v2\/pages\/4094"}],"collection":[{"href":"https:\/\/www.keyplan.es\/pt-br\/wp-json\/wp\/v2\/pages"}],"about":[{"href":"https:\/\/www.keyplan.es\/pt-br\/wp-json\/wp\/v2\/types\/page"}],"author":[{"embeddable":true,"href":"https:\/\/www.keyplan.es\/pt-br\/wp-json\/wp\/v2\/users\/1"}],"replies":[{"embeddable":true,"href":"https:\/\/www.keyplan.es\/pt-br\/wp-json\/wp\/v2\/comments?post=4094"}],"version-history":[{"count":0,"href":"https:\/\/www.keyplan.es\/pt-br\/wp-json\/wp\/v2\/pages\/4094\/revisions"}],"wp:attachment":[{"href":"https:\/\/www.keyplan.es\/pt-br\/wp-json\/wp\/v2\/media?parent=4094"}],"curies":[{"name":"wp","href":"https:\/\/api.w.org\/{rel}","templated":true}]}}