{"id":4310,"date":"2017-11-10T08:48:44","date_gmt":"2017-11-10T08:48:44","guid":{"rendered":"http:\/\/2016.keyplan.es\/?page_id=4310"},"modified":"2024-02-26T13:13:48","modified_gmt":"2024-02-26T12:13:48","slug":"hangares-ferroviarios","status":"publish","type":"page","link":"https:\/\/www.keyplan.es\/pt-br\/servicos\/edificacion-e-instalacoes\/hangares-ferroviarios\/","title":{"rendered":"Transporte ferrovi\u00e1rio"},"content":{"rendered":"<section class=\"wpb-content-wrapper\"><p>[vc_row][vc_column]<div class=\"mgt-header-block clearfix text-left text-black wpb_content_element  mgt-header-block-style-1 mgt-header-texttransform-header \"><h2 class=\"mgt-header-block-title\">Transporte ferrovi\u00e1rio<\/h2><div class=\"mgt-header-line\"><\/div><\/div>[vc_column_text]No dom\u00ednio ferrovi\u00e1rio <strong>KEYPLAN<\/strong>\u00a0\u00e9 uma empresa homologada para trabalhar no setor espanhol da alta velocidade (AVE), tendo desenhado todas as instala\u00e7\u00f5es de esta\u00e7\u00f5es ferrovi\u00e1rias da RENFE[\/vc_column_text][\/vc_column][\/vc_row]<\/p>\n<\/section>","protected":false},"excerpt":{"rendered":"<p>[vc_row][vc_column][vc_column_text]No dom\u00ednio ferrovi\u00e1rio KEYPLAN\u00a0\u00e9 uma empresa homologada para trabalhar no setor espanhol da alta velocidade (AVE), tendo desenhado todas as instala\u00e7\u00f5es de esta\u00e7\u00f5es ferrovi\u00e1rias da RENFE[\/vc_column_text][\/vc_column][\/vc_row]<\/p>\n","protected":false},"author":1,"featured_media":0,"parent":3845,"menu_order":0,"comment_status":"closed","ping_status":"closed","template":"","meta":{"footnotes":""},"yoast_head":"<!-- This site is optimized with the Yoast SEO plugin v21.9.1 - https:\/\/yoast.com\/wordpress\/plugins\/seo\/ -->\n<title>Transporte ferrovi\u00e1rio - Keyplan<\/title>\n<meta name=\"robots\" content=\"index, follow, max-snippet:-1, max-image-preview:large, max-video-preview:-1\" \/>\n<link rel=\"canonical\" href=\"https:\/\/www.keyplan.es\/pt-br\/servicos\/edificacion-e-instalacoes\/hangares-ferroviarios\/\" \/>\n<meta property=\"og:locale\" content=\"pt_BR\" \/>\n<meta property=\"og:type\" content=\"article\" \/>\n<meta property=\"og:title\" content=\"Transporte ferrovi\u00e1rio - Keyplan\" \/>\n<meta property=\"og:description\" content=\"[vc_row][vc_column][vc_column_text]No dom\u00ednio ferrovi\u00e1rio KEYPLAN\u00a0\u00e9 uma empresa homologada para trabalhar no setor espanhol da alta velocidade (AVE), tendo desenhado todas as instala\u00e7\u00f5es de esta\u00e7\u00f5es ferrovi\u00e1rias da RENFE[\/vc_column_text][\/vc_column][\/vc_row]\" \/>\n<meta property=\"og:url\" content=\"https:\/\/www.keyplan.es\/pt-br\/servicos\/edificacion-e-instalacoes\/hangares-ferroviarios\/\" \/>\n<meta property=\"og:site_name\" content=\"Keyplan\" \/>\n<meta property=\"article:modified_time\" content=\"2024-02-26T12:13:48+00:00\" \/>\n<meta name=\"twitter:card\" content=\"summary_large_image\" \/>\n<script type=\"application\/ld+json\" class=\"yoast-schema-graph\">{\"@context\":\"https:\/\/schema.org\",\"@graph\":[{\"@type\":\"WebPage\",\"@id\":\"https:\/\/www.keyplan.es\/pt-br\/servicos\/edificacion-e-instalacoes\/hangares-ferroviarios\/\",\"url\":\"https:\/\/www.keyplan.es\/pt-br\/servicos\/edificacion-e-instalacoes\/hangares-ferroviarios\/\",\"name\":\"Transporte ferrovi\u00e1rio - Keyplan\",\"isPartOf\":{\"@id\":\"\/#website\"},\"datePublished\":\"2017-11-10T08:48:44+00:00\",\"dateModified\":\"2024-02-26T12:13:48+00:00\",\"breadcrumb\":{\"@id\":\"https:\/\/www.keyplan.es\/pt-br\/servicos\/edificacion-e-instalacoes\/hangares-ferroviarios\/#breadcrumb\"},\"inLanguage\":\"pt-BR\",\"potentialAction\":[{\"@type\":\"ReadAction\",\"target\":[\"https:\/\/www.keyplan.es\/pt-br\/servicos\/edificacion-e-instalacoes\/hangares-ferroviarios\/\"]}]},{\"@type\":\"BreadcrumbList\",\"@id\":\"https:\/\/www.keyplan.es\/pt-br\/servicos\/edificacion-e-instalacoes\/hangares-ferroviarios\/#breadcrumb\",\"itemListElement\":[{\"@type\":\"ListItem\",\"position\":1,\"name\":\"Portada\",\"item\":\"https:\/\/www.keyplan.es\/pt-br\/\"},{\"@type\":\"ListItem\",\"position\":2,\"name\":\"Servi\u00e7os\",\"item\":\"https:\/\/www.keyplan.es\/pt-br\/servicos\/\"},{\"@type\":\"ListItem\",\"position\":3,\"name\":\"Edificaci\u00f3n e instala\u00e7\u00f5es\",\"item\":\"https:\/\/www.keyplan.es\/pt-br\/servicos\/edificacion-e-instalacoes\/\"},{\"@type\":\"ListItem\",\"position\":4,\"name\":\"Transporte ferrovi\u00e1rio\"}]},{\"@type\":\"WebSite\",\"@id\":\"\/#website\",\"url\":\"\/\",\"name\":\"Keyplan\",\"description\":\"Ingenier\u00eda y consulting\",\"publisher\":{\"@id\":\"\/#organization\"},\"potentialAction\":[{\"@type\":\"SearchAction\",\"target\":{\"@type\":\"EntryPoint\",\"urlTemplate\":\"\/?s={search_term_string}\"},\"query-input\":\"required name=search_term_string\"}],\"inLanguage\":\"pt-BR\"},{\"@type\":\"Organization\",\"@id\":\"\/#organization\",\"name\":\"Key Plan\",\"url\":\"\/\",\"logo\":{\"@type\":\"ImageObject\",\"inLanguage\":\"pt-BR\",\"@id\":\"\/#\/schema\/logo\/image\/\",\"url\":\"https:\/\/www.keyplan.es\/wp-content\/uploads\/2016\/12\/logo.png\",\"contentUrl\":\"https:\/\/www.keyplan.es\/wp-content\/uploads\/2016\/12\/logo.png\",\"width\":184,\"height\":82,\"caption\":\"Key Plan\"},\"image\":{\"@id\":\"\/#\/schema\/logo\/image\/\"},\"sameAs\":[\"https:\/\/es.linkedin.com\/company\/keyplaningenieria\",\"https:\/\/www.instagram.com\/keyplan_ingenieria\/\"]}]}<\/script>\n<!-- \/ Yoast SEO plugin. -->","yoast_head_json":{"title":"Transporte ferrovi\u00e1rio - Keyplan","robots":{"index":"index","follow":"follow","max-snippet":"max-snippet:-1","max-image-preview":"max-image-preview:large","max-video-preview":"max-video-preview:-1"},"canonical":"https:\/\/www.keyplan.es\/pt-br\/servicos\/edificacion-e-instalacoes\/hangares-ferroviarios\/","og_locale":"pt_BR","og_type":"article","og_title":"Transporte ferrovi\u00e1rio - Keyplan","og_description":"[vc_row][vc_column][vc_column_text]No dom\u00ednio ferrovi\u00e1rio KEYPLAN\u00a0\u00e9 uma empresa homologada para trabalhar no setor espanhol da alta velocidade (AVE), tendo desenhado todas as instala\u00e7\u00f5es de esta\u00e7\u00f5es ferrovi\u00e1rias da RENFE[\/vc_column_text][\/vc_column][\/vc_row]","og_url":"https:\/\/www.keyplan.es\/pt-br\/servicos\/edificacion-e-instalacoes\/hangares-ferroviarios\/","og_site_name":"Keyplan","article_modified_time":"2024-02-26T12:13:48+00:00","twitter_card":"summary_large_image","schema":{"@context":"https:\/\/schema.org","@graph":[{"@type":"WebPage","@id":"https:\/\/www.keyplan.es\/pt-br\/servicos\/edificacion-e-instalacoes\/hangares-ferroviarios\/","url":"https:\/\/www.keyplan.es\/pt-br\/servicos\/edificacion-e-instalacoes\/hangares-ferroviarios\/","name":"Transporte ferrovi\u00e1rio - Keyplan","isPartOf":{"@id":"\/#website"},"datePublished":"2017-11-10T08:48:44+00:00","dateModified":"2024-02-26T12:13:48+00:00","breadcrumb":{"@id":"https:\/\/www.keyplan.es\/pt-br\/servicos\/edificacion-e-instalacoes\/hangares-ferroviarios\/#breadcrumb"},"inLanguage":"pt-BR","potentialAction":[{"@type":"ReadAction","target":["https:\/\/www.keyplan.es\/pt-br\/servicos\/edificacion-e-instalacoes\/hangares-ferroviarios\/"]}]},{"@type":"BreadcrumbList","@id":"https:\/\/www.keyplan.es\/pt-br\/servicos\/edificacion-e-instalacoes\/hangares-ferroviarios\/#breadcrumb","itemListElement":[{"@type":"ListItem","position":1,"name":"Portada","item":"https:\/\/www.keyplan.es\/pt-br\/"},{"@type":"ListItem","position":2,"name":"Servi\u00e7os","item":"https:\/\/www.keyplan.es\/pt-br\/servicos\/"},{"@type":"ListItem","position":3,"name":"Edificaci\u00f3n e instala\u00e7\u00f5es","item":"https:\/\/www.keyplan.es\/pt-br\/servicos\/edificacion-e-instalacoes\/"},{"@type":"ListItem","position":4,"name":"Transporte ferrovi\u00e1rio"}]},{"@type":"WebSite","@id":"\/#website","url":"\/","name":"Keyplan","description":"Ingenier\u00eda y consulting","publisher":{"@id":"\/#organization"},"potentialAction":[{"@type":"SearchAction","target":{"@type":"EntryPoint","urlTemplate":"\/?s={search_term_string}"},"query-input":"required name=search_term_string"}],"inLanguage":"pt-BR"},{"@type":"Organization","@id":"\/#organization","name":"Key Plan","url":"\/","logo":{"@type":"ImageObject","inLanguage":"pt-BR","@id":"\/#\/schema\/logo\/image\/","url":"https:\/\/www.keyplan.es\/wp-content\/uploads\/2016\/12\/logo.png","contentUrl":"https:\/\/www.keyplan.es\/wp-content\/uploads\/2016\/12\/logo.png","width":184,"height":82,"caption":"Key Plan"},"image":{"@id":"\/#\/schema\/logo\/image\/"},"sameAs":["https:\/\/es.linkedin.com\/company\/keyplaningenieria","https:\/\/www.instagram.com\/keyplan_ingenieria\/"]}]}},"_links":{"self":[{"href":"https:\/\/www.keyplan.es\/pt-br\/wp-json\/wp\/v2\/pages\/4310"}],"collection":[{"href":"https:\/\/www.keyplan.es\/pt-br\/wp-json\/wp\/v2\/pages"}],"about":[{"href":"https:\/\/www.keyplan.es\/pt-br\/wp-json\/wp\/v2\/types\/page"}],"author":[{"embeddable":true,"href":"https:\/\/www.keyplan.es\/pt-br\/wp-json\/wp\/v2\/users\/1"}],"replies":[{"embeddable":true,"href":"https:\/\/www.keyplan.es\/pt-br\/wp-json\/wp\/v2\/comments?post=4310"}],"version-history":[{"count":4,"href":"https:\/\/www.keyplan.es\/pt-br\/wp-json\/wp\/v2\/pages\/4310\/revisions"}],"predecessor-version":[{"id":7160,"href":"https:\/\/www.keyplan.es\/pt-br\/wp-json\/wp\/v2\/pages\/4310\/revisions\/7160"}],"up":[{"embeddable":true,"href":"https:\/\/www.keyplan.es\/pt-br\/wp-json\/wp\/v2\/pages\/3845"}],"wp:attachment":[{"href":"https:\/\/www.keyplan.es\/pt-br\/wp-json\/wp\/v2\/media?parent=4310"}],"curies":[{"name":"wp","href":"https:\/\/api.w.org\/{rel}","templated":true}]}}