{"id":4473,"date":"2018-01-02T16:00:52","date_gmt":"2018-01-02T15:00:52","guid":{"rendered":"http:\/\/2016.keyplan.es\/servicos\/industria\/proteccion-contra-incendios\/"},"modified":"2018-01-02T17:16:20","modified_gmt":"2018-01-02T17:16:20","slug":"protecao-contra-incendios","status":"publish","type":"page","link":"https:\/\/www.keyplan.es\/pt-br\/servicos\/industria\/protecao-contra-incendios\/","title":{"rendered":"Prote\u00e7\u00e3o contra inc\u00eandios"},"content":{"rendered":"<section class=\"wpb-content-wrapper\"><p>[vc_row][vc_column]<div class=\"mgt-header-block clearfix text-left text-black wpb_content_element  mgt-header-block-style-1 mgt-header-texttransform-header \"><h2 class=\"mgt-header-block-title\">Prote\u00e7\u00e3o contra inc\u00eandios<\/h2><div class=\"mgt-header-line\"><\/div><\/div>[\/vc_column][\/vc_row][vc_row][vc_column width=&#8221;2\/3&#8243;][vc_column_text]Desenvolvemos c\u00e1lculos de instala\u00e7\u00f5es contra inc\u00eandios, planos de emerg\u00eancia e planos de autoprotecci\u00f3n.<\/p>\n<p>Aplicamos <i>software<\/i> de an\u00e1lise avan\u00e7ado para os sistemas e instala\u00e7\u00f5es de <b>Prote\u00e7\u00e3o Contra Inc\u00eandios <\/b>(PCI).<\/p>\n<p>Ensaiamos <b>simula\u00e7\u00f5es din\u00e2micas <\/b>de focos de fogo nos edif\u00edcios com o m\u00f3dulo <b><i>FDS<\/i><\/b> de <b><i>CYPECAD MEP<\/i><\/b> <b><i>(Fire Dynamics Simulator).<\/i><\/b><\/p>\n<p>A an\u00e1lise de resultados permite-nos otimizar o <b>rotas de evacua\u00e7\u00e3o<\/b>[\/vc_column_text][\/vc_column][vc_column width=&#8221;1\/3&#8243;][vc_single_image image=&#8221;4466&#8243; img_size=&#8221;large&#8221;][\/vc_column][\/vc_row]<\/p>\n<\/section>","protected":false},"excerpt":{"rendered":"<p>[vc_row][vc_column][\/vc_column][\/vc_row][vc_row][vc_column width=&#8221;2\/3&#8243;][vc_column_text]Desenvolvemos c\u00e1lculos de instala\u00e7\u00f5es contra inc\u00eandios, planos de emerg\u00eancia e planos de autoprotecci\u00f3n. Aplicamos software de an\u00e1lise avan\u00e7ado para os sistemas e instala\u00e7\u00f5es de Prote\u00e7\u00e3o Contra Inc\u00eandios (PCI). Ensaiamos&#8230;<\/p>\n","protected":false},"author":1,"featured_media":0,"parent":3828,"menu_order":0,"comment_status":"closed","ping_status":"closed","template":"","meta":{"footnotes":""},"yoast_head":"<!-- This site is optimized with the Yoast SEO plugin v21.9.1 - https:\/\/yoast.com\/wordpress\/plugins\/seo\/ -->\n<title>Prote\u00e7\u00e3o contra inc\u00eandios - Keyplan<\/title>\n<meta name=\"robots\" content=\"index, follow, max-snippet:-1, max-image-preview:large, max-video-preview:-1\" \/>\n<link rel=\"canonical\" href=\"https:\/\/www.keyplan.es\/pt-br\/servicos\/industria\/protecao-contra-incendios\/\" \/>\n<meta property=\"og:locale\" content=\"pt_BR\" \/>\n<meta property=\"og:type\" content=\"article\" \/>\n<meta property=\"og:title\" content=\"Prote\u00e7\u00e3o contra inc\u00eandios - Keyplan\" \/>\n<meta property=\"og:description\" content=\"[vc_row][vc_column][\/vc_column][\/vc_row][vc_row][vc_column width=&#8221;2\/3&#8243;][vc_column_text]Desenvolvemos c\u00e1lculos de instala\u00e7\u00f5es contra inc\u00eandios, planos de emerg\u00eancia e planos de autoprotecci\u00f3n. Aplicamos software de an\u00e1lise avan\u00e7ado para os sistemas e instala\u00e7\u00f5es de Prote\u00e7\u00e3o Contra Inc\u00eandios (PCI). Ensaiamos...\" \/>\n<meta property=\"og:url\" content=\"https:\/\/www.keyplan.es\/pt-br\/servicos\/industria\/protecao-contra-incendios\/\" \/>\n<meta property=\"og:site_name\" content=\"Keyplan\" \/>\n<meta property=\"article:modified_time\" content=\"2018-01-02T17:16:20+00:00\" \/>\n<meta name=\"twitter:card\" content=\"summary_large_image\" \/>\n<meta name=\"twitter:label1\" content=\"Est. tempo de leitura\" \/>\n\t<meta name=\"twitter:data1\" content=\"1 minuto\" \/>\n<script type=\"application\/ld+json\" class=\"yoast-schema-graph\">{\"@context\":\"https:\/\/schema.org\",\"@graph\":[{\"@type\":\"WebPage\",\"@id\":\"https:\/\/www.keyplan.es\/pt-br\/servicos\/industria\/protecao-contra-incendios\/\",\"url\":\"https:\/\/www.keyplan.es\/pt-br\/servicos\/industria\/protecao-contra-incendios\/\",\"name\":\"Prote\u00e7\u00e3o contra inc\u00eandios - Keyplan\",\"isPartOf\":{\"@id\":\"\/#website\"},\"datePublished\":\"2018-01-02T15:00:52+00:00\",\"dateModified\":\"2018-01-02T17:16:20+00:00\",\"breadcrumb\":{\"@id\":\"https:\/\/www.keyplan.es\/pt-br\/servicos\/industria\/protecao-contra-incendios\/#breadcrumb\"},\"inLanguage\":\"pt-BR\",\"potentialAction\":[{\"@type\":\"ReadAction\",\"target\":[\"https:\/\/www.keyplan.es\/pt-br\/servicos\/industria\/protecao-contra-incendios\/\"]}]},{\"@type\":\"BreadcrumbList\",\"@id\":\"https:\/\/www.keyplan.es\/pt-br\/servicos\/industria\/protecao-contra-incendios\/#breadcrumb\",\"itemListElement\":[{\"@type\":\"ListItem\",\"position\":1,\"name\":\"Portada\",\"item\":\"https:\/\/www.keyplan.es\/pt-br\/\"},{\"@type\":\"ListItem\",\"position\":2,\"name\":\"Servi\u00e7os\",\"item\":\"https:\/\/www.keyplan.es\/pt-br\/servicos\/\"},{\"@type\":\"ListItem\",\"position\":3,\"name\":\"Ind\u00fastria\",\"item\":\"https:\/\/www.keyplan.es\/pt-br\/servicos\/industria\/\"},{\"@type\":\"ListItem\",\"position\":4,\"name\":\"Prote\u00e7\u00e3o contra inc\u00eandios\"}]},{\"@type\":\"WebSite\",\"@id\":\"\/#website\",\"url\":\"\/\",\"name\":\"Keyplan\",\"description\":\"Ingenier\u00eda y consulting\",\"publisher\":{\"@id\":\"\/#organization\"},\"potentialAction\":[{\"@type\":\"SearchAction\",\"target\":{\"@type\":\"EntryPoint\",\"urlTemplate\":\"\/?s={search_term_string}\"},\"query-input\":\"required name=search_term_string\"}],\"inLanguage\":\"pt-BR\"},{\"@type\":\"Organization\",\"@id\":\"\/#organization\",\"name\":\"Key Plan\",\"url\":\"\/\",\"logo\":{\"@type\":\"ImageObject\",\"inLanguage\":\"pt-BR\",\"@id\":\"\/#\/schema\/logo\/image\/\",\"url\":\"https:\/\/www.keyplan.es\/wp-content\/uploads\/2016\/12\/logo.png\",\"contentUrl\":\"https:\/\/www.keyplan.es\/wp-content\/uploads\/2016\/12\/logo.png\",\"width\":184,\"height\":82,\"caption\":\"Key Plan\"},\"image\":{\"@id\":\"\/#\/schema\/logo\/image\/\"},\"sameAs\":[\"https:\/\/es.linkedin.com\/company\/keyplaningenieria\",\"https:\/\/www.instagram.com\/keyplan_ingenieria\/\"]}]}<\/script>\n<!-- \/ Yoast SEO plugin. -->","yoast_head_json":{"title":"Prote\u00e7\u00e3o contra inc\u00eandios - Keyplan","robots":{"index":"index","follow":"follow","max-snippet":"max-snippet:-1","max-image-preview":"max-image-preview:large","max-video-preview":"max-video-preview:-1"},"canonical":"https:\/\/www.keyplan.es\/pt-br\/servicos\/industria\/protecao-contra-incendios\/","og_locale":"pt_BR","og_type":"article","og_title":"Prote\u00e7\u00e3o contra inc\u00eandios - Keyplan","og_description":"[vc_row][vc_column][\/vc_column][\/vc_row][vc_row][vc_column width=&#8221;2\/3&#8243;][vc_column_text]Desenvolvemos c\u00e1lculos de instala\u00e7\u00f5es contra inc\u00eandios, planos de emerg\u00eancia e planos de autoprotecci\u00f3n. Aplicamos software de an\u00e1lise avan\u00e7ado para os sistemas e instala\u00e7\u00f5es de Prote\u00e7\u00e3o Contra Inc\u00eandios (PCI). Ensaiamos...","og_url":"https:\/\/www.keyplan.es\/pt-br\/servicos\/industria\/protecao-contra-incendios\/","og_site_name":"Keyplan","article_modified_time":"2018-01-02T17:16:20+00:00","twitter_card":"summary_large_image","twitter_misc":{"Est. tempo de leitura":"1 minuto"},"schema":{"@context":"https:\/\/schema.org","@graph":[{"@type":"WebPage","@id":"https:\/\/www.keyplan.es\/pt-br\/servicos\/industria\/protecao-contra-incendios\/","url":"https:\/\/www.keyplan.es\/pt-br\/servicos\/industria\/protecao-contra-incendios\/","name":"Prote\u00e7\u00e3o contra inc\u00eandios - Keyplan","isPartOf":{"@id":"\/#website"},"datePublished":"2018-01-02T15:00:52+00:00","dateModified":"2018-01-02T17:16:20+00:00","breadcrumb":{"@id":"https:\/\/www.keyplan.es\/pt-br\/servicos\/industria\/protecao-contra-incendios\/#breadcrumb"},"inLanguage":"pt-BR","potentialAction":[{"@type":"ReadAction","target":["https:\/\/www.keyplan.es\/pt-br\/servicos\/industria\/protecao-contra-incendios\/"]}]},{"@type":"BreadcrumbList","@id":"https:\/\/www.keyplan.es\/pt-br\/servicos\/industria\/protecao-contra-incendios\/#breadcrumb","itemListElement":[{"@type":"ListItem","position":1,"name":"Portada","item":"https:\/\/www.keyplan.es\/pt-br\/"},{"@type":"ListItem","position":2,"name":"Servi\u00e7os","item":"https:\/\/www.keyplan.es\/pt-br\/servicos\/"},{"@type":"ListItem","position":3,"name":"Ind\u00fastria","item":"https:\/\/www.keyplan.es\/pt-br\/servicos\/industria\/"},{"@type":"ListItem","position":4,"name":"Prote\u00e7\u00e3o contra inc\u00eandios"}]},{"@type":"WebSite","@id":"\/#website","url":"\/","name":"Keyplan","description":"Ingenier\u00eda y consulting","publisher":{"@id":"\/#organization"},"potentialAction":[{"@type":"SearchAction","target":{"@type":"EntryPoint","urlTemplate":"\/?s={search_term_string}"},"query-input":"required name=search_term_string"}],"inLanguage":"pt-BR"},{"@type":"Organization","@id":"\/#organization","name":"Key Plan","url":"\/","logo":{"@type":"ImageObject","inLanguage":"pt-BR","@id":"\/#\/schema\/logo\/image\/","url":"https:\/\/www.keyplan.es\/wp-content\/uploads\/2016\/12\/logo.png","contentUrl":"https:\/\/www.keyplan.es\/wp-content\/uploads\/2016\/12\/logo.png","width":184,"height":82,"caption":"Key Plan"},"image":{"@id":"\/#\/schema\/logo\/image\/"},"sameAs":["https:\/\/es.linkedin.com\/company\/keyplaningenieria","https:\/\/www.instagram.com\/keyplan_ingenieria\/"]}]}},"_links":{"self":[{"href":"https:\/\/www.keyplan.es\/pt-br\/wp-json\/wp\/v2\/pages\/4473"}],"collection":[{"href":"https:\/\/www.keyplan.es\/pt-br\/wp-json\/wp\/v2\/pages"}],"about":[{"href":"https:\/\/www.keyplan.es\/pt-br\/wp-json\/wp\/v2\/types\/page"}],"author":[{"embeddable":true,"href":"https:\/\/www.keyplan.es\/pt-br\/wp-json\/wp\/v2\/users\/1"}],"replies":[{"embeddable":true,"href":"https:\/\/www.keyplan.es\/pt-br\/wp-json\/wp\/v2\/comments?post=4473"}],"version-history":[{"count":0,"href":"https:\/\/www.keyplan.es\/pt-br\/wp-json\/wp\/v2\/pages\/4473\/revisions"}],"up":[{"embeddable":true,"href":"https:\/\/www.keyplan.es\/pt-br\/wp-json\/wp\/v2\/pages\/3828"}],"wp:attachment":[{"href":"https:\/\/www.keyplan.es\/pt-br\/wp-json\/wp\/v2\/media?parent=4473"}],"curies":[{"name":"wp","href":"https:\/\/api.w.org\/{rel}","templated":true}]}}