{"id":4510,"date":"2018-01-03T09:14:50","date_gmt":"2018-01-03T08:14:50","guid":{"rendered":"http:\/\/2016.keyplan.es\/servicos\/edificacion-e-instalacoes\/residencias-3a-edad-y-guarderias\/"},"modified":"2018-01-03T09:36:34","modified_gmt":"2018-01-03T09:36:34","slug":"residencias-3a-idade-e-creches","status":"publish","type":"page","link":"https:\/\/www.keyplan.es\/pt-br\/servicos\/edificacion-e-instalacoes\/residencias-3a-idade-e-creches\/","title":{"rendered":"Resid\u00eancias 3\u00aa idade e creches"},"content":{"rendered":"<section class=\"wpb-content-wrapper\"><p>[vc_row][vc_column]<div class=\"mgt-header-block clearfix text-left text-black wpb_content_element  mgt-header-block-style-1 mgt-header-texttransform-header \"><h2 class=\"mgt-header-block-title\">Resid\u00eancias 3\u00aa idade e creches<\/h2><div class=\"mgt-header-line\"><\/div><\/div>[\/vc_column][\/vc_row][vc_row][vc_column width=&#8221;3\/4&#8243;][vc_column_text]Desenhamos inv\u00f3lucros de <b>m\u00e1xima efici\u00eancia.<\/b><\/p>\n<p>Aplicamos o conceito <b>bioclim\u00e1tico<\/b> aos edif\u00edcios.<\/p>\n<p>Aplicamos <b>conceitos<\/b> <b>inovadores<\/b> em edificaci\u00f3n para diminuir a demanda energ\u00e9tica e os custos de calefa\u00e7\u00e3o, referigera\u00e7\u00e3o e ACS.<\/p>\n<p>Aproveitamos o <b>energia solar <\/b>de forma ativa e passiva.<\/p>\n<p>Elegemos sistemas de climatizaci\u00f3n de fontes de energia renov\u00e1vel:\u00a0<b>geotermia<\/b>, <b>fotovoltaica<\/b>&#8230;[\/vc_column_text][\/vc_column][vc_column width=&#8221;1\/4&#8243;][vc_single_image image=&#8221;4506&#8243; img_size=&#8221;large&#8221;][vc_single_image image=&#8221;4507&#8243; img_size=&#8221;large&#8221;][\/vc_column][\/vc_row]<\/p>\n<\/section>","protected":false},"excerpt":{"rendered":"<p>[vc_row][vc_column][\/vc_column][\/vc_row][vc_row][vc_column width=&#8221;3\/4&#8243;][vc_column_text]Desenhamos inv\u00f3lucros de m\u00e1xima efici\u00eancia. Aplicamos o conceito bioclim\u00e1tico aos edif\u00edcios. Aplicamos conceitos inovadores em edificaci\u00f3n para diminuir a demanda energ\u00e9tica e os custos de calefa\u00e7\u00e3o, referigera\u00e7\u00e3o e ACS&#8230;.<\/p>\n","protected":false},"author":1,"featured_media":0,"parent":3845,"menu_order":0,"comment_status":"closed","ping_status":"closed","template":"","meta":{"footnotes":""},"yoast_head":"<!-- This site is optimized with the Yoast SEO plugin v21.9.1 - https:\/\/yoast.com\/wordpress\/plugins\/seo\/ -->\n<title>Resid\u00eancias 3\u00aa idade e creches - Keyplan<\/title>\n<meta name=\"robots\" content=\"index, follow, max-snippet:-1, max-image-preview:large, max-video-preview:-1\" \/>\n<link rel=\"canonical\" href=\"https:\/\/www.keyplan.es\/pt-br\/servicos\/edificacion-e-instalacoes\/residencias-3a-idade-e-creches\/\" \/>\n<meta property=\"og:locale\" content=\"pt_BR\" \/>\n<meta property=\"og:type\" content=\"article\" \/>\n<meta property=\"og:title\" content=\"Resid\u00eancias 3\u00aa idade e creches - Keyplan\" \/>\n<meta property=\"og:description\" content=\"[vc_row][vc_column][\/vc_column][\/vc_row][vc_row][vc_column width=&#8221;3\/4&#8243;][vc_column_text]Desenhamos inv\u00f3lucros de m\u00e1xima efici\u00eancia. Aplicamos o conceito bioclim\u00e1tico aos edif\u00edcios. Aplicamos conceitos inovadores em edificaci\u00f3n para diminuir a demanda energ\u00e9tica e os custos de calefa\u00e7\u00e3o, referigera\u00e7\u00e3o e ACS....\" \/>\n<meta property=\"og:url\" content=\"https:\/\/www.keyplan.es\/pt-br\/servicos\/edificacion-e-instalacoes\/residencias-3a-idade-e-creches\/\" \/>\n<meta property=\"og:site_name\" content=\"Keyplan\" \/>\n<meta property=\"article:modified_time\" content=\"2018-01-03T09:36:34+00:00\" \/>\n<meta name=\"twitter:card\" content=\"summary_large_image\" \/>\n<meta name=\"twitter:label1\" content=\"Est. tempo de leitura\" \/>\n\t<meta name=\"twitter:data1\" content=\"1 minuto\" \/>\n<script type=\"application\/ld+json\" class=\"yoast-schema-graph\">{\"@context\":\"https:\/\/schema.org\",\"@graph\":[{\"@type\":\"WebPage\",\"@id\":\"https:\/\/www.keyplan.es\/pt-br\/servicos\/edificacion-e-instalacoes\/residencias-3a-idade-e-creches\/\",\"url\":\"https:\/\/www.keyplan.es\/pt-br\/servicos\/edificacion-e-instalacoes\/residencias-3a-idade-e-creches\/\",\"name\":\"Resid\u00eancias 3\u00aa idade e creches - Keyplan\",\"isPartOf\":{\"@id\":\"\/#website\"},\"datePublished\":\"2018-01-03T08:14:50+00:00\",\"dateModified\":\"2018-01-03T09:36:34+00:00\",\"breadcrumb\":{\"@id\":\"https:\/\/www.keyplan.es\/pt-br\/servicos\/edificacion-e-instalacoes\/residencias-3a-idade-e-creches\/#breadcrumb\"},\"inLanguage\":\"pt-BR\",\"potentialAction\":[{\"@type\":\"ReadAction\",\"target\":[\"https:\/\/www.keyplan.es\/pt-br\/servicos\/edificacion-e-instalacoes\/residencias-3a-idade-e-creches\/\"]}]},{\"@type\":\"BreadcrumbList\",\"@id\":\"https:\/\/www.keyplan.es\/pt-br\/servicos\/edificacion-e-instalacoes\/residencias-3a-idade-e-creches\/#breadcrumb\",\"itemListElement\":[{\"@type\":\"ListItem\",\"position\":1,\"name\":\"Portada\",\"item\":\"https:\/\/www.keyplan.es\/pt-br\/\"},{\"@type\":\"ListItem\",\"position\":2,\"name\":\"Servi\u00e7os\",\"item\":\"https:\/\/www.keyplan.es\/pt-br\/servicos\/\"},{\"@type\":\"ListItem\",\"position\":3,\"name\":\"Edificaci\u00f3n e instala\u00e7\u00f5es\",\"item\":\"https:\/\/www.keyplan.es\/pt-br\/servicos\/edificacion-e-instalacoes\/\"},{\"@type\":\"ListItem\",\"position\":4,\"name\":\"Resid\u00eancias 3\u00aa idade e creches\"}]},{\"@type\":\"WebSite\",\"@id\":\"\/#website\",\"url\":\"\/\",\"name\":\"Keyplan\",\"description\":\"Ingenier\u00eda y consulting\",\"publisher\":{\"@id\":\"\/#organization\"},\"potentialAction\":[{\"@type\":\"SearchAction\",\"target\":{\"@type\":\"EntryPoint\",\"urlTemplate\":\"\/?s={search_term_string}\"},\"query-input\":\"required name=search_term_string\"}],\"inLanguage\":\"pt-BR\"},{\"@type\":\"Organization\",\"@id\":\"\/#organization\",\"name\":\"Key Plan\",\"url\":\"\/\",\"logo\":{\"@type\":\"ImageObject\",\"inLanguage\":\"pt-BR\",\"@id\":\"\/#\/schema\/logo\/image\/\",\"url\":\"https:\/\/www.keyplan.es\/wp-content\/uploads\/2016\/12\/logo.png\",\"contentUrl\":\"https:\/\/www.keyplan.es\/wp-content\/uploads\/2016\/12\/logo.png\",\"width\":184,\"height\":82,\"caption\":\"Key Plan\"},\"image\":{\"@id\":\"\/#\/schema\/logo\/image\/\"},\"sameAs\":[\"https:\/\/es.linkedin.com\/company\/keyplaningenieria\",\"https:\/\/www.instagram.com\/keyplan_ingenieria\/\"]}]}<\/script>\n<!-- \/ Yoast SEO plugin. -->","yoast_head_json":{"title":"Resid\u00eancias 3\u00aa idade e creches - Keyplan","robots":{"index":"index","follow":"follow","max-snippet":"max-snippet:-1","max-image-preview":"max-image-preview:large","max-video-preview":"max-video-preview:-1"},"canonical":"https:\/\/www.keyplan.es\/pt-br\/servicos\/edificacion-e-instalacoes\/residencias-3a-idade-e-creches\/","og_locale":"pt_BR","og_type":"article","og_title":"Resid\u00eancias 3\u00aa idade e creches - Keyplan","og_description":"[vc_row][vc_column][\/vc_column][\/vc_row][vc_row][vc_column width=&#8221;3\/4&#8243;][vc_column_text]Desenhamos inv\u00f3lucros de m\u00e1xima efici\u00eancia. Aplicamos o conceito bioclim\u00e1tico aos edif\u00edcios. Aplicamos conceitos inovadores em edificaci\u00f3n para diminuir a demanda energ\u00e9tica e os custos de calefa\u00e7\u00e3o, referigera\u00e7\u00e3o e ACS....","og_url":"https:\/\/www.keyplan.es\/pt-br\/servicos\/edificacion-e-instalacoes\/residencias-3a-idade-e-creches\/","og_site_name":"Keyplan","article_modified_time":"2018-01-03T09:36:34+00:00","twitter_card":"summary_large_image","twitter_misc":{"Est. tempo de leitura":"1 minuto"},"schema":{"@context":"https:\/\/schema.org","@graph":[{"@type":"WebPage","@id":"https:\/\/www.keyplan.es\/pt-br\/servicos\/edificacion-e-instalacoes\/residencias-3a-idade-e-creches\/","url":"https:\/\/www.keyplan.es\/pt-br\/servicos\/edificacion-e-instalacoes\/residencias-3a-idade-e-creches\/","name":"Resid\u00eancias 3\u00aa idade e creches - Keyplan","isPartOf":{"@id":"\/#website"},"datePublished":"2018-01-03T08:14:50+00:00","dateModified":"2018-01-03T09:36:34+00:00","breadcrumb":{"@id":"https:\/\/www.keyplan.es\/pt-br\/servicos\/edificacion-e-instalacoes\/residencias-3a-idade-e-creches\/#breadcrumb"},"inLanguage":"pt-BR","potentialAction":[{"@type":"ReadAction","target":["https:\/\/www.keyplan.es\/pt-br\/servicos\/edificacion-e-instalacoes\/residencias-3a-idade-e-creches\/"]}]},{"@type":"BreadcrumbList","@id":"https:\/\/www.keyplan.es\/pt-br\/servicos\/edificacion-e-instalacoes\/residencias-3a-idade-e-creches\/#breadcrumb","itemListElement":[{"@type":"ListItem","position":1,"name":"Portada","item":"https:\/\/www.keyplan.es\/pt-br\/"},{"@type":"ListItem","position":2,"name":"Servi\u00e7os","item":"https:\/\/www.keyplan.es\/pt-br\/servicos\/"},{"@type":"ListItem","position":3,"name":"Edificaci\u00f3n e instala\u00e7\u00f5es","item":"https:\/\/www.keyplan.es\/pt-br\/servicos\/edificacion-e-instalacoes\/"},{"@type":"ListItem","position":4,"name":"Resid\u00eancias 3\u00aa idade e creches"}]},{"@type":"WebSite","@id":"\/#website","url":"\/","name":"Keyplan","description":"Ingenier\u00eda y consulting","publisher":{"@id":"\/#organization"},"potentialAction":[{"@type":"SearchAction","target":{"@type":"EntryPoint","urlTemplate":"\/?s={search_term_string}"},"query-input":"required name=search_term_string"}],"inLanguage":"pt-BR"},{"@type":"Organization","@id":"\/#organization","name":"Key Plan","url":"\/","logo":{"@type":"ImageObject","inLanguage":"pt-BR","@id":"\/#\/schema\/logo\/image\/","url":"https:\/\/www.keyplan.es\/wp-content\/uploads\/2016\/12\/logo.png","contentUrl":"https:\/\/www.keyplan.es\/wp-content\/uploads\/2016\/12\/logo.png","width":184,"height":82,"caption":"Key Plan"},"image":{"@id":"\/#\/schema\/logo\/image\/"},"sameAs":["https:\/\/es.linkedin.com\/company\/keyplaningenieria","https:\/\/www.instagram.com\/keyplan_ingenieria\/"]}]}},"_links":{"self":[{"href":"https:\/\/www.keyplan.es\/pt-br\/wp-json\/wp\/v2\/pages\/4510"}],"collection":[{"href":"https:\/\/www.keyplan.es\/pt-br\/wp-json\/wp\/v2\/pages"}],"about":[{"href":"https:\/\/www.keyplan.es\/pt-br\/wp-json\/wp\/v2\/types\/page"}],"author":[{"embeddable":true,"href":"https:\/\/www.keyplan.es\/pt-br\/wp-json\/wp\/v2\/users\/1"}],"replies":[{"embeddable":true,"href":"https:\/\/www.keyplan.es\/pt-br\/wp-json\/wp\/v2\/comments?post=4510"}],"version-history":[{"count":0,"href":"https:\/\/www.keyplan.es\/pt-br\/wp-json\/wp\/v2\/pages\/4510\/revisions"}],"up":[{"embeddable":true,"href":"https:\/\/www.keyplan.es\/pt-br\/wp-json\/wp\/v2\/pages\/3845"}],"wp:attachment":[{"href":"https:\/\/www.keyplan.es\/pt-br\/wp-json\/wp\/v2\/media?parent=4510"}],"curies":[{"name":"wp","href":"https:\/\/api.w.org\/{rel}","templated":true}]}}