{"id":4595,"date":"2018-01-03T16:29:33","date_gmt":"2018-01-03T15:29:33","guid":{"rendered":"http:\/\/2016.keyplan.es\/bim\/"},"modified":"2018-01-03T16:33:08","modified_gmt":"2018-01-03T16:33:08","slug":"bim","status":"publish","type":"page","link":"https:\/\/www.keyplan.es\/pt-br\/bim\/","title":{"rendered":"BIM"},"content":{"rendered":"<section class=\"wpb-content-wrapper\"><p>[vc_row][vc_column]<div class=\"mgt-header-block clearfix text-left text-black wpb_animate_when_almost_visible wpb_left-to-right wpb_content_element  mgt-header-block-style-1 mgt-header-texttransform-header \"><h2 class=\"mgt-header-block-title\">Meio BIM<\/h2><div class=\"mgt-header-line\"><\/div><\/div>[\/vc_column][\/vc_row][vc_row][vc_column width=&#8221;2\/3&#8243;][vc_column_text css_animation=&#8221;left-to-right&#8221;]Nossos \u00faltimos trabalhos foram desenvolvidos em\u00a0 BIM (Building Information Modeling) que \u00e9 uma metodologia de trabalho colaborativa para a cria\u00e7\u00e3o e gerenciamento de um projeto de constru\u00e7\u00e3o. O objetivo principal da metodologia BIM \u00e9 o de centralizar toda a informa\u00e7\u00e3o do projeto em um \u00fanico modelo de informa\u00e7\u00e3o digital criado por todos os agentes que participem em dito projeto.<\/p>\n<p>O uso desta metodologia BIM sup\u00f5e uma evolu\u00e7\u00e3o dos sistemas de desenho tradicionais que est\u00e3o baseados no plano j\u00e1 que incorpora informa\u00e7\u00e3o geom\u00e9trica, de tempos, de custos, ambiental e de manuten\u00e7\u00e3o ao projeto (s\u00e3o as dimens\u00f5es BIM)<\/p>\n<p>As vantagens que tem a metodologia BIM s\u00e3o as seguintes: a primeira delas \u00e9 a facilidade de entendimento do projeto para quem n\u00e3o o tenha desenhado, j\u00e1 que temos uma visualiza\u00e7\u00e3o em 3D de como se ver\u00e1 o projeto terminado. A seguinte vantagem \u00e9 a integra\u00e7\u00e3o topogr\u00e1fica, que devido \u00e0 melhoria na visualiza\u00e7\u00e3o 3D, se d\u00e1 uma integra\u00e7\u00e3o real do meio. A terceira vantagem \u00e9 a poupan\u00e7a de tempo que devido ao maior desenvolvimento em 3D, e a uma coleta de informa\u00e7\u00e3o se d\u00e1 uma maior rapidez \u00e0 hora de tomar decis\u00f5es em quando ao desenho do projeto. E a \u00faltima vantagem \u00e9 a poupan\u00e7a econ\u00f4mica, j\u00e1 que podemos antecipar-nos\/antecip\u00e1-nos e prever muitos problemas que diminuir\u00e3o o custo.<\/p>\n<p>Para aproveitar a metodologia BIM utilizamos para desenvolver nossos projetos o REVIT que \u00e9 um software de desenho de edif\u00edcios que tem v\u00e1rias disciplinas, estas s\u00e3o: arquitetura, estrutura e MEP e podem ser coordenado entre si. As siglas MEP significam: O M faz refer\u00eancia a mec\u00e2nica, englobando o HVAC, isto \u00e9, a ventila\u00e7\u00e3o, a calefa\u00e7\u00e3o e a referigera\u00e7\u00e3o do edif\u00edcio; a climatizaci\u00f3n, a hidr\u00e1ulica e a prote\u00e7\u00e3o contra inc\u00eandios. A E significa eletricidade, abarcando a baixa e alta tens\u00e3o. E por \u00faltimo, o P refere-se \u00e0 canaliza\u00e7\u00e3o, que engloba a \u00e1gua quente sanit\u00e1ria, a \u00e1gua fria e o saneamento.[\/vc_column_text][vc_column_text]<\/p>\n<div class=\"list-group\"><!--<a class=\"list-group-item\" href=\"https:\/\/www.keyplan.es\/pt-br\/servicos\/aeronautica\/desenho-em-aeroportos\/\">Dise\u00f1o de aeropuertos<\/a>--><\/div>\n<p>[\/vc_column_text][\/vc_column][vc_column width=&#8221;1\/3&#8243;][vc_single_image image=&#8221;4592&#8243; img_size=&#8221;large&#8221;][\/vc_column][\/vc_row]<\/p>\n<\/section>","protected":false},"excerpt":{"rendered":"<p>[vc_row][vc_column][\/vc_column][\/vc_row][vc_row][vc_column width=&#8221;2\/3&#8243;][vc_column_text css_animation=&#8221;left-to-right&#8221;]Nossos \u00faltimos trabalhos foram desenvolvidos em\u00a0 BIM (Building Information Modeling) que \u00e9 uma metodologia de trabalho colaborativa para a cria\u00e7\u00e3o e gerenciamento de um projeto de constru\u00e7\u00e3o. O&#8230;<\/p>\n","protected":false},"author":1,"featured_media":0,"parent":0,"menu_order":0,"comment_status":"closed","ping_status":"closed","template":"","meta":{"footnotes":""},"yoast_head":"<!-- This site is optimized with the Yoast SEO plugin v21.9.1 - https:\/\/yoast.com\/wordpress\/plugins\/seo\/ -->\n<title>BIM - Keyplan<\/title>\n<meta name=\"robots\" content=\"index, follow, max-snippet:-1, max-image-preview:large, max-video-preview:-1\" \/>\n<link rel=\"canonical\" href=\"https:\/\/www.keyplan.es\/pt-br\/bim\/\" \/>\n<meta property=\"og:locale\" content=\"pt_BR\" \/>\n<meta property=\"og:type\" content=\"article\" \/>\n<meta property=\"og:title\" content=\"BIM - Keyplan\" \/>\n<meta property=\"og:description\" content=\"[vc_row][vc_column][\/vc_column][\/vc_row][vc_row][vc_column width=&#8221;2\/3&#8243;][vc_column_text css_animation=&#8221;left-to-right&#8221;]Nossos \u00faltimos trabalhos foram desenvolvidos em\u00a0 BIM (Building Information Modeling) que \u00e9 uma metodologia de trabalho colaborativa para a cria\u00e7\u00e3o e gerenciamento de um projeto de constru\u00e7\u00e3o. O...\" \/>\n<meta property=\"og:url\" content=\"https:\/\/www.keyplan.es\/pt-br\/bim\/\" \/>\n<meta property=\"og:site_name\" content=\"Keyplan\" \/>\n<meta property=\"article:modified_time\" content=\"2018-01-03T16:33:08+00:00\" \/>\n<meta name=\"twitter:card\" content=\"summary_large_image\" \/>\n<meta name=\"twitter:label1\" content=\"Est. tempo de leitura\" \/>\n\t<meta name=\"twitter:data1\" content=\"2 minutos\" \/>\n<script type=\"application\/ld+json\" class=\"yoast-schema-graph\">{\"@context\":\"https:\/\/schema.org\",\"@graph\":[{\"@type\":\"WebPage\",\"@id\":\"https:\/\/www.keyplan.es\/pt-br\/bim\/\",\"url\":\"https:\/\/www.keyplan.es\/pt-br\/bim\/\",\"name\":\"BIM - Keyplan\",\"isPartOf\":{\"@id\":\"\/#website\"},\"datePublished\":\"2018-01-03T15:29:33+00:00\",\"dateModified\":\"2018-01-03T16:33:08+00:00\",\"breadcrumb\":{\"@id\":\"https:\/\/www.keyplan.es\/pt-br\/bim\/#breadcrumb\"},\"inLanguage\":\"pt-BR\",\"potentialAction\":[{\"@type\":\"ReadAction\",\"target\":[\"https:\/\/www.keyplan.es\/pt-br\/bim\/\"]}]},{\"@type\":\"BreadcrumbList\",\"@id\":\"https:\/\/www.keyplan.es\/pt-br\/bim\/#breadcrumb\",\"itemListElement\":[{\"@type\":\"ListItem\",\"position\":1,\"name\":\"Portada\",\"item\":\"https:\/\/www.keyplan.es\/pt-br\/\"},{\"@type\":\"ListItem\",\"position\":2,\"name\":\"BIM\"}]},{\"@type\":\"WebSite\",\"@id\":\"\/#website\",\"url\":\"\/\",\"name\":\"Keyplan\",\"description\":\"Ingenier\u00eda y consulting\",\"publisher\":{\"@id\":\"\/#organization\"},\"potentialAction\":[{\"@type\":\"SearchAction\",\"target\":{\"@type\":\"EntryPoint\",\"urlTemplate\":\"\/?s={search_term_string}\"},\"query-input\":\"required name=search_term_string\"}],\"inLanguage\":\"pt-BR\"},{\"@type\":\"Organization\",\"@id\":\"\/#organization\",\"name\":\"Key Plan\",\"url\":\"\/\",\"logo\":{\"@type\":\"ImageObject\",\"inLanguage\":\"pt-BR\",\"@id\":\"\/#\/schema\/logo\/image\/\",\"url\":\"https:\/\/www.keyplan.es\/wp-content\/uploads\/2016\/12\/logo.png\",\"contentUrl\":\"https:\/\/www.keyplan.es\/wp-content\/uploads\/2016\/12\/logo.png\",\"width\":184,\"height\":82,\"caption\":\"Key Plan\"},\"image\":{\"@id\":\"\/#\/schema\/logo\/image\/\"},\"sameAs\":[\"https:\/\/es.linkedin.com\/company\/keyplaningenieria\",\"https:\/\/www.instagram.com\/keyplan_ingenieria\/\"]}]}<\/script>\n<!-- \/ Yoast SEO plugin. -->","yoast_head_json":{"title":"BIM - Keyplan","robots":{"index":"index","follow":"follow","max-snippet":"max-snippet:-1","max-image-preview":"max-image-preview:large","max-video-preview":"max-video-preview:-1"},"canonical":"https:\/\/www.keyplan.es\/pt-br\/bim\/","og_locale":"pt_BR","og_type":"article","og_title":"BIM - Keyplan","og_description":"[vc_row][vc_column][\/vc_column][\/vc_row][vc_row][vc_column width=&#8221;2\/3&#8243;][vc_column_text css_animation=&#8221;left-to-right&#8221;]Nossos \u00faltimos trabalhos foram desenvolvidos em\u00a0 BIM (Building Information Modeling) que \u00e9 uma metodologia de trabalho colaborativa para a cria\u00e7\u00e3o e gerenciamento de um projeto de constru\u00e7\u00e3o. O...","og_url":"https:\/\/www.keyplan.es\/pt-br\/bim\/","og_site_name":"Keyplan","article_modified_time":"2018-01-03T16:33:08+00:00","twitter_card":"summary_large_image","twitter_misc":{"Est. tempo de leitura":"2 minutos"},"schema":{"@context":"https:\/\/schema.org","@graph":[{"@type":"WebPage","@id":"https:\/\/www.keyplan.es\/pt-br\/bim\/","url":"https:\/\/www.keyplan.es\/pt-br\/bim\/","name":"BIM - Keyplan","isPartOf":{"@id":"\/#website"},"datePublished":"2018-01-03T15:29:33+00:00","dateModified":"2018-01-03T16:33:08+00:00","breadcrumb":{"@id":"https:\/\/www.keyplan.es\/pt-br\/bim\/#breadcrumb"},"inLanguage":"pt-BR","potentialAction":[{"@type":"ReadAction","target":["https:\/\/www.keyplan.es\/pt-br\/bim\/"]}]},{"@type":"BreadcrumbList","@id":"https:\/\/www.keyplan.es\/pt-br\/bim\/#breadcrumb","itemListElement":[{"@type":"ListItem","position":1,"name":"Portada","item":"https:\/\/www.keyplan.es\/pt-br\/"},{"@type":"ListItem","position":2,"name":"BIM"}]},{"@type":"WebSite","@id":"\/#website","url":"\/","name":"Keyplan","description":"Ingenier\u00eda y consulting","publisher":{"@id":"\/#organization"},"potentialAction":[{"@type":"SearchAction","target":{"@type":"EntryPoint","urlTemplate":"\/?s={search_term_string}"},"query-input":"required name=search_term_string"}],"inLanguage":"pt-BR"},{"@type":"Organization","@id":"\/#organization","name":"Key Plan","url":"\/","logo":{"@type":"ImageObject","inLanguage":"pt-BR","@id":"\/#\/schema\/logo\/image\/","url":"https:\/\/www.keyplan.es\/wp-content\/uploads\/2016\/12\/logo.png","contentUrl":"https:\/\/www.keyplan.es\/wp-content\/uploads\/2016\/12\/logo.png","width":184,"height":82,"caption":"Key Plan"},"image":{"@id":"\/#\/schema\/logo\/image\/"},"sameAs":["https:\/\/es.linkedin.com\/company\/keyplaningenieria","https:\/\/www.instagram.com\/keyplan_ingenieria\/"]}]}},"_links":{"self":[{"href":"https:\/\/www.keyplan.es\/pt-br\/wp-json\/wp\/v2\/pages\/4595"}],"collection":[{"href":"https:\/\/www.keyplan.es\/pt-br\/wp-json\/wp\/v2\/pages"}],"about":[{"href":"https:\/\/www.keyplan.es\/pt-br\/wp-json\/wp\/v2\/types\/page"}],"author":[{"embeddable":true,"href":"https:\/\/www.keyplan.es\/pt-br\/wp-json\/wp\/v2\/users\/1"}],"replies":[{"embeddable":true,"href":"https:\/\/www.keyplan.es\/pt-br\/wp-json\/wp\/v2\/comments?post=4595"}],"version-history":[{"count":0,"href":"https:\/\/www.keyplan.es\/pt-br\/wp-json\/wp\/v2\/pages\/4595\/revisions"}],"wp:attachment":[{"href":"https:\/\/www.keyplan.es\/pt-br\/wp-json\/wp\/v2\/media?parent=4595"}],"curies":[{"name":"wp","href":"https:\/\/api.w.org\/{rel}","templated":true}]}}