{"id":5815,"date":"2021-09-14T07:52:47","date_gmt":"2021-09-14T06:52:47","guid":{"rendered":"http:\/\/localhost\/?page_id=5815"},"modified":"2021-09-17T10:33:59","modified_gmt":"2021-09-17T10:33:59","slug":"aviso-legal-cookies-analiticas-publicitarias","status":"publish","type":"page","link":"https:\/\/www.keyplan.es\/pt-br\/aviso-legal-cookies-analiticas-publicitarias\/","title":{"rendered":"Aviso legal (cookies anal\u00edticos + publicit\u00e1rios)"},"content":{"rendered":"<section class=\"wpb-content-wrapper\"><p>[vc_row][vc_column][vc_column_text]<\/p>\n<h2>LEI DOS SERVI\u00c7OS DA SOCIEDADE DA INFORMA\u00c7\u00c3O (LSSI)<\/h2>\n<p>Keyplan SL, respons\u00e1vel pelo site, doravante RESPONS\u00c1VEL, coloca \u00e0 disposi\u00e7\u00e3o dos usu\u00e1rios este documento, com o qual pretende cumprir as obriga\u00e7\u00f5es estabelecidas na Lei 34\/2002, de 11 de julho, de Servi\u00e7os da Sociedade da Informa\u00e7\u00e3o e Com\u00e9rcio Eletr\u00f4nico ( LSSICE), BOE n\u00ba 166, bem como informar todos os usu\u00e1rios do site sobre as condi\u00e7\u00f5es de uso.<\/p>\n<p>Qualquer pessoa que acesse este site assume a fun\u00e7\u00e3o de usu\u00e1rio, comprometendo-se com a observ\u00e2ncia e estrito cumprimento das disposi\u00e7\u00f5es aqui estabelecidas, bem como de qualquer outra disposi\u00e7\u00e3o legal que venha a ser aplic\u00e1vel.<\/p>\n<p>A Keyplan S.L reserva-se o direito de modificar qualquer tipo de informa\u00e7\u00e3o que apare\u00e7a no site, sem qualquer obriga\u00e7\u00e3o de pr\u00e9-notificar ou informar os usu\u00e1rios de tais obriga\u00e7\u00f5es, entendendo como suficiente a publica\u00e7\u00e3o no site da Keyplan S.L.<\/p>\n<p>&nbsp;<\/p>\n<h3>1. DADOS DE IDENTIFICA\u00c7\u00c3O<\/h3>\n<p>Nome de dom\u00ednio: keyplan.es<br \/>\nNome comercial: ALEJANDRO ALLEGUE ALVEDRO Nome da empresa: Keyplan S.L<br \/>\nNIF: B15602949<br \/>\nSede: Enrique Mari\u00f1as 30 2-3, 15009 a coru\u00f1a (A CORU\u00d1A) Telefone: 981173722<br \/>\nE-mail: keyplan@keyplan.es<br \/>\nRM Coru\u00f1a. Volume 1925 se\u00e7\u00e3o Gral. Folio 153 folha N C18240 1\u00aa inscri\u00e7\u00e3o<\/p>\n<h3>2. DIREITOS DE PROPRIEDADE INTELECTUAL E INDUSTRIAL<\/h3>\n<p>O site, incluindo, mas n\u00e3o se limitando \u00e0 sua programa\u00e7\u00e3o, edi\u00e7\u00e3o, compila\u00e7\u00e3o e outros elementos necess\u00e1rios ao seu funcionamento, os designs, logotipos, textos e \/ ou gr\u00e1ficos, s\u00e3o de propriedade do RESPONS\u00c1VEL ou, se aplic\u00e1vel, possuem uma licen\u00e7a ou autoriza\u00e7\u00e3o expressa pelos autores. Todos os conte\u00fados do site encontram-se devidamente protegidos pelos regulamentos de propriedade intelectual e industrial, bem como registados nos respectivos registos p\u00fablicos.<br \/>\nIndependentemente da finalidade a que se destinam, a reprodu\u00e7\u00e3o, utiliza\u00e7\u00e3o, explora\u00e7\u00e3o, distribui\u00e7\u00e3o e comercializa\u00e7\u00e3o total ou parcial, em qualquer caso, carece de autoriza\u00e7\u00e3o pr\u00e9via por escrito do RESPONS\u00c1VEL. Qualquer utiliza\u00e7\u00e3o n\u00e3o autorizada anteriormente \u00e9 considerada uma viola\u00e7\u00e3o grave dos direitos de propriedade intelectual ou industrial do autor.<br \/>\nOs desenhos, logotipos, textos e \/ ou gr\u00e1ficos externos ao RESPONS\u00c1VEL e que possam aparecer no site, pertencem aos seus respectivos propriet\u00e1rios, os quais s\u00e3o respons\u00e1veis por qualquer poss\u00edvel controv\u00e9rsia que possa surgir a respeito deles. O RESPONS\u00c1VEL autoriza expressamente terceiros a redirecionar diretamente para os conte\u00fados espec\u00edficos do site, e em qualquer caso redirecionar para o site principal da keyplan.es.<br \/>\nO RESPONS\u00c1VEL reconhece a favor dos seus titulares os correspondentes direitos de propriedade intelectual e industrial, a sua simples men\u00e7\u00e3o ou apari\u00e7\u00e3o no site n\u00e3o implica a exist\u00eancia de quaisquer direitos ou responsabilidades sobre os mesmos, nem implica endosso, patroc\u00ednio ou recomenda\u00e7\u00e3o dos mesmos. .<br \/>\nPara fazer qualquer tipo de observa\u00e7\u00e3o sobre poss\u00edveis viola\u00e7\u00f5es dos direitos de propriedade intelectual ou industrial, bem como de qualquer dos conte\u00fados do site, pode faz\u00ea-lo atrav\u00e9s do email <a href=\"mailto:keyplan@keyplan.es\">keyplan@keyplan.es<\/a>.<\/p>\n<h3>3. ISEN\u00c7\u00c3O DE RESPONSABILIDADES<\/h3>\n<p>O RESPONS\u00c1VEL isenta-se de qualquer tipo de responsabilidade derivada das informa\u00e7\u00f5es publicadas em seu site, desde que n\u00e3o tenha conhecimento efetivo de que essas informa\u00e7\u00f5es foram manipuladas ou introduzidas por terceiros n\u00e3o relacionados a ele ou, caso tenha, tenha agido com dilig\u00eancia para retirar dados ou tornar o acesso a eles imposs\u00edvel.<\/p>\n<p><strong>Uso de Cookies<br \/>\n<\/strong><\/p>\n<p>Este site pode utilizar cookies t\u00e9cnicos (pequenos arquivos de informa\u00e7\u00e3o que o servidor envia ao computador da pessoa que acede \u00e0 p\u00e1gina) para realizar determinadas fun\u00e7\u00f5es consideradas essenciais para o bom funcionamento e visualiza\u00e7\u00e3o do site. Os cookies utilizados s\u00e3o, em qualquer caso, de car\u00e1cter tempor\u00e1rio, com o \u00fanico prop\u00f3sito de tornar a navega\u00e7\u00e3o mais eficiente, e desaparecem no final da sess\u00e3o do utilizador. Em nenhum caso, os pr\u00f3prios cookies fornecem dados pessoais e n\u00e3o ser\u00e3o usados para colet\u00e1-los.<br \/>\nAtrav\u00e9s da utiliza\u00e7\u00e3o de cookies, tamb\u00e9m \u00e9 poss\u00edvel que o servidor onde se encontra a web reconhe\u00e7a o navegador utilizado pelo utilizador para facilitar a navega\u00e7\u00e3o, permitindo, por exemplo, o acesso de utilizadores que se tenham registado previamente \u00e0s \u00e1reas, servi\u00e7os, promo\u00e7\u00f5es ou concursos reservados exclusivamente para eles, sem necessidade de inscri\u00e7\u00e3o para cada visita. Tamb\u00e9m podem ser usados para medir a audi\u00eancia, par\u00e2metros de tr\u00e1fego, controlar a evolu\u00e7\u00e3o e n\u00famero de entradas, etc., sendo nestes casos cookies tecnicamente dispens\u00e1veis, mas ben\u00e9ficos para o utilizador. Este site n\u00e3o instalar\u00e1 cookies dispens\u00e1veis sem o consentimento pr\u00e9vio do usu\u00e1rio.<br \/>\nEste site usa cookies pr\u00f3prios e de terceiros para fins anal\u00edticos e para mostrar publicidade personalizada com base em um perfil elaborado a partir de seus h\u00e1bitos de navega\u00e7\u00e3o (por exemplo, p\u00e1ginas visitadas). Todo usu\u00e1rio que visita a web \u00e9 informado da utiliza\u00e7\u00e3o desses cookies por meio de um banner flutuante. No caso de aceitar o seu uso, o banner desaparecer\u00e1, embora a qualquer momento voc\u00ea possa revogar o consentimento e obter mais informa\u00e7\u00f5es consultando nossa Pol\u00edtica de Cookies.<br \/>\nO utilizador tem a possibilidade de configurar o seu navegador para ser avisado da recep\u00e7\u00e3o de cookies e impedir a sua instala\u00e7\u00e3o no seu computador. Por favor, consulte as instru\u00e7\u00f5es do seu navegador para expandir esta informa\u00e7\u00e3o.<\/p>\n<p><strong>Pol\u00edtica de links<\/strong><\/p>\n<p>A partir do site, voc\u00ea pode ser redirecionado para conte\u00fado de sites de terceiros. Tendo em vista que nem sempre o RESPONS\u00c1VEL pode controlar o conte\u00fado postado por terceiros em seus respectivos sites, n\u00e3o assume qualquer tipo de responsabilidade em rela\u00e7\u00e3o a tal conte\u00fado em quest\u00e3o.<\/p>\n<p>O RESPONS\u00c1VEL n\u00e3o se responsabiliza pelas informa\u00e7\u00f5es e conte\u00fados armazenados, a t\u00edtulo de exemplo, mas n\u00e3o se limitando a, em f\u00f3runs, chats, geradores de blogs, coment\u00e1rios, redes sociais ou qualquer outro meio que permita a terceiros publicar conte\u00fado de forma independente no site. o respons\u00e1vel. No entanto, e em cumprimento do disposto nos artigos 11 e 16 do LSSICE, \u00e9 colocado \u00e0 disposi\u00e7\u00e3o de todos os usu\u00e1rios, autoridades e for\u00e7as de seguran\u00e7a, colaborando ativamente na retirada ou, se for o caso, no bloqueio de todos aqueles conte\u00fados que possam afetar ou contrariar legisla\u00e7\u00e3o nacional ou internacional, direitos de terceiros ou moralidade e ordem p\u00fablica. Caso o usu\u00e1rio considere que existe algum conte\u00fado no site que possa ser suscet\u00edvel a esta classifica\u00e7\u00e3o, avise imediatamente o administrador do site.<\/p>\n<p>Este site foi revisado e testado para garantir que funciona corretamente. Em princ\u00edpio, o funcionamento correto pode ser garantido 365 dias por ano, 24 horas por dia. No entanto, o RESPONS\u00c1VEL n\u00e3o descarta a possibilidade de que ocorram certos erros de programa\u00e7\u00e3o, ou que possam ocorrer causas de for\u00e7a maior, desastres naturais, greves ou circunst\u00e2ncias semelhantes que impossibilitem o acesso ao site.<\/p>\n<p><strong>Endere\u00e7os IP<\/strong><\/p>\n<p>Os servidores do site ser\u00e3o capazes de detectar automaticamente o endere\u00e7o IP e o nome de dom\u00ednio usados pelo usu\u00e1rio. Um endere\u00e7o IP \u00e9 um n\u00famero atribu\u00eddo automaticamente a um computador quando ele se conecta \u00e0 Internet. Toda esta informa\u00e7\u00e3o \u00e9 registada num ficheiro de actividade do servidor devidamente registado que permite o subsequente tratamento dos dados de forma a obter apenas medi\u00e7\u00f5es estat\u00edsticas que permitem conhecer o n\u00famero de impress\u00f5es de p\u00e1ginas, o n\u00famero de visitas efectuadas aos servidores web, a ordem das visitas , o ponto de acesso, etc.<\/p>\n<h3>4. LEI APLIC\u00c1VEL E JURISDI\u00c7\u00c3O<\/h3>\n<p>Para a resolu\u00e7\u00e3o de todas as controv\u00e9rsias ou quest\u00f5es relacionadas com este site ou com as atividades nele desenvolvidas, ser\u00e1 aplicada a legisla\u00e7\u00e3o espanhola, \u00e0 qual as partes se submetem expressamente, sendo competentes para resolver todos os conflitos derivados ou relacionados com a sua utiliza\u00e7\u00e3o nos Tribunais de domic\u00edlio do USU\u00c1RIO ou o local de cumprimento da obriga\u00e7\u00e3o.<\/p>\n<p>&nbsp;[\/vc_column_text][\/vc_column][\/vc_row]<\/p>\n<\/section>","protected":false},"excerpt":{"rendered":"<p>[vc_row][vc_column][vc_column_text] LEI DOS SERVI\u00c7OS DA SOCIEDADE DA INFORMA\u00c7\u00c3O (LSSI) Keyplan SL, respons\u00e1vel pelo site, doravante RESPONS\u00c1VEL, coloca \u00e0 disposi\u00e7\u00e3o dos usu\u00e1rios este documento, com o qual pretende cumprir as obriga\u00e7\u00f5es&#8230;<\/p>\n","protected":false},"author":1,"featured_media":0,"parent":0,"menu_order":0,"comment_status":"closed","ping_status":"closed","template":"","meta":{"footnotes":""},"yoast_head":"<!-- This site is optimized with the Yoast SEO plugin v21.9.1 - https:\/\/yoast.com\/wordpress\/plugins\/seo\/ -->\n<title>Aviso legal (cookies anal\u00edticos + publicit\u00e1rios) - Keyplan<\/title>\n<meta name=\"robots\" content=\"index, follow, max-snippet:-1, max-image-preview:large, max-video-preview:-1\" \/>\n<link rel=\"canonical\" href=\"https:\/\/www.keyplan.es\/pt-br\/aviso-legal-cookies-analiticas-publicitarias\/\" \/>\n<meta property=\"og:locale\" content=\"pt_BR\" \/>\n<meta property=\"og:type\" content=\"article\" \/>\n<meta property=\"og:title\" content=\"Aviso legal (cookies anal\u00edticos + publicit\u00e1rios) - Keyplan\" \/>\n<meta property=\"og:description\" content=\"[vc_row][vc_column][vc_column_text] LEI DOS SERVI\u00c7OS DA SOCIEDADE DA INFORMA\u00c7\u00c3O (LSSI) Keyplan SL, respons\u00e1vel pelo site, doravante RESPONS\u00c1VEL, coloca \u00e0 disposi\u00e7\u00e3o dos usu\u00e1rios este documento, com o qual pretende cumprir as obriga\u00e7\u00f5es...\" \/>\n<meta property=\"og:url\" content=\"https:\/\/www.keyplan.es\/pt-br\/aviso-legal-cookies-analiticas-publicitarias\/\" \/>\n<meta property=\"og:site_name\" content=\"Keyplan\" \/>\n<meta property=\"article:modified_time\" content=\"2021-09-17T10:33:59+00:00\" \/>\n<meta name=\"twitter:card\" content=\"summary_large_image\" \/>\n<meta name=\"twitter:label1\" content=\"Est. tempo de leitura\" \/>\n\t<meta name=\"twitter:data1\" content=\"7 minutos\" \/>\n<script type=\"application\/ld+json\" class=\"yoast-schema-graph\">{\"@context\":\"https:\/\/schema.org\",\"@graph\":[{\"@type\":\"WebPage\",\"@id\":\"https:\/\/www.keyplan.es\/pt-br\/aviso-legal-cookies-analiticas-publicitarias\/\",\"url\":\"https:\/\/www.keyplan.es\/pt-br\/aviso-legal-cookies-analiticas-publicitarias\/\",\"name\":\"Aviso legal (cookies anal\u00edticos + publicit\u00e1rios) - Keyplan\",\"isPartOf\":{\"@id\":\"\/#website\"},\"datePublished\":\"2021-09-14T06:52:47+00:00\",\"dateModified\":\"2021-09-17T10:33:59+00:00\",\"breadcrumb\":{\"@id\":\"https:\/\/www.keyplan.es\/pt-br\/aviso-legal-cookies-analiticas-publicitarias\/#breadcrumb\"},\"inLanguage\":\"pt-BR\",\"potentialAction\":[{\"@type\":\"ReadAction\",\"target\":[\"https:\/\/www.keyplan.es\/pt-br\/aviso-legal-cookies-analiticas-publicitarias\/\"]}]},{\"@type\":\"BreadcrumbList\",\"@id\":\"https:\/\/www.keyplan.es\/pt-br\/aviso-legal-cookies-analiticas-publicitarias\/#breadcrumb\",\"itemListElement\":[{\"@type\":\"ListItem\",\"position\":1,\"name\":\"Portada\",\"item\":\"https:\/\/www.keyplan.es\/pt-br\/\"},{\"@type\":\"ListItem\",\"position\":2,\"name\":\"Aviso legal (cookies anal\u00edticos + publicit\u00e1rios)\"}]},{\"@type\":\"WebSite\",\"@id\":\"\/#website\",\"url\":\"\/\",\"name\":\"Keyplan\",\"description\":\"Ingenier\u00eda y consulting\",\"publisher\":{\"@id\":\"\/#organization\"},\"potentialAction\":[{\"@type\":\"SearchAction\",\"target\":{\"@type\":\"EntryPoint\",\"urlTemplate\":\"\/?s={search_term_string}\"},\"query-input\":\"required name=search_term_string\"}],\"inLanguage\":\"pt-BR\"},{\"@type\":\"Organization\",\"@id\":\"\/#organization\",\"name\":\"Key Plan\",\"url\":\"\/\",\"logo\":{\"@type\":\"ImageObject\",\"inLanguage\":\"pt-BR\",\"@id\":\"\/#\/schema\/logo\/image\/\",\"url\":\"https:\/\/www.keyplan.es\/wp-content\/uploads\/2016\/12\/logo.png\",\"contentUrl\":\"https:\/\/www.keyplan.es\/wp-content\/uploads\/2016\/12\/logo.png\",\"width\":184,\"height\":82,\"caption\":\"Key Plan\"},\"image\":{\"@id\":\"\/#\/schema\/logo\/image\/\"},\"sameAs\":[\"https:\/\/es.linkedin.com\/company\/keyplaningenieria\",\"https:\/\/www.instagram.com\/keyplan_ingenieria\/\"]}]}<\/script>\n<!-- \/ Yoast SEO plugin. -->","yoast_head_json":{"title":"Aviso legal (cookies anal\u00edticos + publicit\u00e1rios) - Keyplan","robots":{"index":"index","follow":"follow","max-snippet":"max-snippet:-1","max-image-preview":"max-image-preview:large","max-video-preview":"max-video-preview:-1"},"canonical":"https:\/\/www.keyplan.es\/pt-br\/aviso-legal-cookies-analiticas-publicitarias\/","og_locale":"pt_BR","og_type":"article","og_title":"Aviso legal (cookies anal\u00edticos + publicit\u00e1rios) - Keyplan","og_description":"[vc_row][vc_column][vc_column_text] LEI DOS SERVI\u00c7OS DA SOCIEDADE DA INFORMA\u00c7\u00c3O (LSSI) Keyplan SL, respons\u00e1vel pelo site, doravante RESPONS\u00c1VEL, coloca \u00e0 disposi\u00e7\u00e3o dos usu\u00e1rios este documento, com o qual pretende cumprir as obriga\u00e7\u00f5es...","og_url":"https:\/\/www.keyplan.es\/pt-br\/aviso-legal-cookies-analiticas-publicitarias\/","og_site_name":"Keyplan","article_modified_time":"2021-09-17T10:33:59+00:00","twitter_card":"summary_large_image","twitter_misc":{"Est. tempo de leitura":"7 minutos"},"schema":{"@context":"https:\/\/schema.org","@graph":[{"@type":"WebPage","@id":"https:\/\/www.keyplan.es\/pt-br\/aviso-legal-cookies-analiticas-publicitarias\/","url":"https:\/\/www.keyplan.es\/pt-br\/aviso-legal-cookies-analiticas-publicitarias\/","name":"Aviso legal (cookies anal\u00edticos + publicit\u00e1rios) - Keyplan","isPartOf":{"@id":"\/#website"},"datePublished":"2021-09-14T06:52:47+00:00","dateModified":"2021-09-17T10:33:59+00:00","breadcrumb":{"@id":"https:\/\/www.keyplan.es\/pt-br\/aviso-legal-cookies-analiticas-publicitarias\/#breadcrumb"},"inLanguage":"pt-BR","potentialAction":[{"@type":"ReadAction","target":["https:\/\/www.keyplan.es\/pt-br\/aviso-legal-cookies-analiticas-publicitarias\/"]}]},{"@type":"BreadcrumbList","@id":"https:\/\/www.keyplan.es\/pt-br\/aviso-legal-cookies-analiticas-publicitarias\/#breadcrumb","itemListElement":[{"@type":"ListItem","position":1,"name":"Portada","item":"https:\/\/www.keyplan.es\/pt-br\/"},{"@type":"ListItem","position":2,"name":"Aviso legal (cookies anal\u00edticos + publicit\u00e1rios)"}]},{"@type":"WebSite","@id":"\/#website","url":"\/","name":"Keyplan","description":"Ingenier\u00eda y consulting","publisher":{"@id":"\/#organization"},"potentialAction":[{"@type":"SearchAction","target":{"@type":"EntryPoint","urlTemplate":"\/?s={search_term_string}"},"query-input":"required name=search_term_string"}],"inLanguage":"pt-BR"},{"@type":"Organization","@id":"\/#organization","name":"Key Plan","url":"\/","logo":{"@type":"ImageObject","inLanguage":"pt-BR","@id":"\/#\/schema\/logo\/image\/","url":"https:\/\/www.keyplan.es\/wp-content\/uploads\/2016\/12\/logo.png","contentUrl":"https:\/\/www.keyplan.es\/wp-content\/uploads\/2016\/12\/logo.png","width":184,"height":82,"caption":"Key Plan"},"image":{"@id":"\/#\/schema\/logo\/image\/"},"sameAs":["https:\/\/es.linkedin.com\/company\/keyplaningenieria","https:\/\/www.instagram.com\/keyplan_ingenieria\/"]}]}},"_links":{"self":[{"href":"https:\/\/www.keyplan.es\/pt-br\/wp-json\/wp\/v2\/pages\/5815"}],"collection":[{"href":"https:\/\/www.keyplan.es\/pt-br\/wp-json\/wp\/v2\/pages"}],"about":[{"href":"https:\/\/www.keyplan.es\/pt-br\/wp-json\/wp\/v2\/types\/page"}],"author":[{"embeddable":true,"href":"https:\/\/www.keyplan.es\/pt-br\/wp-json\/wp\/v2\/users\/1"}],"replies":[{"embeddable":true,"href":"https:\/\/www.keyplan.es\/pt-br\/wp-json\/wp\/v2\/comments?post=5815"}],"version-history":[{"count":0,"href":"https:\/\/www.keyplan.es\/pt-br\/wp-json\/wp\/v2\/pages\/5815\/revisions"}],"wp:attachment":[{"href":"https:\/\/www.keyplan.es\/pt-br\/wp-json\/wp\/v2\/media?parent=5815"}],"curies":[{"name":"wp","href":"https:\/\/api.w.org\/{rel}","templated":true}]}}