{"id":5822,"date":"2021-09-14T08:50:15","date_gmt":"2021-09-14T08:50:15","guid":{"rendered":"http:\/\/localhost\/cookies\/"},"modified":"2021-09-17T10:00:06","modified_gmt":"2021-09-17T10:00:06","slug":"cookies","status":"publish","type":"page","link":"https:\/\/www.keyplan.es\/pt-br\/cookies\/","title":{"rendered":"COOKIES"},"content":{"rendered":"<section class=\"wpb-content-wrapper\"><p>[vc_row][vc_column][vc_column_text]<\/p>\n<h2 style=\"text-align: center;\">COOKIES: Pol\u00edtica T\u00c9CNICA de cookies<\/h2>\n<h3 style=\"text-align: left;\">NFORMA\u00c7\u00d5ES SOBRE COOKIES<\/h3>\n<p>Em virtude da entrada em vigor da altera\u00e7\u00e3o de refer\u00eancia da &#8220;Lei dos Servi\u00e7os da Sociedade da Informa\u00e7\u00e3o&#8221; (LSSICE) estabelecida pelo Real Decreto 13\/2012, \u00e9 obrigat\u00f3rio obter o consentimento expresso do utilizador de todas as p\u00e1ginas web que utilizem cookies dispens\u00e1veis, antes de navegar neles.<\/p>\n<h3 style=\"text-align: left;\">O QUE S\u00c3O COOKIES?<\/h3>\n<p>Cookies e outras tecnologias semelhantes, como objetos locais compartilhados, flash cookies ou pixels, s\u00e3o ferramentas utilizadas pelos servidores Web para armazenar e recuperar informa\u00e7\u00f5es sobre seus visitantes, bem como para oferecer o correto funcionamento do site.<\/p>\n<p>Ao utilizar estes dispositivos, o servidor Web pode memorizar alguns dados relativos ao utilizador, tais como as suas prefer\u00eancias de visualiza\u00e7\u00e3o das p\u00e1ginas desse servidor, nome e palavra-passe, produtos que mais lhe interessam, etc.<\/p>\n<h3>COOKIES AFETADOS PELAS NORMAS E EXCE\u00c7\u00d5ES<\/h3>\n<p>De acordo com a diretriz da UE, os cookies que requerem o consentimento informado do usu\u00e1rio s\u00e3o cookies anal\u00edticos e de publicidade e afilia\u00e7\u00e3o, exceto os de natureza t\u00e9cnica e os necess\u00e1rios para o funcionamento do site ou a presta\u00e7\u00e3o de servi\u00e7os. Expressamente solicitados por o usu\u00e1rio.<\/p>\n<h3>QUE TIPOS DE COOKIES EXISTEM?<\/h3>\n<p>Em rela\u00e7\u00e3o aos tipos de cookies, existem cinco grandes grupos:<\/p>\n<ul>\n<li>Cookies anal\u00edticos: recolhem informa\u00e7\u00f5es sobre a utiliza\u00e7\u00e3o do site.<\/li>\n<li>Cookies sociais: s\u00e3o os necess\u00e1rios para redes sociais externas.<\/li>\n<li>Cookies de afiliados: permitem rastrear visitas de outros sites, com os quais o site estabelece um contrato de afilia\u00e7\u00e3o (empresas afiliadas).<\/li>\n<li>Cookies publicit\u00e1rios e comportamentais: eles coletam informa\u00e7\u00f5es sobre as prefer\u00eancias e escolhas pessoais do usu\u00e1rio (retargeting).<\/li>\n<li>Cookies t\u00e9cnicos e funcionais: s\u00e3o estritamente necess\u00e1rios para a utiliza\u00e7\u00e3o do site e para a presta\u00e7\u00e3o do servi\u00e7o contratado.<\/li>\n<\/ul>\n<h3>PROCESSAMENTO DE DADOS PESSOAIS<\/h3>\n<p>A Keyplan SL \u00e9 a <strong>Respons\u00e1vel pelo tratamento<\/strong> dos dados pessoais do <strong>Interessado<\/strong> e informa que esses dados ser\u00e3o tratados de acordo com o disposto no Regulamento (UE) 2016\/679, de 27 de abril de 2016 (GDPR), portanto, s\u00e3o fornecidas as seguintes informa\u00e7\u00f5es de tratamento:<br \/>\n<strong>Finalidades do tratamento:<\/strong> conforme especificado na se\u00e7\u00e3o sobre cookies utilizados neste site.<br \/>\n<strong>Legitima\u00e7\u00e3o do tratamento:<\/strong> para o leg\u00edtimo interesse do respons\u00e1vel.<br \/>\n<strong>Crit\u00e9rios de conserva\u00e7\u00e3o de dados:<\/strong> conforme especificado na se\u00e7\u00e3o sobre cookies usados na web.<br \/>\n<strong>Comunica\u00e7\u00e3o dos dados:<\/strong> os dados n\u00e3o ser\u00e3o comunicados a terceiros, salvo obriga\u00e7\u00e3o legal.<\/p>\n<p><strong>Direitos que auxiliam o interessado:<\/strong><br \/>\n&#8211; Direito de acesso, retifica\u00e7\u00e3o, portabilidade e elimina\u00e7\u00e3o dos seus dados e de limita\u00e7\u00e3o ou oposi\u00e7\u00e3o ao seu tratamento.<br \/>\n&#8211; Direito de registrar uma reclama\u00e7\u00e3o junto \u00e0 Autoridade de Controle (www.aepd.es) se voc\u00ea considerar que o tratamento n\u00e3o est\u00e1 de acordo com os regulamentos em vigor.<\/p>\n<p><strong>Informa\u00e7\u00f5es de contato para exercer seus direitos:<\/strong><\/p>\n<p>Keyplan S.L. Enrique Mari\u00f1as, 30 2-3 &#8211; 15009 a coru\u00f1a (A Coru\u00f1a). E-mail: <a href=\"mailto:keyplan@keyplan.es\">keyplan@keyplan.es<\/a><\/p>\n<p>&nbsp;<\/p>\n<h3>COOKIES USADOS NESTE SITE<\/h3>\n<ul>\n<li><strong>PHPSESSID<\/strong>: Cookie t\u00e9cnico e estritamente necess\u00e1rio que cont\u00e9m o identificador da sess\u00e3o. Ele \u00e9 exclu\u00eddo quando o navegador \u00e9 fechado.<\/li>\n<li><strong>_lang:\u00a0<\/strong>Cookie t\u00e9cnico e estritamente necess\u00e1rio que contenha o idioma da sess\u00e3o. Ele \u00e9 removido quando o navegador \u00e9 fechado.<\/li>\n<\/ul>\n<p>&nbsp;<\/p>\n<h2 style=\"text-align: center;\">POL\u00cdTICA DE COOKIES ANAL\u00cdTICOS + PUBLICIDADE COMPORTAMENTAL<\/h2>\n<h3 style=\"text-align: center;\">INFORMA\u00c7\u00d5ES SOBRE COOKIES<\/h3>\n<p>Cookies e outras tecnologias semelhantes, como local shared objects, flash cookies ou pixels, s\u00e3o ferramentas utilizadas pelos servidores Web para armazenar e recuperar informa\u00e7\u00f5es sobre seus visitantes, bem como para oferecer o correto funcionamento do site.<\/p>\n<p>Ao utilizar estes dispositivos, o servidor Web pode memorizar alguns dados relativos ao utilizador, como as suas prefer\u00eancias de visualiza\u00e7\u00e3o das p\u00e1ginas desse servidor, nome e palavra-passe, produtos que mais lhe interessam, etc..<\/p>\n<p>&nbsp;<\/p>\n<h3 style=\"text-align: center;\">COOKIES AFETADOS PELAS NORMAS E EXCE\u00c7\u00d5ES<\/h3>\n<p>De acordo com a Lei 34\/2002, de 11 de julho, relativa aos servi\u00e7os da sociedade da informa\u00e7\u00e3o e do com\u00e9rcio eletr\u00f3nico (LSSI), no \u00e2mbito do Regulamento (UE) 2016\/679 do Parlamento Europeu e do Conselho, de 27 de abril de 2016, Prote\u00e7\u00e3o Geral de Dados (GDPR) e Lei Org\u00e2nica 3\/2018, de 5 de dezembro, Prote\u00e7\u00e3o de Dados e Garantia de Direitos Digitais (LOPDGDD), \u00e9 obrigat\u00f3rio obter o consentimento expresso do usu\u00e1rio de todas as p\u00e1ginas da web que utilizam cookies dispens\u00e1veis, antes de voc\u00ea navegue por eles.<\/p>\n<p>De acordo com a diretriz da UE, os cookies que requerem o consentimento informado do usu\u00e1rio s\u00e3o cookies anal\u00edticos e de publicidade e afilia\u00e7\u00e3o, exceto os de natureza t\u00e9cnica e os necess\u00e1rios para o funcionamento do site ou a presta\u00e7\u00e3o de servi\u00e7os. Expressamente solicitados pelo usu\u00e1rio.<\/p>\n<p>&nbsp;<\/p>\n<h3 style=\"text-align: center;\">TIPOS DE COOKIES<\/h3>\n<h4>DE ACORDO COM O PROP\u00d3SITO<\/h4>\n<ul>\n<li><strong>Cookies t\u00e9cnicos e funcionais:\u00a0<\/strong>s\u00e3o aqueles que permitem ao utilizador navegar numa p\u00e1gina web, plataforma ou aplica\u00e7\u00e3o e utilizar as diferentes op\u00e7\u00f5es ou servi\u00e7os nela existentes.<\/li>\n<li><strong>Cookies anal\u00edticos:<\/strong> s\u00e3o aqueles que permitem ao seu respons\u00e1vel monitorizar e analisar o comportamento dos utilizadores dos sites aos quais est\u00e3o ligados. A informa\u00e7\u00e3o recolhida atrav\u00e9s deste tipo de cookies \u00e9 utilizada para medir a actividade dos sites, aplica\u00e7\u00e3o ou plataforma e para criar perfis de navega\u00e7\u00e3o dos utilizadores dos referidos sites, aplica\u00e7\u00f5es e plataformas, de forma a introduzir melhorias em fun\u00e7\u00e3o da an\u00e1lise da utiliza\u00e7\u00e3o dados feitos pelos usu\u00e1rios do servi\u00e7o.<\/li>\n<li><strong>Cookies publicit\u00e1rios:<\/strong> s\u00e3o aqueles que permitem a gest\u00e3o, da forma mais eficiente poss\u00edvel, dos espa\u00e7os publicit\u00e1rios que, se for caso disso, o editor incluiu numa p\u00e1gina web, aplica\u00e7\u00e3o ou plataforma a partir da qual o servi\u00e7o solicitado \u00e9 prestado com base em crit\u00e9rios como conte\u00fado editado ou com que frequ\u00eancia os an\u00fancios s\u00e3o exibidos.<\/li>\n<li><strong>Cookies de publicidade comportamental:<\/strong> recolhem informa\u00e7\u00e3o sobre as prefer\u00eancias e escolhas pessoais do utilizador (retargeting) para permitir a gest\u00e3o, da forma mais eficiente poss\u00edvel, dos espa\u00e7os publicit\u00e1rios que, se for caso disso, o editor incluiu numa p\u00e1gina web, aplica\u00e7\u00e3o ou plataforma a partir da qual o servi\u00e7o solicitado \u00e9 fornecido.<\/li>\n<\/ul>\n<h4>DE ACORDO COM A PROPRIEDADE<\/h4>\n<ul>\n<li><strong>Cookies pr\u00f3prios:<\/strong> s\u00e3o aqueles que s\u00e3o enviados ao equipamento terminal do usu\u00e1rio a partir de um computador ou dom\u00ednio administrado pelo pr\u00f3prio editor e a partir do qual \u00e9 prestado o servi\u00e7o solicitado pelo usu\u00e1rio.<\/li>\n<li><strong>Cookies de terceiros: <\/strong>s\u00e3o aqueles que s\u00e3o enviados ao equipamento terminal do usu\u00e1rio a partir de um computador ou dom\u00ednio que n\u00e3o \u00e9 gerenciado pelo editor, mas por outra entidade que processa os dados obtidos por meio de cookies.<\/li>\n<\/ul>\n<h4>DE ACORDO COM O PER\u00cdODO DE CONSERVA\u00c7\u00c3O<\/h4>\n<ul>\n<li><strong>Cookies de sess\u00e3o:<\/strong> s\u00e3o um tipo de cookie projetado para coletar e armazenar dados enquanto o usu\u00e1rio acessa uma p\u00e1gina da web.<\/li>\n<li><strong>Cookies persistentes:<\/strong> s\u00e3o um tipo de cookie em que os dados ainda ficam armazenados no terminal e podem ser acessados e processados durante um per\u00edodo definido pelo respons\u00e1vel pelo cookie, que pode variar de alguns minutos a v\u00e1rios anos.<\/li>\n<\/ul>\n<h3 style=\"text-align: center;\">PROCESSAMENTO DE DADOS PESSOAIS<\/h3>\n<p>A Keyplan SL \u00e9 a <strong>Respons\u00e1vel pelo tratamento<\/strong> dos dados pessoais do <strong>Interessado<\/strong> e informa que esses dados ser\u00e3o tratados de acordo com o disposto no Regulamento (UE) 2016\/679, de 27 de abril de 2016 (GDPR), portanto, as seguintes\u00a0informa\u00e7\u00f5es de tratamento s\u00e3o fornecidas a voc\u00ea:<br \/>\n<strong>Finalidades do tratamento:<\/strong> conforme especificado na se\u00e7\u00e3o sobre cookies utilizados neste site.<br \/>\n<strong>Legitima\u00e7\u00e3o do tratamento:<\/strong> por consentimento da parte interessada (art. 6.1 RGPD).<br \/>\n<strong>Crit\u00e9rios de conserva\u00e7\u00e3o de dados:<\/strong> conforme especificado na se\u00e7\u00e3o sobre cookies usados na web.<br \/>\n<strong>Comunica\u00e7\u00e3o dos dados:<\/strong> os dados n\u00e3o ser\u00e3o comunicados a terceiros, exceto em cookies de terceiros ou por obriga\u00e7\u00e3o legal. <strong>Direitos que auxiliam o interessado:<\/strong><br \/>\n&#8211; Direito de retirar o consentimento a qualquer momento.<br \/>\n&#8211; Direito de acesso, retifica\u00e7\u00e3o, portabilidade e elimina\u00e7\u00e3o dos seus dados e a limita\u00e7\u00e3o ou oposi\u00e7\u00e3o ao seu tratamento.<br \/>\n&#8211; Direito de registrar uma reclama\u00e7\u00e3o junto \u00e0 Autoridade de Controle (www.aepd.es) se voc\u00ea considerar que o tratamento n\u00e3o est\u00e1 de acordo com os regulamentos em vigor.<\/p>\n<p><strong>Informa\u00e7\u00f5es de contato para exercer seus direitos:<\/strong><\/p>\n<p>Keyplan S.L. Enrique Mari\u00f1as, 30 2-3 &#8211; 15009 a coru\u00f1a (A Coru\u00f1a). E-mail: <a href=\"mailto:keyplan@keyplan.es\">keyplan@keyplan.es<\/a><\/p>\n<p>&nbsp;<\/p>\n<p>&nbsp;<\/p>\n<p>&nbsp;[\/vc_column_text][vc_column_text]&nbsp;<\/p>\n<table class=\"table-cookies\">\n<caption>COOKIES ANAL\u00cdTICOS<\/caption>\n<tbody>\n<tr>\n<td>NOME<\/td>\n<td>TIPO<\/td>\n<td>PROPIEDADE<\/td>\n<td>FINALIDADE<\/td>\n<td>PRAZO<\/td>\n<td>OBSERVA\u00c7\u00d5ES<\/td>\n<\/tr>\n<tr>\n<td>_ga<\/td>\n<td>Anal\u00edtico<\/td>\n<td>Google Analytics<\/td>\n<td>Ativa a fun\u00e7\u00e3o \u00fanica de controle de visitas. Na primeira vez que um usu\u00e1rio entrar no site por meio de um navegador, esse cookie ser\u00e1 instalado. Quando este usu\u00e1rio entrar novamente na web com o mesmo navegador, o cookie ir\u00e1 considerar que \u00e9 o mesmo usu\u00e1rio. Apenas no caso de o usu\u00e1rio mudar de navegador, outro usu\u00e1rio ser\u00e1 considerado.<\/td>\n<td>2 anos<\/td>\n<td>Persistente<\/td>\n<\/tr>\n<tr>\n<td>_gat<\/td>\n<td>Anal\u00edtico<\/td>\n<td>Google Analytics<\/td>\n<td>\u00c9 usado para limitar a velocidade da solicita\u00e7\u00e3o &#8211; limitando a coleta de dados em sites de alto tr\u00e1fego.<\/td>\n<td>10 minutos<\/td>\n<td>Sess\u00e3o<\/td>\n<\/tr>\n<tr>\n<td>_gid<\/td>\n<td>Anal\u00edtico<\/td>\n<td>Google Analytics<\/td>\n<td>Usado para distinguir usuarios.<\/td>\n<td>24 horas<\/td>\n<td>Sess\u00e3o<\/td>\n<\/tr>\n<\/tbody>\n<\/table>\n<p>&nbsp;<\/p>\n<p>Obtenha mais informa\u00e7\u00f5es para desativar os cookies do Google Analytics:<\/p>\n<ul>\n<li><a href=\"https:\/\/tools.google.com\/dlpage\/gaoptout\">Pol\u00edtica de privacidade do Google<\/a><\/li>\n<li><a href=\"https:\/\/support.google.com\/analytics\/answer\/181881?hl=es\">Exclus\u00e3o do Google Analytics<\/a><\/li>\n<\/ul>\n<p>&nbsp;<\/p>\n<p>&nbsp;<\/p>\n<table class=\"table-cookies\">\n<caption>COOKIES DE PUBLICIDADE COMPORTAMENTAL<\/caption>\n<tbody>\n<tr>\n<td>NOME<\/td>\n<td>TIPO<\/td>\n<td>PROPIEDADE<\/td>\n<td>FINALIDADE<\/td>\n<td>PRAZO<\/td>\n<td>OBSERVA\u00c7\u00d5ES<\/td>\n<\/tr>\n<tr>\n<td>_gads<\/td>\n<td>Publicit\u00e1rio<\/td>\n<td>Google<\/td>\n<td>Cookie associado ao servi\u00e7o Doubleclick.net do Google para que o propriet\u00e1rio possa ganhar cr\u00e9dito<\/td>\n<td>1 ano<\/td>\n<td>Persistente<\/td>\n<\/tr>\n<tr>\n<td>_sonar<\/td>\n<td>Publicit\u00e1rio<\/td>\n<td>Doubleclick.net<\/td>\n<td>\u00c9 usado para melhorar e direcionar a publicidade com base no conte\u00fado relevante para um usu\u00e1rio, melhorar os relat\u00f3rios de desempenho da campanha e evitar a exibi\u00e7\u00e3o de an\u00fancios que o usu\u00e1rio j\u00e1 viu Doubleclick.net<\/td>\n<td>1 ano<\/td>\n<td>Persistente<\/td>\n<\/tr>\n<tr>\n<td>_ncuid<\/td>\n<td>Publicit\u00e1rio<\/td>\n<td>Google<\/td>\n<td>Usado para medir o desempenho do an\u00fancio e fornecer<br \/>\nrecomenda\u00e7\u00f5es de produtos com base em dados estat\u00edsticos<\/td>\n<td>6 meses<\/td>\n<td>Persistente<\/td>\n<\/tr>\n<tr>\n<td>IDE<\/td>\n<td>Publicit\u00e1rio<\/td>\n<td>Doubleclick.net<\/td>\n<td>\u00c9 usado para segmenta\u00e7\u00e3o, otimiza\u00e7\u00e3o, relat\u00f3rios e atribui\u00e7\u00e3o de an\u00fancios online.<\/td>\n<td>1 ano<\/td>\n<td>Persistente<\/td>\n<\/tr>\n<tr>\n<td>_conv_v bt2<br \/>\ndi2<br \/>\ndt<br \/>\nloc<br \/>\nssc<br \/>\nssh<br \/>\nssshs<br \/>\nuid<br \/>\num<br \/>\nuvc<br \/>\nvc<\/td>\n<td>Publicit\u00e1rio<\/td>\n<td>AddThis<\/td>\n<td>Eles s\u00e3o usados para permitir que o conte\u00fado seja compartilhado.<br \/>\nAddThis tamb\u00e9m \u00e9 usado para coletar informa\u00e7\u00f5es sobre como o conte\u00fado do site \u00e9 compartilhado<\/td>\n<td>2 anos, excepto:<\/p>\n<p>_conv_v: 1 a\u00f1o, bt2: 8 meses, dt:\u00a030 d\u00edas<\/td>\n<td>Persistentes<\/td>\n<\/tr>\n<\/tbody>\n<\/table>\n<p>&nbsp;<\/p>\n<table class=\"table-cookies\">\n<caption>COMO REMOVER COOKIES DOS NAVEGADORES MAIS COMUNS<\/caption>\n<tbody>\n<tr>\n<td>Chrome<\/td>\n<td><a href=\"http:\/\/support.google.com\/chrome\/answer\/95647?hl=es\">http:\/\/support.google.com\/chrome\/answer\/95647?hl=es<\/a><\/td>\n<\/tr>\n<tr>\n<td>Internet Explorer. Vers\u00e3o 11<\/td>\n<td><a href=\"https:\/\/support.microsoft.com\/es-es\/help\/278835\/how-to-delete-cookie-files-in-internet-explorer\">https:\/\/support.microsoft.com\/es-es\/help\/278835\/how-to-delete-cookie-files-in-internet-explorer<\/a><\/td>\n<\/tr>\n<tr>\n<td>Firefox. Vers\u00e3o 65.0.1<\/td>\n<td><a href=\"https:\/\/www.mozilla.org\/es-ES\/privacy\/websites\/#cookies\">https:\/\/www.mozilla.org\/es-ES\/privacy\/websites\/#cookies<\/a><\/td>\n<\/tr>\n<tr>\n<td>Safari Vers\u00e3o 5.1<\/td>\n<td><a href=\"https:\/\/support.apple.com\/es-es\/guide\/safari\/sfri11471\/mac\">https:\/\/support.apple.com\/es-es\/guide\/safari\/sfri11471\/mac<\/a><\/td>\n<\/tr>\n<tr>\n<td>Opera<\/td>\n<td><a href=\"https:\/\/help.opera.com\/en\/latest\/security-and-privacy\/#clearBrowsingData\">https:\/\/help.opera.com\/en\/latest\/security-and-privacy\/#clearBrowsingData<\/a><\/td>\n<\/tr>\n<\/tbody>\n<\/table>\n<p>[\/vc_column_text][\/vc_column][\/vc_row]<\/p>\n<\/section>","protected":false},"excerpt":{"rendered":"<p>[vc_row][vc_column][vc_column_text] COOKIES: Pol\u00edtica T\u00c9CNICA de cookies NFORMA\u00c7\u00d5ES SOBRE COOKIES Em virtude da entrada em vigor da altera\u00e7\u00e3o de refer\u00eancia da &#8220;Lei dos Servi\u00e7os da Sociedade da Informa\u00e7\u00e3o&#8221; (LSSICE) estabelecida pelo&#8230;<\/p>\n","protected":false},"author":1,"featured_media":0,"parent":0,"menu_order":0,"comment_status":"closed","ping_status":"closed","template":"","meta":{"footnotes":""},"yoast_head":"<!-- This site is optimized with the Yoast SEO plugin v21.9.1 - https:\/\/yoast.com\/wordpress\/plugins\/seo\/ -->\n<title>COOKIES - Keyplan<\/title>\n<meta name=\"robots\" content=\"index, follow, max-snippet:-1, max-image-preview:large, max-video-preview:-1\" \/>\n<link rel=\"canonical\" href=\"https:\/\/www.keyplan.es\/pt-br\/cookies\/\" \/>\n<meta property=\"og:locale\" content=\"pt_BR\" \/>\n<meta property=\"og:type\" content=\"article\" \/>\n<meta property=\"og:title\" content=\"COOKIES - Keyplan\" \/>\n<meta property=\"og:description\" content=\"[vc_row][vc_column][vc_column_text] COOKIES: Pol\u00edtica T\u00c9CNICA de cookies NFORMA\u00c7\u00d5ES SOBRE COOKIES Em virtude da entrada em vigor da altera\u00e7\u00e3o de refer\u00eancia da &#8220;Lei dos Servi\u00e7os da Sociedade da Informa\u00e7\u00e3o&#8221; (LSSICE) estabelecida pelo...\" \/>\n<meta property=\"og:url\" content=\"https:\/\/www.keyplan.es\/pt-br\/cookies\/\" \/>\n<meta property=\"og:site_name\" content=\"Keyplan\" \/>\n<meta property=\"article:modified_time\" content=\"2021-09-17T10:00:06+00:00\" \/>\n<meta name=\"twitter:card\" content=\"summary_large_image\" \/>\n<meta name=\"twitter:label1\" content=\"Est. tempo de leitura\" \/>\n\t<meta name=\"twitter:data1\" content=\"9 minutos\" \/>\n<script type=\"application\/ld+json\" class=\"yoast-schema-graph\">{\"@context\":\"https:\/\/schema.org\",\"@graph\":[{\"@type\":\"WebPage\",\"@id\":\"https:\/\/www.keyplan.es\/pt-br\/cookies\/\",\"url\":\"https:\/\/www.keyplan.es\/pt-br\/cookies\/\",\"name\":\"COOKIES - Keyplan\",\"isPartOf\":{\"@id\":\"\/#website\"},\"datePublished\":\"2021-09-14T08:50:15+00:00\",\"dateModified\":\"2021-09-17T10:00:06+00:00\",\"breadcrumb\":{\"@id\":\"https:\/\/www.keyplan.es\/pt-br\/cookies\/#breadcrumb\"},\"inLanguage\":\"pt-BR\",\"potentialAction\":[{\"@type\":\"ReadAction\",\"target\":[\"https:\/\/www.keyplan.es\/pt-br\/cookies\/\"]}]},{\"@type\":\"BreadcrumbList\",\"@id\":\"https:\/\/www.keyplan.es\/pt-br\/cookies\/#breadcrumb\",\"itemListElement\":[{\"@type\":\"ListItem\",\"position\":1,\"name\":\"Portada\",\"item\":\"https:\/\/www.keyplan.es\/pt-br\/\"},{\"@type\":\"ListItem\",\"position\":2,\"name\":\"COOKIES\"}]},{\"@type\":\"WebSite\",\"@id\":\"\/#website\",\"url\":\"\/\",\"name\":\"Keyplan\",\"description\":\"Ingenier\u00eda y consulting\",\"publisher\":{\"@id\":\"\/#organization\"},\"potentialAction\":[{\"@type\":\"SearchAction\",\"target\":{\"@type\":\"EntryPoint\",\"urlTemplate\":\"\/?s={search_term_string}\"},\"query-input\":\"required name=search_term_string\"}],\"inLanguage\":\"pt-BR\"},{\"@type\":\"Organization\",\"@id\":\"\/#organization\",\"name\":\"Key Plan\",\"url\":\"\/\",\"logo\":{\"@type\":\"ImageObject\",\"inLanguage\":\"pt-BR\",\"@id\":\"\/#\/schema\/logo\/image\/\",\"url\":\"https:\/\/www.keyplan.es\/wp-content\/uploads\/2016\/12\/logo.png\",\"contentUrl\":\"https:\/\/www.keyplan.es\/wp-content\/uploads\/2016\/12\/logo.png\",\"width\":184,\"height\":82,\"caption\":\"Key Plan\"},\"image\":{\"@id\":\"\/#\/schema\/logo\/image\/\"},\"sameAs\":[\"https:\/\/es.linkedin.com\/company\/keyplaningenieria\",\"https:\/\/www.instagram.com\/keyplan_ingenieria\/\"]}]}<\/script>\n<!-- \/ Yoast SEO plugin. -->","yoast_head_json":{"title":"COOKIES - Keyplan","robots":{"index":"index","follow":"follow","max-snippet":"max-snippet:-1","max-image-preview":"max-image-preview:large","max-video-preview":"max-video-preview:-1"},"canonical":"https:\/\/www.keyplan.es\/pt-br\/cookies\/","og_locale":"pt_BR","og_type":"article","og_title":"COOKIES - Keyplan","og_description":"[vc_row][vc_column][vc_column_text] COOKIES: Pol\u00edtica T\u00c9CNICA de cookies NFORMA\u00c7\u00d5ES SOBRE COOKIES Em virtude da entrada em vigor da altera\u00e7\u00e3o de refer\u00eancia da &#8220;Lei dos Servi\u00e7os da Sociedade da Informa\u00e7\u00e3o&#8221; (LSSICE) estabelecida pelo...","og_url":"https:\/\/www.keyplan.es\/pt-br\/cookies\/","og_site_name":"Keyplan","article_modified_time":"2021-09-17T10:00:06+00:00","twitter_card":"summary_large_image","twitter_misc":{"Est. tempo de leitura":"9 minutos"},"schema":{"@context":"https:\/\/schema.org","@graph":[{"@type":"WebPage","@id":"https:\/\/www.keyplan.es\/pt-br\/cookies\/","url":"https:\/\/www.keyplan.es\/pt-br\/cookies\/","name":"COOKIES - Keyplan","isPartOf":{"@id":"\/#website"},"datePublished":"2021-09-14T08:50:15+00:00","dateModified":"2021-09-17T10:00:06+00:00","breadcrumb":{"@id":"https:\/\/www.keyplan.es\/pt-br\/cookies\/#breadcrumb"},"inLanguage":"pt-BR","potentialAction":[{"@type":"ReadAction","target":["https:\/\/www.keyplan.es\/pt-br\/cookies\/"]}]},{"@type":"BreadcrumbList","@id":"https:\/\/www.keyplan.es\/pt-br\/cookies\/#breadcrumb","itemListElement":[{"@type":"ListItem","position":1,"name":"Portada","item":"https:\/\/www.keyplan.es\/pt-br\/"},{"@type":"ListItem","position":2,"name":"COOKIES"}]},{"@type":"WebSite","@id":"\/#website","url":"\/","name":"Keyplan","description":"Ingenier\u00eda y consulting","publisher":{"@id":"\/#organization"},"potentialAction":[{"@type":"SearchAction","target":{"@type":"EntryPoint","urlTemplate":"\/?s={search_term_string}"},"query-input":"required name=search_term_string"}],"inLanguage":"pt-BR"},{"@type":"Organization","@id":"\/#organization","name":"Key Plan","url":"\/","logo":{"@type":"ImageObject","inLanguage":"pt-BR","@id":"\/#\/schema\/logo\/image\/","url":"https:\/\/www.keyplan.es\/wp-content\/uploads\/2016\/12\/logo.png","contentUrl":"https:\/\/www.keyplan.es\/wp-content\/uploads\/2016\/12\/logo.png","width":184,"height":82,"caption":"Key Plan"},"image":{"@id":"\/#\/schema\/logo\/image\/"},"sameAs":["https:\/\/es.linkedin.com\/company\/keyplaningenieria","https:\/\/www.instagram.com\/keyplan_ingenieria\/"]}]}},"_links":{"self":[{"href":"https:\/\/www.keyplan.es\/pt-br\/wp-json\/wp\/v2\/pages\/5822"}],"collection":[{"href":"https:\/\/www.keyplan.es\/pt-br\/wp-json\/wp\/v2\/pages"}],"about":[{"href":"https:\/\/www.keyplan.es\/pt-br\/wp-json\/wp\/v2\/types\/page"}],"author":[{"embeddable":true,"href":"https:\/\/www.keyplan.es\/pt-br\/wp-json\/wp\/v2\/users\/1"}],"replies":[{"embeddable":true,"href":"https:\/\/www.keyplan.es\/pt-br\/wp-json\/wp\/v2\/comments?post=5822"}],"version-history":[{"count":0,"href":"https:\/\/www.keyplan.es\/pt-br\/wp-json\/wp\/v2\/pages\/5822\/revisions"}],"wp:attachment":[{"href":"https:\/\/www.keyplan.es\/pt-br\/wp-json\/wp\/v2\/media?parent=5822"}],"curies":[{"name":"wp","href":"https:\/\/api.w.org\/{rel}","templated":true}]}}