{"id":7169,"date":"2024-02-19T10:53:42","date_gmt":"2024-02-19T09:53:42","guid":{"rendered":"https:\/\/www.keyplan.es\/?page_id=7169"},"modified":"2024-02-26T13:46:11","modified_gmt":"2024-02-26T12:46:11","slug":"realidade-virtual-e-ambientes-interativos","status":"publish","type":"page","link":"https:\/\/www.keyplan.es\/pt-br\/realidade-virtual-e-ambientes-interativos\/","title":{"rendered":"Realidade virtual e ambientes interativos"},"content":{"rendered":"<section class=\"wpb-content-wrapper\"><p>[vc_row][vc_column width=&#8221;2\/3&#8243;]<div class=\"mgt-header-block clearfix text-left text-black wpb_content_element  mgt-header-block-style-1 mgt-header-texttransform-header \"><h2 class=\"mgt-header-block-title\"> Realidade virtual e ambientes interativos<\/h2><div class=\"mgt-header-line\"><\/div><\/div>[vc_column_text]<\/p>\n<p id=\"tw-target-text\" class=\"tw-data-text tw-text-large tw-ta\" dir=\"ltr\" data-placeholder=\"Traducci\u00f3n\" data-ved=\"2ahUKEwiRlLiegsmEAxVHUqQEHeddAeIQ3ewLegQIBRAU\"><span class=\"Y2IQFc\" lang=\"pt\">Na Keyplan, projetamos ambientes de realidade virtual interativos e em grande escala, e os integramos ao seu ambiente atual, ou criamos um novo, conforme cada projeto exigir.<\/span><\/p>\n<p class=\"tw-data-text tw-text-large tw-ta\" dir=\"ltr\" data-placeholder=\"Traducci\u00f3n\" data-ved=\"2ahUKEwiRlLiegsmEAxVHUqQEHeddAeIQ3ewLegQIBRAU\"><span class=\"Y2IQFc\" lang=\"pt\">Isso permite que sejam feitas visitas virtuais em pr\u00e9dios j\u00e1 constru\u00eddos e em opera\u00e7\u00e3o, ou mesmo que estejam em processo, utilizando \u00f3culos de realidade virtual.<\/span><\/p>\n<p>[\/vc_column_text][\/vc_column][vc_column width=&#8221;1\/3&#8243;][vc_single_image image=&#8221;6892&#8243; img_size=&#8221;medium&#8221; style=&#8221;vc_box_shadow_border&#8221;][\/vc_column][\/vc_row]<\/p>\n<\/section>","protected":false},"excerpt":{"rendered":"<p>[vc_row][vc_column width=&#8221;2\/3&#8243;][vc_column_text] Na Keyplan, projetamos ambientes de realidade virtual interativos e em grande escala, e os integramos ao seu ambiente atual, ou criamos um novo, conforme cada projeto exigir. Isso&#8230;<\/p>\n","protected":false},"author":3,"featured_media":0,"parent":0,"menu_order":0,"comment_status":"closed","ping_status":"closed","template":"","meta":{"footnotes":""},"yoast_head":"<!-- This site is optimized with the Yoast SEO plugin v21.9.1 - https:\/\/yoast.com\/wordpress\/plugins\/seo\/ -->\n<title>Realidade virtual e ambientes interativos - Keyplan<\/title>\n<meta name=\"robots\" content=\"index, follow, max-snippet:-1, max-image-preview:large, max-video-preview:-1\" \/>\n<link rel=\"canonical\" href=\"https:\/\/www.keyplan.es\/pt-br\/realidade-virtual-e-ambientes-interativos\/\" \/>\n<meta property=\"og:locale\" content=\"pt_BR\" \/>\n<meta property=\"og:type\" content=\"article\" \/>\n<meta property=\"og:title\" content=\"Realidade virtual e ambientes interativos - Keyplan\" \/>\n<meta property=\"og:description\" content=\"[vc_row][vc_column width=&#8221;2\/3&#8243;][vc_column_text] Na Keyplan, projetamos ambientes de realidade virtual interativos e em grande escala, e os integramos ao seu ambiente atual, ou criamos um novo, conforme cada projeto exigir. Isso...\" \/>\n<meta property=\"og:url\" content=\"https:\/\/www.keyplan.es\/pt-br\/realidade-virtual-e-ambientes-interativos\/\" \/>\n<meta property=\"og:site_name\" content=\"Keyplan\" \/>\n<meta property=\"article:modified_time\" content=\"2024-02-26T12:46:11+00:00\" \/>\n<meta name=\"twitter:card\" content=\"summary_large_image\" \/>\n<script type=\"application\/ld+json\" class=\"yoast-schema-graph\">{\"@context\":\"https:\/\/schema.org\",\"@graph\":[{\"@type\":\"WebPage\",\"@id\":\"https:\/\/www.keyplan.es\/pt-br\/realidade-virtual-e-ambientes-interativos\/\",\"url\":\"https:\/\/www.keyplan.es\/pt-br\/realidade-virtual-e-ambientes-interativos\/\",\"name\":\"Realidade virtual e ambientes interativos - Keyplan\",\"isPartOf\":{\"@id\":\"\/#website\"},\"datePublished\":\"2024-02-19T09:53:42+00:00\",\"dateModified\":\"2024-02-26T12:46:11+00:00\",\"breadcrumb\":{\"@id\":\"https:\/\/www.keyplan.es\/pt-br\/realidade-virtual-e-ambientes-interativos\/#breadcrumb\"},\"inLanguage\":\"pt-BR\",\"potentialAction\":[{\"@type\":\"ReadAction\",\"target\":[\"https:\/\/www.keyplan.es\/pt-br\/realidade-virtual-e-ambientes-interativos\/\"]}]},{\"@type\":\"BreadcrumbList\",\"@id\":\"https:\/\/www.keyplan.es\/pt-br\/realidade-virtual-e-ambientes-interativos\/#breadcrumb\",\"itemListElement\":[{\"@type\":\"ListItem\",\"position\":1,\"name\":\"Portada\",\"item\":\"https:\/\/www.keyplan.es\/pt-br\/\"},{\"@type\":\"ListItem\",\"position\":2,\"name\":\"Realidade virtual e ambientes interativos\"}]},{\"@type\":\"WebSite\",\"@id\":\"\/#website\",\"url\":\"\/\",\"name\":\"Keyplan\",\"description\":\"Ingenier\u00eda y consulting\",\"publisher\":{\"@id\":\"\/#organization\"},\"potentialAction\":[{\"@type\":\"SearchAction\",\"target\":{\"@type\":\"EntryPoint\",\"urlTemplate\":\"\/?s={search_term_string}\"},\"query-input\":\"required name=search_term_string\"}],\"inLanguage\":\"pt-BR\"},{\"@type\":\"Organization\",\"@id\":\"\/#organization\",\"name\":\"Key Plan\",\"url\":\"\/\",\"logo\":{\"@type\":\"ImageObject\",\"inLanguage\":\"pt-BR\",\"@id\":\"\/#\/schema\/logo\/image\/\",\"url\":\"https:\/\/www.keyplan.es\/wp-content\/uploads\/2016\/12\/logo.png\",\"contentUrl\":\"https:\/\/www.keyplan.es\/wp-content\/uploads\/2016\/12\/logo.png\",\"width\":184,\"height\":82,\"caption\":\"Key Plan\"},\"image\":{\"@id\":\"\/#\/schema\/logo\/image\/\"},\"sameAs\":[\"https:\/\/es.linkedin.com\/company\/keyplaningenieria\",\"https:\/\/www.instagram.com\/keyplan_ingenieria\/\"]}]}<\/script>\n<!-- \/ Yoast SEO plugin. -->","yoast_head_json":{"title":"Realidade virtual e ambientes interativos - Keyplan","robots":{"index":"index","follow":"follow","max-snippet":"max-snippet:-1","max-image-preview":"max-image-preview:large","max-video-preview":"max-video-preview:-1"},"canonical":"https:\/\/www.keyplan.es\/pt-br\/realidade-virtual-e-ambientes-interativos\/","og_locale":"pt_BR","og_type":"article","og_title":"Realidade virtual e ambientes interativos - Keyplan","og_description":"[vc_row][vc_column width=&#8221;2\/3&#8243;][vc_column_text] Na Keyplan, projetamos ambientes de realidade virtual interativos e em grande escala, e os integramos ao seu ambiente atual, ou criamos um novo, conforme cada projeto exigir. Isso...","og_url":"https:\/\/www.keyplan.es\/pt-br\/realidade-virtual-e-ambientes-interativos\/","og_site_name":"Keyplan","article_modified_time":"2024-02-26T12:46:11+00:00","twitter_card":"summary_large_image","schema":{"@context":"https:\/\/schema.org","@graph":[{"@type":"WebPage","@id":"https:\/\/www.keyplan.es\/pt-br\/realidade-virtual-e-ambientes-interativos\/","url":"https:\/\/www.keyplan.es\/pt-br\/realidade-virtual-e-ambientes-interativos\/","name":"Realidade virtual e ambientes interativos - Keyplan","isPartOf":{"@id":"\/#website"},"datePublished":"2024-02-19T09:53:42+00:00","dateModified":"2024-02-26T12:46:11+00:00","breadcrumb":{"@id":"https:\/\/www.keyplan.es\/pt-br\/realidade-virtual-e-ambientes-interativos\/#breadcrumb"},"inLanguage":"pt-BR","potentialAction":[{"@type":"ReadAction","target":["https:\/\/www.keyplan.es\/pt-br\/realidade-virtual-e-ambientes-interativos\/"]}]},{"@type":"BreadcrumbList","@id":"https:\/\/www.keyplan.es\/pt-br\/realidade-virtual-e-ambientes-interativos\/#breadcrumb","itemListElement":[{"@type":"ListItem","position":1,"name":"Portada","item":"https:\/\/www.keyplan.es\/pt-br\/"},{"@type":"ListItem","position":2,"name":"Realidade virtual e ambientes interativos"}]},{"@type":"WebSite","@id":"\/#website","url":"\/","name":"Keyplan","description":"Ingenier\u00eda y consulting","publisher":{"@id":"\/#organization"},"potentialAction":[{"@type":"SearchAction","target":{"@type":"EntryPoint","urlTemplate":"\/?s={search_term_string}"},"query-input":"required name=search_term_string"}],"inLanguage":"pt-BR"},{"@type":"Organization","@id":"\/#organization","name":"Key Plan","url":"\/","logo":{"@type":"ImageObject","inLanguage":"pt-BR","@id":"\/#\/schema\/logo\/image\/","url":"https:\/\/www.keyplan.es\/wp-content\/uploads\/2016\/12\/logo.png","contentUrl":"https:\/\/www.keyplan.es\/wp-content\/uploads\/2016\/12\/logo.png","width":184,"height":82,"caption":"Key Plan"},"image":{"@id":"\/#\/schema\/logo\/image\/"},"sameAs":["https:\/\/es.linkedin.com\/company\/keyplaningenieria","https:\/\/www.instagram.com\/keyplan_ingenieria\/"]}]}},"_links":{"self":[{"href":"https:\/\/www.keyplan.es\/pt-br\/wp-json\/wp\/v2\/pages\/7169"}],"collection":[{"href":"https:\/\/www.keyplan.es\/pt-br\/wp-json\/wp\/v2\/pages"}],"about":[{"href":"https:\/\/www.keyplan.es\/pt-br\/wp-json\/wp\/v2\/types\/page"}],"author":[{"embeddable":true,"href":"https:\/\/www.keyplan.es\/pt-br\/wp-json\/wp\/v2\/users\/3"}],"replies":[{"embeddable":true,"href":"https:\/\/www.keyplan.es\/pt-br\/wp-json\/wp\/v2\/comments?post=7169"}],"version-history":[{"count":3,"href":"https:\/\/www.keyplan.es\/pt-br\/wp-json\/wp\/v2\/pages\/7169\/revisions"}],"predecessor-version":[{"id":7174,"href":"https:\/\/www.keyplan.es\/pt-br\/wp-json\/wp\/v2\/pages\/7169\/revisions\/7174"}],"wp:attachment":[{"href":"https:\/\/www.keyplan.es\/pt-br\/wp-json\/wp\/v2\/media?parent=7169"}],"curies":[{"name":"wp","href":"https:\/\/api.w.org\/{rel}","templated":true}]}}